{"id":11224,"date":"2021-08-06T15:30:32","date_gmt":"2021-08-06T20:30:32","guid":{"rendered":"https:\/\/todoenseguridad.com\/site\/?post_type=product&#038;p=11224"},"modified":"2023-06-23T12:15:18","modified_gmt":"2023-06-23T17:15:18","slug":"kit7204bm-hilook-kit-turbohd-720p-dvr-4-canales-4-camaras-bala-de-metal-4-cables-18-mts","status":"publish","type":"product","link":"https:\/\/todoenseguridad.com\/site\/producto\/kit7204bm-hilook-kit-turbohd-720p-dvr-4-canales-4-camaras-bala-de-metal-4-cables-18-mts\/","title":{"rendered":"KIT7204BM HILOOK Kit ECONOMICO PARA CASA\/ TurboHD 720p \/ DVR 4 canales \/ 4 C\u00e1maras Bala de Metal \/ 4 Cables 18 Mts"},"content":{"rendered":"<h2 id=\"product_title_160319\" class=\"no_margin_top titulo_vista_producto\"><span style=\"color: #0000ff;\"><span class=\"modelo-marca\">KIT7204BM<\/span> <span class=\"modelo-marca\">HILOOK<\/span> Kit TurboHD 720p \/ DVR 4 canales \/ 4 C\u00e1maras Bala de Metal \/ 4 Cables 18 Mts \/ 1 Fuente de Poder Profesional<\/span><\/h2>\n<p>&nbsp;<\/p>\n<div class=\"row\">\n<h4><span style=\"color: #000000;\">El KIT incluye:<\/span><\/h4>\n<p class=\"col-xs-12\"><span style=\"color: #000000;\">1 x DVR-104G-F1<\/span><\/p>\n<p class=\"col-xs-12\"><span style=\"color: #000000;\">4 x THC-B110-M<\/span><\/p>\n<p class=\"col-xs-12\"><span style=\"color: #000000;\">1 x Fuente de poder para las 4 c\u00e1maras<\/span><\/p>\n<p class=\"col-xs-12\"><span style=\"color: #000000;\">4 x Cables siames para v\u00eddeo y alimentaci\u00f3n (18 metros de longitud)<\/span><\/p>\n<\/div>\n<h4><\/h4>\n<h4><span style=\"color: #000000;\">Caracter\u00edsticas de DVR-104G-F1:<\/span><\/h4>\n<ul>\n<li><span style=\"color: #000000;\">DVR 4 canales de v\u00eddeo en 720p, soporta 1080p Lite.<\/span><\/li>\n<li><span style=\"color: #000000;\">Soporta 4 canales de v\u00eddeo anal\u00f3gicos + 1 canal IP (1080p) = 5 canales en total.<\/span><\/li>\n<li><span style=\"color: #000000;\"><strong>NOTA: Permite apagar canales an\u00e1logos para agregar canales IP.<\/strong><\/span><\/li>\n<li><span style=\"color: #000000;\">Soporta las 5 tecnolog\u00edas del mercado (TVI \/ AHD \/ CVI \/ CVBS).<\/span><\/li>\n<li><span style=\"color: #000000;\">Soporta 1 HDD de hasta 6 TB (no incluido).<\/span><\/li>\n<li><span style=\"color: #000000;\">Soporta protocolo coaxitron para PTZ TURBOHD 1080p.<\/span><\/li>\n<li><span style=\"color: #000000;\">Salida de v\u00eddeo en Full HD (VGA y HDMI, salida simultanea).<\/span><\/li>\n<li><span style=\"color: #000000;\">1 Puerto de red RJ45 ( 10 \/ 100 Mbps).<\/span><\/li>\n<li><span style=\"color: #000000;\">Compatible con Hik-Connect P2P.<\/span><\/li>\n<li><span style=\"color: #000000;\">Alimentaci\u00f3n y consumo: 12 Vcc \/ 8 watts.<\/span><\/li>\n<li><span style=\"color: #000000;\">Dimensiones: 200 x 200 x 45 mm.<\/span><\/li>\n<li><span style=\"color: #000000;\">Peso: 1 kgs.<\/span><\/li>\n<\/ul>\n<h4><\/h4>\n<h4><span style=\"color: #000000;\">Caracter\u00edsticas de THC-B110-M:<\/span><\/h4>\n<ul>\n<li><span style=\"color: #000000;\">C\u00e1mara bala 720p.<\/span><\/li>\n<li><span style=\"color: #000000;\">Lente fijo: 2.8 mm (angulo de visi\u00f3n 92\u00ba).<\/span><\/li>\n<li><span style=\"color: #000000;\">Soporta 4 tecnolog\u00edas (TVI \/ AHD \/ CVI \/ CVBS).<\/span><\/li>\n<li><span style=\"color: #000000;\">20 mts IR EXIR (visi\u00f3n nocturna).<\/span><\/li>\n<li><span style=\"color: #000000;\">dWDR \/ BLC.<\/span><\/li>\n<li><span style=\"color: #000000;\">Fabricadas en metal.<\/span><\/li>\n<li><span style=\"color: #000000;\">Alimentaci\u00f3n y consumo: 12 Vcc \/ 4 watts.<\/span><\/li>\n<li><span style=\"color: #000000;\">Protecci\u00f3n IP66.<\/span><\/li>\n<li><span style=\"color: #000000;\">Dimensiones: 65.9 x 189.2 x 81.8 mm.<\/span><\/li>\n<li><span style=\"color: #000000;\">Peso: 150 grs.<\/span><\/li>\n<li><span style=\"color: #000000;\">Garant\u00eda: 1 a\u00f1o.<\/span><\/li>\n<\/ul>\n","protected":false},"excerpt":{"rendered":"<p>KIT7204BM HILOOK Kit TurboHD 720p \/ DVR 4 canales \/ 4 C\u00e1maras Bala de Metal \/ 4 Cables 18 Mts \/ 1 Fuente de Poder Profesional &nbsp; El KIT incluye: 1 x DVR-104G-F1 4 x THC-B110-M 1 x Fuente de poder para las 4 c\u00e1maras 4 x Cables siames para v\u00eddeo y alimentaci\u00f3n (18 metros [&hellip;]<\/p>\n","protected":false},"featured_media":11997,"template":"","meta":{"_acf_changed":false},"product_brand":[],"product_cat":[71],"product_tag":[],"berocket_brand":[],"class_list":{"0":"post-11224","1":"product","2":"type-product","3":"status-publish","4":"has-post-thumbnail","6":"product_cat-paquetes-cctv-kit-camaras-de-seguridad","8":"first","9":"instock","10":"taxable","11":"shipping-taxable","12":"purchasable","13":"product-type-simple","14":"berocket_lgv_grid","15":"berocket_lgv_list_grid"},"acf":[],"aioseo_notices":[],"_links":{"self":[{"href":"https:\/\/todoenseguridad.com\/site\/wp-json\/wp\/v2\/product\/11224","targetHints":{"allow":["GET"]}}],"collection":[{"href":"https:\/\/todoenseguridad.com\/site\/wp-json\/wp\/v2\/product"}],"about":[{"href":"https:\/\/todoenseguridad.com\/site\/wp-json\/wp\/v2\/types\/product"}],"wp:featuredmedia":[{"embeddable":true,"href":"https:\/\/todoenseguridad.com\/site\/wp-json\/wp\/v2\/media\/11997"}],"wp:attachment":[{"href":"https:\/\/todoenseguridad.com\/site\/wp-json\/wp\/v2\/media?parent=11224"}],"wp:term":[{"taxonomy":"product_brand","embeddable":true,"href":"https:\/\/todoenseguridad.com\/site\/wp-json\/wp\/v2\/product_brand?post=11224"},{"taxonomy":"product_cat","embeddable":true,"href":"https:\/\/todoenseguridad.com\/site\/wp-json\/wp\/v2\/product_cat?post=11224"},{"taxonomy":"product_tag","embeddable":true,"href":"https:\/\/todoenseguridad.com\/site\/wp-json\/wp\/v2\/product_tag?post=11224"},{"taxonomy":"berocket_brand","embeddable":true,"href":"https:\/\/todoenseguridad.com\/site\/wp-json\/wp\/v2\/berocket_brand?post=11224"}],"curies":[{"name":"wp","href":"https:\/\/api.w.org\/{rel}","templated":true}]}}