{"id":11208,"date":"2021-08-06T14:22:26","date_gmt":"2021-08-06T19:22:26","guid":{"rendered":"https:\/\/todoenseguridad.com\/site\/?post_type=product&#038;p=11208"},"modified":"2026-03-30T17:12:29","modified_gmt":"2026-03-30T22:12:29","slug":"gsd-803-planet-switch-no-administrable-8-puertos-gigabit-10-100-1000mbps-con-ahorrador-de-energia","status":"publish","type":"product","link":"https:\/\/todoenseguridad.com\/site\/producto\/gsd-803-planet-switch-no-administrable-8-puertos-gigabit-10-100-1000mbps-con-ahorrador-de-energia\/","title":{"rendered":"GSD-803 PLANET Switch no administrable 8 puertos Gigabit 10\/100\/1000Mbps, Con Ahorrador de Energia"},"content":{"rendered":"<h3 id=\\\"product_title_164315\\\" class=\\\"no_margin_top titulo_vista_producto\\\"><span style=\\\"color: #0000ff\\\"><span class=\\\"modelo-marca\\\">GSD-803<\/span> <span class=\\\"modelo-marca\\\">PLANET<\/span> Switch no administrable 8 puertos Gigabit 10\/100\/1000Mbps, Con Ahorrador de Energia<\/span><\/h3>\n<p>&nbsp;<\/p>\n<h4><span style=\\\"color: #000000\\\">Soluci\u00f3n \u00f3ptima para ahorro de energ\u00eda y alto rendimiento Gigabit<\/span><\/h4>\n<p><span style=\\\"color: #000000\\\">El interruptor de red verde de PLANET-GSD-803 es una soluci\u00f3n ideal en l\u00ednea con la tendencia de ahorro de energ\u00eda en todo el mundo.\u00a0El GSD-803 es un conmutador Gigabit Ethernet de 8 puertos que ofrece beneficios de ahorro de energ\u00eda y rendimiento de velocidad de cable Gigabit.\u00a0Est\u00e1 especialmente dise\u00f1ado para redes dom\u00e9sticas, SOHO y empresas. <\/span><\/p>\n<h4><span style=\\\"color: #000000\\\">Ahorro de energ\u00eda<\/span><\/h4>\n<p><span style=\\\"color: #000000\\\">El GSD-803 incorpora dos tecnolog\u00edas avanzadas de redes verdes y puede proporcionar un ahorro de energ\u00eda de hasta un 40% menos de energ\u00eda, pero mantiene un alto rendimiento de manera eficiente.\u00a0<\/span><br \/>\n<span style=\\\"color: #000000\\\">(1) Hibernaci\u00f3n Enlace abajo ahorro de energ\u00eda<\/span><br \/>\n<span style=\\\"color: #000000\\\">El ahorro de energ\u00eda de Hibernation Link Down va m\u00e1s all\u00e1 de las especificaciones de IEEE para reducir autom\u00e1ticamente la potencia de un puerto determinado cuando no est\u00e1 vinculado.\u00a0Con la tecnolog\u00eda de ahorro de energ\u00eda Hibernation Link Down, el GSD-803 ajustar\u00e1 autom\u00e1ticamente el uso de energ\u00eda de los puertos que est\u00e1n apagados o no conectados al dispositivo de red.\u00a0<\/span><br \/>\n<span style=\\\"color: #000000\\\">(2) Balanzas inteligentes basadas en la longitud del cable.<\/span><br \/>\n<span style=\\\"color: #000000\\\">La potencia de las escalas inteligentes, la otra tecnolog\u00eda adoptada, es un algoritmo inteligente que determina activamente el nivel de potencia adecuado seg\u00fan la longitud del cable.\u00a0Cuando el GSD-803 est\u00e1 conectado con un cable Ethernet de menos de 20 m, un dispositivo puede obtener el m\u00e1ximo ahorro de energ\u00eda porque el GSD-803 detectar\u00eda autom\u00e1ticamente la longitud del cable Ethernet y disminuir\u00eda el uso de energ\u00eda.\u00a0El dispositivo conectado puede reducir sustancialmente el consumo general de energ\u00eda, lo que contribuye significativamente al ahorro de energ\u00eda.<\/span><\/p>\n<p>&nbsp;<\/p>\n<h4><span style=\\\"color: #000000\\\">Especificaci\u00f3n de hardware:<\/span><\/h4>\n<p><span style=\\\"color: #000000\\\">10\/100\/1000BASE-T Ports: 8 auto MDI\/MDIX ports<\/span><\/p>\n<p><span style=\\\"color: #000000\\\">LED Display: One for Power, Two for 1000 &amp; Link \/ Act per port<\/span><\/p>\n<p><span style=\\\"color: #000000\\\">Enclosure: Metal<\/span><\/p>\n<p><span style=\\\"color: #000000\\\">Dimensions (W x D x H): 155 x 86 x 26 mm<\/span><\/p>\n<p><span style=\\\"color: #000000\\\">Weight (g): 348g<\/span><\/p>\n<p><span style=\\\"color: #000000\\\">Power Requirements (External power adapter): 5V DC, 1A<\/span><\/p>\n<p><span style=\\\"color: #000000\\\">Power Consumption (100M Full Operation): 3.4 watts \/ 11 BTU<\/span><\/p>\n<p>&nbsp;<\/p>\n","protected":false},"excerpt":{"rendered":"<p>GSD-803 PLANET Switch no administrable 8 puertos Gigabit 10\/100\/1000Mbps, Con Ahorrador de Energia &nbsp; Soluci\u00f3n \u00f3ptima para ahorro de energ\u00eda y alto rendimiento Gigabit El interruptor de red verde de PLANET-GSD-803 es una soluci\u00f3n ideal en l\u00ednea con la tendencia de ahorro de energ\u00eda en todo el mundo.\u00a0El GSD-803 es un conmutador Gigabit Ethernet de [&hellip;]<\/p>\n","protected":false},"featured_media":11210,"template":"","meta":{"_acf_changed":false},"product_brand":[],"product_cat":[220,70],"product_tag":[],"berocket_brand":[],"class_list":{"0":"post-11208","1":"product","2":"type-product","3":"status-publish","4":"has-post-thumbnail","6":"product_cat-redes-de-datos","7":"product_cat-switch","9":"first","10":"instock","11":"taxable","12":"shipping-taxable","13":"purchasable","14":"product-type-simple","15":"berocket_lgv_grid","16":"berocket_lgv_list_grid"},"acf":[],"aioseo_notices":[],"_links":{"self":[{"href":"https:\/\/todoenseguridad.com\/site\/wp-json\/wp\/v2\/product\/11208","targetHints":{"allow":["GET"]}}],"collection":[{"href":"https:\/\/todoenseguridad.com\/site\/wp-json\/wp\/v2\/product"}],"about":[{"href":"https:\/\/todoenseguridad.com\/site\/wp-json\/wp\/v2\/types\/product"}],"wp:featuredmedia":[{"embeddable":true,"href":"https:\/\/todoenseguridad.com\/site\/wp-json\/wp\/v2\/media\/11210"}],"wp:attachment":[{"href":"https:\/\/todoenseguridad.com\/site\/wp-json\/wp\/v2\/media?parent=11208"}],"wp:term":[{"taxonomy":"product_brand","embeddable":true,"href":"https:\/\/todoenseguridad.com\/site\/wp-json\/wp\/v2\/product_brand?post=11208"},{"taxonomy":"product_cat","embeddable":true,"href":"https:\/\/todoenseguridad.com\/site\/wp-json\/wp\/v2\/product_cat?post=11208"},{"taxonomy":"product_tag","embeddable":true,"href":"https:\/\/todoenseguridad.com\/site\/wp-json\/wp\/v2\/product_tag?post=11208"},{"taxonomy":"berocket_brand","embeddable":true,"href":"https:\/\/todoenseguridad.com\/site\/wp-json\/wp\/v2\/berocket_brand?post=11208"}],"curies":[{"name":"wp","href":"https:\/\/api.w.org\/{rel}","templated":true}]}}