{"id":11206,"date":"2021-08-06T14:11:23","date_gmt":"2021-08-06T19:11:23","guid":{"rendered":"https:\/\/todoenseguridad.com\/site\/?post_type=product&#038;p=11206"},"modified":"2026-03-24T15:38:49","modified_gmt":"2026-03-24T20:38:49","slug":"gsd-1222vhp-planet-switch-no-administrable-8-puertos-gigabit-con-modo-extend-poe-a-250-mts","status":"publish","type":"product","link":"https:\/\/todoenseguridad.com\/site\/producto\/gsd-1222vhp-planet-switch-no-administrable-8-puertos-gigabit-con-modo-extend-poe-a-250-mts\/","title":{"rendered":"GSD-1222VHP PLANET Switch No Administrable 8 Puertos Gigabit con Modo Extend PoE a 250 mts"},"content":{"rendered":"<h2 id=\\\"product_title_161040\\\" class=\\\"no_margin_top titulo_vista_producto\\\"><span style=\\\"color: #0000ff\\\"><span class=\\\"modelo-marca\\\">GSD-1222VHP<\/span> <span class=\\\"modelo-marca\\\">PLANET<\/span> Switch No Administrable 8 Puertos Gigabit con Modo Extend PoE a 250 mts, 2 puertos Uplink 10\/100\/1000 Mbps, 2 Puertos SFP<\/span><\/h2>\n<p>&nbsp;<\/p>\n<h4><span style=\\\"color: #000000\\\">Solo \\\u00bbPlug and Watch\\\u00bb para una Soluci\u00f3n R\u00e1pida<\/span><\/h4>\n<p><span style=\\\"color: #000000\\\">PLANET GSD-1222VHP es una\u00a0soluci\u00f3n\u00a0Power over Ethernet\u00a0ideal\u00a0Plug and Watch\u00a0que proporciona una instalaci\u00f3n r\u00e1pida, monitoreo de estado de trabajo PoE en tiempo real y soluci\u00f3n de problemas inmediata a trav\u00e9s de su pantalla LCD \u00fanica para mejorar la eficiencia y calidad del trabajo sin necesidad de PC o software.<\/span><\/p>\n<p>&nbsp;<\/p>\n<h4><span style=\\\"color: #000000\\\">Puerto f\u00edsico<\/span><\/h4>\n<ul>\n<li><span style=\\\"color: #000000\\\">8 puertos 10\/100 \/ 1000BASE-T Gigabit RJ45 de cobre<\/span><\/li>\n<li><span style=\\\"color: #000000\\\">2 interfaces SFP 1000BASE-X mini-GBIC<\/span><\/li>\n<li><span style=\\\"color: #000000\\\">2 interfaces 10\/100 \/ 1000BASE-T TP<\/span><\/li>\n<\/ul>\n<h4><span style=\\\"color: #000000\\\">Alimentaci\u00f3n a trav\u00e9s de Ethernet<\/span><\/h4>\n<ul>\n<li><span style=\\\"color: #000000\\\">Cumple con IEEE 802.3af \/ en Power over Ethernet span-span PSE<\/span><\/li>\n<li><span style=\\\"color: #000000\\\">Hasta 8 puertos de dispositivos IEEE 802.3af \/ 802.3at alimentados<\/span><\/li>\n<li><span style=\\\"color: #000000\\\">Admite potencia PoE de hasta 32 vatios por cada puerto PoE<\/span><\/li>\n<li><span style=\\\"color: #000000\\\">Cada puerto admite alimentaci\u00f3n de CC de 54 V para dispositivos con alimentaci\u00f3n PoE<\/span><\/li>\n<li><span style=\\\"color: #000000\\\">Presupuesto PoE de 120 vatios<\/span><\/li>\n<li><span style=\\\"color: #000000\\\">Detecta autom\u00e1ticamente el dispositivo motorizado (PD)<\/span><\/li>\n<li><span style=\\\"color: #000000\\\">La protecci\u00f3n de circuito evita la interferencia de potencia entre los puertos<\/span><\/li>\n<li><span style=\\\"color: #000000\\\">Alimentaci\u00f3n remota de hasta 100 m en modo est\u00e1ndar y 250 m en modo extendido<\/span><\/li>\n<\/ul>\n<h4><span style=\\\"color: #000000\\\">Rendimiento<\/span><\/h4>\n<ul>\n<li><span style=\\\"color: #000000\\\">Throughput: 18 Mpps @ 64 bytes<\/span><\/li>\n<li><span style=\\\"color: #000000\\\">Capacidad del Switch: 24 Gbps<\/span><\/li>\n<li><span style=\\\"color: #000000\\\">Presupuesto PoE: 120 watts<\/span><\/li>\n<li><span style=\\\"color: #000000\\\">Configuracion de pines PoE: 1\/2(+), 3\/6(-) Type End-Span<\/span><\/li>\n<\/ul>\n<div>\n<h4><span style=\\\"color: #000000\\\">Caracteristicas Fisicas<\/span><\/h4>\n<ul>\n<li><span style=\\\"color: #000000\\\">Dimensiones: 180 x 280 x 44 mm<\/span><\/li>\n<li><span style=\\\"color: #000000\\\">Consumo de energia: 130 watts \/ 446 BTU<\/span><\/li>\n<\/ul>\n<\/div>\n","protected":false},"excerpt":{"rendered":"<p>GSD-1222VHP PLANET Switch No Administrable 8 Puertos Gigabit con Modo Extend PoE a 250 mts, 2 puertos Uplink 10\/100\/1000 Mbps, 2 Puertos SFP &nbsp; Solo \\\u00bbPlug and Watch\\\u00bb para una Soluci\u00f3n R\u00e1pida PLANET GSD-1222VHP es una\u00a0soluci\u00f3n\u00a0Power over Ethernet\u00a0ideal\u00a0Plug and Watch\u00a0que proporciona una instalaci\u00f3n r\u00e1pida, monitoreo de estado de trabajo PoE en tiempo real y soluci\u00f3n [&hellip;]<\/p>\n","protected":false},"featured_media":11987,"template":"","meta":{"_acf_changed":false},"product_brand":[],"product_cat":[72,70],"product_tag":[],"berocket_brand":[],"class_list":{"0":"post-11206","1":"product","2":"type-product","3":"status-publish","4":"has-post-thumbnail","6":"product_cat-redes-inalambricas","7":"product_cat-switch","9":"first","10":"instock","11":"taxable","12":"shipping-taxable","13":"purchasable","14":"product-type-simple","15":"berocket_lgv_grid","16":"berocket_lgv_list_grid"},"acf":[],"aioseo_notices":[],"_links":{"self":[{"href":"https:\/\/todoenseguridad.com\/site\/wp-json\/wp\/v2\/product\/11206","targetHints":{"allow":["GET"]}}],"collection":[{"href":"https:\/\/todoenseguridad.com\/site\/wp-json\/wp\/v2\/product"}],"about":[{"href":"https:\/\/todoenseguridad.com\/site\/wp-json\/wp\/v2\/types\/product"}],"wp:featuredmedia":[{"embeddable":true,"href":"https:\/\/todoenseguridad.com\/site\/wp-json\/wp\/v2\/media\/11987"}],"wp:attachment":[{"href":"https:\/\/todoenseguridad.com\/site\/wp-json\/wp\/v2\/media?parent=11206"}],"wp:term":[{"taxonomy":"product_brand","embeddable":true,"href":"https:\/\/todoenseguridad.com\/site\/wp-json\/wp\/v2\/product_brand?post=11206"},{"taxonomy":"product_cat","embeddable":true,"href":"https:\/\/todoenseguridad.com\/site\/wp-json\/wp\/v2\/product_cat?post=11206"},{"taxonomy":"product_tag","embeddable":true,"href":"https:\/\/todoenseguridad.com\/site\/wp-json\/wp\/v2\/product_tag?post=11206"},{"taxonomy":"berocket_brand","embeddable":true,"href":"https:\/\/todoenseguridad.com\/site\/wp-json\/wp\/v2\/berocket_brand?post=11206"}],"curies":[{"name":"wp","href":"https:\/\/api.w.org\/{rel}","templated":true}]}}