{"id":11202,"date":"2021-08-06T13:58:49","date_gmt":"2021-08-06T18:58:49","guid":{"rendered":"https:\/\/todoenseguridad.com\/site\/?post_type=product&#038;p=11202"},"modified":"2026-03-24T15:39:36","modified_gmt":"2026-03-24T20:39:36","slug":"gs-4210-8p2s-planet-switch-administrable-8-puertos-gigabit-poe-802-3at-extend-mode-hasta-250-mts","status":"publish","type":"product","link":"https:\/\/todoenseguridad.com\/site\/producto\/gs-4210-8p2s-planet-switch-administrable-8-puertos-gigabit-poe-802-3at-extend-mode-hasta-250-mts\/","title":{"rendered":"GS-4210-8P2S PLANET Switch administrable 8 Puertos Gigabit PoE 802.3at Extend Mode hasta 250 mts"},"content":{"rendered":"<h2 id=\\\"product_title_168315\\\" class=\\\"no_margin_top titulo_vista_producto\\\"><span style=\\\"color: #0000ff\\\"><span class=\\\"modelo-marca\\\">GS-4210-8P2S<\/span> <span class=\\\"modelo-marca\\\">PLANET<\/span> Switch administrable 8 Puertos Gigabit PoE 802.3at Extend Mode hasta 250 mts, 2 Puertos SFP (120W)<\/span><\/h2>\n<h4><span style=\\\"color: #000000\\\">Un conmutador PoE + administrado perfecto con conmutaci\u00f3n y seguridad avanzadas L2 \/ L4<\/span><\/h4>\n<p><span style=\\\"color: #000000\\\">PLANET GS-4210-8P2S es un Switch Gigabit PoE + administrado de tama\u00f1o de escritorio optimizado en cuanto a costos que presenta\u00a0funciones\u00a0inteligentes PoE\u00a0+ de PLANET\u00a0para mejorar la disponibilidad de aplicaciones comerciales cr\u00edticas.\u00a0Proporciona administraci\u00f3n de doble pila IPv6 \/ IPv4 y motor de conmutaci\u00f3n Gigabit L2 \/ L4 incorporado junto con\u00a08\u00a0puertos\u00a010\/100 \/ 1000BASE-T\u00a0con\u00a036 vatios 802.3at PoE +\u00a0y\u00a02\u00a0ranuras\u00a0Gigabit SFP adicionales\u00a0.\u00a0Con un presupuesto de energ\u00eda total de hasta\u00a0120 vatios\u00a0para diferentes tipos de aplicaciones PoE, proporciona una soluci\u00f3n de red de alimentaci\u00f3n a trav\u00e9s de Ethernet r\u00e1pida, segura y rentable para peque\u00f1as empresas y empresas.<\/span><\/p>\n<p>&nbsp;<\/p>\n<h4><span style=\\\"color: #000000\\\">Soluci\u00f3n de red de ciberseguridad para minimizar los riesgos de seguridad<\/span><\/h4>\n<p><span style=\\\"color: #000000\\\">La caracter\u00edstica de ciberseguridad que pr\u00e1cticamente no requiere esfuerzo y costo para incluir incluye la protecci\u00f3n de la administraci\u00f3n del conmutador y la seguridad mejorada de la red de misi\u00f3n cr\u00edtica.\u00a0Los protocolos SSH y TLS se utilizan para proporcionar una fuerte protecci\u00f3n contra amenazas avanzadas.\u00a0<\/span><\/p>\n<p>&nbsp;<\/p>\n<h4><span style=\\\"color: #000000\\\">Funciones PoE \u00fanicas incorporadas para la gesti\u00f3n de dispositivos con alimentaci\u00f3n<\/span><\/h4>\n<p><span style=\\\"color: #000000\\\">Como es el conmutador PoE administrado para redes de vigilancia, inal\u00e1mbricas y VoIP, el GS-4210-8P2S presenta las siguientes funciones especiales de administraci\u00f3n de PoE:<\/span><\/p>\n<ul>\n<li><span style=\\\"color: #000000\\\">PD Alive Check<\/span><\/li>\n<li><span style=\\\"color: #000000\\\">Reciclado programado de energ\u00eda\u00a0<\/span><\/li>\n<li><span style=\\\"color: #000000\\\">Horario PoE<\/span><\/li>\n<li><span style=\\\"color: #000000\\\">Monitoreo de uso de PoE<\/span><\/li>\n<li><span style=\\\"color: #000000\\\">Extensi\u00f3n PoE<\/span><\/li>\n<\/ul>\n<p>&nbsp;<\/p>\n<h4><span style=\\\"color: #000000\\\">Dispositivo inteligente con control en vivo<\/span><\/h4>\n<p><span style=\\\"color: #000000\\\">El GS-4210-8P2S se puede configurar para monitorear el estado de PD (dispositivo alimentado) conectado en tiempo real a trav\u00e9s de la acci\u00f3n de ping.\u00a0Una vez que el PD deja de funcionar y responde, el GS-4210-8P2S reanudar\u00e1 la alimentaci\u00f3n del puerto PoE y har\u00e1 que el PD vuelva a funcionar.\u00a0Mejorar\u00e1 en gran medida la fiabilidad de la red a trav\u00e9s del puerto PoE que restablece la fuente de alimentaci\u00f3n del PD, reduciendo as\u00ed la carga de administraci\u00f3n del administrador<\/span><\/p>\n<p>&nbsp;<\/p>\n<h4><span style=\\\"color: #000000\\\">Reciclado programado de energ\u00eda<\/span><\/h4>\n<p><span style=\\\"color: #000000\\\">El GS-4210-8P2S permite que cada una de las c\u00e1maras IP PoE o puntos de acceso inal\u00e1mbrico PoE conectados se reinicie a una hora espec\u00edfica cada semana.\u00a0Por lo tanto, reducir\u00e1 la posibilidad de que la c\u00e1mara IP o el AP se bloqueen como resultado del desbordamiento del b\u00fafer<\/span><\/p>\n<p>&nbsp;<\/p>\n<h4><span style=\\\"color: #000000\\\">Programa de PoE para ahorro de energ\u00eda<\/span><\/h4>\n<p><span style=\\\"color: #000000\\\">Bajo la tendencia de ahorro de energ\u00eda en todo el mundo y contribuyendo a la protecci\u00f3n del medio ambiente, el GS-4210-8P2S puede controlar eficazmente la fuente de alimentaci\u00f3n adem\u00e1s de su capacidad de proporcionar una alta potencia de vatios.\u00a0La\u00a0funci\u00f3n \\\u00bb\u00a0Programaci\u00f3n PoE\u00a0\\\u00bb lo ayuda a habilitar o deshabilitar la alimentaci\u00f3n de energ\u00eda PoE para cada puerto PoE durante intervalos de tiempo espec\u00edficos y es una funci\u00f3n poderosa para ayudar a las PYMES o empresas a ahorrar energ\u00eda y dinero.\u00a0Tambi\u00e9n aumenta la seguridad al apagar las PD que no deber\u00edan estar en uso fuera del horario comercial<\/span><\/p>\n<p>&nbsp;<\/p>\n<h4><span style=\\\"color: #000000\\\">Monitoreo de uso de PoE<\/span><\/h4>\n<p><span style=\\\"color: #000000\\\">A trav\u00e9s de la tabla de uso de energ\u00eda en la interfaz de administraci\u00f3n web, el GS-4210-8P2S permite al administrador monitorear el estado del uso de energ\u00eda de los PD conectados en tiempo real.\u00a0Por lo tanto, mejora en gran medida la eficiencia de gesti\u00f3n de las instalaciones.<\/span><\/p>\n<p>&nbsp;<\/p>\n<h4><span style=\\\"color: #000000\\\">Extensi\u00f3n de distancia de transmisi\u00f3n de datos 802.3at PoE + Power y Ethernet<\/span><\/h4>\n<p><span style=\\\"color: #000000\\\">En el\u00a0modo de operaci\u00f3n\u00a0\\\u00bb\u00a0Extender\u00a0\\\u00bb, el GS-4210-8P2S opera por puerto a una operaci\u00f3n d\u00faplex de 10Mbps, pero puede soportar una salida de potencia PoE de 36 vatios en una distancia de hasta 250 metros superando el l\u00edmite de 100m en el cable Ethernet UTP .\u00a0Con esta nueva caracter\u00edstica, el GS-4210-8P2S proporciona una soluci\u00f3n adicional para la extensi\u00f3n de distancia PoE 802.3at \/ af, ahorrando as\u00ed el costo de la instalaci\u00f3n del cable Ethernet<\/span><\/p>\n<h4><span style=\\\"color: #000000\\\">Dise\u00f1o de ventilador inteligente ecol\u00f3gico para operaci\u00f3n silenciosa<\/span><\/h4>\n<p><span style=\\\"color: #000000\\\">El GS-4210-8P2S presenta una carcasa met\u00e1lica del tama\u00f1o de una computadora de escritorio, un dise\u00f1o de bajo ruido y un sistema de ventilaci\u00f3n efectivo.\u00a0Admite la tecnolog\u00eda de ventilador inteligente que controla autom\u00e1ticamente la velocidad del ventilador incorporado para reducir el ruido y mantener la temperatura del interruptor PoE para una capacidad de salida de potencia \u00f3ptima.\u00a0El GS-4210-8P2S puede operar de manera confiable, estable y silenciosa en cualquier entorno sin afectar su rendimiento.<\/span><\/p>\n<p>&nbsp;<\/p>\n<h4><span style=\\\"color: #000000\\\">Gesti\u00f3n de doble pila IPv6 \/ IPv4<\/span><\/h4>\n<p><span style=\\\"color: #000000\\\">Al admitir los protocolos IPv6 e IPv4, el GS-4210-8P2S ayuda a las PYMES a entrar en la era de IPv6 con la inversi\u00f3n m\u00e1s baja, ya que sus instalaciones de red no necesitan ser reemplazadas o revisadas si la red de borde FTTx de IPv6 est\u00e1 configurada.\u00a0<\/span><\/p>\n<p>&nbsp;<\/p>\n<h4><span style=\\\"color: #000000\\\">Caracter\u00edsticas robustas de la capa 2<\/span><\/h4>\n<p><span style=\\\"color: #000000\\\">El GS-4210-8P2S se puede programar para funciones avanzadas de administraci\u00f3n de conmutadores, como agregaci\u00f3n de enlace de puerto din\u00e1mico, VLAN 802.1Q y VLAN\u00a0Q-in-Q\u00a0,\u00a0protocolo de \u00e1rbol de expansi\u00f3n m\u00faltiple (MSTP)\u00a0,\u00a0protecci\u00f3n de\u00a0bucle y\u00a0BPDU\u00a0,\u00a0inspecci\u00f3n IGMP\u00a0y\u00a0MLD espionaje\u00a0.\u00a0A trav\u00e9s de la agregaci\u00f3n de enlaces, el GS-4210-8P2S permite la operaci\u00f3n de un enlace troncal de alta velocidad para combinar con m\u00faltiples puertos, y tambi\u00e9n admite la conmutaci\u00f3n por error.\u00a0Adem\u00e1s, el\u00a0protocolo de descubrimiento de capa de enlace (LLDP)\u00a0es el protocolo de capa 2 incluido para ayudar a descubrir informaci\u00f3n b\u00e1sica sobre dispositivos vecinos en el dominio de transmisi\u00f3n local.<\/span><\/p>\n<h4><span style=\\\"color: #000000\\\">Control de tr\u00e1fico eficiente<\/span><\/h4>\n<p><span style=\\\"color: #000000\\\">El GS-4210-8P2S est\u00e1 cargado con caracter\u00edsticas robustas de QoS y una poderosa administraci\u00f3n de tr\u00e1fico para mejorar los servicios de soluciones de datos, voz y video de clase empresarial.\u00a0La funcionalidad incluye\u00a0control de tormentas de\u00a0difusi\u00f3n \/ multidifusi\u00f3n\u00a0,\u00a0control de ancho de banda\u00a0por puerto\u00a0, prioridad de QoS de DSCP IP y remarcado.\u00a0Garantiza el mejor rendimiento para la transmisi\u00f3n de VoIP y transmisi\u00f3n de video, y permite a las empresas aprovechar al m\u00e1ximo los recursos limitados de la red.<\/span><\/p>\n<p>&nbsp;<\/p>\n<h4><span style=\\\"color: #000000\\\">Potente seguridad<\/span><\/h4>\n<p><span style=\\\"color: #000000\\\">PLANET GS-4210-8P2S ofrece una\u00a0lista completa de control de acceso (ACL)\u00a0de\u00a0capa 2 a capa 4 de\u00a0IPv4 \/ IPv6\u00a0para hacer cumplir la seguridad hasta el borde.\u00a0Se puede usar para restringir el acceso a la red al negar paquetes basados \u200b\u200ben la direcci\u00f3n IP de origen y destino, puertos TCP \/ UDP o aplicaciones de red t\u00edpicas definidas.\u00a0Su mecanismo de protecci\u00f3n tambi\u00e9n comprende la\u00a0autenticaci\u00f3n de usuarios y dispositivos\u00a0basada en puertos 802.1X\u00a0, que se puede implementar con RADIUS y TACACS + para garantizar la seguridad a nivel de puerto y bloquear usuarios ilegales.\u00a0Con la\u00a0funci\u00f3n de\u00a0puerto protegido\u00a0, se puede evitar la comunicaci\u00f3n entre los puertos de borde para garantizar la privacidad del usuario.\u00a0Adem\u00e1s,\u00a0la\u00a0funci\u00f3n de\u00a0seguridad del puerto\u00a0permite limitar la cantidad de dispositivos de red en un puerto determinado.\u00a0<\/span><\/p>\n<p>&nbsp;<\/p>\n<h4><span style=\\\"color: #000000\\\">Seguridad de red avanzada<\/span><\/h4>\n<p><span style=\\\"color: #000000\\\">Tambi\u00e9n proporciona\u00a0funciones de\u00a0inspecci\u00f3n\u00a0DHCP\u00a0,\u00a0protecci\u00f3n de fuente de IP\u00a0e\u00a0inspecci\u00f3n din\u00e1mica de ARP\u00a0para evitar ataques de IP y descartar paquetes ARP con direcciones MAC no v\u00e1lidas.\u00a0Los administradores de red ahora pueden construir redes corporativas altamente seguras con mucho menos tiempo y esfuerzo que antes.<\/span><\/p>\n<p>&nbsp;<\/p>\n<h4><span style=\\\"color: #000000\\\">Gesti\u00f3n amigable y segura\u00a0<\/span><\/h4>\n<p><span style=\\\"color: #000000\\\">Para una gesti\u00f3n eficiente, el GS-4210-8P2S est\u00e1 equipado con\u00a0interfaces de gesti\u00f3n\u00a0web\u00a0,\u00a0Telnet\u00a0y\u00a0SNMP\u00a0.\u00a0Con la interfaz de administraci\u00f3n basada en la web incorporada, el GS-4210-8P2S ofrece una instalaci\u00f3n de administraci\u00f3n y configuraci\u00f3n f\u00e1cil de usar, independiente de la plataforma.\u00a0Al admitir el SNMP est\u00e1ndar, el conmutador se puede administrar a trav\u00e9s de cualquier software de administraci\u00f3n est\u00e1ndar.\u00a0Para la gesti\u00f3n basada en texto, se puede acceder al conmutador a trav\u00e9s de Telnet.\u00a0Adem\u00e1s, el GS-4210-8P2S ofrece gesti\u00f3n remota segura al admitir\u00a0conexiones\u00a0SSH\u00a0,\u00a0TLS\u00a0y\u00a0SNMP v3\u00a0que cifran el contenido del paquete en cada sesi\u00f3n.<\/span><\/p>\n<p>&nbsp;<\/p>\n<h4><span style=\\\"color: #000000\\\">Soluci\u00f3n de flexibilidad y extensi\u00f3n de larga distancia<\/span><\/h4>\n<p><span style=\\\"color: #000000\\\">Las dos ranuras mini-GBIC integradas en el GS-4210-8P2S admiten la detecci\u00f3n autom\u00e1tica de SFP y la velocidad dual, ya que cuentan con\u00a0transceptores de fibra\u00a0100BASE-FX\u00a0y\u00a0\u00a01000BASE-SX \/ LX SFP\u00a0(peque\u00f1o factor de forma enchufable) para enlace ascendente al interruptor principal y Centro de monitoreo a larga distancia.\u00a0La distancia puede extenderse de 550 metros a 2 kil\u00f3metros (fibra multimodo) y a 10\/20\/40\/60\/70\/80\/120 kil\u00f3metros (fibra monomodo o fibra WDM).\u00a0Son adecuados para aplicaciones dentro de los centros de datos y distribuciones empresariales.<\/span><\/p>\n<p>&nbsp;<\/p>\n<h4><span style=\\\"color: #000000\\\">Mecanismo de diagn\u00f3stico inteligente de SFP<\/span><\/h4>\n<p><span style=\\\"color: #000000\\\">El GS-4210-8P2S admite la funci\u00f3n\u00a0SFP-DDM (Monitor de diagn\u00f3stico digital)\u00a0que puede monitorear f\u00e1cilmente los par\u00e1metros en tiempo real del SFP para el administrador de red, como la potencia de salida \u00f3ptica, la potencia de entrada \u00f3ptica, la temperatura, la corriente de polarizaci\u00f3n del l\u00e1ser y el voltaje de alimentaci\u00f3n del transceptor .<\/span><\/p>\n<p>&nbsp;<\/p>\n<h4><span style=\\\"color: #000000\\\">Puerto f\u00edsico<\/span><\/h4>\n<ul type=\\\"disc\\\">\n<li><span style=\\\"color: #000000\\\">8\u00a0puertos de cobre Gigabit RJ45\u00a010\/100 \/ 1000BASE-T\u00a0con\u00a0funci\u00f3n de inyector\u00a0PoE IEEE 802.3at \/ af de\u00a08 puertos<\/span><\/li>\n<li><span style=\\\"color: #000000\\\">2\u00a0ranuras\u00a0100 \/ 1000BASE-X mini-GBIC \/ SFP<\/span><\/li>\n<\/ul>\n<h4><span style=\\\"color: #000000\\\">Alimentaci\u00f3n a trav\u00e9s de Ethernet<\/span><\/h4>\n<ul>\n<li style=\\\"list-style-type: none\\\">\n<ul>\n<li><span style=\\\"color: #000000\\\">Cumple con IEEE 802.3at Power over Ethernet Plus, PSE de rango final<\/span><\/li>\n<li><span style=\\\"color: #000000\\\">Compatible con versiones anteriores de IEEE 802.3af Power over Ethernet<\/span><\/li>\n<li><span style=\\\"color: #000000\\\">Hasta 8 puertos de dispositivos IEEE 802.3af \/ 802.3at alimentados<\/span><\/li>\n<li><span style=\\\"color: #000000\\\">Admite alimentaci\u00f3n PoE de hasta 36 vatios para cada puerto PoE<\/span><\/li>\n<li><span style=\\\"color: #000000\\\">Detecta autom\u00e1ticamente el dispositivo alimentado (PD)<\/span><\/li>\n<li><span style=\\\"color: #000000\\\">La protecci\u00f3n del circuito evita la interferencia de energ\u00eda entre los puertos<\/span><\/li>\n<li><span style=\\\"color: #000000\\\">Alimentaci\u00f3n remota de hasta 100 metros en modo est\u00e1ndar y 250 m en modo extendido<\/span><\/li>\n<li><span style=\\\"color: #000000\\\">Gesti\u00f3n de PoE<\/span><\/li>\n<\/ul>\n<\/li>\n<\/ul>\n<p><span style=\\\"color: #000000\\\">&#8211; Control total del presupuesto de energ\u00eda PoE- Activar \/ desactivar la funci\u00f3n PoE por puerto- Prioridad de alimentaci\u00f3n de energ\u00eda del puerto PoE- Por limitaci\u00f3n de energ\u00eda del puerto PoE- Detecci\u00f3n de clasificaci\u00f3n PD- Verificaci\u00f3n de PD vivo- Horario PoE<\/span><\/p>\n<h4><span style=\\\"color: #000000\\\">Capa 2 Caracter\u00edsticas<\/span><\/h4>\n<ul type=\\\"disc\\\">\n<li style=\\\"list-style-type: none\\\">\n<ul type=\\\"disc\\\">\n<li><span style=\\\"color: #000000\\\">Previene la p\u00e9rdida de paquetes con contrapresi\u00f3n (half-duplex) y control de flujo de trama de pausa IEEE 802.3x (full-duplex)<\/span><\/li>\n<li><span style=\\\"color: #000000\\\">Arquitectura de almacenamiento y reenv\u00edo de alto rendimiento, control de tormentas de difusi\u00f3n, filtrado runt \/ CRC elimina paquetes err\u00f3neos para optimizar el ancho de banda de la red<\/span><\/li>\n<li><span style=\\\"color: #000000\\\">Soporta\u00a0\u00a0VLAN<\/span><\/li>\n<\/ul>\n<\/li>\n<\/ul>\n<p><span style=\\\"color: #000000\\\">&#8211; IEEE 802.1Q etiquetada VLAN- Soporte de puenteo de proveedor (VLAN Q-in-Q) (IEEE 802.1ad)- Protocolo VLAN- VLAN de voz- VLAN privada- VLAN de gesti\u00f3n- GVRP<\/span><\/p>\n<ul type=\\\"disc\\\">\n<li style=\\\"list-style-type: none\\\">\n<ul type=\\\"disc\\\">\n<li><span style=\\\"color: #000000\\\">Admite el\u00a0\u00a0protocolo Spanning Tree<\/span><\/li>\n<\/ul>\n<\/li>\n<\/ul>\n<p><span style=\\\"color: #000000\\\">&#8211; STP (Protocolo de \u00e1rbol de expansi\u00f3n)- RSTP (Protocolo de \u00e1rbol de expansi\u00f3n r\u00e1pida)- MSTP (Protocolo de \u00e1rbol de expansi\u00f3n m\u00faltiple)- STP BPDU Guard, filtrado de BPDU y reenv\u00edo de BPDU<\/span><\/p>\n<ul type=\\\"disc\\\">\n<li style=\\\"list-style-type: none\\\">\n<ul type=\\\"disc\\\">\n<li><span style=\\\"color: #000000\\\">Admite\u00a0\u00a0agregaci\u00f3n de enlaces<\/span><\/li>\n<\/ul>\n<\/li>\n<\/ul>\n<p><span style=\\\"color: #000000\\\">&#8211; Protocolo de control de agregaci\u00f3n de enlaces IEEE 802.3ad (LACP)- Cisco ether-channel (troncal est\u00e1tica)<\/span><\/p>\n<ul type=\\\"disc\\\">\n<li><span style=\\\"color: #000000\\\">Proporciona espejo de puerto (muchos a 1)<\/span><\/li>\n<li><span style=\\\"color: #000000\\\">Protecci\u00f3n de bucle para evitar bucles de difusi\u00f3n<\/span><\/li>\n<\/ul>\n<h4><span style=\\\"color: #000000\\\">Calidad de servicio<\/span><\/h4>\n<ul type=\\\"disc\\\">\n<li style=\\\"list-style-type: none\\\">\n<ul type=\\\"disc\\\">\n<li><span style=\\\"color: #000000\\\">L\u00edmite de velocidad de entrada y salida por control de ancho de banda de puerto<\/span><\/li>\n<li><span style=\\\"color: #000000\\\">Control de tormentas<\/span><\/li>\n<\/ul>\n<\/li>\n<\/ul>\n<p><span style=\\\"color: #000000\\\">&#8211; Broadcast \/ Unicast desconocido \/ Multicast desconocido<\/span><\/p>\n<ul type=\\\"disc\\\">\n<li style=\\\"list-style-type: none\\\">\n<ul type=\\\"disc\\\">\n<li><span style=\\\"color: #000000\\\">Clasificaci\u00f3n del tr\u00e1fico<\/span><\/li>\n<\/ul>\n<\/li>\n<\/ul>\n<p><span style=\\\"color: #000000\\\">&#8211; IEEE 802.1p CoS- Precedencia TOS \/ DSCP \/ IP de paquetes IPv4 \/ IPv6<\/span><\/p>\n<ul type=\\\"disc\\\">\n<li><span style=\\\"color: #000000\\\">Prioridad estricta y pol\u00edticas de CoS ponderadas de Round Robin (WRR)<\/span><\/li>\n<\/ul>\n<h4><span style=\\\"color: #000000\\\">Multidifusi\u00f3n<\/span><\/h4>\n<ul type=\\\"disc\\\">\n<li><span style=\\\"color: #000000\\\">Admite IPv4 IGMP snooping v2 y v3<\/span><\/li>\n<li><span style=\\\"color: #000000\\\">Admite IPv6 MLD snooping v1, v2<\/span><\/li>\n<li><span style=\\\"color: #000000\\\">Soporte de modo de consulta IGMP<\/span><\/li>\n<li><span style=\\\"color: #000000\\\">Filtrado de puertos de inspecci\u00f3n IGMP<\/span><\/li>\n<li><span style=\\\"color: #000000\\\">Filtrado de puertos de indagaci\u00f3n MLD<\/span><\/li>\n<\/ul>\n<h4><span style=\\\"color: #000000\\\">Seguridad<\/span><\/h4>\n<ul type=\\\"disc\\\">\n<li style=\\\"list-style-type: none\\\">\n<ul type=\\\"disc\\\">\n<li><span style=\\\"color: #000000\\\">Autenticaci\u00f3n<\/span><\/li>\n<\/ul>\n<\/li>\n<\/ul>\n<p><span style=\\\"color: #000000\\\">&#8211; Autenticaci\u00f3n de acceso a la red basada en el puerto IEEE 802.1X- Cliente RADIUS incorporado para cooperar con los servidores RADIUS- Autenticaci\u00f3n de acceso de usuario de inicio de sesi\u00f3n RADIUS \/ TACACS +<\/span><\/p>\n<ul type=\\\"disc\\\">\n<li style=\\\"list-style-type: none\\\">\n<ul type=\\\"disc\\\">\n<li><span style=\\\"color: #000000\\\">Lista de control de acceso<\/span><\/li>\n<\/ul>\n<\/li>\n<\/ul>\n<p><span style=\\\"color: #000000\\\">&#8211; IPv4 \/ IPv6 ACL basado en IP- ACL basado en MAC<\/span><\/p>\n<ul type=\\\"disc\\\">\n<li style=\\\"list-style-type: none\\\">\n<ul type=\\\"disc\\\">\n<li><span style=\\\"color: #000000\\\">Seguridad MAC<\/span><\/li>\n<\/ul>\n<\/li>\n<\/ul>\n<p><span style=\\\"color: #000000\\\">&#8211; MAC est\u00e1tico- Filtrado MAC<\/span><\/p>\n<ul type=\\\"disc\\\">\n<li><span style=\\\"color: #000000\\\">Seguridad del puerto para el filtrado de las entradas de la direcci\u00f3n MAC de origen<\/span><\/li>\n<li><span style=\\\"color: #000000\\\">DHCP indagando para filtrar mensajes DHCP desconfiados<\/span><\/li>\n<li><span style=\\\"color: #000000\\\">Dynamic ARP Inspection descarta los paquetes ARP con una direcci\u00f3n MAC no v\u00e1lida a un enlace de direcci\u00f3n IP<\/span><\/li>\n<li><span style=\\\"color: #000000\\\">La protecci\u00f3n de fuente de IP evita ataques de suplantaci\u00f3n de IP<\/span><\/li>\n<li><span style=\\\"color: #000000\\\">Prevenci\u00f3n de ataques DoS<\/span><\/li>\n<li><span style=\\\"color: #000000\\\">SSH \/ SSL<\/span><\/li>\n<\/ul>\n<h4><span style=\\\"color: #000000\\\">administraci\u00f3n<\/span><\/h4>\n<ul type=\\\"disc\\\">\n<li style=\\\"list-style-type: none\\\">\n<ul type=\\\"disc\\\">\n<li><span style=\\\"color: #000000\\\">Gesti\u00f3n de doble pila IPv4 e IPv6<\/span><\/li>\n<li><span style=\\\"color: #000000\\\">Cambiar la interfaz de gesti\u00f3n<\/span><\/li>\n<\/ul>\n<\/li>\n<\/ul>\n<p><span style=\\\"color: #000000\\\">&#8211; Gesti\u00f3n de conmutadores web- Interfaz de l\u00ednea de comando Telnet- Gesti\u00f3n de conmutadores SNMP v1 y v2c- Acceso seguro SSH \/ TLS y SNMP v3<\/span><\/p>\n<ul type=\\\"disc\\\">\n<li style=\\\"list-style-type: none\\\">\n<ul type=\\\"disc\\\">\n<li><span style=\\\"color: #000000\\\">Control de niveles de privilegio de usuario<\/span><\/li>\n<li><span style=\\\"color: #000000\\\">Cliente de protocolo trivial de transferencia de archivos (TFTP) incorporado<\/span><\/li>\n<li><span style=\\\"color: #000000\\\">BOOTP y DHCP para la asignaci\u00f3n de direcciones IP<\/span><\/li>\n<li><span style=\\\"color: #000000\\\">Mantenimiento del sistema<\/span><\/li>\n<\/ul>\n<\/li>\n<\/ul>\n<p><span style=\\\"color: #000000\\\">&#8211; Carga \/ descarga de firmware a trav\u00e9s de HTTP \/ TFTP- Carga \/ descarga de configuraci\u00f3n a trav\u00e9s de la interfaz web- Im\u00e1genes duales- Bot\u00f3n de reinicio de hardware para reiniciar el sistema o restablecer los valores predeterminados de f\u00e1brica<\/span><\/p>\n<p>&nbsp;<\/p>\n<ul type=\\\"disc\\\">\n<li><span style=\\\"color: #000000\\\">Protocolo de tiempo de red SNTP<\/span><\/li>\n<li><span style=\\\"color: #000000\\\">Diagn\u00f3stico de cable<\/span><\/li>\n<li><span style=\\\"color: #000000\\\">Protocolo de descubrimiento de capa de enlace (LLDP) y LLDP-MED<\/span><\/li>\n<li><span style=\\\"color: #000000\\\">Captura SNMP para notificaci\u00f3n de enlace de interfaz y enlace desactivado<\/span><\/li>\n<li><span style=\\\"color: #000000\\\">Registro de mensajes de evento en el servidor remoto de Syslog<\/span><\/li>\n<li><span style=\\\"color: #000000\\\">Cuatro grupos RMON (historia, estad\u00edsticas, alarmas y eventos)\u00a0<\/span><\/li>\n<li><span style=\\\"color: #000000\\\">Utilidad de descubrimiento inteligente PLANET<\/span><\/li>\n<li><span style=\\\"color: #000000\\\">Ventilador inteligente con control de velocidad.<\/span><\/li>\n<\/ul>\n","protected":false},"excerpt":{"rendered":"<p>GS-4210-8P2S PLANET Switch administrable 8 Puertos Gigabit PoE 802.3at Extend Mode hasta 250 mts, 2 Puertos SFP (120W) Un conmutador PoE + administrado perfecto con conmutaci\u00f3n y seguridad avanzadas L2 \/ L4 PLANET GS-4210-8P2S es un Switch Gigabit PoE + administrado de tama\u00f1o de escritorio optimizado en cuanto a costos que presenta\u00a0funciones\u00a0inteligentes PoE\u00a0+ de PLANET\u00a0para [&hellip;]<\/p>\n","protected":false},"featured_media":11203,"template":"","meta":{"_acf_changed":false},"product_brand":[],"product_cat":[220,70],"product_tag":[],"berocket_brand":[],"class_list":{"0":"post-11202","1":"product","2":"type-product","3":"status-publish","4":"has-post-thumbnail","6":"product_cat-redes-de-datos","7":"product_cat-switch","9":"first","10":"instock","11":"taxable","12":"shipping-taxable","13":"purchasable","14":"product-type-simple","15":"berocket_lgv_grid","16":"berocket_lgv_list_grid"},"acf":[],"aioseo_notices":[],"_links":{"self":[{"href":"https:\/\/todoenseguridad.com\/site\/wp-json\/wp\/v2\/product\/11202","targetHints":{"allow":["GET"]}}],"collection":[{"href":"https:\/\/todoenseguridad.com\/site\/wp-json\/wp\/v2\/product"}],"about":[{"href":"https:\/\/todoenseguridad.com\/site\/wp-json\/wp\/v2\/types\/product"}],"wp:featuredmedia":[{"embeddable":true,"href":"https:\/\/todoenseguridad.com\/site\/wp-json\/wp\/v2\/media\/11203"}],"wp:attachment":[{"href":"https:\/\/todoenseguridad.com\/site\/wp-json\/wp\/v2\/media?parent=11202"}],"wp:term":[{"taxonomy":"product_brand","embeddable":true,"href":"https:\/\/todoenseguridad.com\/site\/wp-json\/wp\/v2\/product_brand?post=11202"},{"taxonomy":"product_cat","embeddable":true,"href":"https:\/\/todoenseguridad.com\/site\/wp-json\/wp\/v2\/product_cat?post=11202"},{"taxonomy":"product_tag","embeddable":true,"href":"https:\/\/todoenseguridad.com\/site\/wp-json\/wp\/v2\/product_tag?post=11202"},{"taxonomy":"berocket_brand","embeddable":true,"href":"https:\/\/todoenseguridad.com\/site\/wp-json\/wp\/v2\/berocket_brand?post=11202"}],"curies":[{"name":"wp","href":"https:\/\/api.w.org\/{rel}","templated":true}]}}