{"id":11200,"date":"2021-08-06T13:41:33","date_gmt":"2021-08-06T18:41:33","guid":{"rendered":"https:\/\/todoenseguridad.com\/site\/?post_type=product&#038;p=11200"},"modified":"2025-02-13T14:23:31","modified_gmt":"2025-02-13T19:23:31","slug":"gs-5220-24up4x-planet-switch-administrable-l3-24-puertos-10-100-1000-mbps-c-ultra-poe-400-watts","status":"publish","type":"product","link":"https:\/\/todoenseguridad.com\/site\/producto\/gs-5220-24up4x-planet-switch-administrable-l3-24-puertos-10-100-1000-mbps-c-ultra-poe-400-watts\/","title":{"rendered":"GS-5220-24UP4X PLANET Switch Administrable L3 24 puertos 10\/100\/1000 Mbps c\/Ultra PoE 400 Watts"},"content":{"rendered":"<h3 id=\"product_title_161508\" class=\"no_margin_top titulo_vista_producto\"><span style=\"color: #0000ff;\"><span class=\"modelo-marca\">GS-5220-24UP4X PLANET <\/span>Switch Administrable L3 24 puertos 10\/100\/1000 Mbps c\/Ultra PoE 400 Watts, 4 Puertos 10G SFP<\/span><\/h3>\n<p>&nbsp;<\/p>\n<h4><span style=\"color: #000000;\">Incre\u00edble Switch administrado Ultra PoE con conmutaci\u00f3n avanzada y seguridad L2 + \/ L4<\/span><\/h4>\n<p><span style=\"color: #000000;\">PLANET GS-5220-24UP4X y GS-5220-24UP4XR son un conmutador gestionado Gigabit Ultra PoE de 1U con optimizaci\u00f3n de costos, que\u00a0incorpora funciones\u00a0PoE inteligentes PLANET\u00a0para mejorar la disponibilidad de aplicaciones comerciales cr\u00edticas .\u00a0Proporciona IPv6 \/ IPv4 gesti\u00f3n de doble pila y construido en L2 + \/ L4 Gigabit motor de conmutaci\u00f3n junto con\u00a024 10 \/\u00a0100 \/\u00a01000BASE-T puertos con\u00a075 vatios Ultra PoE ,\u00a04 Gigabit TP \/\u00a0puertos combo SFP y\u00a0puertos 4 adicional de 10 Gigabit SFP +.\u00a0Con un presupuesto de potencia total de hasta 400 vatios para diferentes tipos de aplicaciones PoE, las GS-5220-24UP4X y GS-5220-24UP4XR ofrecen una soluci\u00f3n de red ultra PoE r\u00e1pida, segura y rentable para peque\u00f1as empresas y empresas.<\/span><\/p>\n<p>&nbsp;<\/p>\n<h4><span style=\"color: #000000;\">75 Vatios de potencia sobre UTP de 4 pares<\/span><\/h4>\n<p><span style=\"color: #000000;\">La soluci\u00f3n ultraport\u00e1til GS-5220-24UP4X y GS-5220-24UP4XR adopta el est\u00e1ndar IEEE 802.3at \/ af.\u00a0En lugar de entregar potencia sobre UTP trenzado de 2 pares, ya sea de final de carrera (clavijas 1,2,3 y 6) o de medio tramo (clavijas 4,5,7 y 8), proporciona la capacidad de generar hasta 75 vatios de potencia mediante el uso de los cuatro pares de cableado Ethernet Cat.5e \/ 6 est\u00e1ndar.\u00a0En el nuevo sistema de 4 pares, se usar\u00e1n dos controladores PSE para alimentar tanto los pares de datos como los pares de repuesto.\u00a0Puede ofrecer m\u00e1s aplicaciones PoE, como:\u00a0<\/span><\/p>\n<p><span style=\"color: #000000;\">\u3000\u25a0 Domo Speed PoE PTZ\u00a0<\/span><\/p>\n<p><span style=\"color: #000000;\">\u3000\u25a0 Cualquier dispositivo de red que necesite mayor potencia PoE para funcionar normalmente\u00a0<\/span><\/p>\n<p><span style=\"color: #000000;\">\u3000\u25a0 Cliente liviano\u00a0<\/span><\/p>\n<p><span style=\"color: #000000;\">\u3000\u25a0 PC t\u00e1ctil AIO (todo en uno)\u00a0<\/span><\/p>\n<p><span style=\"color: #000000;\">\u3000\u25a0 Pantalla de se\u00f1alizaci\u00f3n digital remota<\/span><\/p>\n<p>&nbsp;<\/p>\n<h4><span style=\"color: #000000;\">Espesificacion de hardware:<\/span><\/h4>\n<p><span style=\"color: #000000;\">Puertos de cobre: 24 puertos 10\/100 \/ 1000BASE-T RJ45 auto-MDI \/ MDI-X<\/span><\/p>\n<p><span style=\"color: #000000;\">Slots SFP \/ mini-GBIC: 4 interfaces 100 \/ 1000BASE-X SFP, compartidas con Port-21 a Port-24 Compatible con 100BASE-FX SFP transceptor<\/span><\/p>\n<p><span style=\"color: #000000;\">SFP + Tragamonedas: 4 interfaces 10GbBASE-SR \/ LR SFP + (Puerto-25 a Puerto-28) Compatible con el transceptor SFP 1000BASE-SX \/ LX \/ BX<\/span><\/p>\n<p><span style=\"color: #000000;\">Consola: 1 puerto serie RS232 a RJ45 (115200, 8, N, 1)<\/span><\/p>\n<p><span style=\"color: #000000;\">Cambiar arquitectura: Almacenamiento y reenvio<\/span><\/p>\n<p><span style=\"color: #000000;\">Cambiar la tela: 128 Gbps \/ sin bloqueo<\/span><\/p>\n<p><span style=\"color: #000000;\">Rendimiento: 95.23Mpps@64Bytes<\/span><\/p>\n<p><span style=\"color: #000000;\">Tabla de direcciones: 16K entradas, aprendizaje autom\u00e1tico de la direcci\u00f3n de origen y envejecimiento<\/span><\/p>\n<p><span style=\"color: #000000;\">Buffer de datos compartidos: 32M bits<\/span><\/p>\n<p><span style=\"color: #000000;\">Control de flujo: Marco de pausa IEEE 802.3x para d\u00faplex completo. Contrapresi\u00f3n para semid\u00faplex<\/span><\/p>\n<p><span style=\"color: #000000;\">Marco Jumbo: 10K bytes<\/span><\/p>\n<p><span style=\"color: #000000;\">Bot\u00f3n de reinicio: &lt;5 segundos: reinicio del sistema\u00a0<\/span><br \/>\n<span style=\"color: #000000;\">&gt; 5 segundos: valor predeterminado de f\u00e1brica<\/span><\/p>\n<p><span style=\"color: #000000;\">Dimensiones (W x D x H): 440 x 300 x 44.5 mm, 1U de altura<\/span><\/p>\n<p><span style=\"color: #000000;\">LED: SYS (\u00a0verde )\u00a0<\/span><br \/>\n<span style=\"color: #000000;\">AC \/ PWR (\u00a0verde )\u00a0<\/span><br \/>\n<span style=\"color: #000000;\">DC (\u00a0verde ) (GS-5220-24UP4XR solamente)\u00a0<\/span><br \/>\n<span style=\"color: #000000;\">Fan1 \/ 2\/3 Alert (\u00a0rojo )\u00a0<\/span><br \/>\n<span style=\"color: #000000;\">PoE PWR Alert (\u00a0rojo )\u00a0<\/span><br \/>\n<span style=\"color: #000000;\">PoE Ethernet Interfaces (puerto 1 a puerto 24) : PoE-en-uso (bt- Verde ) (af \/ at- Naranja )\u00a0<\/span><br \/>\n<span style=\"color: #000000;\">Interfaces de Ethernet (Puerto 1 a Puerto 24) : 1000 LNK \/ ACT ( Verde ), 10\/100 LNK \/ ACT ( Naranja )\u00a0<\/span><br \/>\n<span style=\"color: #000000;\">100 \/ 1000Mbps Interfaces Combinadas SFP (Puerto 21 al Puerto 24) : 1000 ( verde ), 100 ( naranja )<\/span><br \/>\n<span style=\"color: #000000;\">Interfaces SFP + 1 \/ 10G (Puerto 25 a Puerto 28) : 1000 ( Verde ), 10G ( Naranja )<\/span><\/p>\n<p><span style=\"color: #000000;\">El consumo de energ\u00eda: Max. 446.6 vatios \/ 1522.9 BTU<\/span><\/p>\n<p><span style=\"color: #000000;\">Requisitos de energ\u00eda &#8211; AC: AC100 ~ 240V, 50 \/ 60Hz, 7A<\/span><\/p>\n<p><span style=\"color: #000000;\">Requisitos de alimentaci\u00f3n &#8211; DC: DC 36 ~ 60V, 2A<\/span><\/p>\n","protected":false},"excerpt":{"rendered":"<p>GS-5220-24UP4X PLANET Switch Administrable L3 24 puertos 10\/100\/1000 Mbps c\/Ultra PoE 400 Watts, 4 Puertos 10G SFP &nbsp; Incre\u00edble Switch administrado Ultra PoE con conmutaci\u00f3n avanzada y seguridad L2 + \/ L4 PLANET GS-5220-24UP4X y GS-5220-24UP4XR son un conmutador gestionado Gigabit Ultra PoE de 1U con optimizaci\u00f3n de costos, que\u00a0incorpora funciones\u00a0PoE inteligentes PLANET\u00a0para mejorar la [&hellip;]<\/p>\n","protected":false},"featured_media":11201,"template":"","meta":{"_acf_changed":false},"product_brand":[],"product_cat":[220,70],"product_tag":[],"berocket_brand":[],"class_list":{"0":"post-11200","1":"product","2":"type-product","3":"status-publish","4":"has-post-thumbnail","6":"product_cat-redes-de-datos","7":"product_cat-switch","9":"first","10":"instock","11":"taxable","12":"shipping-taxable","13":"purchasable","14":"product-type-simple","15":"berocket_lgv_grid","16":"berocket_lgv_list_grid"},"acf":[],"aioseo_notices":[],"_links":{"self":[{"href":"https:\/\/todoenseguridad.com\/site\/wp-json\/wp\/v2\/product\/11200","targetHints":{"allow":["GET"]}}],"collection":[{"href":"https:\/\/todoenseguridad.com\/site\/wp-json\/wp\/v2\/product"}],"about":[{"href":"https:\/\/todoenseguridad.com\/site\/wp-json\/wp\/v2\/types\/product"}],"wp:featuredmedia":[{"embeddable":true,"href":"https:\/\/todoenseguridad.com\/site\/wp-json\/wp\/v2\/media\/11201"}],"wp:attachment":[{"href":"https:\/\/todoenseguridad.com\/site\/wp-json\/wp\/v2\/media?parent=11200"}],"wp:term":[{"taxonomy":"product_brand","embeddable":true,"href":"https:\/\/todoenseguridad.com\/site\/wp-json\/wp\/v2\/product_brand?post=11200"},{"taxonomy":"product_cat","embeddable":true,"href":"https:\/\/todoenseguridad.com\/site\/wp-json\/wp\/v2\/product_cat?post=11200"},{"taxonomy":"product_tag","embeddable":true,"href":"https:\/\/todoenseguridad.com\/site\/wp-json\/wp\/v2\/product_tag?post=11200"},{"taxonomy":"berocket_brand","embeddable":true,"href":"https:\/\/todoenseguridad.com\/site\/wp-json\/wp\/v2\/berocket_brand?post=11200"}],"curies":[{"name":"wp","href":"https:\/\/api.w.org\/{rel}","templated":true}]}}