{"id":11195,"date":"2021-08-05T17:01:04","date_gmt":"2021-08-05T22:01:04","guid":{"rendered":"https:\/\/todoenseguridad.com\/site\/?post_type=product&#038;p=11195"},"modified":"2025-02-13T14:24:48","modified_gmt":"2025-02-13T19:24:48","slug":"gs-5220-16up2xvr-planet-switch-administrable-capa-3-16-puertos-gigabit-con-poe-802-3bt","status":"publish","type":"product","link":"https:\/\/todoenseguridad.com\/site\/producto\/gs-5220-16up2xvr-planet-switch-administrable-capa-3-16-puertos-gigabit-con-poe-802-3bt\/","title":{"rendered":"GS-5220-16UP2XVR PLANET Switch Administrable Capa 3\/ 16 Puertos Gigabit con PoE 802.3bt"},"content":{"rendered":"<h2 id=\"product_title_188147\" class=\"no_margin_top titulo_vista_producto\"><span style=\"color: #0000ff;\"><span class=\"modelo-marca\">GS-5220-16UP2XVR<\/span> <span class=\"modelo-marca\">PLANET<\/span> Switch Administrable Capa 3, 16 Puertos Gigabit con PoE 802.3bt, 2 Puertos 10 G SFP+, Pantalla T\u00e1ctil (400 W)<\/span><\/h2>\n<p>&nbsp;<\/p>\n<p><span style=\"color: #000000;\"><strong>Control LCD inteligente e intuitivo<\/strong><\/span><\/p>\n<ol>\n<li><span style=\"color: #000000;\">\u00a0Direcci\u00f3n IP, VLAN y configuraci\u00f3n de QoS<\/span><\/li>\n<li><span style=\"color: #000000;\">Gesti\u00f3n y estado de PoE<\/span><\/li>\n<li><span style=\"color: #000000;\">Gesti\u00f3n de puertos e informaci\u00f3n de estado \/ SFP<\/span><\/li>\n<li><span style=\"color: #000000;\">Soluci\u00f3n de problemas: diagn\u00f3stico de cable y ping IP remoto<\/span><\/li>\n<li><span style=\"color: #000000;\">Mantenimiento: reinicio, configuraci\u00f3n predeterminada de f\u00e1brica y guardar<\/span><\/li>\n<\/ol>\n","protected":false},"excerpt":{"rendered":"<p>GS-5220-16UP2XVR PLANET Switch Administrable Capa 3, 16 Puertos Gigabit con PoE 802.3bt, 2 Puertos 10 G SFP+, Pantalla T\u00e1ctil (400 W) &nbsp; Control LCD inteligente e intuitivo \u00a0Direcci\u00f3n IP, VLAN y configuraci\u00f3n de QoS Gesti\u00f3n y estado de PoE Gesti\u00f3n de puertos e informaci\u00f3n de estado \/ SFP Soluci\u00f3n de problemas: diagn\u00f3stico de cable y [&hellip;]<\/p>\n","protected":false},"featured_media":11197,"template":"","meta":{"_acf_changed":false},"product_brand":[],"product_cat":[220,70],"product_tag":[],"berocket_brand":[],"class_list":{"0":"post-11195","1":"product","2":"type-product","3":"status-publish","4":"has-post-thumbnail","6":"product_cat-redes-de-datos","7":"product_cat-switch","9":"first","10":"instock","11":"taxable","12":"shipping-taxable","13":"purchasable","14":"product-type-simple","15":"berocket_lgv_grid","16":"berocket_lgv_list_grid"},"acf":[],"aioseo_notices":[],"_links":{"self":[{"href":"https:\/\/todoenseguridad.com\/site\/wp-json\/wp\/v2\/product\/11195","targetHints":{"allow":["GET"]}}],"collection":[{"href":"https:\/\/todoenseguridad.com\/site\/wp-json\/wp\/v2\/product"}],"about":[{"href":"https:\/\/todoenseguridad.com\/site\/wp-json\/wp\/v2\/types\/product"}],"wp:featuredmedia":[{"embeddable":true,"href":"https:\/\/todoenseguridad.com\/site\/wp-json\/wp\/v2\/media\/11197"}],"wp:attachment":[{"href":"https:\/\/todoenseguridad.com\/site\/wp-json\/wp\/v2\/media?parent=11195"}],"wp:term":[{"taxonomy":"product_brand","embeddable":true,"href":"https:\/\/todoenseguridad.com\/site\/wp-json\/wp\/v2\/product_brand?post=11195"},{"taxonomy":"product_cat","embeddable":true,"href":"https:\/\/todoenseguridad.com\/site\/wp-json\/wp\/v2\/product_cat?post=11195"},{"taxonomy":"product_tag","embeddable":true,"href":"https:\/\/todoenseguridad.com\/site\/wp-json\/wp\/v2\/product_tag?post=11195"},{"taxonomy":"berocket_brand","embeddable":true,"href":"https:\/\/todoenseguridad.com\/site\/wp-json\/wp\/v2\/berocket_brand?post=11195"}],"curies":[{"name":"wp","href":"https:\/\/api.w.org\/{rel}","templated":true}]}}