{"id":11192,"date":"2021-08-05T16:48:47","date_gmt":"2021-08-05T21:48:47","guid":{"rendered":"https:\/\/todoenseguridad.com\/site\/?post_type=product&#038;p=11192"},"modified":"2026-03-30T17:13:31","modified_gmt":"2026-03-30T22:13:31","slug":"gsw-2401-planet-switch-no-administrable-gigabit-de-24-puertos-10-100-1000-mbps","status":"publish","type":"product","link":"https:\/\/todoenseguridad.com\/site\/producto\/gsw-2401-planet-switch-no-administrable-gigabit-de-24-puertos-10-100-1000-mbps\/","title":{"rendered":"GSW-2401 PLANET Switch no administrable gigabit de 24 puertos 10\/100\/1000 Mbps"},"content":{"rendered":"<h3 id=\"product_title_66793\" class=\"no_margin_top titulo_vista_producto\"><span style=\"color: #0000ff;\"><span class=\"modelo-marca\">GSW-2401<\/span> <span class=\"modelo-marca\">PLANET<\/span> Switch no administrable gigabit de 24 puertos 10\/100\/1000 Mbps<\/span><\/h3>\n<p>&nbsp;<\/p>\n<p><span style=\"color: #000000;\"><strong>Puertos:<\/strong><\/span><br \/>\n<span style=\"color: #000000;\">\u2022\u00a024 Puertos 10\/100\/1000BaseT.<\/span><br \/>\n<span style=\"color: #000000;\">\u2022\u00a0Throughput (paquetes por segundo): 35.7Mpps<\/span><\/p>\n<p><span style=\"color: #000000;\"><strong>Estandares de operacion:<\/strong><\/span><br \/>\n<span style=\"color: #000000;\">\u2022\u00a0IEEE 802.3<\/span><br \/>\n<span style=\"color: #000000;\">\u2022\u00a0IEEE 802.3u<\/span><br \/>\n<span style=\"color: #000000;\">\u2022\u00a0IEEE 802.3ab<\/span><br \/>\n<span style=\"color: #000000;\">\u2022\u00a0IEEE 802.3x<\/span><\/p>\n<p><span style=\"color: #000000;\"><strong>Caracter\u00edsticas:<\/strong><\/span><br \/>\n<span style=\"color: #000000;\">-Auto-Negociaci\u00f3n Full\/Half Duplex 10Base-T \/ 100Base-TX \/ 1000Base-T para todos los puertos.<\/span><br \/>\n<span style=\"color: #000000;\">-Auto-Detecci\u00f3n MDI\/MDI-X para cada puerto RJ45.<\/span><br \/>\n<span style=\"color: #000000;\">-Arquitectura Store and Forward de Alto Rendimiento<\/span><\/p>\n<p><span style=\"color: #000000;\"><strong>Caracter\u00edsticas F\u00edsicas y El\u00e9ctricas:<\/strong><\/span><br \/>\n<span style=\"color: #000000;\">-Alimentaci\u00f3n: 100-240VCA @ 18W.<\/span><br \/>\n<span style=\"color: #000000;\">-Dimensiones: 1U Rack, 440 x 180 x 44\u00a0mm.<\/span><br \/>\n<span style=\"color: #000000;\">-Peso: 2.0Kg.<\/span><br \/>\n<span style=\"color: #000000;\">-Temperatura de Operaci\u00f3n: 0 a 50\u00b0C<\/span><\/p>\n<p><span style=\"color: #000000;\"><strong>3 a\u00f1os de garant\u00eda.<\/strong><\/span><\/p>\n","protected":false},"excerpt":{"rendered":"<p>GSW-2401 PLANET Switch no administrable gigabit de 24 puertos 10\/100\/1000 Mbps &nbsp; Puertos: \u2022\u00a024 Puertos 10\/100\/1000BaseT. \u2022\u00a0Throughput (paquetes por segundo): 35.7Mpps Estandares de operacion: \u2022\u00a0IEEE 802.3 \u2022\u00a0IEEE 802.3u \u2022\u00a0IEEE 802.3ab \u2022\u00a0IEEE 802.3x Caracter\u00edsticas: -Auto-Negociaci\u00f3n Full\/Half Duplex 10Base-T \/ 100Base-TX \/ 1000Base-T para todos los puertos. -Auto-Detecci\u00f3n MDI\/MDI-X para cada puerto RJ45. -Arquitectura Store and Forward [&hellip;]<\/p>\n","protected":false},"featured_media":11194,"template":"","meta":{"_acf_changed":false},"product_brand":[],"product_cat":[220,70],"product_tag":[],"berocket_brand":[],"class_list":{"0":"post-11192","1":"product","2":"type-product","3":"status-publish","4":"has-post-thumbnail","6":"product_cat-redes-de-datos","7":"product_cat-switch","9":"first","10":"instock","11":"taxable","12":"shipping-taxable","13":"purchasable","14":"product-type-simple","15":"berocket_lgv_grid","16":"berocket_lgv_list_grid"},"acf":[],"aioseo_notices":[],"_links":{"self":[{"href":"https:\/\/todoenseguridad.com\/site\/wp-json\/wp\/v2\/product\/11192","targetHints":{"allow":["GET"]}}],"collection":[{"href":"https:\/\/todoenseguridad.com\/site\/wp-json\/wp\/v2\/product"}],"about":[{"href":"https:\/\/todoenseguridad.com\/site\/wp-json\/wp\/v2\/types\/product"}],"wp:featuredmedia":[{"embeddable":true,"href":"https:\/\/todoenseguridad.com\/site\/wp-json\/wp\/v2\/media\/11194"}],"wp:attachment":[{"href":"https:\/\/todoenseguridad.com\/site\/wp-json\/wp\/v2\/media?parent=11192"}],"wp:term":[{"taxonomy":"product_brand","embeddable":true,"href":"https:\/\/todoenseguridad.com\/site\/wp-json\/wp\/v2\/product_brand?post=11192"},{"taxonomy":"product_cat","embeddable":true,"href":"https:\/\/todoenseguridad.com\/site\/wp-json\/wp\/v2\/product_cat?post=11192"},{"taxonomy":"product_tag","embeddable":true,"href":"https:\/\/todoenseguridad.com\/site\/wp-json\/wp\/v2\/product_tag?post=11192"},{"taxonomy":"berocket_brand","embeddable":true,"href":"https:\/\/todoenseguridad.com\/site\/wp-json\/wp\/v2\/berocket_brand?post=11192"}],"curies":[{"name":"wp","href":"https:\/\/api.w.org\/{rel}","templated":true}]}}