{"id":11177,"date":"2021-08-05T15:33:17","date_gmt":"2021-08-05T20:33:17","guid":{"rendered":"https:\/\/todoenseguridad.com\/site\/?post_type=product&#038;p=11177"},"modified":"2026-03-30T17:14:32","modified_gmt":"2026-03-30T22:14:32","slug":"rb931-2nd-mikrotik-hap-mini-router-3-puertos-10-100-mbps-wi-fi-2-4-ghz-802-11-b-g-n","status":"publish","type":"product","link":"https:\/\/todoenseguridad.com\/site\/producto\/rb931-2nd-mikrotik-hap-mini-router-3-puertos-10-100-mbps-wi-fi-2-4-ghz-802-11-b-g-n\/","title":{"rendered":"RB931-2ND MIKROTIK (hAP mini) Router 3 puertos 10\/100 Mbps, Wi-Fi 2.4 GHz 802.11 b\/g\/n"},"content":{"rendered":"<h3 id=\\\"product_title_136761\\\" class=\\\"no_margin_top titulo_vista_producto\\\"><span style=\\\"color: #0000ff\\\"><span class=\\\"modelo-marca\\\">RB931-2ND<\/span> <span class=\\\"modelo-marca\\\">MIKROTIK<\/span> (hAP mini) Router 3 puertos 10\/100 Mbps, Wi-Fi 2.4 GHz 802.11 b\/g\/n, Antena 360\u00ba 1.5 dBi, hasta 158 mW de potencia<\/span><\/h3>\n<p><span style=\\\"color: #000000\\\">El hAP mini es un peque\u00f1o punto de acceso inal\u00e1mbrico de 2 GHz para el hogar o peque\u00f1as oficinas. Cuenta con tres puertos, que se configuran como un puerto de Internet y dos puertos LAN, pero puede ser reconfigurado como se desee, utilizando las potentes opciones de configuraci\u00f3n RouterOS.<\/span><\/p>\n<p><span style=\\\"color: #000000\\\">El potente CPU 650MHz le da acceso total a la amplia variedad de funciones que ofrece el RouterOS vers\u00e1til sistema operativo, pero si lo que quieres es un punto de acceso simple &#8211; ya est\u00e1 configurado fuera de la caja. Usted s\u00f3lo tendr\u00e1 que abrir su p\u00e1gina de configuraci\u00f3n web y proporcionar una contrase\u00f1a para ella.<\/span><\/p>\n<p><span style=\\\"color: #000000\\\"><strong>*1 a\u00f1o de garant\u00eda.<\/strong><\/span><\/p>\n<p><span style=\\\"color: #000000\\\">Arquitectura del RouterBOARD: SMIPS<\/span><br \/>\n<span style=\\\"color: #000000\\\"><em><strong>Nota Importante:<\/strong><\/em><\/span><br \/>\n<span style=\\\"color: #000000\\\">Tipo de Arquitectura no Compatible con User Manager<\/span><\/p>\n<p>&nbsp;<\/p>\n<h4><span style=\\\"color: #000000\\\">Caracter\u00edsticas principales<\/span><\/h4>\n<p><span style=\\\"color: #000000\\\">CPU nominal frequency: 650 MHz<\/span><\/p>\n<p><span style=\\\"color: #000000\\\">CPU core count: 1<\/span><\/p>\n<p><span style=\\\"color: #000000\\\">Size of RAM: 32 MB<\/span><\/p>\n<p><span style=\\\"color: #000000\\\">10\/100 Ethernet ports: 3<\/span><\/p>\n<p><span style=\\\"color: #000000\\\">Wireless chip model: QCA9533<\/span><\/p>\n<p><span style=\\\"color: #000000\\\">Wireless standards: 802.11b\/g\/n<\/span><\/p>\n<p><span style=\\\"color: #000000\\\">Supported input voltage: 5V &#8211; 5V<\/span><\/p>\n<p><span style=\\\"color: #000000\\\">Dimensions: 48 x 78 x 81mm<\/span><\/p>\n<p><span style=\\\"color: #000000\\\">Operating System: RouterOS<\/span><\/p>\n<p><span style=\\\"color: #000000\\\">Storage type: FLASH<\/span><\/p>\n<p><span style=\\\"color: #000000\\\">Storage size: 16 MB<\/span><\/p>\n","protected":false},"excerpt":{"rendered":"<p>RB931-2ND MIKROTIK (hAP mini) Router 3 puertos 10\/100 Mbps, Wi-Fi 2.4 GHz 802.11 b\/g\/n, Antena 360\u00ba 1.5 dBi, hasta 158 mW de potencia El hAP mini es un peque\u00f1o punto de acceso inal\u00e1mbrico de 2 GHz para el hogar o peque\u00f1as oficinas. Cuenta con tres puertos, que se configuran como un puerto de Internet y [&hellip;]<\/p>\n","protected":false},"featured_media":11179,"template":"","meta":{"_acf_changed":false},"product_brand":[],"product_cat":[220,222],"product_tag":[],"berocket_brand":[],"class_list":{"0":"post-11177","1":"product","2":"type-product","3":"status-publish","4":"has-post-thumbnail","6":"product_cat-redes-de-datos","7":"product_cat-ruteadores-de-datos","9":"first","10":"instock","11":"taxable","12":"shipping-taxable","13":"purchasable","14":"product-type-simple","15":"berocket_lgv_grid","16":"berocket_lgv_list_grid"},"acf":[],"aioseo_notices":[],"_links":{"self":[{"href":"https:\/\/todoenseguridad.com\/site\/wp-json\/wp\/v2\/product\/11177","targetHints":{"allow":["GET"]}}],"collection":[{"href":"https:\/\/todoenseguridad.com\/site\/wp-json\/wp\/v2\/product"}],"about":[{"href":"https:\/\/todoenseguridad.com\/site\/wp-json\/wp\/v2\/types\/product"}],"wp:featuredmedia":[{"embeddable":true,"href":"https:\/\/todoenseguridad.com\/site\/wp-json\/wp\/v2\/media\/11179"}],"wp:attachment":[{"href":"https:\/\/todoenseguridad.com\/site\/wp-json\/wp\/v2\/media?parent=11177"}],"wp:term":[{"taxonomy":"product_brand","embeddable":true,"href":"https:\/\/todoenseguridad.com\/site\/wp-json\/wp\/v2\/product_brand?post=11177"},{"taxonomy":"product_cat","embeddable":true,"href":"https:\/\/todoenseguridad.com\/site\/wp-json\/wp\/v2\/product_cat?post=11177"},{"taxonomy":"product_tag","embeddable":true,"href":"https:\/\/todoenseguridad.com\/site\/wp-json\/wp\/v2\/product_tag?post=11177"},{"taxonomy":"berocket_brand","embeddable":true,"href":"https:\/\/todoenseguridad.com\/site\/wp-json\/wp\/v2\/berocket_brand?post=11177"}],"curies":[{"name":"wp","href":"https:\/\/api.w.org\/{rel}","templated":true}]}}