{"id":11171,"date":"2021-08-05T15:00:23","date_gmt":"2021-08-05T20:00:23","guid":{"rendered":"https:\/\/todoenseguridad.com\/site\/?post_type=product&#038;p=11171"},"modified":"2026-03-24T15:53:37","modified_gmt":"2026-03-24T20:53:37","slug":"ccr1036-12g-4s-mikrotik-cloud-core-router-cpu-36-nucleos-througput-16gbps-24mpps","status":"publish","type":"product","link":"https:\/\/todoenseguridad.com\/site\/producto\/ccr1036-12g-4s-mikrotik-cloud-core-router-cpu-36-nucleos-througput-16gbps-24mpps\/","title":{"rendered":"CCR1036-12G-4S MIKROTIK Cloud Core Router\/ CPU 36 N\u00facleos\/ Througput 16Gbps \/ 24Mpps"},"content":{"rendered":"<h3 id=\\\"product_title_81967\\\" class=\\\"no_margin_top titulo_vista_producto\\\"><span style=\\\"color: #0000ff\\\"><span class=\\\"modelo-marca\\\">CCR1036-12G-4S<\/span> <span class=\\\"modelo-marca\\\">MIKROTIK<\/span> Cloud Core Router, CPU 36 N\u00facleos, Througput 16Gbps \/ 24Mpps, 12 Puertos Gigabit Ethernet, 4 Puertos SFP y 4 GB de memoria, Ideal para IPsec<\/span><\/h3>\n<p>&nbsp;<\/p>\n<p><span style=\\\"color: #000000\\\">CCR1036-12G-4S es un enrutador de grado industrial con CPU de 36 n\u00facleos de \u00faltima generaci\u00f3n.\u00a0Si necesita muchos millones de paquetes por segundo, Cloud Core Router con 36 n\u00facleos es su mejor opci\u00f3n.<\/span><\/p>\n<p><span style=\\\"color: #000000\\\">El dispositivo viene en una caja de montaje en rack de 1U, tiene cuatro puertos SFP, doce puertos Ethernet Gigabit, un cable de consola en serie y un puerto USB.<\/span><\/p>\n<p><span style=\\\"color: #000000\\\">\u00a1La nueva versi\u00f3n r2 tiene 4 GB de RAM incorporados, ranura M.2 integrada, ranura USB de tama\u00f1o completo y doble fuente de alimentaci\u00f3n para redundancia!<\/span><\/p>\n<h4><\/h4>\n<h4><span style=\\\"color: #000000\\\">Especificaciones<\/span><\/h4>\n<p><span style=\\\"color: #000000\\\">Arquitectura: TILE<\/span><\/p>\n<p><span style=\\\"color: #000000\\\">CPU: TLR4-03680<\/span><\/p>\n<p><span style=\\\"color: #000000\\\">N\u00facleos de CPU: 36<\/span><\/p>\n<p><span style=\\\"color: #000000\\\">Frecuencia nominal de la CPU: 1,2 GHz<\/span><\/p>\n<p><span style=\\\"color: #000000\\\">Dimensiones: 443 x 193 x 44 mm<\/span><\/p>\n<p><span style=\\\"color: #000000\\\">Nivel de licencia: 66<\/span><\/p>\n<p><span style=\\\"color: #000000\\\">Sistema operativo: RouterOS<\/span><\/p>\n<p><span style=\\\"color: #000000\\\">Tama\u00f1o de RAM: 4GB<\/span><\/p>\n<p><span style=\\\"color: #000000\\\">Tama\u00f1o de almacenamiento: 1GB<\/span><\/p>\n<p><span style=\\\"color: #000000\\\">Tipo de almacenamiento: NAND<\/span><\/p>\n<p><span style=\\\"color: #000000\\\">Temperatura ambiente probada: -20 \u00b0 C a 60 \u00b0 C<\/span><\/p>\n","protected":false},"excerpt":{"rendered":"<p>CCR1036-12G-4S MIKROTIK Cloud Core Router, CPU 36 N\u00facleos, Througput 16Gbps \/ 24Mpps, 12 Puertos Gigabit Ethernet, 4 Puertos SFP y 4 GB de memoria, Ideal para IPsec &nbsp; CCR1036-12G-4S es un enrutador de grado industrial con CPU de 36 n\u00facleos de \u00faltima generaci\u00f3n.\u00a0Si necesita muchos millones de paquetes por segundo, Cloud Core Router con 36 [&hellip;]<\/p>\n","protected":false},"featured_media":11173,"template":"","meta":{"_acf_changed":false},"product_brand":[],"product_cat":[220,222],"product_tag":[],"berocket_brand":[],"class_list":{"0":"post-11171","1":"product","2":"type-product","3":"status-publish","4":"has-post-thumbnail","6":"product_cat-redes-de-datos","7":"product_cat-ruteadores-de-datos","9":"first","10":"instock","11":"taxable","12":"shipping-taxable","13":"purchasable","14":"product-type-simple","15":"berocket_lgv_grid","16":"berocket_lgv_list_grid"},"acf":[],"aioseo_notices":[],"_links":{"self":[{"href":"https:\/\/todoenseguridad.com\/site\/wp-json\/wp\/v2\/product\/11171","targetHints":{"allow":["GET"]}}],"collection":[{"href":"https:\/\/todoenseguridad.com\/site\/wp-json\/wp\/v2\/product"}],"about":[{"href":"https:\/\/todoenseguridad.com\/site\/wp-json\/wp\/v2\/types\/product"}],"wp:featuredmedia":[{"embeddable":true,"href":"https:\/\/todoenseguridad.com\/site\/wp-json\/wp\/v2\/media\/11173"}],"wp:attachment":[{"href":"https:\/\/todoenseguridad.com\/site\/wp-json\/wp\/v2\/media?parent=11171"}],"wp:term":[{"taxonomy":"product_brand","embeddable":true,"href":"https:\/\/todoenseguridad.com\/site\/wp-json\/wp\/v2\/product_brand?post=11171"},{"taxonomy":"product_cat","embeddable":true,"href":"https:\/\/todoenseguridad.com\/site\/wp-json\/wp\/v2\/product_cat?post=11171"},{"taxonomy":"product_tag","embeddable":true,"href":"https:\/\/todoenseguridad.com\/site\/wp-json\/wp\/v2\/product_tag?post=11171"},{"taxonomy":"berocket_brand","embeddable":true,"href":"https:\/\/todoenseguridad.com\/site\/wp-json\/wp\/v2\/berocket_brand?post=11171"}],"curies":[{"name":"wp","href":"https:\/\/api.w.org\/{rel}","templated":true}]}}