{"id":11169,"date":"2021-08-05T14:44:35","date_gmt":"2021-08-05T19:44:35","guid":{"rendered":"https:\/\/todoenseguridad.com\/site\/?post_type=product&#038;p=11169"},"modified":"2026-03-30T17:16:07","modified_gmt":"2026-03-30T22:16:07","slug":"rb941-2nd-mikrotik-hap-lite-4-puertos-fast-ethernet-y-wi-fi-2-4-ghz-802-11-b-g-n","status":"publish","type":"product","link":"https:\/\/todoenseguridad.com\/site\/producto\/rb941-2nd-mikrotik-hap-lite-4-puertos-fast-ethernet-y-wi-fi-2-4-ghz-802-11-b-g-n\/","title":{"rendered":"RB941-2ND MIKROTIK (hAP Lite) 4 Puertos Fast Ethernet y Wi-Fi 2.4 GHz 802.11 b\/g\/n"},"content":{"rendered":"<h3 id=\\\"product_title_80811\\\" class=\\\"no_margin_top titulo_vista_producto\\\"><span style=\\\"color: #0000ff\\\"><span class=\\\"modelo-marca\\\">RB941-2ND<\/span> <span class=\\\"modelo-marca\\\">MIKROTIK<\/span> (hAP Lite) 4 Puertos Fast Ethernet y Wi-Fi 2.4 GHz 802.11 b\/g\/n<\/span><\/h3>\n<p>&nbsp;<\/p>\n<p><span style=\\\"color: #000000\\\">El home Access Point\u00a0lite(hAP lite) es un peque\u00f1o dispositivo ideal para su apartamento, casa o peque\u00f1a\u00a0oficina.<\/span><br \/>\n<span style=\\\"color: #000000\\\">Es compatible con el bot\u00f3n WPS activa, para la comodidad de no escribir una contrase\u00f1a complicada cuando alguien quiere tener acceso inal\u00e1mbrico a Internet, y tambi\u00e9n puede solicitar que cambie al modo de cAP y unirse a una red gestionada de forma centralizada CAPsMAN.<\/span><br \/>\n<span style=\\\"color: #000000\\\">Por supuesto, el dispositivo tiene el RouterOS con todas las caracter\u00edsticas para la administracion de ancho de banda, firewall, control de acceso de usuarios y muchos otros.<\/span><br \/>\n<span style=\\\"color: #000000\\\">La hAP Lite est\u00e1 equipado con un\u00a0CPU de 650 MHz, 32 MB de RAM, 2,4 GHz de doble cadena, cuatro puertos Fast Ethernet y una licencia RouterOS L4.\u00a0Se incluye fuente de alimentaci\u00f3n USB.<\/span><\/p>\n<p><span style=\\\"color: #000000\\\"><strong>*1 a\u00f1o de garant\u00eda.<\/strong><\/span><\/p>\n<h3><span style=\\\"color: #000000\\\">Especificaciones T\u00e9cnicas<\/span><\/h3>\n<p><span style=\\\"color: #000000\\\">CPU: 650 MHz<\/span><\/p>\n<p><span style=\\\"color: #000000\\\">N\u00facleos de CPU: 1<\/span><\/p>\n<p><span style=\\\"color: #000000\\\">Memoria RAM: 32 MB<\/span><\/p>\n<p><span style=\\\"color: #000000\\\">Puertos Ethernet 10\/100: 4<\/span><\/p>\n<p><span style=\\\"color: #000000\\\">Estandar inalambrico: 802.11b\/g\/n<\/span><\/p>\n<p><span style=\\\"color: #000000\\\">Voltaje de entrada: 5 V &#8211; 5 V<\/span><\/p>\n<p><span style=\\\"color: #000000\\\">Ganancia de la antena: 1,5<\/span><\/p>\n","protected":false},"excerpt":{"rendered":"<p>RB941-2ND MIKROTIK (hAP Lite) 4 Puertos Fast Ethernet y Wi-Fi 2.4 GHz 802.11 b\/g\/n &nbsp; El home Access Point\u00a0lite(hAP lite) es un peque\u00f1o dispositivo ideal para su apartamento, casa o peque\u00f1a\u00a0oficina. Es compatible con el bot\u00f3n WPS activa, para la comodidad de no escribir una contrase\u00f1a complicada cuando alguien quiere tener acceso inal\u00e1mbrico a Internet, [&hellip;]<\/p>\n","protected":false},"featured_media":11170,"template":"","meta":{"_acf_changed":false},"product_brand":[],"product_cat":[220,222],"product_tag":[],"berocket_brand":[],"class_list":{"0":"post-11169","1":"product","2":"type-product","3":"status-publish","4":"has-post-thumbnail","6":"product_cat-redes-de-datos","7":"product_cat-ruteadores-de-datos","9":"first","10":"instock","11":"taxable","12":"shipping-taxable","13":"purchasable","14":"product-type-simple","15":"berocket_lgv_grid","16":"berocket_lgv_list_grid"},"acf":[],"aioseo_notices":[],"_links":{"self":[{"href":"https:\/\/todoenseguridad.com\/site\/wp-json\/wp\/v2\/product\/11169","targetHints":{"allow":["GET"]}}],"collection":[{"href":"https:\/\/todoenseguridad.com\/site\/wp-json\/wp\/v2\/product"}],"about":[{"href":"https:\/\/todoenseguridad.com\/site\/wp-json\/wp\/v2\/types\/product"}],"wp:featuredmedia":[{"embeddable":true,"href":"https:\/\/todoenseguridad.com\/site\/wp-json\/wp\/v2\/media\/11170"}],"wp:attachment":[{"href":"https:\/\/todoenseguridad.com\/site\/wp-json\/wp\/v2\/media?parent=11169"}],"wp:term":[{"taxonomy":"product_brand","embeddable":true,"href":"https:\/\/todoenseguridad.com\/site\/wp-json\/wp\/v2\/product_brand?post=11169"},{"taxonomy":"product_cat","embeddable":true,"href":"https:\/\/todoenseguridad.com\/site\/wp-json\/wp\/v2\/product_cat?post=11169"},{"taxonomy":"product_tag","embeddable":true,"href":"https:\/\/todoenseguridad.com\/site\/wp-json\/wp\/v2\/product_tag?post=11169"},{"taxonomy":"berocket_brand","embeddable":true,"href":"https:\/\/todoenseguridad.com\/site\/wp-json\/wp\/v2\/berocket_brand?post=11169"}],"curies":[{"name":"wp","href":"https:\/\/api.w.org\/{rel}","templated":true}]}}