{"id":11166,"date":"2021-08-05T14:14:19","date_gmt":"2021-08-05T19:14:19","guid":{"rendered":"https:\/\/todoenseguridad.com\/site\/?post_type=product&#038;p=11166"},"modified":"2026-03-24T15:55:04","modified_gmt":"2026-03-24T20:55:04","slug":"ccr1016-12g-mikrotik-cloud-core-router-cpu-16-nucleos-throughput-17-8mpps-12gbps","status":"publish","type":"product","link":"https:\/\/todoenseguridad.com\/site\/producto\/ccr1016-12g-mikrotik-cloud-core-router-cpu-16-nucleos-throughput-17-8mpps-12gbps\/","title":{"rendered":"CCR1016-12G MIKROTIK Cloud Core Router\/ CPU 16 N\u00facleos\/ Throughput 17.8Mpps\/12Gbps"},"content":{"rendered":"<h2 id=\\\"product_title_81966\\\" class=\\\"no_margin_top titulo_vista_producto\\\"><span style=\\\"color: #0000ff\\\"><span class=\\\"modelo-marca\\\">CCR1016-12G<\/span> <span class=\\\"modelo-marca\\\">MIKROTIK<\/span> Cloud Core Router, CPU 16 N\u00facleos, Throughput 17.8Mpps\/12Gbps, 12 Puertos Gigabit Ethernet, 2 GB Memoria<\/span><\/h2>\n<p><span style=\\\"color: #000000\\\">CCR1016-12G es un enrutador de grado industrial con una CPU de 16 n\u00facleos de \u00faltima generaci\u00f3n.\u00a0Si necesita muchos millones de paquetes por segundo, Cloud Core Router es su mejor opci\u00f3n.\u00a0La unidad est\u00e1 equipada con 12 puertos Gigabit Ethernet y LCD con pantalla t\u00e1ctil a color.<\/span><\/p>\n<p><span style=\\\"color: #000000\\\">\u00a1La nueva versi\u00f3n r2 tiene 2 GB de RAM a bordo, ranura USB de tama\u00f1o completo y doble fuente de alimentaci\u00f3n para redundancia!<\/span><\/p>\n<p><span style=\\\"color: #000000\\\"><strong>*1 a\u00f1o de garant\u00eda.<\/strong><\/span><\/p>\n<p>&nbsp;<\/p>\n<h4><span style=\\\"color: #000000\\\">Especificaciones<\/span><\/h4>\n<p><span style=\\\"color: #000000\\\">Arquitectura: TILE<\/span><\/p>\n<p><span style=\\\"color: #000000\\\">CPU: TLR4-01680<\/span><\/p>\n<p><span style=\\\"color: #000000\\\">N\u00facleos de CPU: 16<\/span><\/p>\n<p><span style=\\\"color: #000000\\\">Frecuencia nominal de la CPU: 1,2 Ghz<\/span><\/p>\n<p><span style=\\\"color: #000000\\\">Dimensiones: 443 x 193 x 44 mm<\/span><\/p>\n<p><span style=\\\"color: #000000\\\">Nivel de licencia: 6<\/span><\/p>\n<p><span style=\\\"color: #000000\\\">Sistema operativo: RouterOS<\/span><\/p>\n<p><span style=\\\"color: #000000\\\">Tama\u00f1o de RAM: 2 GB<\/span><\/p>\n<p><span style=\\\"color: #000000\\\">Tama\u00f1o de almacenamiento: 512 MB<\/span><\/p>\n<p><span style=\\\"color: #000000\\\">Tipo de almacenamiento: NAND<\/span><\/p>\n<p><span style=\\\"color: #000000\\\">Temperatura ambiente probada: -20 \u00b0 C a 60 \u00b0 C<\/span><\/p>\n","protected":false},"excerpt":{"rendered":"<p>CCR1016-12G MIKROTIK Cloud Core Router, CPU 16 N\u00facleos, Throughput 17.8Mpps\/12Gbps, 12 Puertos Gigabit Ethernet, 2 GB Memoria CCR1016-12G es un enrutador de grado industrial con una CPU de 16 n\u00facleos de \u00faltima generaci\u00f3n.\u00a0Si necesita muchos millones de paquetes por segundo, Cloud Core Router es su mejor opci\u00f3n.\u00a0La unidad est\u00e1 equipada con 12 puertos Gigabit Ethernet [&hellip;]<\/p>\n","protected":false},"featured_media":11167,"template":"","meta":{"_acf_changed":false},"product_brand":[],"product_cat":[220,222],"product_tag":[],"berocket_brand":[],"class_list":{"0":"post-11166","1":"product","2":"type-product","3":"status-publish","4":"has-post-thumbnail","6":"product_cat-redes-de-datos","7":"product_cat-ruteadores-de-datos","9":"first","10":"instock","11":"taxable","12":"shipping-taxable","13":"purchasable","14":"product-type-simple","15":"berocket_lgv_grid","16":"berocket_lgv_list_grid"},"acf":[],"aioseo_notices":[],"_links":{"self":[{"href":"https:\/\/todoenseguridad.com\/site\/wp-json\/wp\/v2\/product\/11166","targetHints":{"allow":["GET"]}}],"collection":[{"href":"https:\/\/todoenseguridad.com\/site\/wp-json\/wp\/v2\/product"}],"about":[{"href":"https:\/\/todoenseguridad.com\/site\/wp-json\/wp\/v2\/types\/product"}],"wp:featuredmedia":[{"embeddable":true,"href":"https:\/\/todoenseguridad.com\/site\/wp-json\/wp\/v2\/media\/11167"}],"wp:attachment":[{"href":"https:\/\/todoenseguridad.com\/site\/wp-json\/wp\/v2\/media?parent=11166"}],"wp:term":[{"taxonomy":"product_brand","embeddable":true,"href":"https:\/\/todoenseguridad.com\/site\/wp-json\/wp\/v2\/product_brand?post=11166"},{"taxonomy":"product_cat","embeddable":true,"href":"https:\/\/todoenseguridad.com\/site\/wp-json\/wp\/v2\/product_cat?post=11166"},{"taxonomy":"product_tag","embeddable":true,"href":"https:\/\/todoenseguridad.com\/site\/wp-json\/wp\/v2\/product_tag?post=11166"},{"taxonomy":"berocket_brand","embeddable":true,"href":"https:\/\/todoenseguridad.com\/site\/wp-json\/wp\/v2\/berocket_brand?post=11166"}],"curies":[{"name":"wp","href":"https:\/\/api.w.org\/{rel}","templated":true}]}}