{"id":11149,"date":"2021-08-05T12:57:10","date_gmt":"2021-08-05T17:57:10","guid":{"rendered":"https:\/\/todoenseguridad.com\/site\/?post_type=product&#038;p=11149"},"modified":"2025-02-13T14:37:29","modified_gmt":"2025-02-13T19:37:29","slug":"ucm-6208-grandstream-ip-pbx-gs-c-8-fxo-100-llamadas-simultaneas-y-hasta-800-extensiones","status":"publish","type":"product","link":"https:\/\/todoenseguridad.com\/site\/producto\/ucm-6208-grandstream-ip-pbx-gs-c-8-fxo-100-llamadas-simultaneas-y-hasta-800-extensiones\/","title":{"rendered":"UCM-6208 GRANDSTREAM IP-PBX GS C\/8 FXO\/ 100 Llamadas simultaneas y hasta 800 extensiones"},"content":{"rendered":"<h2 id=\"product_title_89106\" class=\"no_margin_top titulo_vista_producto\"><span style=\"color: #0000ff;\"><span class=\"modelo-marca\">UCM-6208<\/span> <span class=\"modelo-marca\">GRANDSTREAM<\/span> IP-PBX GS C\/8 FXO, 100 Llamadas simultaneas y hasta 800 extensiones (registros SIP)<\/span><\/h2>\n<p><span style=\"color: #000000;\">Dise\u00f1ado para proporcionar una soluci\u00f3n centralizada para las necesidades de comunicaci\u00f3n de las empresas, el IP PBX de la serie UCM6200 combina funciones de voz, video, datos y movilidad para empresas en una soluci\u00f3n f\u00e1cil de manejar. Esta serie de IP PBX permite a las empresas unificar m\u00faltiples tecnolog\u00edas de comunicaci\u00f3n, como voz, videollamada, videoconferencia, videovigilancia, herramientas de datos, opciones de movilidad y administraci\u00f3n de acceso a las funciones en una red com\u00fan que puede ser gestionada y\/o accedida remotamente. La serie UCM6200 segura y confiable ofrece funciones para empresas sin derechos de licencia, costos por funci\u00f3n o cargos recurrentes.<\/span><\/p>\n<h4><span style=\"color: #000000;\">Caracter\u00edsticas principales:<\/span><\/h4>\n<ul>\n<li><span style=\"color: #000000;\">2 puertos FXS para Tel\u00e9fono Anal\u00f3gico\u00a0(ambos con capacidad de respaldo en caso de interrupci\u00f3n de la energ\u00eda el\u00e9ctrica).<\/span><\/li>\n<li><span style=\"color: #000000;\">8 Puertos FXO para L\u00ednea PSTN.<\/span><\/li>\n<li><span style=\"color: #000000;\">2 puertos RJ45 Gigabit con PoE Plus integrado (IEEE 802.3at-2009).<\/span><\/li>\n<li><span style=\"color: #000000;\">800 registros SIP<\/span><\/li>\n<li><span style=\"color: #000000;\">Router NAT (soporta el modo de router y el modo de switch).<\/span><\/li>\n<li><span style=\"color: #000000;\">Puertos Perif\u00e9ricos USB, SD.<\/span><\/li>\n<li><span style=\"color: #000000;\">Indicadores LED Power (Encendido)\/Ready (Listo), Network (Red), PSTN Line (L\u00ednea PSTN), USB, SD.<\/span><\/li>\n<li><span style=\"color: #000000;\">Pantalla LCD LCD gr\u00e1fica de 128&#215;32 con bot\u00f3n DOWN (selector) y OK.<\/span><\/li>\n<li><span style=\"color: #000000;\">Interruptor de Reinicio.<\/span><\/li>\n<li><span style=\"color: #000000;\">C\u00f3decs de Voz y Fax G.711 A-law\/U-law, G.722, G.723.1 5.3K\/6.3K, G.726, G.729A\/B, iLBC, GSM, AAL2-G.726-32,\u00a0ADPCM; T.38.<\/span><\/li>\n<li><span style=\"color: #000000;\">C\u00f3decs de Video H.264, H.263, H263+.<\/span><\/li>\n<li><span style=\"color: #000000;\">Layer 3 QoS, Layer 2 QoS<\/span><\/li>\n<li><span style=\"color: #000000;\">DTMF In Audio, RFC2833 y SIP INFO<\/span><\/li>\n<li><span style=\"color: #000000;\">Protocolos de Aprovisionamiento y\u00a0Plug-and-Play\u00a0TFTP\/HTTP\/HTTPS, detecci\u00f3n autom\u00e1tica y aprovisionamiento autom\u00e1tico de terminales IP\u00a0Grandstream por medio de la funci\u00f3n ZeroConfig (DHCP Option 66 multicast SIP SUBSCRIBE\u00a0mDNS), lista de eventos entre troncal local y remota.<\/span><\/li>\n<li><span style=\"color: #000000;\">Protocolos de Red TCP\/UDP\/IP, RTP\/RTCP, ICMP, ARP, DNS, DDNS, DHCP, NTP, TFTP, SSH, HTTP\/HTTPS, PPPoE,\u00a0SIP (RFC3261), STUN, SRTP, TLS, LADP.<\/span><\/li>\n<li><span style=\"color: #000000;\">Tono de Progreso de Llamada, Inversi\u00f3n de Polaridad, Detecci\u00f3n de Colgado, Desconexi\u00f3n\u00a0por Corriente, Tono de Ocupado.<\/span><\/li>\n<li><span style=\"color: #000000;\">Cifrado de Medios SRTP, TLS, HTTPS, SSH.<\/span><\/li>\n<\/ul>\n<h4><span style=\"color: #000000;\">Caracter\u00edsticas de funci\u00f3n:<\/span><\/h4>\n<ul>\n<li><span style=\"color: #000000;\">Fuente de Alimentaci\u00f3n Salida: 12VDC, 1.5A; Entrada: 100 ~ 240VAC, 50 ~ 60Hz<\/span><\/li>\n<li><span style=\"color: #000000;\">Dimensiones: 440mm de largo x 185mm de ancho x 44mm de alto<\/span><\/li>\n<li><span style=\"color: #000000;\">Peso de unidad 2.23kg, Peso de paquete 3.09kg<\/span><\/li>\n<li><span style=\"color: #000000;\">Ambiente Operaci\u00f3n: 32 ~ 104\u00b0F \/ 0 ~ 40\u00b0C, 10 ~ 90% (sin condensaci\u00f3n);<\/span><\/li>\n<li><span style=\"color: #000000;\">Almacenamiento: 14 ~ 140\u00b0F\/ -10 ~ 60\u00b0C<\/span><\/li>\n<li><span style=\"color: #000000;\">Montaje Rack y escritorio (UCM6208)<\/span><\/li>\n<\/ul>\n<h4><span style=\"color: #000000;\">caracteristicas de software:<\/span><\/h4>\n<ul>\n<li><span style=\"color: #000000;\">Soporte en M\u00faltiples Idiomas:\u00a0Ingl\u00e9s \/ Chino Simplificado \/ Chino Tradicional \/ Espa\u00f1ol \/ Franc\u00e9s \/ Portugu\u00e9s \/ Alem\u00e1n \/ Ruso \/ Italiano \/\u00a0Polaco\/Checo para interfaz de usuario basada en la Web; Respuesta de Voz Interactiva\u00a0personalizable\/mensajes de voz para ingl\u00e9s, chino, ingl\u00e9s brit\u00e1nico, alem\u00e1n, espa\u00f1ol, griego,\u00a0franc\u00e9s, italiano, holand\u00e9s, polaco, portugu\u00e9s, ruso, sueco, turco, hebreo, \u00e1rabe; paquete de\u00a0idiomas personalizables para soportar cualquier otro idioma.<\/span><\/li>\n<li><span style=\"color: #000000;\">Identificador de Llamadas Bellcore \/ Telcordia, ETSI-FSK, ETSI-DTMF, SIN 227 \u2013 BT<\/span><\/li>\n<li><span style=\"color: #000000;\">Inversi\u00f3n de Polaridad\/Wink con la opci\u00f3n de habilitar \/ deshabilitar al hacer y terminar llamadas<\/span><\/li>\n<li><span style=\"color: #000000;\">Call Center M\u00faltiples colas de llamadas configurables, distribuci\u00f3n autom\u00e1tica de llamadas (ACD) basada\u00a0en el nivel de habilidades\/disponibilidad\/tareas de agentes, anuncio en la cola<\/span><\/li>\n<li><span style=\"color: #000000;\">Asistente Autom\u00e1tico Personalizable Hasta 5 capas de IVR (Respuesta de Voz Interactiva)<\/span><\/li>\n<li><span style=\"color: #000000;\">Dispositivos SIP registrados:\u00a0800 dispositivos SIP\/usuarios registrados<\/span><\/li>\n<li><span style=\"color: #000000;\">Llamadas SIP simult\u00e1neas: Hasta 100<\/span><\/li>\n<li><span style=\"color: #000000;\">Hasta 6 puentes de conferencia protegidos por contrase\u00f1a,\u00a0permitiendo hasta 32 participantes PSTN o IP simult\u00e1neos<\/span><\/li>\n<li><span style=\"color: #000000;\">Estacionamiento de llamadas, desv\u00edo de llamadas, transferencia de llamadas, DND, grupo de<\/span><\/li>\n<li><span style=\"color: #000000;\">extensiones\/captura, radiolocalizaci\u00f3n\/sistema de intercomunicaci\u00f3n, etc.<\/span><\/li>\n<li><span style=\"color: #000000;\"><strong>2 a\u00f1os de garant\u00eda.<\/strong><\/span><\/li>\n<\/ul>\n","protected":false},"excerpt":{"rendered":"<p>UCM-6208 GRANDSTREAM IP-PBX GS C\/8 FXO, 100 Llamadas simultaneas y hasta 800 extensiones (registros SIP) Dise\u00f1ado para proporcionar una soluci\u00f3n centralizada para las necesidades de comunicaci\u00f3n de las empresas, el IP PBX de la serie UCM6200 combina funciones de voz, video, datos y movilidad para empresas en una soluci\u00f3n f\u00e1cil de manejar. Esta serie de [&hellip;]<\/p>\n","protected":false},"featured_media":11151,"template":"","meta":{"_acf_changed":false},"product_brand":[],"product_cat":[218,216],"product_tag":[],"berocket_brand":[],"class_list":{"0":"post-11149","1":"product","2":"type-product","3":"status-publish","4":"has-post-thumbnail","6":"product_cat-pbx-conmutador","7":"product_cat-telefonia-ip","9":"first","10":"instock","11":"taxable","12":"shipping-taxable","13":"purchasable","14":"product-type-simple","15":"berocket_lgv_grid","16":"berocket_lgv_list_grid"},"acf":[],"aioseo_notices":[],"_links":{"self":[{"href":"https:\/\/todoenseguridad.com\/site\/wp-json\/wp\/v2\/product\/11149","targetHints":{"allow":["GET"]}}],"collection":[{"href":"https:\/\/todoenseguridad.com\/site\/wp-json\/wp\/v2\/product"}],"about":[{"href":"https:\/\/todoenseguridad.com\/site\/wp-json\/wp\/v2\/types\/product"}],"wp:featuredmedia":[{"embeddable":true,"href":"https:\/\/todoenseguridad.com\/site\/wp-json\/wp\/v2\/media\/11151"}],"wp:attachment":[{"href":"https:\/\/todoenseguridad.com\/site\/wp-json\/wp\/v2\/media?parent=11149"}],"wp:term":[{"taxonomy":"product_brand","embeddable":true,"href":"https:\/\/todoenseguridad.com\/site\/wp-json\/wp\/v2\/product_brand?post=11149"},{"taxonomy":"product_cat","embeddable":true,"href":"https:\/\/todoenseguridad.com\/site\/wp-json\/wp\/v2\/product_cat?post=11149"},{"taxonomy":"product_tag","embeddable":true,"href":"https:\/\/todoenseguridad.com\/site\/wp-json\/wp\/v2\/product_tag?post=11149"},{"taxonomy":"berocket_brand","embeddable":true,"href":"https:\/\/todoenseguridad.com\/site\/wp-json\/wp\/v2\/berocket_brand?post=11149"}],"curies":[{"name":"wp","href":"https:\/\/api.w.org\/{rel}","templated":true}]}}