{"id":11145,"date":"2021-08-05T12:39:48","date_gmt":"2021-08-05T17:39:48","guid":{"rendered":"https:\/\/todoenseguridad.com\/site\/?post_type=product&#038;p=11145"},"modified":"2026-03-30T17:17:47","modified_gmt":"2026-03-30T22:17:47","slug":"grp2602-grandstream-telefono-ip-grado-operador-2-lineas-sip-con-4-cuentas","status":"publish","type":"product","link":"https:\/\/todoenseguridad.com\/site\/producto\/grp2602-grandstream-telefono-ip-grado-operador-2-lineas-sip-con-4-cuentas\/","title":{"rendered":"GRP2602 GRANDSTREAM Tel\u00e9fono IP Grado Operador\/ 2 l\u00edneas SIP con 4 cuentas"},"content":{"rendered":"<h2 id=\"product_title_192329\" class=\"no_margin_top titulo_vista_producto\"><span style=\"color: #0000ff;\"><span class=\"modelo-marca\">GRP2602<\/span> <span class=\"modelo-marca\">GRANDSTREAM<\/span> Tel\u00e9fono IP Grado Operador, 2 l\u00edneas SIP con 4 cuentas, codec Opus, IPV4\/IPV6 con gesti\u00f3n en la nube GDMS<\/span><\/h2>\n<p>&nbsp;<\/p>\n<h4><span style=\"color: #000000;\">Tel\u00e9fono IP Essential<\/span><\/h4>\n<p><span style=\"color: #000000;\">Como parte de la serie GRP de Tel\u00e9fonos IP Carrier-Grade, el GRP2602 es un modelo esencial de 2 l\u00edneas dise\u00f1ado con aprovisionamiento zero-touch para implementaci\u00f3n masiva y f\u00e1cil gesti\u00f3n:<\/span><\/p>\n<ul>\n<li><span style=\"color: #000000;\">4 cuentas SIP, dos l\u00edneas.<\/span><\/li>\n<li><span style=\"color: #000000;\">Gesti\u00f3n y aprovisionamiento en la nube de los dispositivos a trav\u00e9s de GDMS.<\/span><\/li>\n<li><span style=\"color: #000000;\">Conferencia de audio de 5 participantes para llamadas de conferencia f\u00e1ciles.<\/span><\/li>\n<li><span style=\"color: #000000;\">Equipado con tecnolog\u00eda Noise Shield para minimizar el ruido de fondo.<\/span><\/li>\n<li><span style=\"color: #000000;\">Soporte Electronic Hook Switch (EHS) para auriculares Plantronics, Jabra y Sennheiser.<\/span><\/li>\n<li><span style=\"color: #000000;\">Protecci\u00f3n de nivel empresarial incluyendo arranque seguro, im\u00e1genes de firmware dual y almacenamiento de datos cifrados.<\/span><\/li>\n<\/ul>\n<p><span style=\"color: #000000;\">Se caracteriza por tener un dise\u00f1o elegante y un conjunto de funciones de \u00faltima generaci\u00f3n incluyendo conferencia de voz de 5 participantes para maximizar la productividad, soporte EHS para auriculares Plantronics, <strong>Jabra<\/strong> y Sennheiser y soporte en m\u00faltiples idiomas. La serie GRP incluye caracter\u00edsticas de seguridad carrier-grade para proporcionar seguridad de nivel empresarial, incluyendo arranque seguro, im\u00e1genes de firmware dual y almacenamiento de datos cifrados. Para el aprovisionamiento en la nube y la gesti\u00f3n centralizada<\/span><\/p>\n<h4><span style=\"color: #000000;\">El GRP2602 est\u00e1 soportado por Grandstream Device Management System (GDMS)<\/span><\/h4>\n<p><span style=\"color: #000000;\">\u00a0El cual proporciona una interfaz centralizada para configurar, aprovisionar, gestionar y monitorear la implementaci\u00f3n de los dispositivos Grandstream.<\/span><\/p>\n<p><span style=\"color: #000000;\">Creado para las necesidades b\u00e1sicas de los empleados de escritorio en sitio o a distancia y dise\u00f1ado para una f\u00e1cil implementaci\u00f3n por las empresas, los proveedores de servicios y otros mercados de gran volumen, el GRP2602 ofrece un dispositivo de voz f\u00e1cil de usar y de implementar.<\/span><\/p>\n<p>&nbsp;<\/p>\n<p><span style=\"color: #000000;\"><strong>Caracter\u00edsticas principales:<\/strong><\/span><\/p>\n<ul>\n<li><span style=\"color: #000000;\">2 lineas SIP.<\/span><\/li>\n<li><span style=\"color: #000000;\">4 cuentas SIP.<\/span><\/li>\n<li><span style=\"color: #000000;\">Compatibilidad con GDMS.<\/span><\/li>\n<li><span style=\"color: #000000;\">Pantalla LCD de 132 x 48 (2.21&#8243;).<\/span><\/li>\n<li><span style=\"color: #000000;\">Soporte para G.729A\/B, G.711\u00b5\/a-law, G.726, G.722 (banda ancha), G.723, iLBC, OPUS, DTMF en banda y fuera de banda (in audio, RFC2833, SIP INFO), VAD, AEC, CNG, PLC, AGC<\/span><\/li>\n<li><span style=\"color: #000000;\">Dos puertos Ethernet conmutados de 10\/100 Mbps<\/span><\/li>\n<li><span style=\"color: #000000;\">Conector RJ9 para auriculares (permitiendo EHS con auriculares Plantronics, <strong>Jabra<\/strong> y Sennheiser)<\/span><\/li>\n<li><span style=\"color: #000000;\">1 posici\u00f3n angular disponible (45\u00b0), montaje en pared (*el soporte de pared se vende por separado)<\/span><\/li>\n<\/ul>\n<p><span style=\"color: #000000;\"><strong>Contenido del paquete:<\/strong><\/span><\/p>\n<ul>\n<li><span style=\"color: #000000;\">Tel\u00e9fono GRP2602.<\/span><\/li>\n<li><span style=\"color: #000000;\">Auricular con cord\u00f3n.<\/span><\/li>\n<li><span style=\"color: #000000;\">Base.<\/span><\/li>\n<li><span style=\"color: #000000;\">Cable de red.<\/span><\/li>\n<li><span style=\"color: #000000;\">Gu\u00eda de Instalaci\u00f3n R\u00e1pida.<\/span><\/li>\n<li><span style=\"color: #000000;\">Fuente de alimentaci\u00f3n<\/span><\/li>\n<\/ul>\n<p><span style=\"color: #000000;\"><strong>Caracter\u00edsticas F\u00edsicas y El\u00e9ctricas:<\/strong><\/span><\/p>\n<ul>\n<li><span style=\"color: #000000;\">Fuente de Alimentaci\u00f3n Universal Entrada: 100-240 VAC 50-60 Hz; Salida: +5 VDC, 600 mA; PoE: IEEE802.3af Clase 1, 3.84W; IEEE802.3az (EEE).<\/span><\/li>\n<li><span style=\"color: #000000;\">Dimensi\u00f3n: 208 mm (Largo) x 180 mm (Ancho) x 63.4 mm (Alto) (con el auricular).<\/span><\/li>\n<li><span style=\"color: #000000;\">Operaci\u00f3n: 0 \u00b0C a 40 \u00b0C Almacenamiento: -10 \u00b0C a 60 \u00b0C Humedad: 10% a 90% sin condensaci\u00f3n<\/span><\/li>\n<\/ul>\n","protected":false},"excerpt":{"rendered":"<p>GRP2602 GRANDSTREAM Tel\u00e9fono IP Grado Operador, 2 l\u00edneas SIP con 4 cuentas, codec Opus, IPV4\/IPV6 con gesti\u00f3n en la nube GDMS &nbsp; Tel\u00e9fono IP Essential Como parte de la serie GRP de Tel\u00e9fonos IP Carrier-Grade, el GRP2602 es un modelo esencial de 2 l\u00edneas dise\u00f1ado con aprovisionamiento zero-touch para implementaci\u00f3n masiva y f\u00e1cil gesti\u00f3n: 4 [&hellip;]<\/p>\n","protected":false},"featured_media":11147,"template":"","meta":{"_acf_changed":false},"product_brand":[],"product_cat":[216,217],"product_tag":[],"berocket_brand":[],"class_list":{"0":"post-11145","1":"product","2":"type-product","3":"status-publish","4":"has-post-thumbnail","6":"product_cat-telefonia-ip","7":"product_cat-telefono-ip","9":"first","10":"instock","11":"taxable","12":"shipping-taxable","13":"purchasable","14":"product-type-simple","15":"berocket_lgv_grid","16":"berocket_lgv_list_grid"},"acf":[],"aioseo_notices":[],"_links":{"self":[{"href":"https:\/\/todoenseguridad.com\/site\/wp-json\/wp\/v2\/product\/11145","targetHints":{"allow":["GET"]}}],"collection":[{"href":"https:\/\/todoenseguridad.com\/site\/wp-json\/wp\/v2\/product"}],"about":[{"href":"https:\/\/todoenseguridad.com\/site\/wp-json\/wp\/v2\/types\/product"}],"wp:featuredmedia":[{"embeddable":true,"href":"https:\/\/todoenseguridad.com\/site\/wp-json\/wp\/v2\/media\/11147"}],"wp:attachment":[{"href":"https:\/\/todoenseguridad.com\/site\/wp-json\/wp\/v2\/media?parent=11145"}],"wp:term":[{"taxonomy":"product_brand","embeddable":true,"href":"https:\/\/todoenseguridad.com\/site\/wp-json\/wp\/v2\/product_brand?post=11145"},{"taxonomy":"product_cat","embeddable":true,"href":"https:\/\/todoenseguridad.com\/site\/wp-json\/wp\/v2\/product_cat?post=11145"},{"taxonomy":"product_tag","embeddable":true,"href":"https:\/\/todoenseguridad.com\/site\/wp-json\/wp\/v2\/product_tag?post=11145"},{"taxonomy":"berocket_brand","embeddable":true,"href":"https:\/\/todoenseguridad.com\/site\/wp-json\/wp\/v2\/berocket_brand?post=11145"}],"curies":[{"name":"wp","href":"https:\/\/api.w.org\/{rel}","templated":true}]}}