{"id":11142,"date":"2021-08-05T12:26:33","date_gmt":"2021-08-05T17:26:33","guid":{"rendered":"https:\/\/todoenseguridad.com\/site\/?post_type=product&#038;p=11142"},"modified":"2026-03-24T16:11:09","modified_gmt":"2026-03-24T21:11:09","slug":"gxp-2130-grandstream-telefono-ip-empresarial-de-3-lineas-con-4-teclas-de-funcion","status":"publish","type":"product","link":"https:\/\/todoenseguridad.com\/site\/producto\/gxp-2130-grandstream-telefono-ip-empresarial-de-3-lineas-con-4-teclas-de-funcion\/","title":{"rendered":"GXP-2130 GRANDSTREAM Tel\u00e9fono IP Empresarial de 3 L\u00edneas con 4 teclas de funci\u00f3n"},"content":{"rendered":"<h2 id=\\\"product_title_74089\\\" class=\\\"no_margin_top titulo_vista_producto\\\"><span style=\\\"color: #0000ff\\\"><span class=\\\"modelo-marca\\\">GXP-2130<\/span> <span class=\\\"modelo-marca\\\">GRANDSTREAM<\/span> Tel\u00e9fono IP Empresarial de 3 L\u00edneas con 4 teclas de funci\u00f3n, 8 teclas de extensi\u00f3n BLF y conferencia de 4 v\u00edas. PoE<\/span><\/h2>\n<p><span style=\\\"color: #000000\\\">El GXP2130\u00a0es un avanzado tel\u00e9fono IP de categor\u00eda empresarial con hasta 3 l\u00edneas, TFT LCD\u00a0color de 2,8\u201d, 4 teclas XML programables sensibles al contexto, 8 teclas de extensi\u00f3n BLF\u00a0programables, doble puerto de red Gigabit, PoE y Bluetooth integrados, conferencia de voz de 4 v\u00edas y Electronic Hook Switch (EHS). El GXP2130 ofrece calidad de audio superior en el auricular y el altavoz, recursos telef\u00f3nicos valiosos y de \u00faltima generaci\u00f3n, informaci\u00f3n personalizada y servicio de aplicaci\u00f3n personalizable, aprovisionamiento autom\u00e1tico para f\u00e1cil instalaci\u00f3n, protecci\u00f3n de seguridad avanzada para mayor privacidad e interoperabilidad amplia con la mayor\u00eda de los dispositivos SIP de terceros y las principales plataformas SIP\/NGN\/IMS. Ideal para peque\u00f1as y medianas empresas, grandes negocios y\u00a0oficinas, el GXP2130 es la elecci\u00f3n perfecta para usuarios que buscan un tel\u00e9fono IP de alta calidad, con variedad de recursos, funcionalidades avanzadas y sencillo de usar.<\/span><\/p>\n<p><span style=\\\"color: #000000\\\"><strong>Principales:<\/strong><\/span><br \/>\n<span style=\\\"color: #000000\\\">&#8211; 3 L\u00edneas, 3 cuentas SIP,\u00a04 teclas de funci\u00f3n XML programables y conferencia de 4 v\u00edas.<\/span><br \/>\n<span style=\\\"color: #000000\\\"><strong>&#8211; 8 Teclas de extension BLF programables.<\/strong><\/span><br \/>\n<span style=\\\"color: #000000\\\"><strong>&#8211;\u00a0<\/strong><strong>Pantalla LCD TFT a color de 2.8 pulgadas (320&#215;240). <\/strong><\/span><\/p>\n<p><span style=\\\"color: #000000\\\">&#8211; Audio HD.<\/span><br \/>\n<span style=\\\"color: #000000\\\">&#8211; Doble puerto de red Gigabit.<\/span><\/p>\n<p><span style=\\\"color: #000000\\\"><strong>Funciones de telefon\u00eda:<\/strong><\/span><br \/>\n<span style=\\\"color: #000000\\\">Retenci\u00f3n de llamada, transferencia, reenv\u00edo de llamada, conferencia de\u00a04 v\u00edas, llamada estacionada (call park), captura de llamada, apariencia de llamada compartida (SCA, shared-call-appearance)\/apariencia de l\u00ednea en puente (BLA, bridged-line-appearance), agenda telef\u00f3nica descargable (XML, LDAP, hasta 2000 \u00edtems), llamada en espera, registro de llamadas (hasta 500), personalizaci\u00f3n de pantalla, marcado autom\u00e1tico al descolgar, respuesta autom\u00e1tica, clic para marcar, plan de marcado flexible, escritorio m\u00f3vil (hot desking), m\u00fasica de espera y tonos de llamada personalizados, servidor redundante y fail-over (conmutaci\u00f3n en caso de fallo).<\/span><\/p>\n<p><span style=\\\"color: #000000\\\"><strong>C\u00f3decs:<\/strong><\/span><br \/>\n<span style=\\\"color: #000000\\\">Soporte para G.729A\/B, G.711\u03bc\/a-law, G.726, G.722 (banda ancha), DTMF en banda y fuera de banda (en audio, RFC2833, SIP INFO).<\/span><\/p>\n<p><span style=\\\"color: #000000\\\"><strong>Interfaces:<\/strong><\/span><br \/>\n<span style=\\\"color: #000000\\\">&#8211;\u00a0Puertos Ethernet dobles conmutados de 10\/100\/1000 Mbps con detecci\u00f3n autom\u00e1tica.<\/span><br \/>\n<span style=\\\"color: #000000\\\">&#8211; Conector de aud\u00edfonos RJ9 (permite EHS con aud\u00edfonos Plantronics).<\/span><\/p>\n<p><span style=\\\"color: #000000\\\"><strong>Seguridad:<\/strong><\/span><br \/>\n<span style=\\\"color: #000000\\\">Control de acceso a nivel del usuario y del administrador, autenticaci\u00f3n basada en MD5 y MD5-sess, archivo de configuraci\u00f3n cifrado con AES de 256 bits, TLS, SRTP, HTTPS, 802.1x Media Access Control.<\/span><\/p>\n<p><span style=\\\"color: #000000\\\"><strong>Calidad de servicio:<\/strong><\/span><br \/>\n<span style=\\\"color: #000000\\\">QoS de Capa (802.1Q, 802.1P) y QoS de Capa 3 (ToS, Di Serv, MPLS).<\/span><\/p>\n<p><span style=\\\"color: #000000\\\"><strong>Lenguajes:<\/strong><\/span><br \/>\n<span style=\\\"color: #000000\\\">Espa\u00f1ol, ingl\u00e9s, alem\u00e1n, italiano, franc\u00e9s, portugu\u00e9s, ruso, croata, chino simplificado y tradicional, coreano, japon\u00e9s.<\/span><\/p>\n<p><span style=\\\"color: #000000\\\"><strong>Protocolos y normas:<\/strong><\/span><br \/>\n<span style=\\\"color: #000000\\\">SIP RFC3261, TCP\/IP\/UDP, RTP\/RTCP, HTTP\/HTTPS, ARP, ICMP, DNS(A record, SRV, NAPTR), DHCP, PPPoE, TELNET, TFTP, NTP, STUN, SIMPLE, LLDP, LDAP, TR- 069, 802.1x, TLS, SRTP, IPV6.<\/span><\/p>\n<p><span style=\\\"color: #000000\\\"><strong>Conformidad:<\/strong><\/span><br \/>\n<span style=\\\"color: #000000\\\">FCC Part 15 ClassB, EN55022 ClassB, EN61000-3-2, EN61000-3-3, EN55024, EN60950-1<\/span><br \/>\n<span style=\\\"color: #000000\\\">RCM: AS\/ACIF S004; AS\/NZS CISPR22\/24; AS\/NZS 60950.<\/span><\/p>\n<p><span style=\\\"color: #000000\\\"><strong>Caracter\u00edsticas f\u00edsicas y el\u00e9ctricas:<\/strong><\/span><br \/>\n<span style=\\\"color: #000000\\\">&#8211; Fuente de alimentaci\u00f3n universal; Entrada: 100~240VAC 50-60Hz; Salida: 12VCD, 0.5A. \/\u00a0<strong>PoE 802.3af<\/strong>, Clase 2.<\/span><br \/>\n<span style=\\\"color: #000000\\\">&#8211; Montable en base o pared.<\/span><br \/>\n<span style=\\\"color: #000000\\\">&#8211; Dimensiones: \u00a0193 x 211 x 85 mm.<\/span><br \/>\n<span style=\\\"color: #000000\\\">&#8211; Peso: 0.81 kg.<\/span><br \/>\n<span style=\\\"color: #000000\\\">&#8211; Temperatura de operaci\u00f3n: 0~40\u00baC.<\/span><\/p>\n<p><span style=\\\"color: #000000\\\"><strong>Contenido del paquete:<\/strong><\/span><br \/>\n<span style=\\\"color: #000000\\\">Tel\u00e9fono GXP2130, auricular con cable, base de soporte, Power-over-Ether- net, cable de red, Gu\u00eda de Referencia R\u00e1pida.<\/span><\/p>\n<p><span style=\\\"color: #000000\\\"><strong>*1 a\u00f1o de garant\u00eda.<\/strong><\/span><\/p>\n","protected":false},"excerpt":{"rendered":"<p>GXP-2130 GRANDSTREAM Tel\u00e9fono IP Empresarial de 3 L\u00edneas con 4 teclas de funci\u00f3n, 8 teclas de extensi\u00f3n BLF y conferencia de 4 v\u00edas. PoE El GXP2130\u00a0es un avanzado tel\u00e9fono IP de categor\u00eda empresarial con hasta 3 l\u00edneas, TFT LCD\u00a0color de 2,8\u201d, 4 teclas XML programables sensibles al contexto, 8 teclas de extensi\u00f3n BLF\u00a0programables, doble puerto [&hellip;]<\/p>\n","protected":false},"featured_media":11144,"template":"","meta":{"_acf_changed":false},"product_brand":[],"product_cat":[216,217],"product_tag":[],"berocket_brand":[],"class_list":{"0":"post-11142","1":"product","2":"type-product","3":"status-publish","4":"has-post-thumbnail","6":"product_cat-telefonia-ip","7":"product_cat-telefono-ip","9":"first","10":"instock","11":"taxable","12":"shipping-taxable","13":"purchasable","14":"product-type-simple","15":"berocket_lgv_grid","16":"berocket_lgv_list_grid"},"acf":[],"aioseo_notices":[],"_links":{"self":[{"href":"https:\/\/todoenseguridad.com\/site\/wp-json\/wp\/v2\/product\/11142","targetHints":{"allow":["GET"]}}],"collection":[{"href":"https:\/\/todoenseguridad.com\/site\/wp-json\/wp\/v2\/product"}],"about":[{"href":"https:\/\/todoenseguridad.com\/site\/wp-json\/wp\/v2\/types\/product"}],"wp:featuredmedia":[{"embeddable":true,"href":"https:\/\/todoenseguridad.com\/site\/wp-json\/wp\/v2\/media\/11144"}],"wp:attachment":[{"href":"https:\/\/todoenseguridad.com\/site\/wp-json\/wp\/v2\/media?parent=11142"}],"wp:term":[{"taxonomy":"product_brand","embeddable":true,"href":"https:\/\/todoenseguridad.com\/site\/wp-json\/wp\/v2\/product_brand?post=11142"},{"taxonomy":"product_cat","embeddable":true,"href":"https:\/\/todoenseguridad.com\/site\/wp-json\/wp\/v2\/product_cat?post=11142"},{"taxonomy":"product_tag","embeddable":true,"href":"https:\/\/todoenseguridad.com\/site\/wp-json\/wp\/v2\/product_tag?post=11142"},{"taxonomy":"berocket_brand","embeddable":true,"href":"https:\/\/todoenseguridad.com\/site\/wp-json\/wp\/v2\/berocket_brand?post=11142"}],"curies":[{"name":"wp","href":"https:\/\/api.w.org\/{rel}","templated":true}]}}