{"id":11138,"date":"2021-08-05T11:52:12","date_gmt":"2021-08-05T16:52:12","guid":{"rendered":"https:\/\/todoenseguridad.com\/site\/?post_type=product&#038;p=11138"},"modified":"2026-03-24T16:11:45","modified_gmt":"2026-03-24T21:11:45","slug":"i18-s-01-fanvil-video-intercomunicador-sip-para-boton-de-panico","status":"publish","type":"product","link":"https:\/\/todoenseguridad.com\/site\/producto\/i18-s-01-fanvil-video-intercomunicador-sip-para-boton-de-panico\/","title":{"rendered":"I18-S-01 FANVIL Video intercomunicador SIP para bot\u00f3n de p\u00e1nico"},"content":{"rendered":"<h2 id=\\\"product_title_87813\\\" class=\\\"no_margin_top titulo_vista_producto\\\"><span style=\\\"color: #0000ff\\\"><span class=\\\"modelo-marca\\\">I18-S-01<\/span> <span class=\\\"modelo-marca\\\">FANVIL<\/span> Video intercomunicador SIP para bot\u00f3n de p\u00e1nico, PoE, Onvif con 1 relevador integrado.<\/span><\/h2>\n<p>&nbsp;<\/p>\n<p><span style=\\\"color: #000000\\\"><strong>Caracter\u00edsticas principales:<\/strong><\/span><\/p>\n<ul>\n<li><span style=\\\"color: #000000\\\">2 lineas SIP.<\/span><\/li>\n<li><span style=\\\"color: #000000\\\">C\u00e1mara HD incorporada de 2 Megapixeles, adopta el c\u00f3dec H.264.<\/span><\/li>\n<li><span style=\\\"color: #000000\\\">Soporta ONVIF.<\/span><\/li>\n<li><span style=\\\"color: #000000\\\">Cancelador (AEC) y bocina de 3W.<\/span><\/li>\n<li><span style=\\\"color: #000000\\\">IP65 a prueba de agua y polvo.<\/span><\/li>\n<li><span style=\\\"color: #000000\\\">Anticolisi\u00f3n IK10 con marco robusto de fundici\u00f3n de aluminio.<\/span><\/li>\n<li><span style=\\\"color: #000000\\\">Alarma contra manipulaci\u00f3n indebida siempre que la cubierta est\u00e9 separada de la carcasa, y reportando al centro de control al mismo tiempo.<\/span><\/li>\n<li><span style=\\\"color: #000000\\\">-40 \u00b0 C a 70 \u00b0 C amplia gama adaptabilidad a la temperatura.<\/span><\/li>\n<li><span style=\\\"color: #000000\\\">Compatible con las principales plataformas: Asterisk, Broadsoft, 3CX, Metaswitch, Elastix, Avaya etc.<\/span><\/li>\n<li><span style=\\\"color: #000000\\\"><strong>Garant\u00eda: 1 a\u00f1o<\/strong><\/span><\/li>\n<\/ul>\n<p><span style=\\\"color: #000000\\\"><strong>Caracter\u00edsticas F\u00edsicas y El\u00e9ctricas:<\/strong><\/span><\/p>\n<ul>\n<li><span style=\\\"color: #000000\\\">Alimentacion v\u00eda PoE 802.3af o 12Vcc y 1.0A (fuente no incluida).<\/span><\/li>\n<li><span style=\\\"color: #000000\\\">Montaje en pared.<\/span><\/li>\n<li><span style=\\\"color: #000000\\\">Nivel de protecci\u00f3n: IP65 e IK10.<\/span><\/li>\n<li><span style=\\\"color: #000000\\\">Material: Aleacion de Alumunio.<\/span><\/li>\n<li><span style=\\\"color: #000000\\\">Temperatura de operaci\u00f3n: -40\u00ba ~ 70\u00ba C (-40\u00ba ~ 158\u00ba F).<\/span><\/li>\n<li><span style=\\\"color: #000000\\\">Dimensiones: 223 \u00d7 130 \u00d7 74 mm.<\/span><\/li>\n<li><span style=\\\"color: #000000\\\">1 puerto RJ45.<\/span><\/li>\n<li><span style=\\\"color: #000000\\\">Peso 1,800g<\/span><\/li>\n<\/ul>\n<p><span style=\\\"color: #000000\\\"><strong>Caracter\u00edsticas de Video y Red:<\/strong><\/span><\/p>\n<ul>\n<li><span style=\\\"color: #000000\\\">C\u00e1mara de 2 Megapixels.<\/span><\/li>\n<li><span style=\\\"color: #000000\\\">Codec de video: H.264.<\/span><\/li>\n<li><span style=\\\"color: #000000\\\">Resoluci\u00f3n: 1280 x 720@25fps y 704&#215;576(D1)@25fps\u00a0 .<\/span><\/li>\n<li><span style=\\\"color: #000000\\\">Angulo 112 (H) y 84 (V).<\/span><\/li>\n<li><span style=\\\"color: #000000\\\">Puerto 10\/100Mbps.<\/span><\/li>\n<li><span style=\\\"color: #000000\\\">VPN: L2TP\/Open VPN.<\/span><\/li>\n<li><span style=\\\"color: #000000\\\">VLAN.<\/span><\/li>\n<li><span style=\\\"color: #000000\\\">QoS<\/span><\/li>\n<\/ul>\n","protected":false},"excerpt":{"rendered":"<p>I18-S-01 FANVIL Video intercomunicador SIP para bot\u00f3n de p\u00e1nico, PoE, Onvif con 1 relevador integrado. &nbsp; Caracter\u00edsticas principales: 2 lineas SIP. C\u00e1mara HD incorporada de 2 Megapixeles, adopta el c\u00f3dec H.264. Soporta ONVIF. Cancelador (AEC) y bocina de 3W. IP65 a prueba de agua y polvo. Anticolisi\u00f3n IK10 con marco robusto de fundici\u00f3n de aluminio. [&hellip;]<\/p>\n","protected":false},"featured_media":11140,"template":"","meta":{"_acf_changed":false},"product_brand":[],"product_cat":[216,217],"product_tag":[],"berocket_brand":[],"class_list":{"0":"post-11138","1":"product","2":"type-product","3":"status-publish","4":"has-post-thumbnail","6":"product_cat-telefonia-ip","7":"product_cat-telefono-ip","9":"first","10":"instock","11":"taxable","12":"shipping-taxable","13":"purchasable","14":"product-type-simple","15":"berocket_lgv_grid","16":"berocket_lgv_list_grid"},"acf":[],"aioseo_notices":[],"_links":{"self":[{"href":"https:\/\/todoenseguridad.com\/site\/wp-json\/wp\/v2\/product\/11138","targetHints":{"allow":["GET"]}}],"collection":[{"href":"https:\/\/todoenseguridad.com\/site\/wp-json\/wp\/v2\/product"}],"about":[{"href":"https:\/\/todoenseguridad.com\/site\/wp-json\/wp\/v2\/types\/product"}],"wp:featuredmedia":[{"embeddable":true,"href":"https:\/\/todoenseguridad.com\/site\/wp-json\/wp\/v2\/media\/11140"}],"wp:attachment":[{"href":"https:\/\/todoenseguridad.com\/site\/wp-json\/wp\/v2\/media?parent=11138"}],"wp:term":[{"taxonomy":"product_brand","embeddable":true,"href":"https:\/\/todoenseguridad.com\/site\/wp-json\/wp\/v2\/product_brand?post=11138"},{"taxonomy":"product_cat","embeddable":true,"href":"https:\/\/todoenseguridad.com\/site\/wp-json\/wp\/v2\/product_cat?post=11138"},{"taxonomy":"product_tag","embeddable":true,"href":"https:\/\/todoenseguridad.com\/site\/wp-json\/wp\/v2\/product_tag?post=11138"},{"taxonomy":"berocket_brand","embeddable":true,"href":"https:\/\/todoenseguridad.com\/site\/wp-json\/wp\/v2\/berocket_brand?post=11138"}],"curies":[{"name":"wp","href":"https:\/\/api.w.org\/{rel}","templated":true}]}}