{"id":11125,"date":"2021-08-05T10:56:53","date_gmt":"2021-08-05T15:56:53","guid":{"rendered":"https:\/\/todoenseguridad.com\/site\/?post_type=product&#038;p=11125"},"modified":"2026-03-24T16:15:13","modified_gmt":"2026-03-24T21:15:13","slug":"x6u-fanvil-telefono-ip-empresarial-con-estandares-europeos-20-lineas-sip","status":"publish","type":"product","link":"https:\/\/todoenseguridad.com\/site\/producto\/x6u-fanvil-telefono-ip-empresarial-con-estandares-europeos-20-lineas-sip\/","title":{"rendered":"X6U FANVIL Tel\u00e9fono IP Empresarial con Est\u00e1ndares Europeos\/ 20 lineas SIP"},"content":{"rendered":"<h2 id=\\\"product_title_157773\\\" class=\\\"no_margin_top titulo_vista_producto\\\"><span style=\\\"color: #0000ff\\\"><span class=\\\"modelo-marca\\\">HT202<\/span> <span class=\\\"modelo-marca\\\">FANVIL<\/span> Diadema binaudal (duo) con tecnolog\u00eda antishock para tel\u00e9fonos IP FANVIL y Polycom con micr\u00f3fono de cancelaci\u00f3n de ruido, larga durabilidad<\/span><\/h2>\n<p>&nbsp;<\/p>\n<p><span style=\\\"color: #000000\\\">Fanvil HT201 y HT202 es el auricular de estilo Headset que est\u00e1 hecho para el trabajador de oficina, SOHO o el personal de un Call Center. Junto con la tecnolog\u00eda de cancelaci\u00f3n de ruido y el audio de banda ancha, ofrece una conversaci\u00f3n m\u00e1s clara y ofrece una experiencia de cliente m\u00e1s profesional en cada llamada.<\/span><br \/>\n<span style=\\\"color: #000000\\\"><strong>Compatibles con telefonos Fanvil<br \/>\nPara compatilibidad con telefonos Grandstream, analogos y digitales, agregar adaptador modelo QD03<\/strong><\/span><\/p>\n<p><span style=\\\"color: #000000\\\"><strong>Sonido Claro HD<\/strong><\/span><\/p>\n<ul>\n<li><span style=\\\"color: #000000\\\">Calidad de voz clara, asegurando una experiencia de sonido clara y natural.<\/span><\/li>\n<\/ul>\n<p><span style=\\\"color: #000000\\\"><strong>Micr\u00f3fono con Cancelaci\u00f3n de Ruido<\/strong><\/span><\/p>\n<ul>\n<li><span style=\\\"color: #000000\\\">Con un micr\u00f3fono de cancelaci\u00f3n de ruido superior, bloquea el ruido no deseado, provee conversaciones claras incluso en ambientes ruidosos.<\/span><\/li>\n<\/ul>\n<p><span style=\\\"color: #000000\\\"><strong>Comodidad de Uso Prolongado\u00a0<\/strong> \u00a0\u00a0<\/span><\/p>\n<ul>\n<li><span style=\\\"color: #000000\\\">Almohadillas de espuma suave cubiertas de alta calidad, mantiene la oreja fresca, comodidad durante todo el d\u00eda.<\/span><\/li>\n<\/ul>\n<p><span style=\\\"color: #000000\\\"><strong>Tecnolog\u00eda Peakstop<\/strong><\/span><\/p>\n<ul>\n<li><span style=\\\"color: #000000\\\">Elimine el ruido fuerte repentino antes de que llegue a sus o\u00eddos, protegiendo su audici\u00f3n del ruido nocivo.<\/span><\/li>\n<\/ul>\n<p><span style=\\\"color: #000000\\\"><strong>Larga durabilidad<\/strong><\/span><\/p>\n<ul>\n<li><span style=\\\"color: #000000\\\">Conexi\u00f3n robusta y duradera, dise\u00f1o monobloque duradero y cable reforzado para proteger sus auriculares contra cualquier uso.<\/span><\/li>\n<\/ul>\n<p><span style=\\\"color: #000000\\\"><strong>Compatibilidad<\/strong><\/span><\/p>\n<ul>\n<li><span style=\\\"color: #000000\\\">Compatible con todos los tel\u00e9fonos Fanvil, Grandstream y toda una gran variedad de marcas.<\/span><\/li>\n<\/ul>\n<p><span style=\\\"color: #000000\\\"><strong>Caracteristicas<\/strong><\/span><\/p>\n<ul>\n<li><span style=\\\"color: #000000\\\">Tipo de Headset: Binaural<\/span><\/li>\n<li><span style=\\\"color: #000000\\\">Puerto: 1 RJ9<\/span><\/li>\n<li><span style=\\\"color: #000000\\\">Diametro del Speaker: 28nm<\/span><\/li>\n<li><span style=\\\"color: #000000\\\">Impedancia del Speaker: 300\u2126<\/span><\/li>\n<li><span style=\\\"color: #000000\\\">Rango de frecuencia: 150Hz- 6400Hz<\/span><\/li>\n<li><span style=\\\"color: #000000\\\">Sensibilidad del Speaker: 95db +-5db<\/span><\/li>\n<li><span style=\\\"color: #000000\\\">Sensibilidad del Mic: -42db +-3db<\/span><\/li>\n<li><span style=\\\"color: #000000\\\">Tipo de reducci\u00f3n de ruido del Mic: Polaridad uni-direccional<\/span><\/li>\n<li><span style=\\\"color: #000000\\\">Longitud del cable: 1m<\/span><\/li>\n<li><span style=\\\"color: #000000\\\">Tipo de cable: di\u00e1metro de 2.5, cubierta con retardo de fuego<\/span><\/li>\n<li><span style=\\\"color: #000000\\\">Cable de Mic: cable multi cubierto<\/span><\/li>\n<li><span style=\\\"color: #000000\\\">Barras de acero: Acero inoxidable de alta dureza, negro<\/span><\/li>\n<\/ul>\n<div class=\\\"col-sm-4\\\">\n<div>\n<p>&nbsp;<\/p>\n<\/div>\n<\/div>\n","protected":false},"excerpt":{"rendered":"<p>HT202 FANVIL Diadema binaudal (duo) con tecnolog\u00eda antishock para tel\u00e9fonos IP FANVIL y Polycom con micr\u00f3fono de cancelaci\u00f3n de ruido, larga durabilidad &nbsp; Fanvil HT201 y HT202 es el auricular de estilo Headset que est\u00e1 hecho para el trabajador de oficina, SOHO o el personal de un Call Center. Junto con la tecnolog\u00eda de cancelaci\u00f3n [&hellip;]<\/p>\n","protected":false},"featured_media":12891,"template":"","meta":{"_acf_changed":false},"product_brand":[],"product_cat":[216,217],"product_tag":[],"berocket_brand":[],"class_list":{"0":"post-11125","1":"product","2":"type-product","3":"status-publish","4":"has-post-thumbnail","6":"product_cat-telefonia-ip","7":"product_cat-telefono-ip","9":"first","10":"instock","11":"taxable","12":"shipping-taxable","13":"purchasable","14":"product-type-simple","15":"berocket_lgv_grid","16":"berocket_lgv_list_grid"},"acf":[],"aioseo_notices":[],"_links":{"self":[{"href":"https:\/\/todoenseguridad.com\/site\/wp-json\/wp\/v2\/product\/11125","targetHints":{"allow":["GET"]}}],"collection":[{"href":"https:\/\/todoenseguridad.com\/site\/wp-json\/wp\/v2\/product"}],"about":[{"href":"https:\/\/todoenseguridad.com\/site\/wp-json\/wp\/v2\/types\/product"}],"wp:featuredmedia":[{"embeddable":true,"href":"https:\/\/todoenseguridad.com\/site\/wp-json\/wp\/v2\/media\/12891"}],"wp:attachment":[{"href":"https:\/\/todoenseguridad.com\/site\/wp-json\/wp\/v2\/media?parent=11125"}],"wp:term":[{"taxonomy":"product_brand","embeddable":true,"href":"https:\/\/todoenseguridad.com\/site\/wp-json\/wp\/v2\/product_brand?post=11125"},{"taxonomy":"product_cat","embeddable":true,"href":"https:\/\/todoenseguridad.com\/site\/wp-json\/wp\/v2\/product_cat?post=11125"},{"taxonomy":"product_tag","embeddable":true,"href":"https:\/\/todoenseguridad.com\/site\/wp-json\/wp\/v2\/product_tag?post=11125"},{"taxonomy":"berocket_brand","embeddable":true,"href":"https:\/\/todoenseguridad.com\/site\/wp-json\/wp\/v2\/berocket_brand?post=11125"}],"curies":[{"name":"wp","href":"https:\/\/api.w.org\/{rel}","templated":true}]}}