{"id":11113,"date":"2021-07-30T13:20:31","date_gmt":"2021-07-30T18:20:31","guid":{"rendered":"https:\/\/todoenseguridad.com\/site\/?post_type=product&#038;p=11113"},"modified":"2026-03-24T16:16:59","modified_gmt":"2026-03-24T21:16:59","slug":"ds-3e1309p-ei-hikvision-web-smart-switch-poe-8-puertos-10-100-mbps-poe","status":"publish","type":"product","link":"https:\/\/todoenseguridad.com\/site\/producto\/ds-3e1309p-ei-hikvision-web-smart-switch-poe-8-puertos-10-100-mbps-poe\/","title":{"rendered":"DS-3E1309P-EI HIKVISION Web Smart Switch PoE+ \/ 8 puertos 10\/100 Mbps PoE+"},"content":{"rendered":"<h2 id=\\\"product_title_192088\\\" class=\\\"no_margin_top titulo_vista_producto\\\"><span style=\\\"color: #0000ff\\\"><span class=\\\"modelo-marca\\\">DS-3E1309P-EI<\/span> <span class=\\\"modelo-marca\\\">HIKVISION<\/span> Web Smart Switch PoE+ \/ 8 puertos 10\/100 Mbps PoE+ (hasta 250 m) + 1 Puertos 10\/100\/1000 Mbps Uplink \/ 110 W<\/span><\/h2>\n<p>&nbsp;<\/p>\n<h4><span style=\\\"color: #000000\\\">Valor agregado con la integraci\u00f3n entre Switches y Hik-ProConnect.<\/span><\/h4>\n<ul>\n<li><span style=\\\"color: #000000\\\">Monitoreo de salud desde HikProconnect e iVMS-4200.<\/span><\/li>\n<li><span style=\\\"color: #000000\\\">Reinicio de puertos desde HikProconnect e iVMS-4200.<\/span><\/li>\n<li><span style=\\\"color: #000000\\\">Topologia de red con dispositivos Hikvision desde HikProconnect e iVMS-4200.<\/span><\/li>\n<li><span style=\\\"color: #000000\\\">Alarma de eventos en puertos (desconexion y conexion de puertos) HikProconnect e iVMS-4200.<\/span><\/li>\n<li><span style=\\\"color: #000000\\\">Estadistica de consumo en ancho de banda en tiempo real desde HikProconnect e iVMS-4200.<\/span><\/li>\n<li><span style=\\\"color: #000000\\\">Estadistica de consumo en electrico en tiempo real desde HikProconnect e iVMS-4200.<\/span><\/li>\n<\/ul>\n<div class=\\\"col-sm-4\\\">\n<div>\n<p><span style=\\\"color: #000000\\\"><strong>Caracter\u00edsticas principales:<\/strong><\/span><\/p>\n<ul>\n<li><span style=\\\"color: #000000\\\">8 puertos RJ45 de 10\/100 Mbps (los 8 admiten PoE 802.3at\/af).<\/span><\/li>\n<li><span style=\\\"color: #000000\\\">1 puerto RJ45 10\/100\/1000 Mbps.<\/span><\/li>\n<li><span style=\\\"color: #000000\\\" data-sheets-userformat=\\\"{\\\" data-sheets-value=\\\"{\\\">Alimentacion PoE: 110 W.<\/span><\/li>\n<li><span style=\\\"color: #000000\\\">Capacidad de conmutaci\u00f3n 3.6 Gbps.<\/span><\/li>\n<li><span style=\\\"color: #000000\\\">Tasa de reenv\u00edo de paquetes 2,6784 Mpps.<\/span><\/li>\n<li><span style=\\\"color: #000000\\\">PoE de larga distncia hasta 250 m (los 8 puertos PoE) (velocidad de puerto 10 Mbps y 8 W consumo m\u00e1ximo).<\/span><\/li>\n<li><span style=\\\"color: #000000\\\">Compatible con Hik ProConnect (proximamente) y Hik-Central.<\/span><\/li>\n<li><span style=\\\"color: #000000\\\">Gesti\u00f3n de topolog\u00eda de red, env\u00edo de alarmas, monitoreo de estado de salud de la red de forma remota (Configurable en interfaz Web).<\/span><\/li>\n<\/ul>\n<div class=\\\"col-sm-4\\\">\n<div>\n<p><span style=\\\"color: #000000\\\"><strong>Caracter\u00edsticas F\u00edsicas y El\u00e9ctricas:<\/strong><\/span><\/p>\n<ul>\n<li><span style=\\\"color: #000000\\\">Maximo consumo de energia 120 W.<\/span><\/li>\n<li><span style=\\\"color: #000000\\\">Peso 0.35 kg.<\/span><\/li>\n<li><span style=\\\"color: #000000\\\">Dimensiones (An x Al x Pr) 170 \u00d7 27.6 \u00d7 93.1 mm.<\/span><\/li>\n<li><span style=\\\"color: #000000\\\">Temperatura de funcionamiento: -10\u201355 \u2103.<\/span><\/li>\n<li><span style=\\\"color: #000000\\\">Temperatura de almacenamiento: -40\u201385 \u2103.<\/span><\/li>\n<li><span style=\\\"color: #000000\\\">Fuente de alimentaci\u00f3n 48 VDC, 2.5A<\/span><\/li>\n<\/ul>\n<div class=\\\"col-sm-4\\\">\n<div>\n<p><span style=\\\"color: #000000\\\"><strong>Contenido:<\/strong><\/span><\/p>\n<ul>\n<li><span style=\\\"color: #000000\\\">DS-3E1309P-EI.<\/span><\/li>\n<li><span style=\\\"color: #000000\\\">Adaptador de corriente.<\/span><\/li>\n<li><span style=\\\"color: #000000\\\">Gu\u00eda de instalaci\u00f3n.<\/span><\/li>\n<\/ul>\n<\/div>\n<\/div>\n<\/div>\n<\/div>\n<\/div>\n<\/div>\n<p>&nbsp;<\/p>\n","protected":false},"excerpt":{"rendered":"<p>DS-3E1309P-EI HIKVISION Web Smart Switch PoE+ \/ 8 puertos 10\/100 Mbps PoE+ (hasta 250 m) + 1 Puertos 10\/100\/1000 Mbps Uplink \/ 110 W &nbsp; Valor agregado con la integraci\u00f3n entre Switches y Hik-ProConnect. Monitoreo de salud desde HikProconnect e iVMS-4200. Reinicio de puertos desde HikProconnect e iVMS-4200. Topologia de red con dispositivos Hikvision desde [&hellip;]<\/p>\n","protected":false},"featured_media":11114,"template":"","meta":{"_acf_changed":false},"product_brand":[],"product_cat":[220,70],"product_tag":[],"berocket_brand":[],"class_list":{"0":"post-11113","1":"product","2":"type-product","3":"status-publish","4":"has-post-thumbnail","6":"product_cat-redes-de-datos","7":"product_cat-switch","9":"first","10":"instock","11":"taxable","12":"shipping-taxable","13":"purchasable","14":"product-type-simple","15":"berocket_lgv_grid","16":"berocket_lgv_list_grid"},"acf":[],"aioseo_notices":[],"_links":{"self":[{"href":"https:\/\/todoenseguridad.com\/site\/wp-json\/wp\/v2\/product\/11113","targetHints":{"allow":["GET"]}}],"collection":[{"href":"https:\/\/todoenseguridad.com\/site\/wp-json\/wp\/v2\/product"}],"about":[{"href":"https:\/\/todoenseguridad.com\/site\/wp-json\/wp\/v2\/types\/product"}],"wp:featuredmedia":[{"embeddable":true,"href":"https:\/\/todoenseguridad.com\/site\/wp-json\/wp\/v2\/media\/11114"}],"wp:attachment":[{"href":"https:\/\/todoenseguridad.com\/site\/wp-json\/wp\/v2\/media?parent=11113"}],"wp:term":[{"taxonomy":"product_brand","embeddable":true,"href":"https:\/\/todoenseguridad.com\/site\/wp-json\/wp\/v2\/product_brand?post=11113"},{"taxonomy":"product_cat","embeddable":true,"href":"https:\/\/todoenseguridad.com\/site\/wp-json\/wp\/v2\/product_cat?post=11113"},{"taxonomy":"product_tag","embeddable":true,"href":"https:\/\/todoenseguridad.com\/site\/wp-json\/wp\/v2\/product_tag?post=11113"},{"taxonomy":"berocket_brand","embeddable":true,"href":"https:\/\/todoenseguridad.com\/site\/wp-json\/wp\/v2\/berocket_brand?post=11113"}],"curies":[{"name":"wp","href":"https:\/\/api.w.org\/{rel}","templated":true}]}}