{"id":11053,"date":"2021-07-15T09:45:15","date_gmt":"2021-07-15T14:45:15","guid":{"rendered":"https:\/\/todoenseguridad.com\/site\/?post_type=product&#038;p=11053"},"modified":"2026-03-30T17:30:31","modified_gmt":"2026-03-30T22:30:31","slug":"sgr-prp-epcom-industrial-gabinete-para-alarma-mg5050-evo48tm4-sp4000-y-bateria-pl712-no-incluido","status":"publish","type":"product","link":"https:\/\/todoenseguridad.com\/site\/producto\/sgr-prp-epcom-industrial-gabinete-para-alarma-mg5050-evo48tm4-sp4000-y-bateria-pl712-no-incluido\/","title":{"rendered":"SGR-PRP EPCOM INDUSTRIAL Gabinete para Alarma MG5050\/EVO48TM4\/SP4000 y Bater\u00eda PL712 (No Incluido)."},"content":{"rendered":"<h2 id=\\\"product_title_29786\\\" class=\\\"no_margin_top titulo_vista_producto\\\"><span style=\\\"color: #0000ff\\\"><span class=\\\"modelo-marca\\\">SGR-PRP<\/span> <span class=\\\"modelo-marca\\\">EPCOM INDUSTRIAL<\/span> Gabinete para Alarma MG5050\/EVO48TM4\/SP4000 y Bater\u00eda PL712 (No Incluido).<\/span><\/h2>\n<p>&nbsp;<\/p>\n<h4><span style=\\\"color: #000000\\\"><strong>Caracter\u00edsticas Funcionales:<\/strong><\/span><\/h4>\n<p><span style=\\\"color: #000000\\\">Preparaci\u00f3n para instalaci\u00f3n en muro. <\/span><br \/>\n<span style=\\\"color: #000000\\\">Evita el contacto f\u00edsico directo de part\u00edculas da\u00f1inas (polvo, agua, etc.).<\/span><br \/>\n<span style=\\\"color: #000000\\\">La tapa cierra con un par de tornillos tipo Phillips (incluidos).<\/span><br \/>\n<span style=\\\"color: #000000\\\">Cuenta con perforaciones para pasar el cableado al exterior del gabinete.<\/span><br \/>\n<span style=\\\"color: #000000\\\">Puerta totalmente desmontable. <\/span><br \/>\n<span style=\\\"color: #000000\\\">Acepta l\u00e1mina de adaptador para tarjetas de expansi\u00f3n de zonas.<\/span><\/p>\n<h4><span style=\\\"color: #000000\\\"><strong>Caracter\u00edsticas F\u00edsicas:<\/strong><\/span><\/h4>\n<p><span style=\\\"color: #000000\\\">Pintura: Beige Electrost\u00e1tica.<\/span><br \/>\n<span style=\\\"color: #000000\\\">Aplicaci\u00f3n: Interior.<\/span><br \/>\n<span style=\\\"color: #000000\\\">Material: Acero calibre 26.<\/span><br \/>\n<span style=\\\"color: #000000\\\">Peso: 0.75 Kg.<\/span><br \/>\n<span style=\\\"color: #000000\\\">Dimensiones exteriores: 232 X 281 X 85 mm (Ancho x Alto x Profundidad).<\/span><\/p>\n<h4><strong><span style=\\\"color: #000000\\\">Recomendaciones:<\/span><\/strong><\/h4>\n<p><span style=\\\"color: #000000\\\">Aseg\u00farese de que la instalaci\u00f3n sea realizada por un profesional capacitado.<\/span><br \/>\n<span style=\\\"color: #000000\\\">Peri\u00f3dicamente revise que la torniller\u00eda est\u00e9 correctamente ajustada.<\/span><br \/>\n<span style=\\\"color: #000000\\\">Programe un plan de mantenimiento para eliminar exceso de polvo y suciedad en el equipo.<\/span><\/p>\n","protected":false},"excerpt":{"rendered":"<p>SGR-PRP EPCOM INDUSTRIAL Gabinete para Alarma MG5050\/EVO48TM4\/SP4000 y Bater\u00eda PL712 (No Incluido). &nbsp; Caracter\u00edsticas Funcionales: Preparaci\u00f3n para instalaci\u00f3n en muro. Evita el contacto f\u00edsico directo de part\u00edculas da\u00f1inas (polvo, agua, etc.). La tapa cierra con un par de tornillos tipo Phillips (incluidos). Cuenta con perforaciones para pasar el cableado al exterior del gabinete. Puerta totalmente [&hellip;]<\/p>\n","protected":false},"featured_media":11054,"template":"","meta":{"_acf_changed":false},"product_brand":[],"product_cat":[103,101],"product_tag":[],"berocket_brand":[],"class_list":{"0":"post-11053","1":"product","2":"type-product","3":"status-publish","4":"has-post-thumbnail","6":"product_cat-accesorios-alarmas","7":"product_cat-alarmas-y-hogar-inteligente-iot","9":"first","10":"instock","11":"taxable","12":"shipping-taxable","13":"purchasable","14":"product-type-simple","15":"berocket_lgv_grid","16":"berocket_lgv_list_grid"},"acf":[],"aioseo_notices":[],"_links":{"self":[{"href":"https:\/\/todoenseguridad.com\/site\/wp-json\/wp\/v2\/product\/11053","targetHints":{"allow":["GET"]}}],"collection":[{"href":"https:\/\/todoenseguridad.com\/site\/wp-json\/wp\/v2\/product"}],"about":[{"href":"https:\/\/todoenseguridad.com\/site\/wp-json\/wp\/v2\/types\/product"}],"wp:featuredmedia":[{"embeddable":true,"href":"https:\/\/todoenseguridad.com\/site\/wp-json\/wp\/v2\/media\/11054"}],"wp:attachment":[{"href":"https:\/\/todoenseguridad.com\/site\/wp-json\/wp\/v2\/media?parent=11053"}],"wp:term":[{"taxonomy":"product_brand","embeddable":true,"href":"https:\/\/todoenseguridad.com\/site\/wp-json\/wp\/v2\/product_brand?post=11053"},{"taxonomy":"product_cat","embeddable":true,"href":"https:\/\/todoenseguridad.com\/site\/wp-json\/wp\/v2\/product_cat?post=11053"},{"taxonomy":"product_tag","embeddable":true,"href":"https:\/\/todoenseguridad.com\/site\/wp-json\/wp\/v2\/product_tag?post=11053"},{"taxonomy":"berocket_brand","embeddable":true,"href":"https:\/\/todoenseguridad.com\/site\/wp-json\/wp\/v2\/berocket_brand?post=11053"}],"curies":[{"name":"wp","href":"https:\/\/api.w.org\/{rel}","templated":true}]}}