{"id":11048,"date":"2021-06-29T13:12:28","date_gmt":"2021-06-29T18:12:28","guid":{"rendered":"https:\/\/todoenseguridad.com\/site\/?post_type=product&#038;p=11048"},"modified":"2026-03-24T16:28:01","modified_gmt":"2026-03-24T21:28:01","slug":"pc2r-k-system-sensor-sirena-con-lampara-estroboscopica-para-exterior-montaje-en-techo","status":"publish","type":"product","link":"https:\/\/todoenseguridad.com\/site\/producto\/pc2r-k-system-sensor-sirena-con-lampara-estroboscopica-para-exterior-montaje-en-techo\/","title":{"rendered":"PC2R-K SYSTEM SENSOR Sirena con L\u00e1mpara Estrobosc\u00f3pica para Exterior, Montaje en Techo"},"content":{"rendered":"<h2 id=\\\"product_title_161973\\\" class=\\\"no_margin_top titulo_vista_producto\\\"><span style=\\\"color: #0000ff\\\"><span class=\\\"modelo-marca\\\">PC2R-K<\/span> <span class=\\\"modelo-marca\\\">SYSTEM SENSOR<\/span> Sirena con L\u00e1mpara Estrobosc\u00f3pica para Exterior, Montaje en Techo, Nivel de Candelas Seleccionable, Color Rojo<\/span><\/h2>\n<p>&nbsp;<\/p>\n<ul>\n<li><span style=\\\"color: #000000\\\">Resistente a la intemperie NEMA 4X, clasificaci\u00f3n IP56<\/span><\/li>\n<li><span style=\\\"color: #000000\\\">Listado seg\u00fan UL 1638 (estroboscopio) y UL 464 (bocina)<\/span><\/li>\n<li><span style=\\\"color: #000000\\\">Compatible con el protocolo de sincronizaci\u00f3n System Sensor<\/span><\/li>\n<li><span style=\\\"color: #000000\\\">Configuraciones de candela seleccionables en el campo: 15, 15\/75, 30, 75, 95, 110, 115, 135, 150, 177 y 185<\/span><\/li>\n<li><span style=\\\"color: #000000\\\">Selecci\u00f3n autom\u00e1tica de operaci\u00f3n de 12 o 24 voltios a 15 y 15\/75 candelas<\/span><\/li>\n<li><span style=\\\"color: #000000\\\">Interruptor giratorio para tono y tres selecciones de volumen<\/span><\/li>\n<li><span style=\\\"color: #000000\\\">Sirena con 88+ dBA a 16 voltios<\/span><\/li>\n<li><span style=\\\"color: #000000\\\">Clasificado desde -40 \u00b0 F a 151 \u00b0 F<\/span><\/li>\n<li><span style=\\\"color: #000000\\\">Placa de montaje universal con un muelle de cortocircuito incorporado que prueba la continuidad del cableado antes de instalar los dispositivos<\/span><\/li>\n<li><span style=\\\"color: #000000\\\">Dise\u00f1o plug-in con m\u00ednima intrusi\u00f3n en la caja posterior<\/span><\/li>\n<li><span style=\\\"color: #000000\\\">Construcci\u00f3n a prueba de manipulaciones<\/span><\/li>\n<\/ul>\n","protected":false},"excerpt":{"rendered":"<p>PC2R-K SYSTEM SENSOR Sirena con L\u00e1mpara Estrobosc\u00f3pica para Exterior, Montaje en Techo, Nivel de Candelas Seleccionable, Color Rojo &nbsp; Resistente a la intemperie NEMA 4X, clasificaci\u00f3n IP56 Listado seg\u00fan UL 1638 (estroboscopio) y UL 464 (bocina) Compatible con el protocolo de sincronizaci\u00f3n System Sensor Configuraciones de candela seleccionables en el campo: 15, 15\/75, 30, 75, [&hellip;]<\/p>\n","protected":false},"featured_media":11049,"template":"","meta":{"_acf_changed":false},"product_brand":[],"product_cat":[103,101],"product_tag":[],"berocket_brand":[],"class_list":{"0":"post-11048","1":"product","2":"type-product","3":"status-publish","4":"has-post-thumbnail","6":"product_cat-accesorios-alarmas","7":"product_cat-alarmas-y-hogar-inteligente-iot","9":"first","10":"instock","11":"taxable","12":"shipping-taxable","13":"purchasable","14":"product-type-simple","15":"berocket_lgv_grid","16":"berocket_lgv_list_grid"},"acf":[],"aioseo_notices":[],"_links":{"self":[{"href":"https:\/\/todoenseguridad.com\/site\/wp-json\/wp\/v2\/product\/11048","targetHints":{"allow":["GET"]}}],"collection":[{"href":"https:\/\/todoenseguridad.com\/site\/wp-json\/wp\/v2\/product"}],"about":[{"href":"https:\/\/todoenseguridad.com\/site\/wp-json\/wp\/v2\/types\/product"}],"wp:featuredmedia":[{"embeddable":true,"href":"https:\/\/todoenseguridad.com\/site\/wp-json\/wp\/v2\/media\/11049"}],"wp:attachment":[{"href":"https:\/\/todoenseguridad.com\/site\/wp-json\/wp\/v2\/media?parent=11048"}],"wp:term":[{"taxonomy":"product_brand","embeddable":true,"href":"https:\/\/todoenseguridad.com\/site\/wp-json\/wp\/v2\/product_brand?post=11048"},{"taxonomy":"product_cat","embeddable":true,"href":"https:\/\/todoenseguridad.com\/site\/wp-json\/wp\/v2\/product_cat?post=11048"},{"taxonomy":"product_tag","embeddable":true,"href":"https:\/\/todoenseguridad.com\/site\/wp-json\/wp\/v2\/product_tag?post=11048"},{"taxonomy":"berocket_brand","embeddable":true,"href":"https:\/\/todoenseguridad.com\/site\/wp-json\/wp\/v2\/berocket_brand?post=11048"}],"curies":[{"name":"wp","href":"https:\/\/api.w.org\/{rel}","templated":true}]}}