{"id":11041,"date":"2021-06-29T12:08:39","date_gmt":"2021-06-29T17:08:39","guid":{"rendered":"https:\/\/todoenseguridad.com\/site\/?post_type=product&#038;p=11041"},"modified":"2025-02-13T17:19:27","modified_gmt":"2025-02-13T22:19:27","slug":"p2r-l-system-sensor-sirena-con-lampara-estroboscopica-a-2-hilos-montaje-en-pared-color-rojo","status":"publish","type":"product","link":"https:\/\/todoenseguridad.com\/site\/producto\/p2r-l-system-sensor-sirena-con-lampara-estroboscopica-a-2-hilos-montaje-en-pared-color-rojo\/","title":{"rendered":"P2R-L SYSTEM SENSOR Sirena con L\u00e1mpara Estrobosc\u00f3pica a 2 Hilos, Montaje en Pared, Color Rojo"},"content":{"rendered":"<h2 id=\"product_title_96368\" class=\"no_margin_top titulo_vista_producto\"><span style=\"color: #0000ff;\"><span class=\"modelo-marca\">P2R-L<\/span> <span class=\"modelo-marca\">SYSTEM SENSOR<\/span> Sirena con L\u00e1mpara Estrobosc\u00f3pica a 2 Hilos, Montaje en Pared, Color Rojo, con Configuraci\u00f3n Estrobosc\u00f3pica Seleccionable, Nuevo Dise\u00f1o Moderno y Elegante y Menor Consumo de Corriente<\/span><\/h2>\n<p>&nbsp;<\/p>\n<h4><span style=\"color: #000000;\"><strong>Nueva Serie L de Dispositivos de Notificaci\u00f3n para Interiores de System Sensor<\/strong>\u00a0<\/span><\/h4>\n<p><span style=\"color: #000000;\">La nueva Serie L de System Sensor de dispositivos de notificaci\u00f3n es una plataforma basada en Xen\u00f3n que sustituye a la l\u00ednea de productos SpectrAlert Advance ofreciendo un menor consumo de corriente, un dise\u00f1o moderno y elegante y una huella m\u00e1s peque\u00f1a. La nueva l\u00ednea de la serie L incluye sirenas, sirena\/estrobo, campanas, campanas\/estrobo, estrobos, bocinas y bocinas\/estrobo junto con una variedad de accesorios incluyendo lentes de colores, Las nuevas adiciones al portafolio incluyen sirenas compactas y luces estrobosc\u00f3picas, luces estrobosc\u00f3picas de techo, altavoz de 8 \u00abcon puente para plaf\u00f3n, as\u00ed como kits de bisel para marcado alternativo.<\/span><\/p>\n<p><span style=\"color: #000000;\">Las soluciones mejoradas con la nueva plataforma competitiva incluyen:<\/span><\/p>\n<h4><span style=\"color: #000000;\"><strong>Menor costo de propiedad<\/strong><\/span><\/h4>\n<ul>\n<li><span style=\"color: #000000;\">Hasta un 38% menos consumo de corriente en dispositivos estrobosc\u00f3picos que reducen la cantidad de fuentes de alimentaci\u00f3n por Sistema<\/span><\/li>\n<li><span style=\"color: #000000;\">Opci\u00f3n disponible para utilizar cajas de bastidor simple versus las cajas de bastidor doble<\/span><\/li>\n<\/ul>\n<p>&nbsp;<\/p>\n<h4><span style=\"color: #000000;\"><strong>Personalice f\u00e1cilmente los dispositivos para sistemas de comunicaci\u00f3n de emergencia<\/strong><\/span><\/h4>\n<ul>\n<li><span style=\"color: #000000;\">Lentes de colores y biseles de marcado modulares, eliminando calcoman\u00edas dif\u00edciles de aplicar, para una r\u00e1pida personalizaci\u00f3n en campo<\/span><\/li>\n<\/ul>\n<p>&nbsp;<\/p>\n<h4><span style=\"color: #000000;\"><strong>Agregue, reemplace o actualice r\u00e1pidamente los sistemas existentes<\/strong><\/span><\/h4>\n<ul>\n<li><span style=\"color: #000000;\">Los dispositivos son compatibles con versiones anteriores y pueden compartir el mismo circuito que los dispositivos de notificaci\u00f3n SpectrAlert y SpectrAlert Advance de System Sensor existentes<\/span><\/li>\n<li><span style=\"color: #000000;\">Los dispositivos de tama\u00f1o est\u00e1ndar coinciden con la misma huella que SpectrAlert Advance<\/span><\/li>\n<\/ul>\n<p><span style=\"color: #000000;\">\u00a0<\/span><br \/>\n<span style=\"color: #000000;\"><strong>Simplificaci\u00f3n al momento de ordenar<\/strong><\/span><\/p>\n<ul>\n<li><span style=\"color: #000000;\">Versi\u00f3n \u00fanica con amplia gama de oferta de candela, que abarca est\u00e1ndar y alta candela<\/span><\/li>\n<\/ul>\n<p><span style=\"color: #000000;\">\u00a0<\/span><br \/>\n<span style=\"color: #000000;\"><strong>Caracteristicas:<\/strong><\/span><\/p>\n<ul>\n<li><span style=\"color: #000000;\">Est\u00e9tica moderna y actualizada<\/span><\/li>\n<li><span style=\"color: #000000;\">Perfil peque\u00f1o<\/span><\/li>\n<li><span style=\"color: #000000;\">Dise\u00f1o plug-in con m\u00ednima intrusi\u00f3n en la caja trasera<\/span><\/li>\n<li><span style=\"color: #000000;\">Construcci\u00f3n resistente a las manipulaciones<\/span><\/li>\n<li><span style=\"color: #000000;\">Selecci\u00f3n autom\u00e1tica de la operaci\u00f3n de 12 \u00f3 24 voltios a 15 y 30 candelas<\/span><\/li>\n<li><span style=\"color: #000000;\">Ajustes de candela seleccionables en campo<\/span><\/li>\n<li><span style=\"color: #000000;\">Sirena de 88+ dBA a 16 voltios<\/span><\/li>\n<li><span style=\"color: #000000;\">Interruptor giratorio para el tono de la sirena y dos selecciones del volumen<\/span><\/li>\n<li><span style=\"color: #000000;\">Placa de montaje para todas las unidades de pared est\u00e1ndar y compacta<\/span><\/li>\n<li><span style=\"color: #000000;\">El muelle de cortocircuito de la placa de montaje comprueba la continuidad del cableado antes de la instalaci\u00f3n del dispositivo<\/span><\/li>\n<li><span style=\"color: #000000;\">Compatible con la l\u00ednea SpectrAlert y SpectAlert Advance Devices<\/span><\/li>\n<li><span style=\"color: #000000;\">Compatible con el m\u00f3dulo de sincronizaci\u00f3n MDL3<\/span><\/li>\n<li><span style=\"color: #000000;\">Listado s\u00f3lo para montaje en pared<\/span><\/li>\n<li><span style=\"color: #000000;\">Temperatura de funcionamiento est\u00e1ndar: 0 \u00b0 C a 49 \u00b0 C (32 \u00b0 F a 120 \u00b0 F)<\/span><\/li>\n<li><span style=\"color: #000000;\">Rango de humedad: 10 a 93% sin condensaci\u00f3n<\/span><\/li>\n<li><span style=\"color: #000000;\">Velocidad de flash estrobosc\u00f3pico: 1 flash por segundo<\/span><\/li>\n<li><span style=\"color: #000000;\">Voltaje Nominal: Regulado 12 DC o regulado 24 DC \/ FWR1,2<\/span><\/li>\n<li><span style=\"color: #000000;\">Rango de voltaje de funcionamiento: 8 a 17,5 V (nominal 12 V) o 16 a 33 V (nominal 24 V)<\/span><\/li>\n<li><span style=\"color: #000000;\">Rango de voltaje de funcionamiento con M\u00f3dulo de sincronizaci\u00f3n MDL3: 8,5 a 17,5 V (nominal 12 V) o 16,5 a 33 V (24 V nominal)<\/span><\/li>\n<li><span style=\"color: #000000;\">Terminal de entrada para calibres de alambre: 12 a 18 AWG<\/span><\/li>\n<li><span style=\"color: #000000;\">Dimensiones (incluyendo la lente): 5.6 \u00abL \u00d7 4.7\u00bb W \u00d7 1.91 \u00abD (143 mm L \u00d7 119 mm L \u00d7 49 mm D)<\/span><\/li>\n<\/ul>\n","protected":false},"excerpt":{"rendered":"<p>P2R-L SYSTEM SENSOR Sirena con L\u00e1mpara Estrobosc\u00f3pica a 2 Hilos, Montaje en Pared, Color Rojo, con Configuraci\u00f3n Estrobosc\u00f3pica Seleccionable, Nuevo Dise\u00f1o Moderno y Elegante y Menor Consumo de Corriente &nbsp; Nueva Serie L de Dispositivos de Notificaci\u00f3n para Interiores de System Sensor\u00a0 La nueva Serie L de System Sensor de dispositivos de notificaci\u00f3n es una [&hellip;]<\/p>\n","protected":false},"featured_media":11043,"template":"","meta":{"_acf_changed":false},"product_brand":[],"product_cat":[103,101],"product_tag":[],"berocket_brand":[],"class_list":{"0":"post-11041","1":"product","2":"type-product","3":"status-publish","4":"has-post-thumbnail","6":"product_cat-accesorios-alarmas","7":"product_cat-alarmas-y-hogar-inteligente-iot","9":"first","10":"instock","11":"taxable","12":"shipping-taxable","13":"purchasable","14":"product-type-simple","15":"berocket_lgv_grid","16":"berocket_lgv_list_grid"},"acf":[],"aioseo_notices":[],"_links":{"self":[{"href":"https:\/\/todoenseguridad.com\/site\/wp-json\/wp\/v2\/product\/11041","targetHints":{"allow":["GET"]}}],"collection":[{"href":"https:\/\/todoenseguridad.com\/site\/wp-json\/wp\/v2\/product"}],"about":[{"href":"https:\/\/todoenseguridad.com\/site\/wp-json\/wp\/v2\/types\/product"}],"wp:featuredmedia":[{"embeddable":true,"href":"https:\/\/todoenseguridad.com\/site\/wp-json\/wp\/v2\/media\/11043"}],"wp:attachment":[{"href":"https:\/\/todoenseguridad.com\/site\/wp-json\/wp\/v2\/media?parent=11041"}],"wp:term":[{"taxonomy":"product_brand","embeddable":true,"href":"https:\/\/todoenseguridad.com\/site\/wp-json\/wp\/v2\/product_brand?post=11041"},{"taxonomy":"product_cat","embeddable":true,"href":"https:\/\/todoenseguridad.com\/site\/wp-json\/wp\/v2\/product_cat?post=11041"},{"taxonomy":"product_tag","embeddable":true,"href":"https:\/\/todoenseguridad.com\/site\/wp-json\/wp\/v2\/product_tag?post=11041"},{"taxonomy":"berocket_brand","embeddable":true,"href":"https:\/\/todoenseguridad.com\/site\/wp-json\/wp\/v2\/berocket_brand?post=11041"}],"curies":[{"name":"wp","href":"https:\/\/api.w.org\/{rel}","templated":true}]}}