{"id":11038,"date":"2021-06-29T10:49:27","date_gmt":"2021-06-29T15:49:27","guid":{"rendered":"https:\/\/todoenseguridad.com\/site\/?post_type=product&#038;p=11038"},"modified":"2026-03-30T17:31:46","modified_gmt":"2026-03-30T22:31:46","slug":"wave-2ex-honeywell-sirena-para-interior-de-bajo-consumo-de-corriente","status":"publish","type":"product","link":"https:\/\/todoenseguridad.com\/site\/producto\/wave-2ex-honeywell-sirena-para-interior-de-bajo-consumo-de-corriente\/","title":{"rendered":"WAVE-2EX HONEYWELL Sirena para interior de bajo consumo de corriente"},"content":{"rendered":"<h2 id=\\\"product_title_35100\\\" class=\\\"no_margin_top titulo_vista_producto\\\"><span style=\\\"color: #0000ff\\\"><span class=\\\"modelo-marca\\\">WAVE-2EX<\/span> <span class=\\\"modelo-marca\\\">HONEYWELL<\/span> Sirena para interior de bajo consumo de corriente compatible con lo paneles Lynx Plus no con Lynx Touch<\/span><\/h2>\n<p><span style=\\\"color: #000000\\\">Ahora usted tiene la opci\u00f3n de instalar un equipo de sirenas, con tecnolog\u00eda de punta. Para interior y exterior.<\/span><\/p>\n<p><span style=\\\"color: #000000\\\">-Con montaje para r\u00e1pida instalaci\u00f3n.<\/span><br \/>\n<span style=\\\"color: #000000\\\">-Cubierta trasera canalizada para cableado.<\/span><br \/>\n<span style=\\\"color: #000000\\\">-Salida de dos tonos de 105 dB.<\/span><br \/>\n<span style=\\\"color: #000000\\\">-15 Watts de potencia.<\/span><br \/>\n<span style=\\\"color: #000000\\\">-Consumo de 110 mA.<\/span><\/p>\n","protected":false},"excerpt":{"rendered":"<p>WAVE-2EX HONEYWELL Sirena para interior de bajo consumo de corriente compatible con lo paneles Lynx Plus no con Lynx Touch Ahora usted tiene la opci\u00f3n de instalar un equipo de sirenas, con tecnolog\u00eda de punta. Para interior y exterior. -Con montaje para r\u00e1pida instalaci\u00f3n. -Cubierta trasera canalizada para cableado. -Salida de dos tonos de 105 [&hellip;]<\/p>\n","protected":false},"featured_media":11040,"template":"","meta":{"_acf_changed":false},"product_brand":[],"product_cat":[103,101],"product_tag":[],"berocket_brand":[],"class_list":{"0":"post-11038","1":"product","2":"type-product","3":"status-publish","4":"has-post-thumbnail","6":"product_cat-accesorios-alarmas","7":"product_cat-alarmas-y-hogar-inteligente-iot","9":"first","10":"instock","11":"taxable","12":"shipping-taxable","13":"purchasable","14":"product-type-simple","15":"berocket_lgv_grid","16":"berocket_lgv_list_grid"},"acf":[],"aioseo_notices":[],"_links":{"self":[{"href":"https:\/\/todoenseguridad.com\/site\/wp-json\/wp\/v2\/product\/11038","targetHints":{"allow":["GET"]}}],"collection":[{"href":"https:\/\/todoenseguridad.com\/site\/wp-json\/wp\/v2\/product"}],"about":[{"href":"https:\/\/todoenseguridad.com\/site\/wp-json\/wp\/v2\/types\/product"}],"wp:featuredmedia":[{"embeddable":true,"href":"https:\/\/todoenseguridad.com\/site\/wp-json\/wp\/v2\/media\/11040"}],"wp:attachment":[{"href":"https:\/\/todoenseguridad.com\/site\/wp-json\/wp\/v2\/media?parent=11038"}],"wp:term":[{"taxonomy":"product_brand","embeddable":true,"href":"https:\/\/todoenseguridad.com\/site\/wp-json\/wp\/v2\/product_brand?post=11038"},{"taxonomy":"product_cat","embeddable":true,"href":"https:\/\/todoenseguridad.com\/site\/wp-json\/wp\/v2\/product_cat?post=11038"},{"taxonomy":"product_tag","embeddable":true,"href":"https:\/\/todoenseguridad.com\/site\/wp-json\/wp\/v2\/product_tag?post=11038"},{"taxonomy":"berocket_brand","embeddable":true,"href":"https:\/\/todoenseguridad.com\/site\/wp-json\/wp\/v2\/berocket_brand?post=11038"}],"curies":[{"name":"wp","href":"https:\/\/api.w.org\/{rel}","templated":true}]}}