{"id":11033,"date":"2021-06-29T10:32:27","date_gmt":"2021-06-29T15:32:27","guid":{"rendered":"https:\/\/todoenseguridad.com\/site\/?post_type=product&#038;p=11033"},"modified":"2026-03-24T16:30:32","modified_gmt":"2026-03-24T21:30:32","slug":"is3050-honeywell-sensor-de-movimiento-con-detector-optico-alcance-de-hasta-16-metros","status":"publish","type":"product","link":"https:\/\/todoenseguridad.com\/site\/producto\/is3050-honeywell-sensor-de-movimiento-con-detector-optico-alcance-de-hasta-16-metros\/","title":{"rendered":"IS3050 HONEYWELL Sensor de Movimiento con Detector Optico\/ alcance de hasta 16 metros"},"content":{"rendered":"<h3 id=\\\"product_title_74749\\\" class=\\\"no_margin_top titulo_vista_producto\\\"><span style=\\\"color: #0000ff\\\"><span class=\\\"modelo-marca\\\">IS3050<\/span> <span class=\\\"modelo-marca\\\">HONEYWELL<\/span> Sensor de Movimiento con Detector Optico, alcance de hasta 16 metros<\/span><\/h3>\n<p><span style=\\\"color: #000000\\\">&#8211; Cobertura: 12 x 17 m<\/span><\/p>\n<p><span style=\\\"color: #000000\\\">&#8211; Consumo: 13 mA<\/span><\/p>\n<p><span style=\\\"color: #000000\\\">&#8211; Zonas de detecci\u00f3n: 46<\/span><\/p>\n<p><span style=\\\"color: #000000\\\">&#8211; Compensaci\u00f3n autom\u00e1tica de temperatura.<\/span><\/p>\n<p><span style=\\\"color: #000000\\\">&#8211; Rango de temperatura: -10 a 55 \u00b0C.<\/span><\/p>\n<p><span style=\\\"color: #000000\\\">&#8211; Tamper.<\/span><\/p>\n<p><span style=\\\"color: #000000\\\">&#8211; Dimensiones: 57 X 98 X 43.5 mm.<\/span><\/p>\n","protected":false},"excerpt":{"rendered":"<p>IS3050 HONEYWELL Sensor de Movimiento con Detector Optico, alcance de hasta 16 metros &#8211; Cobertura: 12 x 17 m &#8211; Consumo: 13 mA &#8211; Zonas de detecci\u00f3n: 46 &#8211; Compensaci\u00f3n autom\u00e1tica de temperatura. &#8211; Rango de temperatura: -10 a 55 \u00b0C. &#8211; Tamper. &#8211; Dimensiones: 57 X 98 X 43.5 mm.<\/p>\n","protected":false},"featured_media":11034,"template":"","meta":{"_acf_changed":false},"product_brand":[],"product_cat":[103,101],"product_tag":[],"berocket_brand":[],"class_list":{"0":"post-11033","1":"product","2":"type-product","3":"status-publish","4":"has-post-thumbnail","6":"product_cat-accesorios-alarmas","7":"product_cat-alarmas-y-hogar-inteligente-iot","9":"first","10":"instock","11":"taxable","12":"shipping-taxable","13":"purchasable","14":"product-type-simple","15":"berocket_lgv_grid","16":"berocket_lgv_list_grid"},"acf":[],"aioseo_notices":[],"_links":{"self":[{"href":"https:\/\/todoenseguridad.com\/site\/wp-json\/wp\/v2\/product\/11033","targetHints":{"allow":["GET"]}}],"collection":[{"href":"https:\/\/todoenseguridad.com\/site\/wp-json\/wp\/v2\/product"}],"about":[{"href":"https:\/\/todoenseguridad.com\/site\/wp-json\/wp\/v2\/types\/product"}],"wp:featuredmedia":[{"embeddable":true,"href":"https:\/\/todoenseguridad.com\/site\/wp-json\/wp\/v2\/media\/11034"}],"wp:attachment":[{"href":"https:\/\/todoenseguridad.com\/site\/wp-json\/wp\/v2\/media?parent=11033"}],"wp:term":[{"taxonomy":"product_brand","embeddable":true,"href":"https:\/\/todoenseguridad.com\/site\/wp-json\/wp\/v2\/product_brand?post=11033"},{"taxonomy":"product_cat","embeddable":true,"href":"https:\/\/todoenseguridad.com\/site\/wp-json\/wp\/v2\/product_cat?post=11033"},{"taxonomy":"product_tag","embeddable":true,"href":"https:\/\/todoenseguridad.com\/site\/wp-json\/wp\/v2\/product_tag?post=11033"},{"taxonomy":"berocket_brand","embeddable":true,"href":"https:\/\/todoenseguridad.com\/site\/wp-json\/wp\/v2\/berocket_brand?post=11033"}],"curies":[{"name":"wp","href":"https:\/\/api.w.org\/{rel}","templated":true}]}}