{"id":11030,"date":"2021-06-29T10:21:45","date_gmt":"2021-06-29T15:21:45","guid":{"rendered":"https:\/\/todoenseguridad.com\/site\/?post_type=product&#038;p=11030"},"modified":"2026-03-30T17:32:27","modified_gmt":"2026-03-30T22:32:27","slug":"5816-honeywell-contacto-magnetico-inalambrico-se-puede-conectar-otro-sensor-cableado","status":"publish","type":"product","link":"https:\/\/todoenseguridad.com\/site\/producto\/5816-honeywell-contacto-magnetico-inalambrico-se-puede-conectar-otro-sensor-cableado\/","title":{"rendered":"5816 HONEYWELL Contacto Magn\u00e9tico Inal\u00e1mbrico \/ Se puede conectar OTRO Sensor Cableado"},"content":{"rendered":"<h3 id=\\\"product_title_6974\\\" class=\\\"no_margin_top titulo_vista_producto\\\"><span style=\\\"color: #0000ff\\\"><span class=\\\"modelo-marca\\\">5816<\/span> <span class=\\\"modelo-marca\\\">HONEYWELL<\/span> Contacto Magn\u00e9tico Inal\u00e1mbrico \/ Se puede conectar OTRO Sensor Cableado \/ 2 Zonas \/Bater\u00eda de Larga Duraci\u00f3n 3-5 a\u00f1os<\/span><\/h3>\n<p>&nbsp;<\/p>\n<p><span style=\\\"color: #000000\\\">-Transmisor de dos zonas.<\/span><br \/>\n<span style=\\\"color: #000000\\\">-Caja de f\u00e1cil apertura (no se requiere herramienta).<\/span><br \/>\n<span style=\\\"color: #000000\\\">-Incluye bater\u00ed\u00ada reemplazable supervisada por el panel.<\/span><\/p>\n<p><span style=\\\"color: #000000\\\">*Requiere magneto para contacto.<\/span><\/p>\n","protected":false},"excerpt":{"rendered":"<p>5816 HONEYWELL Contacto Magn\u00e9tico Inal\u00e1mbrico \/ Se puede conectar OTRO Sensor Cableado \/ 2 Zonas \/Bater\u00eda de Larga Duraci\u00f3n 3-5 a\u00f1os &nbsp; -Transmisor de dos zonas. -Caja de f\u00e1cil apertura (no se requiere herramienta). -Incluye bater\u00ed\u00ada reemplazable supervisada por el panel. *Requiere magneto para contacto.<\/p>\n","protected":false},"featured_media":11031,"template":"","meta":{"_acf_changed":false},"product_brand":[],"product_cat":[103,101],"product_tag":[],"berocket_brand":[],"class_list":{"0":"post-11030","1":"product","2":"type-product","3":"status-publish","4":"has-post-thumbnail","6":"product_cat-accesorios-alarmas","7":"product_cat-alarmas-y-hogar-inteligente-iot","9":"first","10":"instock","11":"sale","12":"taxable","13":"shipping-taxable","14":"purchasable","15":"product-type-simple","16":"berocket_lgv_grid","17":"berocket_lgv_list_grid"},"acf":[],"aioseo_notices":[],"_links":{"self":[{"href":"https:\/\/todoenseguridad.com\/site\/wp-json\/wp\/v2\/product\/11030","targetHints":{"allow":["GET"]}}],"collection":[{"href":"https:\/\/todoenseguridad.com\/site\/wp-json\/wp\/v2\/product"}],"about":[{"href":"https:\/\/todoenseguridad.com\/site\/wp-json\/wp\/v2\/types\/product"}],"wp:featuredmedia":[{"embeddable":true,"href":"https:\/\/todoenseguridad.com\/site\/wp-json\/wp\/v2\/media\/11031"}],"wp:attachment":[{"href":"https:\/\/todoenseguridad.com\/site\/wp-json\/wp\/v2\/media?parent=11030"}],"wp:term":[{"taxonomy":"product_brand","embeddable":true,"href":"https:\/\/todoenseguridad.com\/site\/wp-json\/wp\/v2\/product_brand?post=11030"},{"taxonomy":"product_cat","embeddable":true,"href":"https:\/\/todoenseguridad.com\/site\/wp-json\/wp\/v2\/product_cat?post=11030"},{"taxonomy":"product_tag","embeddable":true,"href":"https:\/\/todoenseguridad.com\/site\/wp-json\/wp\/v2\/product_tag?post=11030"},{"taxonomy":"berocket_brand","embeddable":true,"href":"https:\/\/todoenseguridad.com\/site\/wp-json\/wp\/v2\/berocket_brand?post=11030"}],"curies":[{"name":"wp","href":"https:\/\/api.w.org\/{rel}","templated":true}]}}