{"id":11021,"date":"2021-06-28T14:27:16","date_gmt":"2021-06-28T19:27:16","guid":{"rendered":"https:\/\/todoenseguridad.com\/site\/?post_type=product&#038;p=11021"},"modified":"2025-02-13T17:30:07","modified_gmt":"2025-02-13T22:30:07","slug":"vista-48la-ntb-honeywellkit-de-panel-de-alarma-con-gabinete-bateria-y-transformador","status":"publish","type":"product","link":"https:\/\/todoenseguridad.com\/site\/producto\/vista-48la-ntb-honeywellkit-de-panel-de-alarma-con-gabinete-bateria-y-transformador\/","title":{"rendered":"VISTA-48LA-NTB HONEYWELL Kit de Panel de Alarma con Gabinete, Bater\u00eda y Transformador"},"content":{"rendered":"<h2 id=\"product_title_71762\" class=\"no_margin_top titulo_vista_producto\"><span style=\"color: #0000ff;\"><span class=\"modelo-marca\">VISTA-48LA-NTB<\/span> <span class=\"modelo-marca\">HONEYWELL<\/span>Kit de Panel de Alarma con Gabinete, Bater\u00eda y Transformador<\/span><\/h2>\n<p>&nbsp;<\/p>\n<h4><span style=\"color: #000000;\">Equipo Listo para Honeywell Total Connect (Casa Inteligente) y Monitoreo de Alarma de Alta Seguridad con ALARMNET (IP y 4G).<\/span><\/h4>\n<div class=\"col-md-9\">\n<h4><span style=\"color: #000000;\">Extremo Alta Seguridad<\/span><\/h4>\n<p><span style=\"color: #000000;\">ALARMNET segura que su se\u00f1al SIEMPRE LLEGUE. Su informaci\u00f3n es enviada encriptada, servidores en U.S.A. de alta redundancia y respaldo por 4G (M\u00faltiples Carriers).<\/span><\/p>\n<\/div>\n<h4><span style=\"color: #000000;\">Casa Inteligente con Total Connect<\/span><\/h4>\n<p><span style=\"color: #000000;\">Administre su Panel y otros dispositivos (Termostatos, Puertas, Sensores, Iluminaci\u00f3n) con Total Connect, la aplicaci\u00f3n l\u00edder en U.S.A. para casas inteligentes.<\/span><\/p>\n<p><span style=\"color: #000000;\">En esta imagen vemos el estado de la puerta principal, iluminaci\u00f3n en sala \/ comedor, puerta de garage, alertas por sensores y grabaci\u00f3n de c\u00e1maras nube.<\/span><\/p>\n<p>&nbsp;<\/p>\n<h4><span style=\"color: #000000;\">Grabaci\u00f3n de Video Nube de Alta Seguridad<\/span><\/h4>\n<p><span style=\"color: #000000;\">Acceda a video nube, extremo fluido y alta seguridad en servidores de Honeywell U.S.A. desde su m\u00f3vil o v\u00eda Web<\/span><\/p>\n<p>&nbsp;<\/p>\n<h4><span style=\"color: #000000;\">Armado Remoto de Alta Seguridad<\/span><\/h4>\n<p><span style=\"color: #000000;\">Controle remotamente particiones de seguridad para su negocio.<\/span><\/p>\n<p><span style=\"color: #000000;\">Maneje seguridad, control de acceso, y administraci\u00f3n de usuarios con particiones Honeywell Total Connect VISTA\u00ae.<\/span><\/p>\n<p>&nbsp;<\/p>\n<h4><span style=\"color: #000000;\">Convierte tu Casa en una Casa Inteligente<\/span><\/h4>\n<p><span style=\"color: #000000;\">Total Connect de Honeywell permite administrar todos los dispositivos con alta seguridad en cualquier dispositivo m\u00f3vil.<\/span><\/p>\n<p>&nbsp;<\/p>\n<div id=\"especificaciones\" class=\"tab-pane fade in active\">\n<p><span style=\"color: #000000;\">Panel de\u00a0alarma\u00a0para aplicaciones residenciales, negocios u oficinas.<\/span><\/p>\n<h4><span style=\"color: #000000;\"><strong>Sistema:<\/strong><\/span><\/h4>\n<p><span style=\"color: #000000;\">\u2022 Programaci\u00f3n por teclado alfanum\u00e9rico, software Downloading.<\/span><br \/>\n<span style=\"color: #000000;\">\u2022 M\u00e1ximo 8 teclados, soporta teclados alfanum\u00e9ricos, de iconos y sensibles al tacto; m\u00e1ximo 2 (se sugiere fuente de poder auxiliar).<\/span><br \/>\n<span style=\"color: #000000;\">\u2022 Tiempo de entrada definido por el instalador.<\/span><br \/>\n<span style=\"color: #000000;\">\u2022 2 zonas programables de entrada y salida con distintos tiempos.<\/span><br \/>\n<span style=\"color: #000000;\">\u2022 Funciones de automatizaci\u00f3n.<\/span><br \/>\n<span style=\"color: #000000;\">\u2022 Funci\u00f3n de auto armado y desarmado.<\/span><br \/>\n<span style=\"color: #000000;\">\u2022 Soporta m\u00f3dulo de relevadores 4204, m\u00e1ximo 4.<\/span><br \/>\n<span style=\"color: #000000;\">\u2022 250 eventos en memoria. La memoria se puede leer con el software COMPASS Downloading.<\/span><br \/>\n<span style=\"color: #000000;\">\u2022 3 particiones con opci\u00f3n de configurar una como lobby.<\/span><br \/>\n<span style=\"color: #000000;\">\u2022 Confirmaci\u00f3n de armado y desarmado.<\/span><br \/>\n<span style=\"color: #000000;\">\u2022 Auto Armado parcial configurable.<\/span><br \/>\n<span style=\"color: #000000;\">\u2022 Salida de sirena de 2 A.<\/span><br \/>\n<span style=\"color: #000000;\">\u2022 2 salidas de voltaje programables.<\/span><br \/>\n<span style=\"color: #000000;\">\u2022 Detecci\u00f3n de corte de l\u00ednea telef\u00f3nica.<\/span><br \/>\n<span style=\"color: #000000;\">\u2022 Corriente auxiliar de 600 mA<\/span><br \/>\n<span style=\"color: #000000;\">\u2022 Entrada de alimentaci\u00f3n de 16 Vca.<\/span><\/p>\n<h4><span style=\"color: #000000;\"><strong>Zonas:<\/strong><\/span><\/h4>\n<p><span style=\"color: #000000;\">\u2022 8 zonas programables, configurables con o sin resistencia de fin de l\u00ednea.<\/span><br \/>\n<span style=\"color: #000000;\">\u2022 Las zonas se pueden configurar de respuesta r\u00e1pida o lenta.<\/span><br \/>\n<span style=\"color: #000000;\">\u2022 Capacidad de duplicaci\u00f3n de zonas.<\/span><br \/>\n<span style=\"color: #000000;\">\u2022 En la zona uno soporta hasta 16 detectores de humo de dos hilos.<\/span><br \/>\n<span style=\"color: #000000;\">\u2022 Soporta detectores de humo de 4 hilos.<\/span><br \/>\n<span style=\"color: #000000;\">\u2022 Soporta 40 zonas inal\u00e1mbricas.<\/span><br \/>\n<span style=\"color: #000000;\">\u2022 24 tipos de zonas configurables.<\/span><br \/>\n<span style=\"color: #000000;\">\u2022 16 zonas adicionales para controles port\u00e1tiles.<\/span><br \/>\n<span style=\"color: #000000;\">\u2022 Soporta m\u00f3dulo de expansi\u00f3n de zonas cableados 4219 y 4229.<\/span><br \/>\n<span style=\"color: #000000;\">\u2022 Supervisi\u00f3n del sistema inal\u00e1mbrico al 100%.<\/span><br \/>\n<span style=\"color: #000000;\">\u2022 Alcance de hasta 60 m en la serie inal\u00e1mbrica 5800.<\/span><\/p>\n<h4><span style=\"color: #000000;\"><strong>Usuarios:<\/strong><\/span><\/h4>\n<p><span style=\"color: #000000;\">\u2022 48 c\u00f3digos de usuario.<\/span><br \/>\n<span style=\"color: #000000;\">\u2022 6 niveles de autoridad: instalador, maestro, est\u00e1ndar, invitado, s\u00f3lo armar y coacci\u00f3n.<\/span><br \/>\n<span style=\"color: #000000;\">\u2022 Sistema de armado r\u00e1pido.<\/span><br \/>\n<span style=\"color: #000000;\">\u2022 5 niveles de armado: total, parcial, noche, instant\u00e1neo y m\u00e1ximo.<\/span><br \/>\n<span style=\"color: #000000;\">\u2022 Aviso de puerta abierta (CHIME).<\/span><\/p>\n<h4><span style=\"color: #000000;\"><strong>Comunicaci\u00f3n:<\/strong><\/span><\/h4>\n<p><span style=\"color: #000000;\">\u2022 Comunicador interconstru\u00eddo para comunicaci\u00f3n con la Central Receptora de Alarmas.<\/span><br \/>\n<span style=\"color: #000000;\">\u2022 Soporta los formatos de comunicaci\u00f3n en 4+2 y CONTAC\/ID.<\/span><br \/>\n<span style=\"color: #000000;\">\u2022 Soporta opci\u00f3n de reporte dual y dividido.<\/span><br \/>\n<span style=\"color: #000000;\">\u2022 Compatible con los sistemas de comunicaci\u00f3n de Honeywell para AlarmNet.<\/span><\/p>\n<p><span style=\"color: #ff0000;\"><strong>Nota: En Total Connect la Particion 3 solo funciona como Area Comun<\/strong><\/span><\/p>\n<h4><span style=\"color: #000000;\"><strong>Incluye:<\/strong><\/span><\/h4>\n<ul>\n<li><span style=\"color: #000000;\">Panel de alarma VISTA de 48 zonas.<\/span><\/li>\n<li><span style=\"color: #000000;\">Teclado alfanum\u00e9rico con receptora inalambrico 6162RF<\/span><\/li>\n<li><span style=\"color: #000000;\">Bater\u00eda PL4.512 de 4.5 A.<\/span><\/li>\n<li><span style=\"color: #000000;\">Transformador de 16 Vca<\/span><\/li>\n<\/ul>\n<p>&nbsp;<\/p>\n<p><span style=\"color: #000000;\"><strong>*1 a\u00f1o de garantia<\/strong><\/span><\/p>\n<\/div>\n<div id=\"productosrelacionados\"><\/div>\n","protected":false},"excerpt":{"rendered":"<p>VISTA-48LA-NTB HONEYWELLKit de Panel de Alarma con Gabinete, Bater\u00eda y Transformador &nbsp; Equipo Listo para Honeywell Total Connect (Casa Inteligente) y Monitoreo de Alarma de Alta Seguridad con ALARMNET (IP y 4G). Extremo Alta Seguridad ALARMNET segura que su se\u00f1al SIEMPRE LLEGUE. Su informaci\u00f3n es enviada encriptada, servidores en U.S.A. de alta redundancia y respaldo [&hellip;]<\/p>\n","protected":false},"featured_media":11022,"template":"","meta":{"_acf_changed":false},"product_brand":[],"product_cat":[101,102],"product_tag":[],"berocket_brand":[],"class_list":{"0":"post-11021","1":"product","2":"type-product","3":"status-publish","4":"has-post-thumbnail","6":"product_cat-alarmas-y-hogar-inteligente-iot","7":"product_cat-kit","9":"first","10":"instock","11":"taxable","12":"shipping-taxable","13":"purchasable","14":"product-type-simple","15":"berocket_lgv_grid","16":"berocket_lgv_list_grid"},"acf":[],"aioseo_notices":[],"_links":{"self":[{"href":"https:\/\/todoenseguridad.com\/site\/wp-json\/wp\/v2\/product\/11021","targetHints":{"allow":["GET"]}}],"collection":[{"href":"https:\/\/todoenseguridad.com\/site\/wp-json\/wp\/v2\/product"}],"about":[{"href":"https:\/\/todoenseguridad.com\/site\/wp-json\/wp\/v2\/types\/product"}],"wp:featuredmedia":[{"embeddable":true,"href":"https:\/\/todoenseguridad.com\/site\/wp-json\/wp\/v2\/media\/11022"}],"wp:attachment":[{"href":"https:\/\/todoenseguridad.com\/site\/wp-json\/wp\/v2\/media?parent=11021"}],"wp:term":[{"taxonomy":"product_brand","embeddable":true,"href":"https:\/\/todoenseguridad.com\/site\/wp-json\/wp\/v2\/product_brand?post=11021"},{"taxonomy":"product_cat","embeddable":true,"href":"https:\/\/todoenseguridad.com\/site\/wp-json\/wp\/v2\/product_cat?post=11021"},{"taxonomy":"product_tag","embeddable":true,"href":"https:\/\/todoenseguridad.com\/site\/wp-json\/wp\/v2\/product_tag?post=11021"},{"taxonomy":"berocket_brand","embeddable":true,"href":"https:\/\/todoenseguridad.com\/site\/wp-json\/wp\/v2\/berocket_brand?post=11021"}],"curies":[{"name":"wp","href":"https:\/\/api.w.org\/{rel}","templated":true}]}}