{"id":11019,"date":"2021-06-28T13:51:15","date_gmt":"2021-06-28T18:51:15","guid":{"rendered":"https:\/\/todoenseguridad.com\/site\/?post_type=product&#038;p=11019"},"modified":"2025-02-13T17:30:58","modified_gmt":"2025-02-13T22:30:58","slug":"kit2mini-honeywell-kit-de-alarma-con-2-anos-de-comunicacion-ilimitada-4gltem-5g","status":"publish","type":"product","link":"https:\/\/todoenseguridad.com\/site\/producto\/kit2mini-honeywell-kit-de-alarma-con-2-anos-de-comunicacion-ilimitada-4gltem-5g\/","title":{"rendered":"KIT2MINI HONEYWELL KIT de Alarma con 2 A\u00d1OS de Comunicaci\u00f3n Ilimitada 4GLTEM \/ 5G"},"content":{"rendered":"<h2 id=\"product_title_159901\" class=\"no_margin_top titulo_vista_producto\"><span style=\"color: #0000ff;\"><span class=\"modelo-marca\">KIT2MINI<\/span> <span class=\"modelo-marca\">HONEYWELL <\/span>KIT de Alarma con 2 A\u00d1OS de Comunicaci\u00f3n Ilimitada 4GLTEM \/ 5G<\/span><\/h2>\n<p><span style=\"color: #000000;\">IT de Alarma con 2 A\u00d1OS de Comunicaci\u00f3n\u00a0 4GLTEM\/5G\u00a0<\/span><\/p>\n<p><span style=\"color: #000000;\">Incluye:<\/span><\/p>\n<ul>\n<li><span style=\"color: #000000;\">1 VISTA48LAPCB.- Panel de alarma VISTA de 48 zonas.<\/span><\/li>\n<li><span style=\"color: #000000;\">1 MN02LTEM.- Comunicador 4GLTEM\/5G Universal para panel de Alarma.<\/span><\/li>\n<li><span style=\"color: #000000;\">1 6162RF.- Teclado alfanum\u00e9rico con receptora inal\u00e1mbrico\u00a0<\/span><\/li>\n<li><span style=\"color: #000000;\">1 PL4.512.- Bater\u00eda 4.5 Ah.<\/span><\/li>\n<li><span style=\"color: #000000;\">1 IMP30 Gabienete de Sirena, de alta protecci\u00f3n.<\/span><\/li>\n<li><span style=\"color: #000000;\">1 DS-PDP18-EG2(P).- Sensor PIR Interior para detecci\u00f3n de movimiento..<\/span><\/li>\n<li><span style=\"color: #000000;\">2 SF2033.-Contacto Magn\u00e9tico de puerta o ventana<\/span><\/li>\n<li><span style=\"color: #000000;\">1 SF581A.- Sirena de 2 Tonos 30 W de potencia.<\/span><\/li>\n<li><span style=\"color: #000000;\">1 RT1640LS.- Transformador de 16.5Vca<\/span><\/li>\n<li><span style=\"color: #000000;\">Servicio de datos por 2 A\u00d1OS\u00a1\u00a1\u00a1\u00a0<\/span><\/li>\n<\/ul>\n<p><span style=\"color: #000000;\">Panel complejo de alarma para aplicaciones Residenciales, Negocios, Bodegas,Oficinas,etc.<\/span><\/p>\n<h3><span style=\"color: #000000;\"><strong>Sistema:<\/strong><\/span><\/h3>\n<p><span style=\"color: #000000;\">\u2022 250 eventos en memoria.<\/span><br \/>\n<span style=\"color: #000000;\">\u2022 3 particiones con opci\u00f3n de configurar una como lobby.<\/span><br \/>\n<span style=\"color: #000000;\">\u2022 Confirmaci\u00f3n de armado y desarmado.<\/span><br \/>\n<span style=\"color: #000000;\">\u2022 Auto Armado parcial configurable.<\/span><br \/>\n<span style=\"color: #000000;\">\u2022 Salida de sirena de 2 A.<\/span><br \/>\n<span style=\"color: #000000;\">\u2022 2 salidas de voltaje programables.<\/span><br \/>\n<span style=\"color: #000000;\">\u2022 Detecci\u00f3n de corte de l\u00ednea telef\u00f3nica.<\/span><br \/>\n<span style=\"color: #000000;\">\u2022 Corriente auxiliar de 600 mA<\/span><br \/>\n<span style=\"color: #000000;\">\u2022 Entrada de alimentaci\u00f3n de 16.5 Vca.<\/span><\/p>\n<h3><span style=\"color: #000000;\"><strong>Zonas:<\/strong><\/span><\/h3>\n<p><span style=\"color: #000000;\">\u2022 8 zonas programables, configurables con o sin resistencia de fin de l\u00ednea.<\/span><br \/>\n<span style=\"color: #000000;\">\u2022 Las zonas se pueden configurar de respuesta r\u00e1pida o lenta.<\/span><br \/>\n<span style=\"color: #000000;\">\u2022 Capacidad de duplicaci\u00f3n de zonas.<\/span><br \/>\n<span style=\"color: #000000;\">\u2022 En la zona uno soporta hasta 16 detectores de humo de dos hilos.<\/span><br \/>\n<span style=\"color: #000000;\">\u2022 Soporta 40 zonas inal\u00e1mbricas.<\/span><br \/>\n<span style=\"color: #000000;\">\u2022 24 tipos de zonas configurables.<\/span><br \/>\n<span style=\"color: #000000;\">\u2022 16 zonas adicionales para controles port\u00e1tiles.<\/span><br \/>\n<span style=\"color: #000000;\">\u2022 Soporta m\u00f3dulo de expansi\u00f3n de zonas cableados 4219 y 4229.<\/span><br \/>\n<span style=\"color: #000000;\">\u2022 Alcance de hasta 60 m en la serie inal\u00e1mbrica 5800.<\/span><\/p>\n<h3><span style=\"color: #000000;\"><strong>Usuarios:<\/strong><\/span><\/h3>\n<p><span style=\"color: #000000;\">\u2022 48 c\u00f3digos de usuario.<\/span><br \/>\n<span style=\"color: #000000;\">\u2022 6 niveles de autoridad: instalador, maestro, est\u00e1ndar, invitado, s\u00f3lo armar y coacci\u00f3n.<\/span><\/p>\n<h3><span style=\"color: #000000;\"><strong>Comunicaci\u00f3n:<\/strong><\/span><\/h3>\n<p><span style=\"color: #000000;\">Reporte Individual de usuarios cuando\u00a0 existe un armado o desarmado desde la Aplicaci\u00f3n M\u00f3vil.<\/span><br \/>\n<span style=\"color: #000000;\">Esto Permite la identificaci\u00f3n Remota del usuario que armo o desarmo el Panel desde su aplicativo m\u00f3vil.<\/span><br \/>\n<span style=\"color: #000000;\">\u00a0<\/span><br \/>\n<span style=\"color: #000000;\"><strong>Armado y Desarmado Remoto por medio del BUS de Datos<\/strong><\/span><\/p>\n<p><span style=\"color: #000000;\"><strong>Sin Necesidad de Programaci\u00f3n \/ Cero Configuraci\u00f3n<\/strong><\/span><\/p>\n<p><span style=\"color: #000000;\">Simplemente conecte el AUX+ y AUX-, RING y TIP de su panel al comunicador y listo, no requiere ninguna configuraci\u00f3n.<\/span><\/p>\n<p><span style=\"color: #000000;\"><strong>Aplicaci\u00f3n Celular para Usuario Final<\/strong><\/span><\/p>\n<p><span style=\"color: #000000;\"><strong>&#8211; Personalizada (LOGO de su Central de Monitoreo)<\/strong><\/span><\/p>\n<p><span style=\"color: #000000;\">-Disponible para iPhone y Android<\/span><\/p>\n<p><span style=\"color: #000000;\">-Armado y Desarmado Remoto por BUS de Datos<\/span><\/p>\n<p><span style=\"color: #000000;\">&#8211; Visualizacion de ZONAS y PARTICIONES<\/span><\/p>\n<p><span style=\"color: #000000;\">-Notificaciones en Tiempo Real<\/span><\/p>\n<p><span style=\"color: #000000;\">-Log de Eventos<\/span><\/p>\n","protected":false},"excerpt":{"rendered":"<p>KIT2MINI HONEYWELL KIT de Alarma con 2 A\u00d1OS de Comunicaci\u00f3n Ilimitada 4GLTEM \/ 5G IT de Alarma con 2 A\u00d1OS de Comunicaci\u00f3n\u00a0 4GLTEM\/5G\u00a0 Incluye: 1 VISTA48LAPCB.- Panel de alarma VISTA de 48 zonas. 1 MN02LTEM.- Comunicador 4GLTEM\/5G Universal para panel de Alarma. 1 6162RF.- Teclado alfanum\u00e9rico con receptora inal\u00e1mbrico\u00a0 1 PL4.512.- Bater\u00eda 4.5 Ah. 1 [&hellip;]<\/p>\n","protected":false},"featured_media":11020,"template":"","meta":{"_acf_changed":false},"product_brand":[],"product_cat":[101,102],"product_tag":[],"berocket_brand":[],"class_list":{"0":"post-11019","1":"product","2":"type-product","3":"status-publish","4":"has-post-thumbnail","6":"product_cat-alarmas-y-hogar-inteligente-iot","7":"product_cat-kit","9":"first","10":"instock","11":"taxable","12":"shipping-taxable","13":"purchasable","14":"product-type-simple","15":"berocket_lgv_grid","16":"berocket_lgv_list_grid"},"acf":[],"aioseo_notices":[],"_links":{"self":[{"href":"https:\/\/todoenseguridad.com\/site\/wp-json\/wp\/v2\/product\/11019","targetHints":{"allow":["GET"]}}],"collection":[{"href":"https:\/\/todoenseguridad.com\/site\/wp-json\/wp\/v2\/product"}],"about":[{"href":"https:\/\/todoenseguridad.com\/site\/wp-json\/wp\/v2\/types\/product"}],"wp:featuredmedia":[{"embeddable":true,"href":"https:\/\/todoenseguridad.com\/site\/wp-json\/wp\/v2\/media\/11020"}],"wp:attachment":[{"href":"https:\/\/todoenseguridad.com\/site\/wp-json\/wp\/v2\/media?parent=11019"}],"wp:term":[{"taxonomy":"product_brand","embeddable":true,"href":"https:\/\/todoenseguridad.com\/site\/wp-json\/wp\/v2\/product_brand?post=11019"},{"taxonomy":"product_cat","embeddable":true,"href":"https:\/\/todoenseguridad.com\/site\/wp-json\/wp\/v2\/product_cat?post=11019"},{"taxonomy":"product_tag","embeddable":true,"href":"https:\/\/todoenseguridad.com\/site\/wp-json\/wp\/v2\/product_tag?post=11019"},{"taxonomy":"berocket_brand","embeddable":true,"href":"https:\/\/todoenseguridad.com\/site\/wp-json\/wp\/v2\/berocket_brand?post=11019"}],"curies":[{"name":"wp","href":"https:\/\/api.w.org\/{rel}","templated":true}]}}