{"id":11007,"date":"2021-06-25T10:16:34","date_gmt":"2021-06-25T15:16:34","guid":{"rendered":"https:\/\/todoenseguridad.com\/site\/?post_type=product&#038;p=11007"},"modified":"2026-03-24T16:37:59","modified_gmt":"2026-03-24T21:37:59","slug":"x7-f-fanvil-telefono-ip-empresarial-para-20-lineas-sip-pantalla-tactil-bluetooth-integrado-para-diadema","status":"publish","type":"product","link":"https:\/\/todoenseguridad.com\/site\/producto\/x7-f-fanvil-telefono-ip-empresarial-para-20-lineas-sip-pantalla-tactil-bluetooth-integrado-para-diadema\/","title":{"rendered":"X7-F FANVIL Tel\u00e9fono IP empresarial para 20 lineas SIP, pantalla t\u00e1ctil, Bluetooth integrado para diadema"},"content":{"rendered":"<h2 id=\\\"product_title_167313\\\" class=\\\"no_margin_top titulo_vista_producto\\\"><span style=\\\"color: #0000ff\\\"><span class=\\\"modelo-marca\\\">X7-F<\/span> <span class=\\\"modelo-marca\\\">FANVIL<\/span> Tel\u00e9fono IP empresarial para 20 lineas SIP, pantalla t\u00e1ctil, Bluetooth integrado para diadema, PoE y hasta 127 botones DSS con doble puerto Gigabit, soporta recepci\u00f3n de video<\/span><\/h2>\n<p><span style=\\\"color: #000000\\\">Con un dise\u00f1o moderno y claro, Fanvil X7 es un tel\u00e9fono IP empresarial de gama alta para usuarios empresariales que necesitan acceso inmediato a toda su informaci\u00f3n importante. Adem\u00e1s de una pantalla t\u00e1ctil de 7 pulgadas de capacidad para hasta 127 entradas de teclas DSS, el tel\u00e9fono tambi\u00e9n cuenta con 20 l\u00edneas SIP, audio HD con soporte Opus, Bluetooth incorporado, conectividad Wi-Fi y m\u00e1s.<\/span><\/p>\n<p>&nbsp;<\/p>\n<p><span style=\\\"color: #000000\\\"><strong>Caracter\u00edsticas principales<\/strong><\/span><\/p>\n<ul>\n<li><span style=\\\"color: #000000\\\">20 l\u00edneas SIP, conferencia de 3 v\u00edas, hotspot<\/span><\/li>\n<li><span style=\\\"color: #000000\\\">Pantalla a color t\u00e1ctil de alta resoluci\u00f3n de 7 \\\u00bb<\/span><\/li>\n<li><span style=\\\"color: #000000\\\">Audio HD en altavoz y auricular.<\/span><\/li>\n<li><span style=\\\"color: #000000\\\">Hasta 127 entradas de llaves DSS disponibles\u00a0<\/span><\/li>\n<li><span style=\\\"color: #000000\\\">Bluetooth incorporado para conectar auriculares Bluetooth<\/span><\/li>\n<li><span style=\\\"color: #000000\\\">Conectividad Wi-Fi (a trav\u00e9s de dongle Wi-Fi)<\/span><\/li>\n<li><span style=\\\"color: #000000\\\">Soporte de codec H.264 de video para recibir llamadas de video<\/span><\/li>\n<li><span style=\\\"color: #000000\\\">Soporte con 2 \u00e1ngulos ajustables de 40 y 50 grados.<\/span><\/li>\n<li><span style=\\\"color: #000000\\\">Compatible con auriculares EHS<\/span><\/li>\n<li><span style=\\\"color: #000000\\\">Puertos Gigabit duales, PoE integrado<\/span><\/li>\n<li><span style=\\\"color: #000000\\\">Compatible con las principales plataformas: 3CX, Avaya, Asterisk, Broadsoft, Metaswitch, Elastix etc.<\/span><\/li>\n<li><span style=\\\"color: #000000\\\">Garantia 2 a\u00f1os.<\/span><\/li>\n<\/ul>\n<p><span style=\\\"color: #000000\\\"><strong>Caracter\u00edsticas de red<\/strong><\/span><\/p>\n<ul>\n<li><span style=\\\"color: #000000\\\">2 puertos Ethernet 10\/100\/1000 Mbps modo puente para bypass a PC<\/span><\/li>\n<li><span style=\\\"color: #000000\\\">Configuraci\u00f3n de IP: est\u00e1tico \/ DHCP \/ PPPoE<\/span><\/li>\n<li><span style=\\\"color: #000000\\\">Control de acceso por red: 802.1x<\/span><\/li>\n<li><span style=\\\"color: #000000\\\">VPN: L2TP (Desencriptado b\u00e1sico)<\/span><\/li>\n<li><span style=\\\"color: #000000\\\">VLAN<\/span><\/li>\n<li><span style=\\\"color: #000000\\\">QoS<\/span><\/li>\n<li><span style=\\\"color: #000000\\\">Bluetooth integrado<\/span><\/li>\n<li><span style=\\\"color: #000000\\\">Wi-Fi por medio de USB Dongle<\/span><\/li>\n<\/ul>\n<p><span style=\\\"color: #000000\\\"><strong>Caracter\u00edsticas f\u00edsicas y el\u00e9ctricas<\/strong><\/span><\/p>\n<ul>\n<li><span style=\\\"color: #000000\\\">Consumo con PoE 2.6W a 9W\u00a0<\/span><\/li>\n<li><span style=\\\"color: #000000\\\">Consumo con adaptador 2.4W a 8W<\/span><\/li>\n<li><span style=\\\"color: #000000\\\">Temperatura de trabajo de 0 a 40<\/span><\/li>\n<li><span style=\\\"color: #000000\\\">PoE 802.3af<\/span><\/li>\n<li><span style=\\\"color: #000000\\\">Entrada de adaptador DC 5 Vcc, 2.0 A<\/span><\/li>\n<\/ul>\n","protected":false},"excerpt":{"rendered":"<p>X7-F FANVIL Tel\u00e9fono IP empresarial para 20 lineas SIP, pantalla t\u00e1ctil, Bluetooth integrado para diadema, PoE y hasta 127 botones DSS con doble puerto Gigabit, soporta recepci\u00f3n de video Con un dise\u00f1o moderno y claro, Fanvil X7 es un tel\u00e9fono IP empresarial de gama alta para usuarios empresariales que necesitan acceso inmediato a toda su [&hellip;]<\/p>\n","protected":false},"featured_media":11008,"template":"","meta":{"_acf_changed":false},"product_brand":[],"product_cat":[216,217],"product_tag":[],"berocket_brand":[],"class_list":{"0":"post-11007","1":"product","2":"type-product","3":"status-publish","4":"has-post-thumbnail","6":"product_cat-telefonia-ip","7":"product_cat-telefono-ip","9":"first","10":"instock","11":"taxable","12":"shipping-taxable","13":"purchasable","14":"product-type-simple","15":"berocket_lgv_grid","16":"berocket_lgv_list_grid"},"acf":[],"aioseo_notices":[],"_links":{"self":[{"href":"https:\/\/todoenseguridad.com\/site\/wp-json\/wp\/v2\/product\/11007","targetHints":{"allow":["GET"]}}],"collection":[{"href":"https:\/\/todoenseguridad.com\/site\/wp-json\/wp\/v2\/product"}],"about":[{"href":"https:\/\/todoenseguridad.com\/site\/wp-json\/wp\/v2\/types\/product"}],"wp:featuredmedia":[{"embeddable":true,"href":"https:\/\/todoenseguridad.com\/site\/wp-json\/wp\/v2\/media\/11008"}],"wp:attachment":[{"href":"https:\/\/todoenseguridad.com\/site\/wp-json\/wp\/v2\/media?parent=11007"}],"wp:term":[{"taxonomy":"product_brand","embeddable":true,"href":"https:\/\/todoenseguridad.com\/site\/wp-json\/wp\/v2\/product_brand?post=11007"},{"taxonomy":"product_cat","embeddable":true,"href":"https:\/\/todoenseguridad.com\/site\/wp-json\/wp\/v2\/product_cat?post=11007"},{"taxonomy":"product_tag","embeddable":true,"href":"https:\/\/todoenseguridad.com\/site\/wp-json\/wp\/v2\/product_tag?post=11007"},{"taxonomy":"berocket_brand","embeddable":true,"href":"https:\/\/todoenseguridad.com\/site\/wp-json\/wp\/v2\/berocket_brand?post=11007"}],"curies":[{"name":"wp","href":"https:\/\/api.w.org\/{rel}","templated":true}]}}