{"id":11001,"date":"2021-06-24T11:14:37","date_gmt":"2021-06-24T16:14:37","guid":{"rendered":"https:\/\/todoenseguridad.com\/site\/?post_type=product&#038;p=11001"},"modified":"2026-03-24T16:38:29","modified_gmt":"2026-03-24T21:38:29","slug":"x5u-fanvil-telefono-ip-empresarial-con-estandares-europeos-16-lineas-sip-con-pantalla-lcd-a-color","status":"publish","type":"product","link":"https:\/\/todoenseguridad.com\/site\/producto\/x5u-fanvil-telefono-ip-empresarial-con-estandares-europeos-16-lineas-sip-con-pantalla-lcd-a-color\/","title":{"rendered":"X5U FANVIL Tel\u00e9fono IP Empresarial con Est\u00e1ndares Europeos, 16 lineas SIP con pantalla LCD a color"},"content":{"rendered":"<h2 id=\\\"product_title_174455\\\" class=\\\"no_margin_top titulo_vista_producto\\\"><span style=\\\"color: #0000ff\\\"><span class=\\\"modelo-marca\\\">X5U<\/span> <span class=\\\"modelo-marca\\\">FANVIL<\/span> Tel\u00e9fono IP Empresarial con Est\u00e1ndares Europeos, 16 lineas SIP con pantalla LCD a color, 30 teclas DSS\/BLF, puertos Gigabit, IPv6, Opus y conferencia de 3 v\u00edas, PoE\/DC (incluye fuente).<\/span><\/h2>\n<p>&nbsp;<\/p>\n<h3><span style=\\\"color: #000000\\\">Tel\u00e9fono IP de Estandares Europeos<\/span><\/h3>\n<p><span style=\\\"color: #000000\\\">El tel\u00e9fono\u00a0<strong>Intermedio<\/strong>\u00a0Empresarial<\/span><\/p>\n<ul>\n<li><span style=\\\"color: #000000\\\">Audio HD con codec G.722 y\u00a0<strong>Opus<\/strong>.<\/span><\/li>\n<li><span style=\\\"color: #000000\\\">16 l\u00edneas SIP<\/span><\/li>\n<li><span style=\\\"color: #000000\\\">Doble puerto Gigabit con PoE (Tambien incluye su fuente de alimentacion DC).<\/span><\/li>\n<li><span style=\\\"color: #000000\\\"><strong>Pantalla principal a Color de Alta definicion de 3.5\\\u00bb y pantalla lateral de 2.4\\\u00bb.<\/strong><\/span><\/li>\n<li><span style=\\\"color: #000000\\\">3 teclas de linea con luz led y 30 teclas DSS.<\/span><\/li>\n<li><span style=\\\"color: #000000\\\">Soporta diademas inalambricas EHS.<\/span><\/li>\n<li><span style=\\\"color: #000000\\\"><strong>Bluetooth integrado.<\/strong><\/span><\/li>\n<li><span style=\\\"color: #000000\\\">Soporta Wi-Fi via un dongle Wi-Fi.<\/span><\/li>\n<li><span style=\\\"color: #000000\\\">Soporta protocolo IPV4 e IPV6.<\/span><\/li>\n<li><span style=\\\"color: #000000\\\">Hasta 2000 contactos en agenda telefonica.<\/span><\/li>\n<li><span style=\\\"color: #000000\\\"><strong>OpenVPN<\/strong>.<\/span><\/li>\n<\/ul>\n<div class=\\\"col-sm-4\\\">\n<div>\n<p><span style=\\\"color: #000000\\\"><strong>Caracter\u00edsticas principales:<\/strong><\/span><\/p>\n<ul>\n<li><span style=\\\"color: #000000\\\">16 lineas SIP.<\/span><\/li>\n<li><span style=\\\"color: #000000\\\">Soporta diademas Bluetooth.<\/span><\/li>\n<li><span style=\\\"color: #000000\\\">Soporta conectividad Wi-Fi (via USB dongle).<\/span><\/li>\n<li><span style=\\\"color: #000000\\\">Pantalla principal a color de 3.5\\\u00bb y 1 pantalla de 2.4\\\u00bb.<\/span><\/li>\n<li><span style=\\\"color: #000000\\\">Soporta EHS. (Compatible con Jabra).<\/span><\/li>\n<li><span style=\\\"color: #000000\\\">Doble puerto Giga Ethernet.<\/span><\/li>\n<li><span style=\\\"color: #000000\\\">PoE habilitado.<\/span><\/li>\n<li><span style=\\\"color: #000000\\\">Hasta 30 teclas DSS (6 teclas fisicas)<\/span><\/li>\n<li><span style=\\\"color: #000000\\\">Soporta Opus.<\/span><\/li>\n<li><span style=\\\"color: #000000\\\">Soporte con 2 angulos ajustables de 45 y 50 grados.<\/span><\/li>\n<li><span style=\\\"color: #000000\\\">Montaje en pared (requiere accesorio <strong>WB102F<\/strong>).<\/span><\/li>\n<li><span style=\\\"color: #000000\\\">Compatible con las principales plataformas: Asterisk, Broadsoft, 3CX, Metaswitch, Elastix, Avaya etc.<\/span><\/li>\n<li><span style=\\\"color: #000000\\\"><strong>Garant\u00eda: 2 a\u00f1os.<\/strong><\/span><\/li>\n<\/ul>\n<div class=\\\"col-sm-4\\\">\n<div>\n<p><span style=\\\"color: #000000\\\"><strong>Caracter\u00edsticas F\u00edsicas y El\u00e9ctricas:<\/strong><\/span><\/p>\n<ul>\n<li><span style=\\\"color: #000000\\\">Alimentacion v\u00eda PoE 802.3af o 5Vcc, 2.0A (<strong>fuente incluida<\/strong>).<\/span><\/li>\n<li><span style=\\\"color: #000000\\\">2 puertos RJ45.<\/span><\/li>\n<li><span style=\\\"color: #000000\\\">2 puertos RJ9.<\/span><\/li>\n<li><span style=\\\"color: #000000\\\">Material: plastico.<\/span><\/li>\n<li><span style=\\\"color: #000000\\\">Temperatura de operaci\u00f3n: 0\u00ba ~ 45\u00ba C.<\/span><\/li>\n<\/ul>\n<div class=\\\"col-sm-4\\\">\n<div>\n<p><span style=\\\"color: #000000\\\"><strong>Caracter\u00edsticas de Red:<\/strong><\/span><\/p>\n<ul>\n<li><span style=\\\"color: #000000\\\">Doble puerto de red 10\/100\/1000Mbps.<\/span><\/li>\n<li><span style=\\\"color: #000000\\\">VPN: L2TP \/ OpenVPN.<\/span><\/li>\n<li><span style=\\\"color: #000000\\\">VLAN.<\/span><\/li>\n<li><span style=\\\"color: #000000\\\">LLDP.<\/span><\/li>\n<li><span style=\\\"color: #000000\\\">IPv4\/IPv6\/IPv4&amp;IPv6.<\/span><\/li>\n<li><span style=\\\"color: #000000\\\">SIP 2.0 sobre UDP\/TCP\/TLS.<\/span><\/li>\n<li><span style=\\\"color: #000000\\\">PPPoE.<\/span><\/li>\n<li><span style=\\\"color: #000000\\\">QoS.<\/span><\/li>\n<\/ul>\n<\/div>\n<\/div>\n<\/div>\n<\/div>\n<\/div>\n<\/div>\n","protected":false},"excerpt":{"rendered":"<p>X5U FANVIL Tel\u00e9fono IP Empresarial con Est\u00e1ndares Europeos, 16 lineas SIP con pantalla LCD a color, 30 teclas DSS\/BLF, puertos Gigabit, IPv6, Opus y conferencia de 3 v\u00edas, PoE\/DC (incluye fuente). &nbsp; Tel\u00e9fono IP de Estandares Europeos El tel\u00e9fono\u00a0Intermedio\u00a0Empresarial Audio HD con codec G.722 y\u00a0Opus. 16 l\u00edneas SIP Doble puerto Gigabit con PoE (Tambien incluye [&hellip;]<\/p>\n","protected":false},"featured_media":11003,"template":"","meta":{"_acf_changed":false},"product_brand":[],"product_cat":[216,217],"product_tag":[],"berocket_brand":[],"class_list":{"0":"post-11001","1":"product","2":"type-product","3":"status-publish","4":"has-post-thumbnail","6":"product_cat-telefonia-ip","7":"product_cat-telefono-ip","9":"first","10":"instock","11":"taxable","12":"shipping-taxable","13":"purchasable","14":"product-type-simple","15":"berocket_lgv_grid","16":"berocket_lgv_list_grid"},"acf":[],"aioseo_notices":[],"_links":{"self":[{"href":"https:\/\/todoenseguridad.com\/site\/wp-json\/wp\/v2\/product\/11001","targetHints":{"allow":["GET"]}}],"collection":[{"href":"https:\/\/todoenseguridad.com\/site\/wp-json\/wp\/v2\/product"}],"about":[{"href":"https:\/\/todoenseguridad.com\/site\/wp-json\/wp\/v2\/types\/product"}],"wp:featuredmedia":[{"embeddable":true,"href":"https:\/\/todoenseguridad.com\/site\/wp-json\/wp\/v2\/media\/11003"}],"wp:attachment":[{"href":"https:\/\/todoenseguridad.com\/site\/wp-json\/wp\/v2\/media?parent=11001"}],"wp:term":[{"taxonomy":"product_brand","embeddable":true,"href":"https:\/\/todoenseguridad.com\/site\/wp-json\/wp\/v2\/product_brand?post=11001"},{"taxonomy":"product_cat","embeddable":true,"href":"https:\/\/todoenseguridad.com\/site\/wp-json\/wp\/v2\/product_cat?post=11001"},{"taxonomy":"product_tag","embeddable":true,"href":"https:\/\/todoenseguridad.com\/site\/wp-json\/wp\/v2\/product_tag?post=11001"},{"taxonomy":"berocket_brand","embeddable":true,"href":"https:\/\/todoenseguridad.com\/site\/wp-json\/wp\/v2\/berocket_brand?post=11001"}],"curies":[{"name":"wp","href":"https:\/\/api.w.org\/{rel}","templated":true}]}}