{"id":10996,"date":"2021-06-24T10:48:02","date_gmt":"2021-06-24T15:48:02","guid":{"rendered":"https:\/\/todoenseguridad.com\/site\/?post_type=product&#038;p=10996"},"modified":"2026-03-24T16:39:12","modified_gmt":"2026-03-24T21:39:12","slug":"x3sp-v2-fanvil-telefono-ip-empresarial-para-4-lineas-sip-con-pantalla-lcd-de-2-4-pulgadas-a-color","status":"publish","type":"product","link":"https:\/\/todoenseguridad.com\/site\/producto\/x3sp-v2-fanvil-telefono-ip-empresarial-para-4-lineas-sip-con-pantalla-lcd-de-2-4-pulgadas-a-color\/","title":{"rendered":"X3SP-V2 FANVIL Tel\u00e9fono IP empresarial para 4 l\u00edneas SIP con pantalla LCD de 2.4 pulgadas a color"},"content":{"rendered":"<h2 id=\\\"product_title_177615\\\" class=\\\"no_margin_top titulo_vista_producto\\\"><span style=\\\"color: #0000ff\\\"><span class=\\\"modelo-marca\\\">X3SP-V2<\/span> <span class=\\\"modelo-marca\\\">FANVIL<\/span> Tel\u00e9fono IP empresarial para 4 l\u00edneas SIP con pantalla LCD de 2.4 pulgadas a color, Opus y conferencia de 3 v\u00edas, PoE.<\/span><\/h2>\n<p>&nbsp;<\/p>\n<p><span style=\\\"color: #000000\\\">El\u00a0<strong>X3SPV2<\/strong>\u00a0es un telefono con pantalla a color y todas las caracteristicas necesarias de VoIP y otras caracteristicas extendidas como diadema EHS, que proporciona alta calidad y experiencia conveniente para los usuarios a un precio asequible.<\/span><\/p>\n<p>&nbsp;<\/p>\n<div class=\\\"col-sm-4\\\">\n<div>\n<p><span style=\\\"color: #000000\\\"><strong>Caracter\u00edsticas principales:<\/strong><\/span><\/p>\n<ul>\n<li><span style=\\\"color: #000000\\\">4 lineas SIP.<\/span><\/li>\n<li><span style=\\\"color: #000000\\\">Agenda local de 500 registros.<\/span><\/li>\n<li><span style=\\\"color: #000000\\\">Pantalla a color de 2.4\\\u00bb.<\/span><\/li>\n<li><span style=\\\"color: #000000\\\">Soporta EHS. (Compatible con Jabra).<\/span><\/li>\n<li><span style=\\\"color: #000000\\\">PoE habilitado.<\/span><\/li>\n<li><span style=\\\"color: #000000\\\">Soporte con 2 angulos ajustables de 45 y 50 grados.<\/span><\/li>\n<li><span style=\\\"color: #000000\\\">Montaje en pared (requiere accesorio).<\/span><\/li>\n<li><span style=\\\"color: #000000\\\"><strong>Compatible<\/strong> con las principales plataformas: <strong>Grandstream<\/strong>\u00a0<strong>UCM62XX<\/strong>,\u00a0<strong>UCM63XX<\/strong>,\u00a0 Asterisk, Broadsoft, 3CX, Metaswitch, Elastix, Avaya etc.<\/span><\/li>\n<li><span style=\\\"color: #000000\\\"><strong>Garant\u00eda: 2 a\u00f1os.<\/strong><\/span><\/li>\n<\/ul>\n<div class=\\\"col-sm-4\\\">\n<div>\n<p><span style=\\\"color: #000000\\\"><strong>Caracter\u00edsticas F\u00edsicas y El\u00e9ctricas:<\/strong><\/span><\/p>\n<ul>\n<li><span style=\\\"color: #000000\\\">Alimentacion v\u00eda PoE 802.3af o 5Vcc, 0.6A (fuente no incluida).<\/span><\/li>\n<li><span style=\\\"color: #000000\\\">2 puertos RJ45.<\/span><\/li>\n<li><span style=\\\"color: #000000\\\">2 puertos RJ9.<\/span><\/li>\n<li><span style=\\\"color: #000000\\\">Material: plastico.<\/span><\/li>\n<li><span style=\\\"color: #000000\\\">Temperatura de operaci\u00f3n: 0\u00ba ~ 45\u00ba C.<\/span><\/li>\n<\/ul>\n<div class=\\\"col-sm-4\\\">\n<div>\n<p><span style=\\\"color: #000000\\\"><strong>Caracter\u00edsticas de Red:<\/strong><\/span><\/p>\n<ul>\n<li><span style=\\\"color: #000000\\\">Doble puerto de red 10\/100Mbps.<\/span><\/li>\n<li><span style=\\\"color: #000000\\\">VPN: L2TP \/ OpenVPN.<\/span><\/li>\n<li><span style=\\\"color: #000000\\\">VLAN.<\/span><\/li>\n<li><span style=\\\"color: #000000\\\">LLDP.<\/span><\/li>\n<li><span style=\\\"color: #000000\\\">IPv4.<\/span><\/li>\n<li><span style=\\\"color: #000000\\\">SIP 2.0 sobre UDP\/TCP\/TLS.<\/span><\/li>\n<li><span style=\\\"color: #000000\\\">PPPoE.<\/span><\/li>\n<li><span style=\\\"color: #000000\\\">QoS.<\/span><\/li>\n<\/ul>\n<\/div>\n<\/div>\n<\/div>\n<\/div>\n<\/div>\n<\/div>\n","protected":false},"excerpt":{"rendered":"<p>X3SP-V2 FANVIL Tel\u00e9fono IP empresarial para 4 l\u00edneas SIP con pantalla LCD de 2.4 pulgadas a color, Opus y conferencia de 3 v\u00edas, PoE. &nbsp; El\u00a0X3SPV2\u00a0es un telefono con pantalla a color y todas las caracteristicas necesarias de VoIP y otras caracteristicas extendidas como diadema EHS, que proporciona alta calidad y experiencia conveniente para los [&hellip;]<\/p>\n","protected":false},"featured_media":10998,"template":"","meta":{"_acf_changed":false},"product_brand":[],"product_cat":[216,217],"product_tag":[],"berocket_brand":[],"class_list":{"0":"post-10996","1":"product","2":"type-product","3":"status-publish","4":"has-post-thumbnail","6":"product_cat-telefonia-ip","7":"product_cat-telefono-ip","9":"first","10":"instock","11":"taxable","12":"shipping-taxable","13":"purchasable","14":"product-type-simple","15":"berocket_lgv_grid","16":"berocket_lgv_list_grid"},"acf":[],"aioseo_notices":[],"_links":{"self":[{"href":"https:\/\/todoenseguridad.com\/site\/wp-json\/wp\/v2\/product\/10996","targetHints":{"allow":["GET"]}}],"collection":[{"href":"https:\/\/todoenseguridad.com\/site\/wp-json\/wp\/v2\/product"}],"about":[{"href":"https:\/\/todoenseguridad.com\/site\/wp-json\/wp\/v2\/types\/product"}],"wp:featuredmedia":[{"embeddable":true,"href":"https:\/\/todoenseguridad.com\/site\/wp-json\/wp\/v2\/media\/10998"}],"wp:attachment":[{"href":"https:\/\/todoenseguridad.com\/site\/wp-json\/wp\/v2\/media?parent=10996"}],"wp:term":[{"taxonomy":"product_brand","embeddable":true,"href":"https:\/\/todoenseguridad.com\/site\/wp-json\/wp\/v2\/product_brand?post=10996"},{"taxonomy":"product_cat","embeddable":true,"href":"https:\/\/todoenseguridad.com\/site\/wp-json\/wp\/v2\/product_cat?post=10996"},{"taxonomy":"product_tag","embeddable":true,"href":"https:\/\/todoenseguridad.com\/site\/wp-json\/wp\/v2\/product_tag?post=10996"},{"taxonomy":"berocket_brand","embeddable":true,"href":"https:\/\/todoenseguridad.com\/site\/wp-json\/wp\/v2\/berocket_brand?post=10996"}],"curies":[{"name":"wp","href":"https:\/\/api.w.org\/{rel}","templated":true}]}}