{"id":10987,"date":"2021-06-24T09:47:04","date_gmt":"2021-06-24T14:47:04","guid":{"rendered":"https:\/\/todoenseguridad.com\/site\/?post_type=product&#038;p=10987"},"modified":"2026-03-24T16:40:50","modified_gmt":"2026-03-24T21:40:50","slug":"wp-820-grandstream-telefono-wifi-portatil-empresarial-conectividad-a-la-red-voip-via-wifi","status":"publish","type":"product","link":"https:\/\/todoenseguridad.com\/site\/producto\/wp-820-grandstream-telefono-wifi-portatil-empresarial-conectividad-a-la-red-voip-via-wifi\/","title":{"rendered":"WP-820 GRANDSTREAM Tel\u00e9fono WiFi port\u00e1til empresarial\/ conectividad a la red VoIP v\u00eda WiFi"},"content":{"rendered":"<h2 id=\\\"product_title_156500\\\" class=\\\"no_margin_top titulo_vista_producto\\\"><span style=\\\"color: #0000ff\\\"><span class=\\\"modelo-marca\\\">WP-820<\/span> <span class=\\\"modelo-marca\\\">GRANDSTREAM<\/span> Tel\u00e9fono WiFi port\u00e1til empresarial, conectividad a la red VoIP v\u00eda WiFi<\/span><\/h2>\n<p><span style=\\\"color: #000000\\\">El WP820 es un tel\u00e9fono Wifi port\u00e1til dise\u00f1ado para adaptarse a una variedad de aplicaciones empresariales y del mercado vertical, incluyendo ventas al menudeo, log\u00edstica, servicios de salud y seguridad. Este poderoso tel\u00e9fono Wifi port\u00e1til viene equipado con soporte Wifi integrado de doble banda 802.11a\/b\/g\/n, avanzado dise\u00f1o de antena y soporte de roaming y Bluetooth integrado para conectar con aud\u00edfonos y dispositivos m\u00f3viles. Adem\u00e1s de 7.5 horas de conversaci\u00f3n y voz HD con micr\u00f3fonos duales, el WP820 ofrece una poderosa combinaci\u00f3n de caracter\u00edsticas, movilidad y durabilidad para satisfacer todas las necesidades de telefon\u00eda port\u00e1tiles.<\/span><\/p>\n<p><span style=\\\"color: #000000\\\"><em><strong>Protocolo\/Est\u00e1ndares:<\/strong><\/em> SIP RFC3261, TCP\/IP\/UDP, RTP\/RTCP, HTTP\/HTTPS, ARP, ICMP, DNS (A record, SRV, NAPTR), DHCP, SSH, TFTP, NTP, STUN, SIMPLE, LLDP-MED, LDAP, TR-069, 802.1x, TLS, SRTP, IPv6<\/span><\/p>\n<p><span style=\\\"color: #000000\\\"><em><strong>C\u00f3decs de Voz:<\/strong><\/em> Soporte para G.711\u00b5\/a, G.729A\/B, G.722 (banda ancha), iLBC, Opus, DTMF en la banda y fuera de la banda (In audio, RFC2833, SIP INFO)<\/span><\/p>\n<p><span style=\\\"color: #000000\\\"><strong><em>Gr\u00e1ficos:<\/em><\/strong> LCD a color TFT de 2.4 pulgadas (240&#215;320)<\/span><\/p>\n<p><span style=\\\"color: #000000\\\"><em><strong>Perif\u00e9ricos:<\/strong><\/em> 3 teclas de funci\u00f3n, marcaci\u00f3n, colgado, altavoz, directorio telef\u00f3nico, teclado con iluminaci\u00f3n de fondo, sensor de proximidad, acelerador, motor de vibraci\u00f3n<\/span><\/p>\n<p><span style=\\\"color: #000000\\\"><em><strong>Bluetooth:<\/strong><\/em> S\u00ed, Bluetooth 4.2<\/span><\/p>\n<p><span style=\\\"color: #000000\\\"><strong><em>Puertos:<\/em><\/strong> Auxiliares Conector para aud\u00edfonos de 3.5 mm, puerto micro USB para carga, micr\u00f3fono dual<\/span><\/p>\n<p><span style=\\\"color: #000000\\\"><em><strong>Telefon\u00eda:\u00a0<\/strong><\/em>Retenci\u00f3n, transferencia, desv\u00edo, conferencia de audio de 3 participantes, estacionamiento\/recuperaci\u00f3n de llamadas, estado de l\u00ednea compartida (SCA)\/estado de l\u00ednea en puente (BLA), directorio telef\u00f3nico descargable (XML, LDAP, hasta 500 contactos), llamada en espera, registro de llamadas (hasta 100 registros), marcaci\u00f3n autom\u00e1tica al descolgar, contestaci\u00f3n autom\u00e1tica, clic para marcar, plan de marcaci\u00f3n flexible, hot desking, tonos musicales de llamada personalizados y m\u00fasica en espera, redundancia de servidor y tolerancia frente a fallos, funci\u00f3n PTT (pulsar para hablar)<\/span><\/p>\n<p><span style=\\\"color: #000000\\\"><em><strong>Sistema Operativo:<\/strong><\/em> Android 7.0, soporta aplicaciones personalizadas para Android que corresponden a la pantalla \/ el teclado del tel\u00e9fono<\/span><\/p>\n<p><span style=\\\"color: #000000\\\"><em><strong>Seguridad:<\/strong><\/em> Contrase\u00f1as a nivel de usuario y administrador, autenticaci\u00f3n basada en MD5 y MD5-sess, archivo de configuraci\u00f3n segura basado en AES de 256 bits, SRTP, TLS, Control de Acceso al Medio 802.1x<\/span><\/p>\n<p><span style=\\\"color: #000000\\\"><em><strong>Audio HD:<\/strong><\/em> S\u00ed, tanto en aud\u00edfonos, como en altavoz con soporte para audio de banda ancha, compatibilidad con HAC<\/span><\/p>\n<p><span style=\\\"color: #000000\\\"><em><strong>QoS:<\/strong><\/em> Layer 2 (802.1Q, 802.1p), 802.11e y Layer 3 (ToS, DiffServ, MPLS) QoS<\/span><\/p>\n<p><span style=\\\"color: #000000\\\"><em><strong>Multilenguaje:<\/strong><\/em> Ingl\u00e9s, \u00e1rabe, chino, croata, checo, holand\u00e9s, alem\u00e1n, franc\u00e9s, hebreo, h\u00fangaro, italiano, japon\u00e9s, coreano, polaco, portugu\u00e9s, ruso, esloveno, espa\u00f1ol, turco<\/span><\/p>\n<p><span style=\\\"color: #000000\\\"><em><strong>Actualizaci\u00f3n\/ Aprovisionamiento:<\/strong><\/em> Actualizaci\u00f3n de firmware por medio de TFTP \/ HTTP \/ HTTPS, aprovisionamiento masivo usando TR-069 o el archivo de configuraci\u00f3n XML cifrado con AES<\/span><\/p>\n<p><span style=\\\"color: #000000\\\"><em><strong>Alimentaci\u00f3n y Eficiencia de Energ\u00eda Limpia:<\/strong><\/em> Adaptador de energ\u00eda universal incluido Entrada: 100-240VAC; Salida: +5VDC, 1A (5W) Bater\u00eda de ion de litio de 1500mA, tiempo en espera de 150 horas y tiempo de conversaci\u00f3n de 7.5 horas<\/span><\/p>\n<p><span style=\\\"color: #000000\\\"><em><strong>Especificaciones F\u00edsicas:<\/strong><\/em> Dimensiones de aud\u00edfonos: 168.5 x 52.5 x 21.8mm Dimensiones de cargador: 76 x 73 x 81mm Peso de aud\u00edfonos: 161g Peso de aud\u00edfonos con paquete (sin incluir la Gu\u00eda de Instalaci\u00f3n R\u00e1pida): 456g<\/span><\/p>\n<p><span style=\\\"color: #000000\\\"><strong><em>Temperatura y Humedad:<\/em><\/strong> Temperatura de Operaci\u00f3n: 0\u00b0C a 45\u00b0C; Humedad de Operaci\u00f3n: 10-90% (sin condensaci\u00f3n) Temperatura de Almacenamiento: -20\u00b0C a 60\u00b0C; Humedad de Almacenamiento: 10%-90% (sin condensaci\u00f3n)<\/span><\/p>\n<p><span style=\\\"color: #000000\\\"><em><strong>Contenido del Paquete:<\/strong><\/em> Aud\u00edfonos, suministro el\u00e9ctrico universal, cargador, clip para cintur\u00f3n, 1 bater\u00eda de ion de litio, Gu\u00eda de Configuraci\u00f3n R\u00e1pida<\/span><\/p>\n<p><span style=\\\"color: #000000\\\"><strong><em>Conformidad:\u00a0<\/em><\/strong>FCC, CE, RCM, EAC<\/span><\/p>\n<p><span style=\\\"color: #000000\\\"><strong><em>* 1 a\u00f1o de garantia<\/em><\/strong><\/span><\/p>\n","protected":false},"excerpt":{"rendered":"<p>WP-820 GRANDSTREAM Tel\u00e9fono WiFi port\u00e1til empresarial, conectividad a la red VoIP v\u00eda WiFi El WP820 es un tel\u00e9fono Wifi port\u00e1til dise\u00f1ado para adaptarse a una variedad de aplicaciones empresariales y del mercado vertical, incluyendo ventas al menudeo, log\u00edstica, servicios de salud y seguridad. Este poderoso tel\u00e9fono Wifi port\u00e1til viene equipado con soporte Wifi integrado de [&hellip;]<\/p>\n","protected":false},"featured_media":10988,"template":"","meta":{"_acf_changed":false},"product_brand":[],"product_cat":[216,217],"product_tag":[],"berocket_brand":[],"class_list":{"0":"post-10987","1":"product","2":"type-product","3":"status-publish","4":"has-post-thumbnail","6":"product_cat-telefonia-ip","7":"product_cat-telefono-ip","9":"first","10":"instock","11":"taxable","12":"shipping-taxable","13":"purchasable","14":"product-type-simple","15":"berocket_lgv_grid","16":"berocket_lgv_list_grid"},"acf":[],"aioseo_notices":[],"_links":{"self":[{"href":"https:\/\/todoenseguridad.com\/site\/wp-json\/wp\/v2\/product\/10987","targetHints":{"allow":["GET"]}}],"collection":[{"href":"https:\/\/todoenseguridad.com\/site\/wp-json\/wp\/v2\/product"}],"about":[{"href":"https:\/\/todoenseguridad.com\/site\/wp-json\/wp\/v2\/types\/product"}],"wp:featuredmedia":[{"embeddable":true,"href":"https:\/\/todoenseguridad.com\/site\/wp-json\/wp\/v2\/media\/10988"}],"wp:attachment":[{"href":"https:\/\/todoenseguridad.com\/site\/wp-json\/wp\/v2\/media?parent=10987"}],"wp:term":[{"taxonomy":"product_brand","embeddable":true,"href":"https:\/\/todoenseguridad.com\/site\/wp-json\/wp\/v2\/product_brand?post=10987"},{"taxonomy":"product_cat","embeddable":true,"href":"https:\/\/todoenseguridad.com\/site\/wp-json\/wp\/v2\/product_cat?post=10987"},{"taxonomy":"product_tag","embeddable":true,"href":"https:\/\/todoenseguridad.com\/site\/wp-json\/wp\/v2\/product_tag?post=10987"},{"taxonomy":"berocket_brand","embeddable":true,"href":"https:\/\/todoenseguridad.com\/site\/wp-json\/wp\/v2\/berocket_brand?post=10987"}],"curies":[{"name":"wp","href":"https:\/\/api.w.org\/{rel}","templated":true}]}}