{"id":10982,"date":"2021-06-18T11:36:26","date_gmt":"2021-06-18T16:36:26","guid":{"rendered":"https:\/\/todoenseguridad.com\/site\/?post_type=product&#038;p=10982"},"modified":"2026-03-24T16:41:23","modified_gmt":"2026-03-24T21:41:23","slug":"grp2603p-grandstream-telefono-ip-grado-operador-3-lineas-sip-con-6-cuentas","status":"publish","type":"product","link":"https:\/\/todoenseguridad.com\/site\/producto\/grp2603p-grandstream-telefono-ip-grado-operador-3-lineas-sip-con-6-cuentas\/","title":{"rendered":"GRP2603P GRANDSTREAM Tel\u00e9fono IP Grado Operador, 3 l\u00edneas SIP con 6 cuentas"},"content":{"rendered":"<h2 id=\\\"product_title_192331\\\" class=\\\"no_margin_top titulo_vista_producto\\\"><span style=\\\"color: #0000ff\\\"><span class=\\\"modelo-marca\\\">GRP2603P<\/span> <span class=\\\"modelo-marca\\\">GRANDSTREAM<\/span> Tel\u00e9fono IP Grado Operador, 3 l\u00edneas SIP con 6 cuentas, puertos Gigabit PoE, codec Opus, IPV4\/IPV6 con gesti\u00f3n en la nube GDMS<\/span><\/h2>\n<h3><span style=\\\"color: #000000\\\">Tel\u00e9fono IP Essential<\/span><\/h3>\n<p><span style=\\\"color: #000000\\\">Como parte de la serie GRP de Tel\u00e9fonos IP Carrier-Grade, el GRP2603P es un modelo esencial de 3 l\u00edneas dise\u00f1ado con aprovisionamiento zero-touch para implementaci\u00f3n masiva y f\u00e1cil gesti\u00f3n:<\/span><\/p>\n<ul>\n<li><span style=\\\"color: #000000\\\">6 cuentas SIP, 3 l\u00edneas.<\/span><\/li>\n<li><span style=\\\"color: #000000\\\">Gesti\u00f3n y aprovisionamiento en la nube de los dispositivos a trav\u00e9s de GDMS.<\/span><\/li>\n<li><span style=\\\"color: #000000\\\">Conferencia de audio de 5 participantes para llamadas de conferencia f\u00e1ciles.<\/span><\/li>\n<li><span style=\\\"color: #000000\\\">Equipado con tecnolog\u00eda Noise Shield para minimizar el ruido de fondo.<\/span><\/li>\n<li><span style=\\\"color: #000000\\\">Soporte Electronic Hook Switch (EHS) para auriculares Plantronics, Jabra y Sennheiser.<\/span><\/li>\n<li><span style=\\\"color: #000000\\\">El GRP2603P tiene PoE integrado para encender el dispositivo y darle una conexi\u00f3n de red.<\/span><\/li>\n<li><span style=\\\"color: #000000\\\">Protecci\u00f3n de nivel empresarial incluyendo arranque seguro, im\u00e1genes de firmware dual y almacenamiento de datos cifrados.<\/span><\/li>\n<\/ul>\n<p><span style=\\\"color: #000000\\\">Se caracteriza por tener un dise\u00f1o elegante y un conjunto de funciones de \u00faltima generaci\u00f3n incluyendo conferencia de voz de 5 participantes para maximizar la productividad, PoE integrado (GRP2603P), soporte EHS para auriculares Plantronics, <strong>Jabra<\/strong> y Sennheiser y soporte en m\u00faltiples idiomas. La serie GRP incluye caracter\u00edsticas de seguridad carrier-grade para proporcionar seguridad de nivel empresarial, incluyendo arranque seguro, im\u00e1genes de firmware dual y almacenamiento de datos cifrados. Para el aprovisionamiento en la nube y la gesti\u00f3n centralizada<\/span><\/p>\n<h3><span style=\\\"color: #000000\\\">El GRP2603P est\u00e1 soportado por Grandstream Device Management System (GDMS)<\/span><\/h3>\n<p><span style=\\\"color: #000000\\\">\u00a0El cual proporciona una interfaz centralizada para configurar, aprovisionar, gestionar y monitorear la implementaci\u00f3n de los dispositivos Grandstream.<\/span><\/p>\n<p><span style=\\\"color: #000000\\\">Creado para las necesidades b\u00e1sicas de los empleados de escritorio en sitio o a distancia y dise\u00f1ado para una f\u00e1cil implementaci\u00f3n por las empresas, los proveedores de servicios y otros mercados de gran volumen, el GRP2603P ofrece un dispositivo de voz f\u00e1cil de usar y de implementar.<\/span><\/p>\n<p>&nbsp;<\/p>\n<div class=\\\"col-sm-4\\\">\n<div>\n<p><span style=\\\"color: #000000\\\"><strong>Caracter\u00edsticas principales:<\/strong><\/span><\/p>\n<ul>\n<li><span style=\\\"color: #000000\\\">3 lineas SIP.<\/span><\/li>\n<li><span style=\\\"color: #000000\\\">6 cuentas SIP.<\/span><\/li>\n<li><span style=\\\"color: #000000\\\">PoE.<\/span><\/li>\n<li><span style=\\\"color: #000000\\\">Compatibilidad con GDMS.<\/span><\/li>\n<li><span style=\\\"color: #000000\\\">Pantalla LCD de 132 x 64 (2.48\\\u00bb).<\/span><\/li>\n<li><span style=\\\"color: #000000\\\">Soporte para G.729A\/B, G.711\u00b5\/a-law, G.726, G.722 (banda ancha), G.723, iLBC, OPUS, DTMF en banda y fuera de banda (in audio, RFC2833, SIP INFO), VAD, AEC, CNG, PLC, AGC<\/span><\/li>\n<li><span style=\\\"color: #000000\\\">Dos puertos Gigabit Ethernet conmutados de 10\/100\/1000 Mbps<\/span><\/li>\n<li><span style=\\\"color: #000000\\\">Conector RJ9 para auriculares (permitiendo EHS con auriculares Plantronics, <strong>Jabra<\/strong> y Sennheiser)<\/span><\/li>\n<li><span style=\\\"color: #000000\\\">\u00a02 posiciones angulares disponibles (39\u00b0 &amp; 45\u00b0), montaje en pared (*el soporte de pared se vende por separado).<\/span><\/li>\n<\/ul>\n<p><span style=\\\"color: #000000\\\"><strong>Contenido del paquete:<\/strong><\/span><\/p>\n<ul>\n<li><span style=\\\"color: #000000\\\">Tel\u00e9fono GRP2603P.<\/span><\/li>\n<li><span style=\\\"color: #000000\\\">Auricular con cord\u00f3n.<\/span><\/li>\n<li><span style=\\\"color: #000000\\\">Base.<\/span><\/li>\n<li><span style=\\\"color: #000000\\\">Cable de red.<\/span><\/li>\n<li><span style=\\\"color: #000000\\\">Gu\u00eda de Instalaci\u00f3n R\u00e1pida<\/span><\/li>\n<\/ul>\n<p><span style=\\\"color: #000000\\\"><strong>Caracter\u00edsticas F\u00edsicas y El\u00e9ctricas:<\/strong><\/span><\/p>\n<ul>\n<li><span style=\\\"color: #000000\\\">Fuente de Alimentaci\u00f3n Universal Entrada: 100-240 VAC 50-60 Hz; Salida: +5 VDC, 600 mA; PoE: IEEE802.3af Clase 1, 3.84W; IEEE802.3az (EEE) (Fuente no incluida) fuente recomendada <strong>P5DC1A<\/strong>.<\/span><\/li>\n<li><span style=\\\"color: #000000\\\">Dimensi\u00f3n: 214 mm (Largo) x 206 mm (Ancho) x 68 mm (Alto) (con el auricular).<\/span><\/li>\n<li><span style=\\\"color: #000000\\\">Operaci\u00f3n: 0 \u00b0C a 40 \u00b0C Almacenamiento: -10 \u00b0C a 60 \u00b0C Humedad: 10% a 90% sin condensaci\u00f3n<\/span><\/li>\n<\/ul>\n<\/div>\n<\/div>\n","protected":false},"excerpt":{"rendered":"<p>GRP2603P GRANDSTREAM Tel\u00e9fono IP Grado Operador, 3 l\u00edneas SIP con 6 cuentas, puertos Gigabit PoE, codec Opus, IPV4\/IPV6 con gesti\u00f3n en la nube GDMS Tel\u00e9fono IP Essential Como parte de la serie GRP de Tel\u00e9fonos IP Carrier-Grade, el GRP2603P es un modelo esencial de 3 l\u00edneas dise\u00f1ado con aprovisionamiento zero-touch para implementaci\u00f3n masiva y f\u00e1cil [&hellip;]<\/p>\n","protected":false},"featured_media":10983,"template":"","meta":{"_acf_changed":false},"product_brand":[],"product_cat":[216,217],"product_tag":[],"berocket_brand":[],"class_list":{"0":"post-10982","1":"product","2":"type-product","3":"status-publish","4":"has-post-thumbnail","6":"product_cat-telefonia-ip","7":"product_cat-telefono-ip","9":"first","10":"instock","11":"taxable","12":"shipping-taxable","13":"purchasable","14":"product-type-simple","15":"berocket_lgv_grid","16":"berocket_lgv_list_grid"},"acf":[],"aioseo_notices":[],"_links":{"self":[{"href":"https:\/\/todoenseguridad.com\/site\/wp-json\/wp\/v2\/product\/10982","targetHints":{"allow":["GET"]}}],"collection":[{"href":"https:\/\/todoenseguridad.com\/site\/wp-json\/wp\/v2\/product"}],"about":[{"href":"https:\/\/todoenseguridad.com\/site\/wp-json\/wp\/v2\/types\/product"}],"wp:featuredmedia":[{"embeddable":true,"href":"https:\/\/todoenseguridad.com\/site\/wp-json\/wp\/v2\/media\/10983"}],"wp:attachment":[{"href":"https:\/\/todoenseguridad.com\/site\/wp-json\/wp\/v2\/media?parent=10982"}],"wp:term":[{"taxonomy":"product_brand","embeddable":true,"href":"https:\/\/todoenseguridad.com\/site\/wp-json\/wp\/v2\/product_brand?post=10982"},{"taxonomy":"product_cat","embeddable":true,"href":"https:\/\/todoenseguridad.com\/site\/wp-json\/wp\/v2\/product_cat?post=10982"},{"taxonomy":"product_tag","embeddable":true,"href":"https:\/\/todoenseguridad.com\/site\/wp-json\/wp\/v2\/product_tag?post=10982"},{"taxonomy":"berocket_brand","embeddable":true,"href":"https:\/\/todoenseguridad.com\/site\/wp-json\/wp\/v2\/berocket_brand?post=10982"}],"curies":[{"name":"wp","href":"https:\/\/api.w.org\/{rel}","templated":true}]}}