{"id":10980,"date":"2021-06-18T11:25:46","date_gmt":"2021-06-18T16:25:46","guid":{"rendered":"https:\/\/todoenseguridad.com\/site\/?post_type=product&#038;p=10980"},"modified":"2026-03-24T16:41:59","modified_gmt":"2026-03-24T21:41:59","slug":"gds-3705-grandstream-audioportero-ip-sip-antivandalico-apertura-por-codigo","status":"publish","type":"product","link":"https:\/\/todoenseguridad.com\/site\/producto\/gds-3705-grandstream-audioportero-ip-sip-antivandalico-apertura-por-codigo\/","title":{"rendered":"GDS-3705 GRANDSTREAM Audioportero IP (SIP)\/ Antivand\u00e1lico, apertura por c\u00f3digo"},"content":{"rendered":"<h2 id=\\\"product_title_159046\\\" class=\\\"no_margin_top titulo_vista_producto\\\"><span style=\\\"color: #0000ff\\\"><span class=\\\"modelo-marca\\\">GDS-3705<\/span> <span class=\\\"modelo-marca\\\">GRANDSTREAM<\/span> Audioportero IP (SIP), Antivand\u00e1lico, apertura por c\u00f3digo, llamada y\/o tarjeta, teclado iluminado<\/span><\/h2>\n<p><span style=\\\"color: #000000\\\">El GDS3705 se dise\u00f1\u00f3 para usuarios que buscan una soluci\u00f3n s\u00f3lida de control de acceso a instalaciones s\u00f3lo con audio y de monitoreo de seguridad que pueda implementarse en ambientes de cualquier tama\u00f1o. Este sistema de intercomunicador (cit\u00f3fono) incluye micr\u00f3fonos duales y altavoz HD con AEC de tecnolog\u00eda avanzada para ofrecer la funci\u00f3n de intercomunicaci\u00f3n, puede soportar llamadas SIP a tel\u00e9fonos IP y tiene un lector de tarjeta de proximidad RFID integrado y teclado para acceso seguro con o sin clave. El GDS3705 viene equipado con una carcasa met\u00e1lica con aleaci\u00f3n de zinc, haci\u00e9ndolo impermeable y a prueba de vandalismo y ofrece soporte de entrada y salida de alarma para integraci\u00f3n con dispositivos de seguridad existentes. El GDS3705 se integra con el software gratuito de gesti\u00f3n de servicios de Grandstream, el GDS Manager, permitiendo que la informaci\u00f3n de la tarjeta RFID, as\u00ed como el dispositivo sean totalmente gestionados por este software. Gracias a su integraci\u00f3n con otros dispositivos Grandstream como los tel\u00e9fonos IP y la aplicaci\u00f3n m\u00f3vil GS Wave, el GDS3705 ofrece una soluci\u00f3n continua completa para control de acceso, intercomunicaci\u00f3n y necesidades de seguridad.<\/span><\/p>\n<p><span style=\\\"color: #000000\\\">Audioportero IP protocolo SIP, se puede conectar a sistemas de telefon\u00eda IP<\/span><\/p>\n<h3><span style=\\\"color: #000000\\\">Caracteristicas proncipales:<br \/>\n<\/span><\/h3>\n<ul>\n<li><span style=\\\"color: #000000\\\">Teclado iluminado y encendido de tecla presionada<\/span><\/li>\n<li><span style=\\\"color: #000000\\\">Micr\u00f3fono interno con cobertura de 1.5m aproximadamente y bocina con audio HD con cobertura de 3m aproximadamente<\/span><\/li>\n<li><span style=\\\"color: #000000\\\">Tres entradas de alarma y dos salidas que pueden usarse para apertura de puerta (por el momento solo una puerta)<\/span><\/li>\n<li><span style=\\\"color: #000000\\\">Apertura de puertas por medio de c\u00f3digo, tarjeta RFID o remota (por llamada a un tel\u00e9fono)<\/span><\/li>\n<li><span style=\\\"color: #000000\\\">Soporta alimentaci\u00f3n PoE IEEE 802.3af \u00a0o con eliminador de 12VDC\/1A (no incluida)<\/span><\/li>\n<li><span style=\\\"color: #000000\\\">Armaz\u00f3n met\u00e1lico con protecci\u00f3n IP65 para intemperie y anti vand\u00e1lico IK06<\/span><\/li>\n<li><span style=\\\"color: #000000\\\">Dimensiones 173 x x80 x 36 mm<\/span><\/li>\n<\/ul>\n<div><\/div>\n<ul>\n<li><span style=\\\"color: #000000\\\"><strong>1 a\u00f1o de garant\u00eda.<\/strong><\/span><\/li>\n<\/ul>\n","protected":false},"excerpt":{"rendered":"<p>GDS-3705 GRANDSTREAM Audioportero IP (SIP), Antivand\u00e1lico, apertura por c\u00f3digo, llamada y\/o tarjeta, teclado iluminado El GDS3705 se dise\u00f1\u00f3 para usuarios que buscan una soluci\u00f3n s\u00f3lida de control de acceso a instalaciones s\u00f3lo con audio y de monitoreo de seguridad que pueda implementarse en ambientes de cualquier tama\u00f1o. Este sistema de intercomunicador (cit\u00f3fono) incluye micr\u00f3fonos duales [&hellip;]<\/p>\n","protected":false},"featured_media":10981,"template":"","meta":{"_acf_changed":false},"product_brand":[],"product_cat":[216,217],"product_tag":[],"berocket_brand":[],"class_list":{"0":"post-10980","1":"product","2":"type-product","3":"status-publish","4":"has-post-thumbnail","6":"product_cat-telefonia-ip","7":"product_cat-telefono-ip","9":"first","10":"instock","11":"taxable","12":"shipping-taxable","13":"purchasable","14":"product-type-simple","15":"berocket_lgv_grid","16":"berocket_lgv_list_grid"},"acf":[],"aioseo_notices":[],"_links":{"self":[{"href":"https:\/\/todoenseguridad.com\/site\/wp-json\/wp\/v2\/product\/10980","targetHints":{"allow":["GET"]}}],"collection":[{"href":"https:\/\/todoenseguridad.com\/site\/wp-json\/wp\/v2\/product"}],"about":[{"href":"https:\/\/todoenseguridad.com\/site\/wp-json\/wp\/v2\/types\/product"}],"wp:featuredmedia":[{"embeddable":true,"href":"https:\/\/todoenseguridad.com\/site\/wp-json\/wp\/v2\/media\/10981"}],"wp:attachment":[{"href":"https:\/\/todoenseguridad.com\/site\/wp-json\/wp\/v2\/media?parent=10980"}],"wp:term":[{"taxonomy":"product_brand","embeddable":true,"href":"https:\/\/todoenseguridad.com\/site\/wp-json\/wp\/v2\/product_brand?post=10980"},{"taxonomy":"product_cat","embeddable":true,"href":"https:\/\/todoenseguridad.com\/site\/wp-json\/wp\/v2\/product_cat?post=10980"},{"taxonomy":"product_tag","embeddable":true,"href":"https:\/\/todoenseguridad.com\/site\/wp-json\/wp\/v2\/product_tag?post=10980"},{"taxonomy":"berocket_brand","embeddable":true,"href":"https:\/\/todoenseguridad.com\/site\/wp-json\/wp\/v2\/berocket_brand?post=10980"}],"curies":[{"name":"wp","href":"https:\/\/api.w.org\/{rel}","templated":true}]}}