{"id":10978,"date":"2021-06-18T11:16:54","date_gmt":"2021-06-18T16:16:54","guid":{"rendered":"https:\/\/todoenseguridad.com\/site\/?post_type=product&#038;p=10978"},"modified":"2026-03-24T16:42:31","modified_gmt":"2026-03-24T21:42:31","slug":"gxp-1625-grandstream-telefono-ip-smb-de-2-lineas-con-3-teclas-de-funcion-programables","status":"publish","type":"product","link":"https:\/\/todoenseguridad.com\/site\/producto\/gxp-1625-grandstream-telefono-ip-smb-de-2-lineas-con-3-teclas-de-funcion-programables\/","title":{"rendered":"GXP-1625 GRANDSTREAM Tel\u00e9fono IP SMB de 2 L\u00edneas con 3 teclas de funci\u00f3n programables"},"content":{"rendered":"<h2 id=\\\"product_title_77690\\\" class=\\\"no_margin_top titulo_vista_producto\\\"><span style=\\\"color: #0000ff\\\"><span class=\\\"modelo-marca\\\">GXP-1625<\/span> <span class=\\\"modelo-marca\\\">GRANDSTREAM<\/span> Tel\u00e9fono IP SMB de 2 L\u00edneas con 3 teclas de funci\u00f3n programables y conferencia de 3 v\u00edas. PoE<\/span><\/h2>\n<p><span style=\\\"color: #000000\\\">El GXP1625 es un tel\u00e9fono IP est\u00e1ndar de Grandstream para peque\u00f1as empresas. Este modelo basado en Linux ofrece 2 l\u00edneas, 3 teclas XML programables, audio HD y conferencia de 3 v\u00edas. Una pantalla LCD de 132 x 48 crea una imagen clara para una f\u00e1cil visualizaci\u00f3n. Incluye puerto doble de red de 10\/100 Mbps alimentado por PoE. Las funciones adicionales como soporte multilenguaje, soporte de Electronic Hook Switch para aud\u00edfonos Plantronics y llamada en espera permiten al GXP1625 ser un tel\u00e9fono IP confiable, f\u00e1cil de usar y de alta calidad.<\/span><\/p>\n<h3><span style=\\\"color: #000000\\\">Principales:<\/span><\/h3>\n<p><span style=\\\"color: #000000\\\">&#8211; 2 l\u00edneas (cuentas SIP),\u00a03 teclas de funci\u00f3n XML programables y conferencia de 3 v\u00edas.<\/span><\/p>\n<p><span style=\\\"color: #000000\\\">&#8211; Pantalla gr\u00e1fica LCD de 132 x 48.<\/span><\/p>\n<p><span style=\\\"color: #000000\\\">&#8211; Audio HD.<\/span><\/p>\n<p><span style=\\\"color: #000000\\\">&#8211; Doble puerto de red.<\/span><\/p>\n<p>&nbsp;<\/p>\n<h3><span style=\\\"color: #000000\\\"><strong>Funciones de telefon\u00eda:<\/strong><\/span><\/h3>\n<p><span style=\\\"color: #000000\\\">Retenci\u00f3n, transferencia, reenv\u00edo (incondicional\/no respuesta\/ocupado), conferencia de 3 v\u00edas, estacionamiento\/recuperaci\u00f3n de llamadas, directorio telef\u00f3nico descargable (XML, LDAP, hasta 500 contactos), llamada en espera, historial de llamadas (hasta 200 registros), marcaci\u00f3n autom\u00e1tica al descolgar, respuesta autom\u00e1tica, hacer clic para marcar, plan de marcaci\u00f3n flexible, estaciones de trabajo compartidas (hot desking), tonos de llamadas con m\u00fasica personalizada, redundancia de servidores y conmutaci\u00f3n por error (fail-over).<\/span><\/p>\n<h3><span style=\\\"color: #000000\\\"><strong>C\u00f3decs:<\/strong><\/span><\/h3>\n<p><span style=\\\"color: #000000\\\">Soporte para G.711\u03bc\/a, G.722 (banda ancha), G.723 (pendiente), G.726-32, G.729 A\/B, DTMF en banda y fuera de banda (In audio, RFC2833, SIP INFO), VAD, CNG, AEC, PLC, AJB, AGC.<\/span><\/p>\n<h3><span style=\\\"color: #000000\\\"><strong>Interfaces:<\/strong><\/span><\/h3>\n<p><span style=\\\"color: #000000\\\">&#8211;\u00a0Puertos Ethernet dobles conmutados de 10\/100 Mbps con detecci\u00f3n autom\u00e1tica.<\/span><\/p>\n<p><span style=\\\"color: #000000\\\">&#8211; Conector de aud\u00edfonos RJ9 (permite EHS con aud\u00edfonos Plantronics).<\/span><\/p>\n<h3><span style=\\\"color: #000000\\\"><strong>Seguridad:<\/strong><\/span><\/h3>\n<p><span style=\\\"color: #000000\\\">Control de acceso a nivel del usuario y del administrador, autenticaci\u00f3n basada en MD5 y MD5-sess, archivo de configuraci\u00f3n cifrado con AES de 256 bits, TLS, SRTP, HTTPS, 802.1x Media Access Control.<\/span><\/p>\n<h3><span style=\\\"color: #000000\\\"><strong>Calidad de servicio:<\/strong><\/span><\/h3>\n<p><span style=\\\"color: #000000\\\">QoS de Capa (802.1Q, 802.1P) y QoS de Capa 3 (ToS, Di Serv, MPLS).<\/span><\/p>\n<h3><span style=\\\"color: #000000\\\"><strong>Lenguajes:<\/strong><\/span><\/h3>\n<p><span style=\\\"color: #000000\\\">Espa\u00f1ol, ingl\u00e9s, alem\u00e1n, italiano, franc\u00e9s, portugu\u00e9s, ruso, croata, chino simplificado y tradicional, coreano, japon\u00e9s.<\/span><\/p>\n<h3><span style=\\\"color: #000000\\\"><strong>Protocolos y normas:<\/strong><\/span><\/h3>\n<p><span style=\\\"color: #000000\\\">SIP RFC3261, TCP\/IP\/UDP, RTP\/RTCP, HTTP\/HTTPS, ARP\/RARP, ICMP, DNS (A record, SRV, NAPTR), DHCP, PPPoE, SSH, TFTP, NTP, STUN, SIMPLE, LLDP-MED, LDAP, TR- 069, 802.1x, TLS, SRTP<\/span><\/p>\n<h3><span style=\\\"color: #000000\\\"><strong>Conformidad:<\/strong><\/span><\/h3>\n<p><span style=\\\"color: #000000\\\">FCC: Part 15 (CFR 47) Class B, CE: EN55022 Class B, EN55024, EN61000-3-2, EN61000-3-3, EN60950-1, RCM: AS\/ACIF S004; AS\/NZS CISPR22\/24; AS\/NZS 60950; AS\/NZS 60950.1.<\/span><\/p>\n<h3><span style=\\\"color: #000000\\\"><strong>Caracter\u00edsticas f\u00edsicas y el\u00e9ctricas:<\/strong><\/span><\/h3>\n<p><span style=\\\"color: #000000\\\">&#8211; Fuente de alimentaci\u00f3n universal; Entrada: 100~240VAC 50-60Hz; Salida: 5VCD, 600mA. \/ <strong>PoE 802.3af<\/strong> Clase 2, 3.84~6.49W.<\/span><\/p>\n<p><span style=\\\"color: #000000\\\">&#8211; Montable en base o pared.<\/span><\/p>\n<p><span style=\\\"color: #000000\\\">&#8211; Dimensiones: 209 x 184.5 x 76.2 mm.<\/span><\/p>\n<p><span style=\\\"color: #000000\\\">&#8211; Peso: 0.74 kg.<\/span><\/p>\n<p><span style=\\\"color: #000000\\\">&#8211; Temperatura de operaci\u00f3n: 0~40\u00baC.<\/span><\/p>\n<h3><span style=\\\"color: #000000\\\"><strong>Contenido del paquete:<\/strong><\/span><\/h3>\n<p><span style=\\\"color: #000000\\\">Tel\u00e9fono GXP1620, auricular con cord\u00f3n, base de soporte, fuente de alimen- taci\u00f3n universal, cable de red, Gu\u00eda de Instalaci\u00f3n R\u00e1pida, folleto, Licencia GPL.<\/span><\/p>\n<p>&nbsp;<\/p>\n<p><span style=\\\"color: #000000\\\"><strong>*1 a\u00f1o de garant\u00eda.<\/strong><\/span><\/p>\n","protected":false},"excerpt":{"rendered":"<p>GXP-1625 GRANDSTREAM Tel\u00e9fono IP SMB de 2 L\u00edneas con 3 teclas de funci\u00f3n programables y conferencia de 3 v\u00edas. PoE El GXP1625 es un tel\u00e9fono IP est\u00e1ndar de Grandstream para peque\u00f1as empresas. Este modelo basado en Linux ofrece 2 l\u00edneas, 3 teclas XML programables, audio HD y conferencia de 3 v\u00edas. Una pantalla LCD de [&hellip;]<\/p>\n","protected":false},"featured_media":10979,"template":"","meta":{"_acf_changed":false},"product_brand":[],"product_cat":[216,217],"product_tag":[],"berocket_brand":[],"class_list":{"0":"post-10978","1":"product","2":"type-product","3":"status-publish","4":"has-post-thumbnail","6":"product_cat-telefonia-ip","7":"product_cat-telefono-ip","9":"first","10":"instock","11":"taxable","12":"shipping-taxable","13":"purchasable","14":"product-type-simple","15":"berocket_lgv_grid","16":"berocket_lgv_list_grid"},"acf":[],"aioseo_notices":[],"_links":{"self":[{"href":"https:\/\/todoenseguridad.com\/site\/wp-json\/wp\/v2\/product\/10978","targetHints":{"allow":["GET"]}}],"collection":[{"href":"https:\/\/todoenseguridad.com\/site\/wp-json\/wp\/v2\/product"}],"about":[{"href":"https:\/\/todoenseguridad.com\/site\/wp-json\/wp\/v2\/types\/product"}],"wp:featuredmedia":[{"embeddable":true,"href":"https:\/\/todoenseguridad.com\/site\/wp-json\/wp\/v2\/media\/10979"}],"wp:attachment":[{"href":"https:\/\/todoenseguridad.com\/site\/wp-json\/wp\/v2\/media?parent=10978"}],"wp:term":[{"taxonomy":"product_brand","embeddable":true,"href":"https:\/\/todoenseguridad.com\/site\/wp-json\/wp\/v2\/product_brand?post=10978"},{"taxonomy":"product_cat","embeddable":true,"href":"https:\/\/todoenseguridad.com\/site\/wp-json\/wp\/v2\/product_cat?post=10978"},{"taxonomy":"product_tag","embeddable":true,"href":"https:\/\/todoenseguridad.com\/site\/wp-json\/wp\/v2\/product_tag?post=10978"},{"taxonomy":"berocket_brand","embeddable":true,"href":"https:\/\/todoenseguridad.com\/site\/wp-json\/wp\/v2\/berocket_brand?post=10978"}],"curies":[{"name":"wp","href":"https:\/\/api.w.org\/{rel}","templated":true}]}}