{"id":10969,"date":"2021-06-18T10:43:22","date_gmt":"2021-06-18T15:43:22","guid":{"rendered":"https:\/\/todoenseguridad.com\/site\/?post_type=product&#038;p=10969"},"modified":"2026-03-24T16:43:39","modified_gmt":"2026-03-24T21:43:39","slug":"ucm6304-grandstream-conmutador-2000-usuarios-4fxo-4fxs","status":"publish","type":"product","link":"https:\/\/todoenseguridad.com\/site\/producto\/ucm6304-grandstream-conmutador-2000-usuarios-4fxo-4fxs\/","title":{"rendered":"UCM6304 GRANDSTREAM Conmutador 2000 usuarios, 4FXO, 4FXS"},"content":{"rendered":"<h2 id=\\\"product_title_192219\\\" class=\\\"no_margin_top titulo_vista_producto\\\"><span style=\\\"color: #0000ff\\\"><span class=\\\"modelo-marca\\\">UCM6304<\/span> <span class=\\\"modelo-marca\\\">GRANDSTREAM<\/span> Conmutador 2000 usuarios, 4FXO, 4FXS, para soluci\u00f3n de comunicaciones unificadas y colaboraci\u00f3n<\/span><\/h2>\n<h3><span style=\\\"color: #000000\\\">UCM6300, Poderosa soluci\u00f3n de comunicaciones unificadas y colaboraci\u00f3n para cualquier organizaci\u00f3n<\/span><\/h3>\n<p><span style=\\\"color: #000000\\\">La serie UCM6300 proporciona una sofisticada soluci\u00f3n de comunicaciones unificadas equipada con un ecosistema de herramientas de movilidad, seguridad, video y colaboraci\u00f3n<\/span><\/p>\n<h3><span style=\\\"color: #000000\\\">Soluci\u00f3n H\u00edbrida &#8211; En sitio y en la nube<\/span><\/h3>\n<p><span style=\\\"color: #000000\\\">El ecosistema UCM63000 combina la personalizaci\u00f3n y la seguridad de una soluci\u00f3n en el sitio con el f\u00e1cil acceso de los trabajadores remotos de una soluci\u00f3n en la nube.<\/span><\/p>\n<ul>\n<li><span style=\\\"color: #000000\\\">Una soluci\u00f3n, una red: organizaciones enteras de usuarios y dispositivos, tanto en el sitio como remotos, se unen f\u00e1cilmente en una red de colaboraci\u00f3n unificada central en una centralita IP UCM6300.<\/span><\/li>\n<li><span style=\\\"color: #000000\\\">Extensiones flexibles: los usuarios pueden tener acceso a sus extensiones a trav\u00e9s de m\u00faltiples tel\u00e9fonos IP, computadoras de escritorio y port\u00e1tiles, y dispositivos inteligentes<\/span><\/li>\n<\/ul>\n<h3><span style=\\\"color: #000000\\\">Redes Personalizadas<\/span><\/h3>\n<p><span style=\\\"color: #000000\\\">Cada negocio es \u00fanico y el ecosistema UCM6300 permite a las organizaciones definir exactamente c\u00f3mo se organiza y funciona su red de comunicaci\u00f3n y colaboraci\u00f3n. Las empresas tienen el control total de su red en todo momento.<\/span><\/p>\n<ul>\n<li><span style=\\\"color: #000000\\\">Integraci\u00f3n de GDMS: los equipos de TI y los instaladores pueden administrar, personalizar y configurar implementaciones completas de dispositivos en una plataforma de nube centralizada.<\/span><\/li>\n<li><span style=\\\"color: #000000\\\">Cientos de funciones: extensiones, grupos de timbrado, IVR, colas de llamadas,call center, configuraci\u00f3n de b\u00fasqueda e intercomunicaci\u00f3n y una variedad de otras funciones se pueden personalizar en profundidad y ajustar f\u00e1cilmente.<\/span><\/li>\n<\/ul>\n<h3><span style=\\\"color: #000000\\\">Reuniones y Colaboraci\u00f3n<\/span><\/h3>\n<p><span style=\\\"color: #000000\\\">El ecosistema de Grandstream va m\u00e1s all\u00e1 de conectar tel\u00e9fonos IP remotos a una red centralizada. Viene equipado con funciones de colaboraci\u00f3n que ayudan a los usuarios a unirse y ser m\u00e1s productivos.<\/span><\/p>\n<ul>\n<li><span style=\\\"color: #000000\\\">Conferencias UCM: los dispositivos de la serie UCM6300 vienen equipados con una plataforma de reuniones y videoconferencias incorporada que los usuarios pueden utilizar para crear espacios de reuniones virtuales en cualquier momento.<\/span><\/li>\n<li><span style=\\\"color: #000000\\\">Wave Video: Wave admite c\u00e1maras de dispositivos inteligentes, c\u00e1maras web de escritorio, c\u00e1maras web USB y soporte para reuniones en l\u00ednea para videoconferencias sobre la marcha.<\/span><\/li>\n<li><span style=\\\"color: #000000\\\">Experiencia de alta calidad: el ecosistema UCM6300 y Wave admiten resoluciones de video de hasta 1080p HD, as\u00ed como una variedad de funciones de conferencias que impulsan la productividad.<\/span><\/li>\n<\/ul>\n<h3><span style=\\\"color: #000000\\\">Acerca del Ecosistema UCM6300<\/span><\/h3>\n<p><span style=\\\"color: #000000\\\">El ecosistema UCM6300 es un paquete de soluciones que proporciona comunicaciones y colaboraci\u00f3n completas para implementaciones en el sitio y remotas. Al combinar un IP PBX de la serie UCM6300, UCM RemoteConnect y Wave, las empresas pueden reunir oficinas separadas, trabajadores remotos y empleados que viajan, todo bajo una red. El ecosistema UCM6300 crea una soluci\u00f3n en el sitio y remota que es f\u00e1cil de administrar y conectar, mientras mantiene un alto nivel de control y personalizaci\u00f3n.<\/span><\/p>\n<p>&nbsp;<\/p>\n<h3><span style=\\\"color: #000000\\\">Caracter\u00edsticas Competitivas<\/span><\/h3>\n<ul>\n<li><span style=\\\"color: #000000\\\">La PBX IP UCM6300 admite hasta 3000 usuarios y hasta 450 llamadas concurrentes<\/span><\/li>\n<li><span style=\\\"color: #000000\\\">Plataforma de conferencias y reuniones incorporada; admite la aplicaci\u00f3n Wave para escritorio y dispositivos m\u00f3viles, y terminales SIP<\/span><\/li>\n<li><span style=\\\"color: #000000\\\">El servicio de cruce de firewall NAT automatizado facilita las conexiones remotas seguras<\/span><\/li>\n<li><span style=\\\"color: #000000\\\">Gesti\u00f3n y configuraci\u00f3n centralizada de la nube a trav\u00e9s del sistema de gesti\u00f3n de dispositivos Grandstream (GDMS<\/span><\/li>\n<li><span style=\\\"color: #000000\\\">\u00danase a reuniones, llamadas y conferencias de forma remota a trav\u00e9s de la aplicaci\u00f3n Wave y llamadas a trav\u00e9s de tel\u00e9fonos fijos y tel\u00e9fonos m\u00f3viles<\/span><\/li>\n<\/ul>\n","protected":false},"excerpt":{"rendered":"<p>UCM6304 GRANDSTREAM Conmutador 2000 usuarios, 4FXO, 4FXS, para soluci\u00f3n de comunicaciones unificadas y colaboraci\u00f3n UCM6300, Poderosa soluci\u00f3n de comunicaciones unificadas y colaboraci\u00f3n para cualquier organizaci\u00f3n La serie UCM6300 proporciona una sofisticada soluci\u00f3n de comunicaciones unificadas equipada con un ecosistema de herramientas de movilidad, seguridad, video y colaboraci\u00f3n Soluci\u00f3n H\u00edbrida &#8211; En sitio y en la [&hellip;]<\/p>\n","protected":false},"featured_media":10971,"template":"","meta":{"_acf_changed":false},"product_brand":[],"product_cat":[218,216],"product_tag":[],"berocket_brand":[],"class_list":{"0":"post-10969","1":"product","2":"type-product","3":"status-publish","4":"has-post-thumbnail","6":"product_cat-pbx-conmutador","7":"product_cat-telefonia-ip","9":"first","10":"instock","11":"taxable","12":"shipping-taxable","13":"purchasable","14":"product-type-simple","15":"berocket_lgv_grid","16":"berocket_lgv_list_grid"},"acf":[],"aioseo_notices":[],"_links":{"self":[{"href":"https:\/\/todoenseguridad.com\/site\/wp-json\/wp\/v2\/product\/10969","targetHints":{"allow":["GET"]}}],"collection":[{"href":"https:\/\/todoenseguridad.com\/site\/wp-json\/wp\/v2\/product"}],"about":[{"href":"https:\/\/todoenseguridad.com\/site\/wp-json\/wp\/v2\/types\/product"}],"wp:featuredmedia":[{"embeddable":true,"href":"https:\/\/todoenseguridad.com\/site\/wp-json\/wp\/v2\/media\/10971"}],"wp:attachment":[{"href":"https:\/\/todoenseguridad.com\/site\/wp-json\/wp\/v2\/media?parent=10969"}],"wp:term":[{"taxonomy":"product_brand","embeddable":true,"href":"https:\/\/todoenseguridad.com\/site\/wp-json\/wp\/v2\/product_brand?post=10969"},{"taxonomy":"product_cat","embeddable":true,"href":"https:\/\/todoenseguridad.com\/site\/wp-json\/wp\/v2\/product_cat?post=10969"},{"taxonomy":"product_tag","embeddable":true,"href":"https:\/\/todoenseguridad.com\/site\/wp-json\/wp\/v2\/product_tag?post=10969"},{"taxonomy":"berocket_brand","embeddable":true,"href":"https:\/\/todoenseguridad.com\/site\/wp-json\/wp\/v2\/berocket_brand?post=10969"}],"curies":[{"name":"wp","href":"https:\/\/api.w.org\/{rel}","templated":true}]}}