{"id":10913,"date":"2021-06-16T11:17:07","date_gmt":"2021-06-16T16:17:07","guid":{"rendered":"https:\/\/todoenseguridad.com\/site\/?post_type=product&#038;p=10913"},"modified":"2026-03-24T16:47:01","modified_gmt":"2026-03-24T21:47:01","slug":"c3x-ezviz-bala-ip-2mp-inalambrica-doble-lente-colores-en-oscuridad-notificacion-a-la-app-al-detectar-personas-o-vehiculos-grabacion-en-la-nube","status":"publish","type":"product","link":"https:\/\/todoenseguridad.com\/site\/producto\/c3x-ezviz-bala-ip-2mp-inalambrica-doble-lente-colores-en-oscuridad-notificacion-a-la-app-al-detectar-personas-o-vehiculos-grabacion-en-la-nube\/","title":{"rendered":"C3X EZVIZ CAMARA IP 2MP ECONOMICA PARA HOGAR \/ Inal\u00e1mbrica \/ Doble Lente \/ COLORES EN OSCURIDAD \/ Notificaci\u00f3n a la App al Detectar Personas o Veh\u00edculos \/ Grabaci\u00f3n en la nube"},"content":{"rendered":"<h2 id=\\\"product_title_183893\\\" class=\\\"no_margin_top titulo_vista_producto\\\"><span style=\\\"color: #0000ff\\\"><span class=\\\"modelo-marca\\\">C3X<\/span> EZVIZ Bala IP 2MP \/ Inal\u00e1mbrica \/ Doble Lente \/ COLORES EN OSCURIDAD \/ Notificaci\u00f3n a la App al Detectar Personas o Veh\u00edculos \/ Grabaci\u00f3n en la nube \/ Notificaci\u00f3n Push \/ Audio de dos v\u00edas \/ Ranura Para micro<\/span><\/h2>\n<div class=\\\"col-sm-4\\\">\n<div>\n<p><span style=\\\"color: #000000\\\"><strong>Caracter\u00edsticas principales:<\/strong><\/span><\/p>\n<ul>\n<li><span style=\\\"color: #000000\\\">Resoluci\u00f3n: 2 Megapixel ( 1920 x 1080).<\/span><\/li>\n<li><span style=\\\"color: #000000\\\">Doble Lente: 2.8 mm, \u00e1ngulo de vision 105\u00b0<\/span><\/li>\n<li><span style=\\\"color: #000000\\\">Proteccion Exterior IP67.<\/span><\/li>\n<li><span style=\\\"color: #000000\\\">Cruce de l\u00ednea, intrusi\u00f3n a un \u00e1rea<\/span><\/li>\n<li><span style=\\\"color: #000000\\\">Notificaci\u00f3n a la App por eteccion humana y\/o vehiculos).<\/span><\/li>\n<li><span style=\\\"color: #000000\\\">Ultra baja Iliminacion\u00a0 0.0005 lux<\/span><\/li>\n<li><span style=\\\"color: #000000\\\">Micr\u00f3fono y bocina interconstruida (audio de dos v\u00edas).<\/span><\/li>\n<li><span style=\\\"color: #000000\\\">dWDR \/ 3D-DNR.<\/span><\/li>\n<li><span style=\\\"color: #000000\\\">30 mts IR (visi\u00f3n nocturna).\u00a0<\/span><\/li>\n<li><span style=\\\"color: #000000\\\">Compresi\u00f3n: H.264, H.265.<\/span><\/li>\n<li><span style=\\\"color: #000000\\\">Red: Ethernet\u00a0 RJ45 (10M\/100M) WiFi 2.4GHz.<\/span><\/li>\n<li><span style=\\\"color: #000000\\\">Ranura para memoria microSD de 256 GB para grabaci\u00f3n local (<strong>memoria no incluida)<\/strong>.<\/span><\/li>\n<\/ul>\n<\/div>\n<div class=\\\"col-sm-4\\\">\n<div>\n<p><span style=\\\"color: #000000\\\"><strong>Caracter\u00edsticas F\u00edsicas y El\u00e9ctricas:<\/strong><\/span><\/p>\n<ul>\n<li><span style=\\\"color: #000000\\\">Alimentaci\u00f3n: 12 Vcd \/ 10 Watts (<strong>Fuente incluida<\/strong>).<\/span><\/li>\n<li><span style=\\\"color: #000000\\\">Dimensiones: 72 x 72 x 150 mm (2.83\\\u00bb x 2.83\\\u00bb x 5.9\\\u00bb)<\/span><\/li>\n<li><span style=\\\"color: #000000\\\"><strong>1 a\u00f1o de garant\u00eda.<\/strong><\/span><\/li>\n<\/ul>\n<div class=\\\"col-sm-4\\\">\n<div>\n<p><span style=\\\"color: #000000\\\"><strong>Caracter\u00edsticas Destacadas:<\/strong><\/span><\/p>\n<ul>\n<li><span style=\\\"color: #000000\\\">Soporta grabaci\u00f3n en nube de EZVIZ, comtratelo directo en la App) Se brinda 7 d\u00edas de prueba gratis.<\/span><\/li>\n<li><span style=\\\"color: #000000\\\">Imagen a color incluso durante la noche\u00a0<\/span><\/li>\n<li><span style=\\\"color: #000000\\\">Puede grabar hasta 3 Audios Personalizados para reproducirse cuando detecte movimiento en una zona.<\/span><\/li>\n<\/ul>\n<p><span style=\\\"color: #ff0000\\\"><strong>Notas:\u00a0<\/strong><\/span><\/p>\n<ul>\n<li><span style=\\\"color: #ff0000\\\">Configuraci\u00f3n \u00fanicamente mediante aplicaci\u00f3n EZVIZ<\/span><\/li>\n<li><span style=\\\"color: #ff0000\\\">No recomendado para DVR\/NVR<\/span><\/li>\n<\/ul>\n<\/div>\n<\/div>\n<\/div>\n<\/div>\n<\/div>\n","protected":false},"excerpt":{"rendered":"<p>C3X EZVIZ Bala IP 2MP \/ Inal\u00e1mbrica \/ Doble Lente \/ COLORES EN OSCURIDAD \/ Notificaci\u00f3n a la App al Detectar Personas o Veh\u00edculos \/ Grabaci\u00f3n en la nube \/ Notificaci\u00f3n Push \/ Audio de dos v\u00edas \/ Ranura Para micro Caracter\u00edsticas principales: Resoluci\u00f3n: 2 Megapixel ( 1920 x 1080). Doble Lente: 2.8 mm, \u00e1ngulo [&hellip;]<\/p>\n","protected":false},"featured_media":10915,"template":"","meta":{"_acf_changed":false},"product_brand":[],"product_cat":[52,51],"product_tag":[],"berocket_brand":[],"class_list":{"0":"post-10913","1":"product","2":"type-product","3":"status-publish","4":"has-post-thumbnail","6":"product_cat-bullet","7":"product_cat-camaras-i-p","9":"first","10":"instock","11":"taxable","12":"shipping-taxable","13":"purchasable","14":"product-type-simple","15":"berocket_lgv_grid","16":"berocket_lgv_list_grid"},"acf":[],"aioseo_notices":[],"_links":{"self":[{"href":"https:\/\/todoenseguridad.com\/site\/wp-json\/wp\/v2\/product\/10913","targetHints":{"allow":["GET"]}}],"collection":[{"href":"https:\/\/todoenseguridad.com\/site\/wp-json\/wp\/v2\/product"}],"about":[{"href":"https:\/\/todoenseguridad.com\/site\/wp-json\/wp\/v2\/types\/product"}],"wp:featuredmedia":[{"embeddable":true,"href":"https:\/\/todoenseguridad.com\/site\/wp-json\/wp\/v2\/media\/10915"}],"wp:attachment":[{"href":"https:\/\/todoenseguridad.com\/site\/wp-json\/wp\/v2\/media?parent=10913"}],"wp:term":[{"taxonomy":"product_brand","embeddable":true,"href":"https:\/\/todoenseguridad.com\/site\/wp-json\/wp\/v2\/product_brand?post=10913"},{"taxonomy":"product_cat","embeddable":true,"href":"https:\/\/todoenseguridad.com\/site\/wp-json\/wp\/v2\/product_cat?post=10913"},{"taxonomy":"product_tag","embeddable":true,"href":"https:\/\/todoenseguridad.com\/site\/wp-json\/wp\/v2\/product_tag?post=10913"},{"taxonomy":"berocket_brand","embeddable":true,"href":"https:\/\/todoenseguridad.com\/site\/wp-json\/wp\/v2\/berocket_brand?post=10913"}],"curies":[{"name":"wp","href":"https:\/\/api.w.org\/{rel}","templated":true}]}}