{"id":10884,"date":"2021-06-02T09:50:19","date_gmt":"2021-06-02T14:50:19","guid":{"rendered":"https:\/\/todoenseguridad.com\/site\/?post_type=product&#038;p=10884"},"modified":"2026-03-24T16:48:09","modified_gmt":"2026-03-24T21:48:09","slug":"dhi-asi1202m-d-dahua-control-de-acceso-tcp-ip-standalone-para-exterior-ik10-ip65-30000-usuarios","status":"publish","type":"product","link":"https:\/\/todoenseguridad.com\/site\/producto\/dhi-asi1202m-d-dahua-control-de-acceso-tcp-ip-standalone-para-exterior-ik10-ip65-30000-usuarios\/","title":{"rendered":"DHI-ASI1202M-D\u00a0 DAHUA Control de acceso TCP\/IP standalone\/ Para exterior \/ IK10 \/ IP65 \/ 30,000 usuarios"},"content":{"rendered":"<h2 class=\\\"mb-3\\\"><span style=\\\"color: #0000ff\\\"> <span class=\\\"text-medium\\\">DHI-ASI1202M-D\u00a0 <\/span>DAHUA Control de acceso TCP\/IP standalone\/ Para exterior \/ IK10 \/ IP65 \/ 30,000 usuarios \/ 150,000 Eventos \/ 3,000 huellas y tarjetas ID \/ Lectora esclava tarjetas<\/span><\/h2>\n<h3 class=\\\"card-title text-center\\\"><span style=\\\"color: #000000\\\">Informaci\u00f3n General<\/span><\/h3>\n<p><span style=\\\"color: #000000\\\">El ASI1201M-D es un control de acceso dise\u00f1ado para trabajar de manera aut\u00f3noma, es decir sin la necesidad de alg\u00fan panel de acceso o de alg\u00fan equipo de control de acceso, este equipo soporta alarma de coacci\u00f3n, alarma de manipulaci\u00f3n, alarma de intrusi\u00f3n, alarma de tiempo de espera de contacto de puerta y alarma de tarjeta ilegal que excede el tiempo. Con lo cual es ideal para accesos restringidos a ciertas zonas, lo que genera un mejor control de personal.<\/span><\/p>\n<p>&nbsp;<\/p>\n<h3 class=\\\"card-title text-center\\\"><span style=\\\"color: #000000\\\">Capacidad del equipo<\/span><\/h3>\n<p><span style=\\\"color: #000000\\\">El ASI1202MD es un equipo de control de acceso con la capacidad de soportar 30,000 usuarios, de los cuales m\u00e1ximo se pueden dar de alta 3,000 huellas o en su defecto registrar hasta 30,000 huellas, el total siempre ser\u00e1 de 30,000 usuarios, combinando ambos m\u00e9todos de identificaci\u00f3n. Mientras que la capacidad de registros es de 150,000.<\/span><\/p>\n<p>&nbsp;<\/p>\n<h3 class=\\\"card-title text-center\\\"><span style=\\\"color: #000000\\\">Compatible con Tarjetas de Proximidad<\/span><\/h3>\n<p><span style=\\\"color: #000000\\\">El control de acceso es compatible con tarjetas ID las cuales trabajan a una frecuencia de 13.56 Mhz la cuales son de uso com\u00fan en el ramo de la seguridad. La distancia de reconocimiento de la tarjeta al control de acceso es de 1cm a 3cm, para un perfecto funcionamiento<\/span><\/p>\n<p>&nbsp;<\/p>\n<h3 class=\\\"card-title text-center\\\"><span style=\\\"color: #000000\\\">Compatibilidad con dispositivos externos<\/span><\/h3>\n<p><span style=\\\"color: #000000\\\">El ASI1202MD es compatible con lectoras esclavas por Wiegand o por el protocolo de comunicaci\u00f3n RS-485, la cual puede funcionar como m\u00e9todo de identificaci\u00f3n para salida y guardar el registro en los logs del control de acceso. Adem\u00e1s podr\u00e1 conectar una sirena que puede notificar de alg\u00fan evento anormal, de igual forma podr\u00e1 conectar un bot\u00f3n de salida, contacto magn\u00e9tico, lo cual hace que el equipo sea suficiente para administrar una puerta de acceso.<\/span><\/p>\n<p>&nbsp;<\/p>\n<h3 class=\\\"card-title text-center\\\"><span style=\\\"color: #000000\\\">Caracter\u00edsticas principales <\/span><\/h3>\n<ul>\n<li><span style=\\\"color: #000000\\\">Standalone.<\/span><\/li>\n<li><span style=\\\"color: #000000\\\">Buzzer incluido.<\/span><\/li>\n<li><span style=\\\"color: #000000\\\">Entrada de alarma 1.<\/span><\/li>\n<li><span style=\\\"color: #000000\\\">Salida de alarma 1 (rel\u00e9).<\/span><\/li>\n<li><span style=\\\"color: #000000\\\">Enlace de alarma S\u00ed.<\/span><\/li>\n<li><span style=\\\"color: #000000\\\">Bot\u00f3n de salida 1.<\/span><\/li>\n<li><span style=\\\"color: #000000\\\">Detecci\u00f3n de estado de puerta 1.<\/span><\/li>\n<li><span style=\\\"color: #000000\\\">Bloqueo de control 1, desactivado por defecto.<\/span><\/li>\n<li><span style=\\\"color: #000000\\\">Temperatura de funcionamiento -30 \u00b0 C a + 50 \u00b0 C (-22 \u00b0 F a + 122 \u00b0 F).<\/span><\/li>\n<li><span style=\\\"color: #000000\\\">Humedad de funcionamiento 5% RH \u2013 95% RH (sin condensaci\u00f3n).<\/span><\/li>\n<li><span style=\\\"color: #000000\\\">Compatible con tarjetas ID.<\/span><\/li>\n<li><span style=\\\"color: #000000\\\">Altitud de funcionamiento 0 m \u2013 1300 m.<\/span><\/li>\n<li><span style=\\\"color: #000000\\\">Grado de Protecci\u00f3n (Aplique gel de s\u00edlice en los espacios) IK10.<\/span><\/li>\n<li><span style=\\\"color: #000000\\\">Incluye accesorio de montaje.<\/span><\/li>\n<li><span style=\\\"color: #000000\\\">Instalaci\u00f3n Montaje en superficie.<\/span><\/li>\n<li><span style=\\\"color: #000000\\\">Carcasa Aleaci\u00f3n de zinc.<\/span><\/li>\n<li><span style=\\\"color: #000000\\\">Fuente de alimentaci\u00f3n 12V DC 1A <strong>(No incluida).<\/strong><\/span><\/li>\n<li><span style=\\\"color: #000000\\\">Peso neto 0,7 kg.<\/span><\/li>\n<li><span style=\\\"color: #000000\\\">Peso bruto 0,79 kg.<\/span><\/li>\n<\/ul>\n","protected":false},"excerpt":{"rendered":"<p>DHI-ASI1202M-D\u00a0 DAHUA Control de acceso TCP\/IP standalone\/ Para exterior \/ IK10 \/ IP65 \/ 30,000 usuarios \/ 150,000 Eventos \/ 3,000 huellas y tarjetas ID \/ Lectora esclava tarjetas Informaci\u00f3n General El ASI1201M-D es un control de acceso dise\u00f1ado para trabajar de manera aut\u00f3noma, es decir sin la necesidad de alg\u00fan panel de acceso o [&hellip;]<\/p>\n","protected":false},"featured_media":10885,"template":"","meta":{"_acf_changed":false},"product_brand":[],"product_cat":[96,98],"product_tag":[],"berocket_brand":[],"class_list":{"0":"post-10884","1":"product","2":"type-product","3":"status-publish","4":"has-post-thumbnail","6":"product_cat-control-de-acceso","7":"product_cat-lector-biometrico","9":"first","10":"instock","11":"taxable","12":"shipping-taxable","13":"purchasable","14":"product-type-simple","15":"berocket_lgv_grid","16":"berocket_lgv_list_grid"},"acf":[],"aioseo_notices":[],"_links":{"self":[{"href":"https:\/\/todoenseguridad.com\/site\/wp-json\/wp\/v2\/product\/10884","targetHints":{"allow":["GET"]}}],"collection":[{"href":"https:\/\/todoenseguridad.com\/site\/wp-json\/wp\/v2\/product"}],"about":[{"href":"https:\/\/todoenseguridad.com\/site\/wp-json\/wp\/v2\/types\/product"}],"wp:featuredmedia":[{"embeddable":true,"href":"https:\/\/todoenseguridad.com\/site\/wp-json\/wp\/v2\/media\/10885"}],"wp:attachment":[{"href":"https:\/\/todoenseguridad.com\/site\/wp-json\/wp\/v2\/media?parent=10884"}],"wp:term":[{"taxonomy":"product_brand","embeddable":true,"href":"https:\/\/todoenseguridad.com\/site\/wp-json\/wp\/v2\/product_brand?post=10884"},{"taxonomy":"product_cat","embeddable":true,"href":"https:\/\/todoenseguridad.com\/site\/wp-json\/wp\/v2\/product_cat?post=10884"},{"taxonomy":"product_tag","embeddable":true,"href":"https:\/\/todoenseguridad.com\/site\/wp-json\/wp\/v2\/product_tag?post=10884"},{"taxonomy":"berocket_brand","embeddable":true,"href":"https:\/\/todoenseguridad.com\/site\/wp-json\/wp\/v2\/berocket_brand?post=10884"}],"curies":[{"name":"wp","href":"https:\/\/api.w.org\/{rel}","templated":true}]}}