{"id":10880,"date":"2021-05-31T11:02:52","date_gmt":"2021-05-31T16:02:52","guid":{"rendered":"https:\/\/todoenseguridad.com\/site\/?post_type=product&#038;p=10880"},"modified":"2026-03-24T16:48:45","modified_gmt":"2026-03-24T21:48:45","slug":"dhi-asi1212f-d-dahua-control-de-acceso-standalone-conexion-remota-p2p-smartpss-uso-interior","status":"publish","type":"product","link":"https:\/\/todoenseguridad.com\/site\/producto\/dhi-asi1212f-d-dahua-control-de-acceso-standalone-conexion-remota-p2p-smartpss-uso-interior\/","title":{"rendered":"DHI-ASI1212F-D DAHUA Control de Acceso STANDALONE\/ Conexi\u00f3n remota P2P SMARTPSS \/ Uso interior"},"content":{"rendered":"<h2 class=\\\"mb-3\\\"><span style=\\\"color: #0000ff\\\"><span class=\\\"text-medium\\\">DHI-ASI1212F-D <\/span>DAHUA Control de Acceso STANDALONE\/ Conexi\u00f3n remota P2P SMARTPSS \/ Uso interior \/ 3000 Huellas\/ 30,000 Tarjetas ID<\/span><\/h2>\n<h3 class=\\\"card-title text-center\\\"><span style=\\\"color: #000000\\\">Informaci\u00f3n general<\/span><\/h3>\n<p><span style=\\\"color: #000000\\\">El control de acceso modelo <strong>ASI1212F-D<\/strong> standalone, est\u00e1 dise\u00f1ado con materiales de alta calidad recomendado para uso en interiores, cuenta con una pantalla t\u00e1ctil LCD de 2.8 pulgadas con resoluci\u00f3n de 240&#215;320, tiene un sensor \u00f3ptico que es resistente a ralladuras, golpes de bajo impacto, vibraciones y descargas est\u00e1ticas, incorpora\u00a0una comunicaci\u00f3nTCP-IP para su manejo o administraci\u00f3n desde software Smart PSS AC pero tambi\u00e9n incluye un display desde el cual podr\u00e1 realizar operaciones como dar de alta usuarios, tarjetas (ID), configurar par\u00e1metros del sistema, etc.<\/span><\/p>\n<p>&nbsp;<\/p>\n<h3 class=\\\"card-title text-center\\\"><span style=\\\"color: #000000\\\">Tarjetas ID<\/span><\/h3>\n<p><span style=\\\"color: #000000\\\">El ASI1212F-3 soporta 30.000 usuarios, 30.000 tarjetas y 3000 huellas dactilares. Puede almacenar 150.000 registros de acceso y 1000 registros de alarmas. Soporta alarma de coacci\u00f3n, alarma de manipulaci\u00f3n e informe de la alarma; admite 1 entrada de alarma y 1 salida de alarma.\u00a0<\/span><\/p>\n<p>&nbsp;<\/p>\n<h3 class=\\\"card-title text-center\\\"><span style=\\\"color: #000000\\\">Software de monitoreo SMART PSS AC.<\/span><\/h3>\n<p><span style=\\\"color: #000000\\\">El nuevo modulo de control de acceso Dahua te permitir\u00e1 poder realizar la b\u00fasqueda autoamtica de equipos en la red asi como poder modificar la direccion IP de los dispositivos\u00a0desde esta iterfaz podr\u00e1s encontrar las\u00a0puertas soportadas por el equipo, consta de un ventana de monitoreo en tiempo real donde se pueden combinar la vista de canales de video vigilancia y los eventos de control de acceso. Desde el software podr\u00e1s realizar la apertura remota de cada una de las puertas que se encuentran dentro de la misma red local<\/span><\/p>\n<p>&nbsp;<\/p>\n<h3 class=\\\"card-title text-center\\\"><span style=\\\"color: #000000\\\">Comunicaci\u00f3n de conexiones<\/span><\/h3>\n<p><span style=\\\"color: #000000\\\">Este modelo cuenta con comunicaci\u00f3n de conexiones Wiegand \u00f3 RS485, soporta dispositivos esclavos y accesorios como contrachapas, alarma y bot\u00f3n liberador de puerta, adem\u00e1s puede ser utilizado en distintas formas de verificaci\u00f3n como lo es huella, tarjeta (ID) o bien puede asignarse un c\u00f3digo maestro al usuario para apertura. Adem\u00e1s de poder realizar la apertura mediante la APP DMSS, de manera local o remota ya que el equipo cuenta con P2P.<\/span><\/p>\n<p>&nbsp;<\/p>\n<h3 class=\\\"card-title text-center\\\"><span style=\\\"color: #000000\\\">Principales caracter\u00edsticas<\/span><\/h3>\n<ul>\n<li><span style=\\\"color: #000000\\\">Material de carcasa PC + ABS y material de vidrio para panel frontal.<\/span><\/li>\n<li><span style=\\\"color: #000000\\\">Aplicable para escenario interior.<\/span><\/li>\n<li><span style=\\\"color: #000000\\\">Pantalla t\u00e1ctil LCD de 2.8 pulgadas.<\/span><\/li>\n<li><span style=\\\"color: #000000\\\">Resoluci\u00f3n de 240 \u00d7 320.<\/span><\/li>\n<li><span style=\\\"color: #000000\\\">El algoritmo de aprendizaje profundo hace que el tiempo de reconocimiento de huellas digitales sea de 1,5 s.<\/span><\/li>\n<li><span style=\\\"color: #000000\\\">Soporta tarjeta (ID), huella dactilar y contrase\u00f1a.<\/span><\/li>\n<li><span style=\\\"color: #000000\\\">Soporta OSDP, TCP \/ IP<\/span><\/li>\n<li><span style=\\\"color: #000000\\\">Soporta:<\/span><\/li>\n<li class=\\\"ql-indent-1\\\"><span style=\\\"color: #000000\\\">30,000 usuarios.<\/span><\/li>\n<li class=\\\"ql-indent-1\\\"><span style=\\\"color: #000000\\\">30,000 tarjetas.<\/span><\/li>\n<li class=\\\"ql-indent-1\\\"><span style=\\\"color: #000000\\\">30,000 password.<\/span><\/li>\n<li class=\\\"ql-indent-1\\\"><span style=\\\"color: #000000\\\">3,000 huellas dactilares.<\/span><\/li>\n<li class=\\\"ql-indent-1\\\"><span style=\\\"color: #000000\\\">150,000 registros<\/span><\/li>\n<\/ul>\n","protected":false},"excerpt":{"rendered":"<p>DHI-ASI1212F-D DAHUA Control de Acceso STANDALONE\/ Conexi\u00f3n remota P2P SMARTPSS \/ Uso interior \/ 3000 Huellas\/ 30,000 Tarjetas ID Informaci\u00f3n general El control de acceso modelo ASI1212F-D standalone, est\u00e1 dise\u00f1ado con materiales de alta calidad recomendado para uso en interiores, cuenta con una pantalla t\u00e1ctil LCD de 2.8 pulgadas con resoluci\u00f3n de 240&#215;320, tiene un [&hellip;]<\/p>\n","protected":false},"featured_media":10881,"template":"","meta":{"_acf_changed":false},"product_brand":[],"product_cat":[96,98],"product_tag":[],"berocket_brand":[],"class_list":{"0":"post-10880","1":"product","2":"type-product","3":"status-publish","4":"has-post-thumbnail","6":"product_cat-control-de-acceso","7":"product_cat-lector-biometrico","9":"first","10":"instock","11":"taxable","12":"shipping-taxable","13":"purchasable","14":"product-type-simple","15":"berocket_lgv_grid","16":"berocket_lgv_list_grid"},"acf":[],"aioseo_notices":[],"_links":{"self":[{"href":"https:\/\/todoenseguridad.com\/site\/wp-json\/wp\/v2\/product\/10880","targetHints":{"allow":["GET"]}}],"collection":[{"href":"https:\/\/todoenseguridad.com\/site\/wp-json\/wp\/v2\/product"}],"about":[{"href":"https:\/\/todoenseguridad.com\/site\/wp-json\/wp\/v2\/types\/product"}],"wp:featuredmedia":[{"embeddable":true,"href":"https:\/\/todoenseguridad.com\/site\/wp-json\/wp\/v2\/media\/10881"}],"wp:attachment":[{"href":"https:\/\/todoenseguridad.com\/site\/wp-json\/wp\/v2\/media?parent=10880"}],"wp:term":[{"taxonomy":"product_brand","embeddable":true,"href":"https:\/\/todoenseguridad.com\/site\/wp-json\/wp\/v2\/product_brand?post=10880"},{"taxonomy":"product_cat","embeddable":true,"href":"https:\/\/todoenseguridad.com\/site\/wp-json\/wp\/v2\/product_cat?post=10880"},{"taxonomy":"product_tag","embeddable":true,"href":"https:\/\/todoenseguridad.com\/site\/wp-json\/wp\/v2\/product_tag?post=10880"},{"taxonomy":"berocket_brand","embeddable":true,"href":"https:\/\/todoenseguridad.com\/site\/wp-json\/wp\/v2\/berocket_brand?post=10880"}],"curies":[{"name":"wp","href":"https:\/\/api.w.org\/{rel}","templated":true}]}}