{"id":10875,"date":"2021-05-31T10:25:18","date_gmt":"2021-05-31T15:25:18","guid":{"rendered":"https:\/\/todoenseguridad.com\/site\/?post_type=product&#038;p=10875"},"modified":"2026-03-30T17:33:53","modified_gmt":"2026-03-30T22:33:53","slug":"hac-hfw1200cn-a-0280b-s5-dahua-camara-bullet-1080p-microfono-integrado-lente-de-2-8mm-30-mts-de-ir","status":"publish","type":"product","link":"https:\/\/todoenseguridad.com\/site\/producto\/hac-hfw1200cn-a-0280b-s5-dahua-camara-bullet-1080p-microfono-integrado-lente-de-2-8mm-30-mts-de-ir\/","title":{"rendered":"HAC-HFW1200CN-A-0280B-S5 DAHUA Camara Bullet 1080p Micr\u00f3fono Lente de 2.8mm 30 Mts IR"},"content":{"rendered":"<h2 class=\"mb-3\"><span style=\"color: #0000ff;\"><span class=\"text-medium\">HAC-HFW1200CN-A-0280B-S5<\/span> DAHUA\u00a0 Camara Bullet 1080p\/ Micr\u00f3fono Integrado\/ Lente de 2.8mm\/ 30 Mts de Ir\/ IP67\/ Policarbonato\/ CVI\/CVBS\/AHD\/TVI\/ BLC\/HLC\/DWDR<\/span><\/h2>\n<h3 class=\"card-title text-center\"><span style=\"color: #000000;\">Informaci\u00f3n General<\/span><\/h3>\n<p class=\"ql-align-justify\"><span style=\"color: #000000;\">El modelo\u00a0<strong>HFW1200CN-A<\/strong>\u00a0es una c\u00e1mara bullet HDCVI de\u00a01080P\u00a0de resoluci\u00f3n, con la cual podemos apreciar una imagen con mayor nitidez, brillo y claridad. Este modelo incorpora un lente de\u00a02.8 mm y micr\u00f3fono integrado.Otra caracter\u00edstica es a prueba de agua con \u00edndice de protecci\u00f3n\u00a0IP67\u00a0lo que le permite ser utilizada para el exterior, ya que esta dise\u00f1ada para que no ingrese polvo y agua.<\/span><\/p>\n<p>&nbsp;<\/p>\n<h3 class=\"card-title text-center\"><span style=\"color: #000000;\">Soporte M\u00faltiples Formatos de Video<\/span><\/h3>\n<p><span style=\"color: #000000;\">La c\u00e1mara admite m\u00faltiples formatos de video, incluidos HDCVI, CVBS y otros dos formatos anal\u00f3gicos HD comunes en el mercado. Los cuatro formatos se pueden cambiar a trav\u00e9s del men\u00fa OSD o mediante PFM820 (controlador UTC). Esta caracter\u00edstica hace que la c\u00e1mara sea compatible con la mayor\u00eda de los DVR HD \/ SD existentes de los usuarios finales.<\/span><\/p>\n<p>&nbsp;<\/p>\n<h3 class=\"card-title text-center\"><span style=\"color: #000000;\">Larga Distancia de Transmisi\u00f3n<\/span><\/h3>\n<p><span style=\"color: #000000;\">La tecnolog\u00eda HDCVI garantiza la transmisi\u00f3n en tiempo real a larga distancia sin ninguna perdida. Admite transmisiones de hasta 800 m (1080p) \/ 1200 m (720P) a trav\u00e9s de un cable coaxial y hasta 300 m (1080P) \/ 450 m (720P) a trav\u00e9s de un cable UTP.<\/span><\/p>\n<p>&nbsp;<\/p>\n<h3 class=\"card-title text-center\"><span style=\"color: #000000;\">Excelente protecci\u00f3n en ambiente exterior<\/span><\/h3>\n<p><span style=\"color: #000000;\">La excelente confiabilidad de la c\u00e1mara es insuperable debido a su dise\u00f1o resistente. La c\u00e1mara est\u00e1 protegida contra el agua y el polvo con clasificaci\u00f3n <strong>IP67<\/strong>, lo que la hace adecuada para entornos interiores o exteriores.<\/span><\/p>\n<p><span style=\"color: #000000;\">Con un rango de temperatura de trabajo de -40 \u00b0 C a +60 \u00b0 C, la c\u00e1mara est\u00e1 dise\u00f1ada para entornos de temperaturas extremas.Con una tolerancia de voltaje de entrada de <strong>\u00b1 30%<\/strong>, esta c\u00e1mara se adapta incluso a condiciones de suministro de energ\u00eda m\u00e1s inestables. Su clasificaci\u00f3n de rayos <strong>4KV<\/strong> brinda protecci\u00f3n contra la c\u00e1mara y su estructura contra los efectos de los rayos<\/span><\/p>\n<p>&nbsp;<\/p>\n<h3 class=\"card-title text-center\"><span style=\"color: #000000;\">DWDR<\/span><\/h3>\n<p><span style=\"color: #000000;\">Nuestra c\u00e1mara\u00a0<strong>HFW1200CN-A <\/strong>cuenta con la funci\u00f3n <strong>DWDR<\/strong>, esta funci\u00f3n\u00a0se encarga de medir, compensar y ajustar la luz en la imagen\u00a0captada para despu\u00e9s combinar los espacios de luces brillantes con los espacios de sombras que hay en una misma toma, creando\u00a0un equilibrio en la imagen final.<\/span><\/p>\n<p>&nbsp;<\/p>\n<h3><span style=\"color: #000000;\">HLC (Compensaci\u00f3n de Luz Alta)<\/span><\/h3>\n<p><span style=\"color: #000000;\">La c\u00e1mara\u00a0tambi\u00e9n cuenta con <strong>HLC<\/strong>,\u00a0esta funci\u00f3n\u00a0se encarga eliminar eficazmente el riesgo de exposici\u00f3n y garantizar el video apropiado cuando hay luces fuertes.<\/span><\/p>\n<p>&nbsp;<\/p>\n<h3 class=\"card-title text-center\"><span style=\"color: #000000;\">Caracter\u00edsticas principales <\/span><\/h3>\n<ul>\n<li class=\"ql-align-justify\"><span style=\"color: #000000;\">1 \/ 2.7 \u00bb CMOS.<\/span><\/li>\n<li class=\"ql-align-justify\"><span style=\"color: #000000;\">Lente 2.8mm.<\/span><\/li>\n<li class=\"ql-align-justify\"><span style=\"color: #000000;\">M\u00e1x Distancia IR LEDs 30mts.<\/span><\/li>\n<li class=\"ql-align-justify\"><span style=\"color: #000000;\">Iluminaci\u00f3n m\u00ednima 0.02 Lux.<\/span><\/li>\n<li class=\"ql-align-justify\"><span style=\"color: #000000;\">DWDR \/ HLC \/ BLC.<\/span><\/li>\n<li class=\"ql-align-justify\"><span style=\"color: #000000;\">\u00c1ngulo de Visi\u00f3n 119\u00b0 x 101\u00b0 x 54\u00b0\u00a0 (Horizontal \u00d7 Vertical \u00d7 Diagonal)<\/span><\/li>\n<li class=\"ql-align-justify\"><span style=\"color: #000000;\">Micr\u00f3fono Integrado.<\/span><\/li>\n<li class=\"ql-align-justify\"><span style=\"color: #000000;\">Fuente de alimentaci\u00f3n 12V DC.<\/span><\/li>\n<li class=\"ql-align-justify\"><span style=\"color: #000000;\">Consumo de energ\u00eda\u00a0&lt;2.7 W (IR encendido).<\/span><\/li>\n<li class=\"ql-align-justify\"><span style=\"color: #000000;\">Condiciones de Trabajo -40\u00b0 C ~ +60\u00b0 C \/ menos de 95% RH<\/span><\/li>\n<li class=\"ql-align-justify\"><span style=\"color: #000000;\">\u00cdndice de protecci\u00f3n IP67.<\/span><\/li>\n<li class=\"ql-align-justify\"><span style=\"color: #000000;\">Peso 0.19kg.<\/span><\/li>\n<li class=\"ql-align-justify\"><span style=\"color: #000000;\">Material Policarbonato.<\/span><\/li>\n<li class=\"ql-align-justify\"><span style=\"color: #000000;\">Dimensiones 161.3mm\u00d769.7mm\u00d770.0mm.<\/span><\/li>\n<\/ul>\n","protected":false},"excerpt":{"rendered":"<p>HAC-HFW1200CN-A-0280B-S5 DAHUA\u00a0 Camara Bullet 1080p\/ Micr\u00f3fono Integrado\/ Lente de 2.8mm\/ 30 Mts de Ir\/ IP67\/ Policarbonato\/ CVI\/CVBS\/AHD\/TVI\/ BLC\/HLC\/DWDR Informaci\u00f3n General El modelo\u00a0HFW1200CN-A\u00a0es una c\u00e1mara bullet HDCVI de\u00a01080P\u00a0de resoluci\u00f3n, con la cual podemos apreciar una imagen con mayor nitidez, brillo y claridad. Este modelo incorpora un lente de\u00a02.8 mm y micr\u00f3fono integrado.Otra caracter\u00edstica es a prueba [&hellip;]<\/p>\n","protected":false},"featured_media":10876,"template":"","meta":{"_acf_changed":false},"product_brand":[],"product_cat":[107,82,104,81,226],"product_tag":[],"berocket_brand":[],"class_list":{"0":"post-10875","1":"product","2":"type-product","3":"status-publish","4":"has-post-thumbnail","6":"product_cat-bullet-cctv-hdcvi","7":"product_cat-bullet-cctv-hdtvi-turbo","8":"product_cat-cctv-hdcvi","9":"product_cat-cctv-hdtvi-turbo","10":"product_cat-camaras-de-seguridad-cctv-videovigilancia-hd","12":"first","13":"instock","14":"taxable","15":"shipping-taxable","16":"purchasable","17":"product-type-simple","18":"berocket_lgv_grid","19":"berocket_lgv_list_grid"},"acf":[],"aioseo_notices":[],"_links":{"self":[{"href":"https:\/\/todoenseguridad.com\/site\/wp-json\/wp\/v2\/product\/10875","targetHints":{"allow":["GET"]}}],"collection":[{"href":"https:\/\/todoenseguridad.com\/site\/wp-json\/wp\/v2\/product"}],"about":[{"href":"https:\/\/todoenseguridad.com\/site\/wp-json\/wp\/v2\/types\/product"}],"wp:featuredmedia":[{"embeddable":true,"href":"https:\/\/todoenseguridad.com\/site\/wp-json\/wp\/v2\/media\/10876"}],"wp:attachment":[{"href":"https:\/\/todoenseguridad.com\/site\/wp-json\/wp\/v2\/media?parent=10875"}],"wp:term":[{"taxonomy":"product_brand","embeddable":true,"href":"https:\/\/todoenseguridad.com\/site\/wp-json\/wp\/v2\/product_brand?post=10875"},{"taxonomy":"product_cat","embeddable":true,"href":"https:\/\/todoenseguridad.com\/site\/wp-json\/wp\/v2\/product_cat?post=10875"},{"taxonomy":"product_tag","embeddable":true,"href":"https:\/\/todoenseguridad.com\/site\/wp-json\/wp\/v2\/product_tag?post=10875"},{"taxonomy":"berocket_brand","embeddable":true,"href":"https:\/\/todoenseguridad.com\/site\/wp-json\/wp\/v2\/berocket_brand?post=10875"}],"curies":[{"name":"wp","href":"https:\/\/api.w.org\/{rel}","templated":true}]}}