{"id":10871,"date":"2021-05-27T13:12:40","date_gmt":"2021-05-27T18:12:40","guid":{"rendered":"https:\/\/todoenseguridad.com\/site\/?post_type=product&#038;p=10871"},"modified":"2026-03-30T17:34:23","modified_gmt":"2026-03-30T22:34:23","slug":"hac-hfw1500tl-a-28-dahua-camara-bullet-de-5mp-microfono-integrado-lente-de-2-8mm","status":"publish","type":"product","link":"https:\/\/todoenseguridad.com\/site\/producto\/hac-hfw1500tl-a-28-dahua-camara-bullet-de-5mp-microfono-integrado-lente-de-2-8mm\/","title":{"rendered":"HAC-HFW1500TL-A-28 DAHUA Camaras  Bullet de 5MP Microfono Integrado Lente de 2.8mm"},"content":{"rendered":"<h2 class=\"mb-3\"><span style=\"color: #0000ff;\">HAC-HFW1500TL-A-28 DAHUA Camara Bullet de 5MP\/ Microfono Integrado\/ Lente de 2.8mm\/ IR de 80 Mts\/ IP67\/ Starlight\/ CVI\/CVBS\/AHD\/TVI<\/span><\/h2>\n<h3 class=\"card-title text-center\"><span style=\"color: #000000;\">Informaci\u00f3n General<\/span><\/h3>\n<p><span style=\"color: #000000;\">La c\u00e1mara HAC-HFW1500TL-A-28 cuenta con una resoluci\u00f3n de video de 5MP full HD, adem\u00e1s cuenta con la simplicidad de usar la infraestructura de cableado existente con HDCVI. La c\u00e1mara HDCVI de 5 MP de la serie Lite presenta un dise\u00f1o compacto y ofrece una imagen de alta calidad a un precio asequible. Ofrece varios modelos de lentes motorizados \/ fijos con OSD en varios idiomas y salida conmutable HD \/ SD. Su flexibilidad estructural y su alto costo-rendimiento hacen que la c\u00e1mara sea una opci\u00f3n ideal para soluciones SMB.<\/span><\/p>\n<p>&nbsp;<\/p>\n<h3 class=\"card-title text-center\"><span style=\"color: #000000;\">Micr\u00f3fono incluido<\/span><\/h3>\n<p><span style=\"color: #000000;\">Cuenta con un\u00a0micr\u00f3fono integrado de esta manera se puede transmitir la se\u00f1al de v\u00eddeo y audio utilizando un solo cable (coaxial o UTP) hacia un DVR HDCVI DAHUA. El audio de esta c\u00e1mara se puede escuchar desde la app m\u00f3vil (DMSS).<\/span><\/p>\n<p>&nbsp;<\/p>\n<h3 class=\"card-title text-center\"><span style=\"color: #000000;\">Smart IR<\/span><\/h3>\n<p><span style=\"color: #000000;\">La c\u00e1mara est\u00e1 dise\u00f1ada con iluminaci\u00f3n LED IR para un mejor rendimiento con poca luz. Smart IR es una tecnolog\u00eda que garantiza la uniformidad del brillo en im\u00e1genes en blanco y negro con poca iluminaci\u00f3n. El exclusivo Smart IR de Dahua se ajusta a la intensidad de los LED infrarrojos de la c\u00e1mara para compensar la distancia de un objeto y evita que los LED de infrarrojos sobreexpongan las im\u00e1genes a medida que el objeto se acerca a la c\u00e1mara.\u00a0<\/span><\/p>\n<p>&nbsp;<\/p>\n<h3 class=\"card-title text-center\"><span style=\"color: #000000;\">Protecci\u00f3n en Ambiente Exterior<\/span><\/h3>\n<p><span style=\"color: #000000;\">La excelente confiabilidad de la c\u00e1mara es insuperable debido a su dise\u00f1o resistente. La c\u00e1mara est\u00e1 protegida contra el agua y el polvo con clasificaci\u00f3n IP67, lo que la hace adecuada para entornos interiores o exteriores. Con un rango de temperatura de trabajo de -40 \u00b0 C a +60 \u00b0 C (-40 \u00b0 F a +140 \u00b0 F), la c\u00e1mara est\u00e1 dise\u00f1ada para entornos de temperaturas extremas. Con una tolerancia de voltaje de entrada de \u00b1 30%, esta c\u00e1mara se adapta incluso a las condiciones de suministro de energ\u00eda m\u00e1s inestables. Su clasificaci\u00f3n de rayos 4KV brinda protecci\u00f3n contra la c\u00e1mara y su estructura contra los efectos de los rayos.\u00a0<\/span><\/p>\n<p>&nbsp;<\/p>\n<h3 class=\"card-title text-center\"><span style=\"color: #000000;\">Caracter\u00edsticas Principales<\/span><\/h3>\n<ul>\n<li><span style=\"color: #000000;\">Sensor de imagen CMOS de 1 \/ 2,7 pulgadas<\/span><\/li>\n<li><span style=\"color: #000000;\">Max. Resoluci\u00f3n 2880 (H) \u00d7 1620 (V)<\/span><\/li>\n<li><span style=\"color: #000000;\">Resoluci\u00f3n 5 M (2880 \u00d7 1620); 4 M (2560 \u00d7 1440); 1080P (1920 \u00d7 1080); 960 H (960 \u00d7 576\/960 \u00d7 480)\u00a0<\/span><\/li>\n<li><span style=\"color: #000000;\">Sistema de escaneo Progresivo<\/span><\/li>\n<li><span style=\"color: #000000;\">Distancia IR 80m<\/span><\/li>\n<li><span style=\"color: #000000;\">N\u00famero de IR 2<\/span><\/li>\n<li><span style=\"color: #000000;\">Longitud focal 2.8mm<\/span><\/li>\n<li><span style=\"color: #000000;\">Interfaz de audio Micr\u00f3fono integrado de un canal<\/span><\/li>\n<li><span style=\"color: #000000;\">Opciones de salida de video de CVI \/ TVI \/ AHD \/ CVBS por un puerto BNC\u00a0<\/span><\/li>\n<li><span style=\"color: #000000;\">BLC \/ HLC \/ DWDR\u00a0<\/span><\/li>\n<li><span style=\"color: #000000;\">Fuente de alimentaci\u00f3n El consumo de energ\u00eda 12V \u00b1 30%<\/span><\/li>\n<li><span style=\"color: #000000;\">M\u00e1x.5,2 W (12 V dc, IR encendido)<\/span><\/li>\n<li><span style=\"color: #000000;\">Grado de protecci\u00f3n IP67<\/span><\/li>\n<li><span style=\"color: #000000;\">Caja Cubierta frontal mental + cuerpo principal de pl\u00e1stico + soporte de pl\u00e1stico<\/span><\/li>\n<li><span style=\"color: #000000;\">Dimensiones de la c\u00e1mara 198,9 mm \u00d7 80,2 mm \u00d7 76,2 mm<\/span><\/li>\n<li><span style=\"color: #000000;\">Peso neto 0,27 kg<\/span><\/li>\n<li><span style=\"color: #000000;\">Peso bruto 0,46 kg<\/span><\/li>\n<\/ul>\n","protected":false},"excerpt":{"rendered":"<p>HAC-HFW1500TL-A-28 DAHUA Camara Bullet de 5MP\/ Microfono Integrado\/ Lente de 2.8mm\/ IR de 80 Mts\/ IP67\/ Starlight\/ CVI\/CVBS\/AHD\/TVI Informaci\u00f3n General La c\u00e1mara HAC-HFW1500TL-A-28 cuenta con una resoluci\u00f3n de video de 5MP full HD, adem\u00e1s cuenta con la simplicidad de usar la infraestructura de cableado existente con HDCVI. La c\u00e1mara HDCVI de 5 MP de la [&hellip;]<\/p>\n","protected":false},"featured_media":10872,"template":"","meta":{"_acf_changed":false},"product_brand":[],"product_cat":[107,82,104,81],"product_tag":[],"berocket_brand":[],"class_list":{"0":"post-10871","1":"product","2":"type-product","3":"status-publish","4":"has-post-thumbnail","6":"product_cat-bullet-cctv-hdcvi","7":"product_cat-bullet-cctv-hdtvi-turbo","8":"product_cat-cctv-hdcvi","9":"product_cat-cctv-hdtvi-turbo","11":"first","12":"instock","13":"taxable","14":"shipping-taxable","15":"purchasable","16":"product-type-simple","17":"berocket_lgv_grid","18":"berocket_lgv_list_grid"},"acf":[],"aioseo_notices":[],"_links":{"self":[{"href":"https:\/\/todoenseguridad.com\/site\/wp-json\/wp\/v2\/product\/10871","targetHints":{"allow":["GET"]}}],"collection":[{"href":"https:\/\/todoenseguridad.com\/site\/wp-json\/wp\/v2\/product"}],"about":[{"href":"https:\/\/todoenseguridad.com\/site\/wp-json\/wp\/v2\/types\/product"}],"wp:featuredmedia":[{"embeddable":true,"href":"https:\/\/todoenseguridad.com\/site\/wp-json\/wp\/v2\/media\/10872"}],"wp:attachment":[{"href":"https:\/\/todoenseguridad.com\/site\/wp-json\/wp\/v2\/media?parent=10871"}],"wp:term":[{"taxonomy":"product_brand","embeddable":true,"href":"https:\/\/todoenseguridad.com\/site\/wp-json\/wp\/v2\/product_brand?post=10871"},{"taxonomy":"product_cat","embeddable":true,"href":"https:\/\/todoenseguridad.com\/site\/wp-json\/wp\/v2\/product_cat?post=10871"},{"taxonomy":"product_tag","embeddable":true,"href":"https:\/\/todoenseguridad.com\/site\/wp-json\/wp\/v2\/product_tag?post=10871"},{"taxonomy":"berocket_brand","embeddable":true,"href":"https:\/\/todoenseguridad.com\/site\/wp-json\/wp\/v2\/berocket_brand?post=10871"}],"curies":[{"name":"wp","href":"https:\/\/api.w.org\/{rel}","templated":true}]}}