{"id":10869,"date":"2021-05-27T13:02:00","date_gmt":"2021-05-27T18:02:00","guid":{"rendered":"https:\/\/todoenseguridad.com\/site\/?post_type=product&#038;p=10869"},"modified":"2026-03-30T17:35:02","modified_gmt":"2026-03-30T22:35:02","slug":"hac-hfw1500tl-28-dahua-camara-bullet-de-5mp-lente-de-2-8-mm-ir-de-40-mts-ip67-starlight-cvi-cvbs-ahd-tvi","status":"publish","type":"product","link":"https:\/\/todoenseguridad.com\/site\/producto\/hac-hfw1500tl-28-dahua-camara-bullet-de-5mp-lente-de-2-8-mm-ir-de-40-mts-ip67-starlight-cvi-cvbs-ahd-tvi\/","title":{"rendered":"HAC-HFW1500TL-28 DAHUA Camaras  Bullet de 5MP\/ Lente de 2.8 mm IR de 40 Mts IP67 Starlight CVI\/CVBS\/AHD\/TVI"},"content":{"rendered":"<h3 class=\"mb-3\"><span style=\"color: #0000ff;\">HAC-HFW1500TL-28 DAHUA Camara Bullet de 5MP\/ Lente de 2.8 mm\/ IR de 40 Mts\/ IP67\/ Starlight\/ CVI\/CVBS\/AHD\/TVI<\/span><\/h3>\n<p>&nbsp;<\/p>\n<h4 class=\"card-title text-center\"><span style=\"color: #000000;\">Informaci\u00f3n general<\/span><\/h4>\n<p><span style=\"color: #000000;\">Experimente video de 5MP full HD y la simplicidad de usar cableado existente infraestructura con HDCVI. Caracter\u00edsticas de la c\u00e1mara HDCVI de 5 MP de la serie Lite un dise\u00f1o compacto y ofrece una imagen de alta calidad a un precio asequible. Eso ofrece varios modelos de lentes motorizados \/ fijos con un OSD en varios idiomas y salida conmutable HD \/ SD. Su flexibilidad estructural y su alto costo-rendimiento hacen que la c\u00e1mara sea una opci\u00f3n ideal para soluciones SMB.<\/span><\/p>\n<p>&nbsp;<\/p>\n<h4 class=\"card-title text-center\"><span style=\"color: #000000;\">4 se\u00f1ales sobre 1 cable coaxial<\/span><\/h4>\n<p><span style=\"color: #000000;\">La tecnolog\u00eda HDCVI admite 4 se\u00f1ales que se transmiten a trav\u00e9s de 1 coaxial cable simult\u00e1neamente, es decir, video, datos y energ\u00eda. Datos de doble v\u00eda, la transmisi\u00f3n permite que la c\u00e1mara HDCVI interact\u00fae con el XVR, como enviando se\u00f1al de control o activando alarma. Adem\u00e1s, la tecnolog\u00eda HDCVI admite PoC para la flexibilidad de la construcci\u00f3n.<\/span><\/p>\n<p>&nbsp;<\/p>\n<h3><span style=\"color: #000000;\">OSD en varios idiomas<\/span><\/h3>\n<p><span style=\"color: #000000;\">El men\u00fa OSD proporciona m\u00faltiples ajustes de imagen y configuraciones de funciones para cumplir con los requisitos de diferentes escenas de monitoreo. El OSD men\u00fa incluye configuraciones como el modo de luz de fondo, d\u00eda \/ noche, blanco equilibrio, m\u00e1scara de privacidad y detecci\u00f3n de movimiento. La c\u00e1mara admite 11 idiomas para el men\u00fa OSD, a saber, chino, ingl\u00e9s, franc\u00e9s, alem\u00e1n,<\/span><\/p>\n<p><span style=\"color: #000000;\">Espa\u00f1ol, portugu\u00e9s, italiano, japon\u00e9s, coreano, ruso y polaco.<\/span><\/p>\n<p>&nbsp;<\/p>\n<h4 class=\"card-title text-center\"><span style=\"color: #000000;\">Proteccion<\/span><\/h4>\n<p><span style=\"color: #000000;\">La excelente confiabilidad de la c\u00e1mara es insuperable debido a su dise\u00f1o resistente. La c\u00e1mara est\u00e1 protegida contra el agua y el polvo con clasificaci\u00f3n IP67, haci\u00e9ndolo adecuado para ambientes interiores o exteriores. Con un rango de temperatura de trabajo de -40 \u00b0 C a +60 \u00b0 C (-40 \u00b0 F a +140 \u00b0 F), la c\u00e1mara est\u00e1 dise\u00f1ada para entornos de temperaturas extremas. Con una tolerancia de voltaje de entrada de \u00b1 30%, esta c\u00e1mara se adapta incluso condiciones de suministro de energ\u00eda m\u00e1s inestables. Su clasificaci\u00f3n de rayos 4KV proporciona protecci\u00f3n contra la c\u00e1mara y su estructura de los efectos de rel\u00e1mpago.<\/span><\/p>\n<p>&nbsp;<\/p>\n<h4 class=\"card-title text-center\"><span style=\"color: #000000;\">Caracter\u00edsticas principales <\/span><\/h4>\n<p><span style=\"color: #000000;\">. M\u00e1x.25 fps a 5MP (salida de video 16: 9)<\/span><\/p>\n<p><span style=\"color: #000000;\">\u00b7 CVI \/ CVBS \/ AHD \/ TVI conmutable<\/span><\/p>\n<p><span style=\"color: #000000;\">\u00b7 Lente fijo de 2.8mm<\/span><\/p>\n<p><span style=\"color: #000000;\">\u00b7 M\u00e1x. IR longitud 40 m, IR inteligente<\/span><\/p>\n<p><span style=\"color: #000000;\">\u00b7 IP67, DC12V<\/span><\/p>\n<p><span style=\"color: #000000;\">. Pl\u00e1stico en toda la carcasa<\/span><\/p>\n","protected":false},"excerpt":{"rendered":"<p>HAC-HFW1500TL-28 DAHUA Camara Bullet de 5MP\/ Lente de 2.8 mm\/ IR de 40 Mts\/ IP67\/ Starlight\/ CVI\/CVBS\/AHD\/TVI &nbsp; Informaci\u00f3n general Experimente video de 5MP full HD y la simplicidad de usar cableado existente infraestructura con HDCVI. Caracter\u00edsticas de la c\u00e1mara HDCVI de 5 MP de la serie Lite un dise\u00f1o compacto y ofrece una imagen [&hellip;]<\/p>\n","protected":false},"featured_media":10870,"template":"","meta":{"_acf_changed":false},"product_brand":[],"product_cat":[107,82,104,81,226],"product_tag":[],"berocket_brand":[],"class_list":{"0":"post-10869","1":"product","2":"type-product","3":"status-publish","4":"has-post-thumbnail","6":"product_cat-bullet-cctv-hdcvi","7":"product_cat-bullet-cctv-hdtvi-turbo","8":"product_cat-cctv-hdcvi","9":"product_cat-cctv-hdtvi-turbo","10":"product_cat-camaras-de-seguridad-cctv-videovigilancia-hd","12":"first","13":"instock","14":"taxable","15":"shipping-taxable","16":"purchasable","17":"product-type-simple","18":"berocket_lgv_grid","19":"berocket_lgv_list_grid"},"acf":[],"aioseo_notices":[],"_links":{"self":[{"href":"https:\/\/todoenseguridad.com\/site\/wp-json\/wp\/v2\/product\/10869","targetHints":{"allow":["GET"]}}],"collection":[{"href":"https:\/\/todoenseguridad.com\/site\/wp-json\/wp\/v2\/product"}],"about":[{"href":"https:\/\/todoenseguridad.com\/site\/wp-json\/wp\/v2\/types\/product"}],"wp:featuredmedia":[{"embeddable":true,"href":"https:\/\/todoenseguridad.com\/site\/wp-json\/wp\/v2\/media\/10870"}],"wp:attachment":[{"href":"https:\/\/todoenseguridad.com\/site\/wp-json\/wp\/v2\/media?parent=10869"}],"wp:term":[{"taxonomy":"product_brand","embeddable":true,"href":"https:\/\/todoenseguridad.com\/site\/wp-json\/wp\/v2\/product_brand?post=10869"},{"taxonomy":"product_cat","embeddable":true,"href":"https:\/\/todoenseguridad.com\/site\/wp-json\/wp\/v2\/product_cat?post=10869"},{"taxonomy":"product_tag","embeddable":true,"href":"https:\/\/todoenseguridad.com\/site\/wp-json\/wp\/v2\/product_tag?post=10869"},{"taxonomy":"berocket_brand","embeddable":true,"href":"https:\/\/todoenseguridad.com\/site\/wp-json\/wp\/v2\/berocket_brand?post=10869"}],"curies":[{"name":"wp","href":"https:\/\/api.w.org\/{rel}","templated":true}]}}