{"id":10858,"date":"2021-05-25T12:55:48","date_gmt":"2021-05-25T17:55:48","guid":{"rendered":"https:\/\/todoenseguridad.com\/site\/?post_type=product&#038;p=10858"},"modified":"2026-03-24T16:51:32","modified_gmt":"2026-03-24T21:51:32","slug":"epu4packrt2u-epcom-powerline-modulo-de-baterias-externo-para-aumentar-el-tiempo-de-respaldo-del-ups-epu2000rtol2u","status":"publish","type":"product","link":"https:\/\/todoenseguridad.com\/site\/producto\/epu4packrt2u-epcom-powerline-modulo-de-baterias-externo-para-aumentar-el-tiempo-de-respaldo-del-ups-epu2000rtol2u\/","title":{"rendered":"EPU4PACKRT2U EPCOM POWERLINE M\u00f3dulo de bater\u00edas externo para aumentar el tiempo de respaldo del UPS EPU2000RTOL2U"},"content":{"rendered":"<h2 id=\\\"product_title_94296\\\" class=\\\"no_margin_top titulo_vista_producto\\\"><span style=\\\"color: #0000ff\\\"><span class=\\\"modelo-marca\\\">EPU4PACKRT2U<\/span> EPCOM POWERLINE M\u00f3dulo de bater\u00edas externo para aumentar el tiempo de respaldo del UPS EPU2000RTOL2U<\/span><\/h2>\n<p><span style=\\\"color: #000000\\\">Los m\u00f3dulos de bater\u00edas externos de epcom Power Line ofrecen un respaldo extendido para los ups de topolog\u00eda On-Line.<\/span><\/p>\n<h3><span style=\\\"color: #000000\\\"><strong>Caracter\u00edsticas:<\/strong><\/span><\/h3>\n<ul>\n<li><span style=\\\"color: #000000\\\">Incluye los soportes para instalaci\u00f3n en montaje en rack ocupando solamente dos unidades de espacio en rack.<\/span><\/li>\n<li><span style=\\\"color: #000000\\\">Incuye conector Daisy chain que permite la conexi\u00f3n para aumentar m\u00f3dulos de baterias para el UPS principal.<\/span><\/li>\n<\/ul>\n<p>&nbsp;<\/p>\n<p><span style=\\\"color: #000000\\\"><strong>1 a\u00f1o de garant\u00eda<\/strong><\/span><\/p>\n","protected":false},"excerpt":{"rendered":"<p>EPU4PACKRT2U EPCOM POWERLINE M\u00f3dulo de bater\u00edas externo para aumentar el tiempo de respaldo del UPS EPU2000RTOL2U Los m\u00f3dulos de bater\u00edas externos de epcom Power Line ofrecen un respaldo extendido para los ups de topolog\u00eda On-Line. Caracter\u00edsticas: Incluye los soportes para instalaci\u00f3n en montaje en rack ocupando solamente dos unidades de espacio en rack. Incuye conector [&hellip;]<\/p>\n","protected":false},"featured_media":10859,"template":"","meta":{"_acf_changed":false},"product_brand":[],"product_cat":[219],"product_tag":[],"berocket_brand":[],"class_list":{"0":"post-10858","1":"product","2":"type-product","3":"status-publish","4":"has-post-thumbnail","6":"product_cat-respaldo-energia","8":"first","9":"instock","10":"taxable","11":"shipping-taxable","12":"purchasable","13":"product-type-simple","14":"berocket_lgv_grid","15":"berocket_lgv_list_grid"},"acf":[],"aioseo_notices":[],"_links":{"self":[{"href":"https:\/\/todoenseguridad.com\/site\/wp-json\/wp\/v2\/product\/10858","targetHints":{"allow":["GET"]}}],"collection":[{"href":"https:\/\/todoenseguridad.com\/site\/wp-json\/wp\/v2\/product"}],"about":[{"href":"https:\/\/todoenseguridad.com\/site\/wp-json\/wp\/v2\/types\/product"}],"wp:featuredmedia":[{"embeddable":true,"href":"https:\/\/todoenseguridad.com\/site\/wp-json\/wp\/v2\/media\/10859"}],"wp:attachment":[{"href":"https:\/\/todoenseguridad.com\/site\/wp-json\/wp\/v2\/media?parent=10858"}],"wp:term":[{"taxonomy":"product_brand","embeddable":true,"href":"https:\/\/todoenseguridad.com\/site\/wp-json\/wp\/v2\/product_brand?post=10858"},{"taxonomy":"product_cat","embeddable":true,"href":"https:\/\/todoenseguridad.com\/site\/wp-json\/wp\/v2\/product_cat?post=10858"},{"taxonomy":"product_tag","embeddable":true,"href":"https:\/\/todoenseguridad.com\/site\/wp-json\/wp\/v2\/product_tag?post=10858"},{"taxonomy":"berocket_brand","embeddable":true,"href":"https:\/\/todoenseguridad.com\/site\/wp-json\/wp\/v2\/berocket_brand?post=10858"}],"curies":[{"name":"wp","href":"https:\/\/api.w.org\/{rel}","templated":true}]}}