{"id":10856,"date":"2021-05-25T12:50:13","date_gmt":"2021-05-25T17:50:13","guid":{"rendered":"https:\/\/todoenseguridad.com\/site\/?post_type=product&#038;p=10856"},"modified":"2026-03-24T16:52:13","modified_gmt":"2026-03-24T21:52:13","slug":"epu1000rtol2u-epcom-powerlin-ups-de-1000va-900w-topologia-on-line-doble-conversion-entrada-y-salida-de-120-vca","status":"publish","type":"product","link":"https:\/\/todoenseguridad.com\/site\/producto\/epu1000rtol2u-epcom-powerlin-ups-de-1000va-900w-topologia-on-line-doble-conversion-entrada-y-salida-de-120-vca\/","title":{"rendered":"EPU1000RTOL2U EPCOM POWERLIN UPS de 1000VA\/900W \/ Topolog\u00eda On-Line Doble Conversi\u00f3n \/ Entrada y Salida de 120 Vca"},"content":{"rendered":"<h2 id=\\\"product_title_88679\\\" class=\\\"no_margin_top titulo_vista_producto\\\"><span style=\\\"color: #0000ff\\\"><span class=\\\"modelo-marca\\\">EPU1000RTOL2U<\/span> EPCOM POWERLIN UPS de 1000VA\/900W \/ Topolog\u00eda On-Line Doble Conversi\u00f3n \/ Entrada y Salida de 120 Vca \/ Clavija de Entrada NEMA 5-15P \/ Pantalla LCD Configurable \/Formato Rack\/Torre<\/span><\/h2>\n<p>&nbsp;<\/p>\n<p><span style=\\\"color: #000000\\\">El UPS de topolog\u00eda On-Line (doble conversi\u00f3n) es la versi\u00f3n de alta densidad de epcom Power Line, dise\u00f1ado para aplicaciones de voltajes de 100\/110\/115\/120\/127 VAC. Est\u00e1 equipado con correcci\u00f3n de factor de potencia (PFC) en la entrada, factor de potencia de 0.9 en la salida, ofreciendo altos niveles de confiabilidad y protecci\u00f3n para sistemas IT, equipo de telecomunicaciones, equipo m\u00e9dico y sistemas de misi\u00f3n critica, es convertible a Rack o Torre y solo toma 2U unidades de Rack.<\/span><\/p>\n<p>&nbsp;<\/p>\n<p><span style=\\\"color: #000000\\\"><strong>Caracteris\u00edtcias Prinicpiales:<\/strong><\/span><\/p>\n<ul>\n<li><span style=\\\"color: #000000\\\">Capacidad: 1000 VA \/ 900 W.<\/span><\/li>\n<li><span style=\\\"color: #000000\\\">Topolog\u00eda: On-Line.<\/span><\/li>\n<li><span style=\\\"color: #000000\\\">Con pantalla LCD.<\/span><\/li>\n<li><span style=\\\"color: #000000\\\">Tipo de onda: Onda senoidal pura.<\/span><\/li>\n<li><span style=\\\"color: #000000\\\">Bateria: 2 x 12V\/9Ah.<\/span><\/li>\n<li><span style=\\\"color: #000000\\\">Dimensiones: 440 x 468 x 88 (Ancho x Profundidad x Alto)<\/span><\/li>\n<li><span style=\\\"color: #000000\\\">Factor de potencia de salida: 0.98<\/span><\/li>\n<li><span style=\\\"color: #000000\\\">Regulador de Voltaje: 95 &#8211; 135 VAC.<\/span><\/li>\n<li><span style=\\\"color: #000000\\\">Salida de Voltaje: 100 V \/ 110 V \/ 115 V \/ 120 V \/ 127V AC (configurable v\u00eda LCD).<\/span><\/li>\n<li><span style=\\\"color: #000000\\\">Opci\u00f3n para banco de bater\u00eda.<\/span><\/li>\n<\/ul>\n<p>&nbsp;<\/p>\n<p><span style=\\\"color: #000000\\\"><strong>*1 a\u00f1o de garant\u00eda.<\/strong><\/span><\/p>\n","protected":false},"excerpt":{"rendered":"<p>EPU1000RTOL2U EPCOM POWERLIN UPS de 1000VA\/900W \/ Topolog\u00eda On-Line Doble Conversi\u00f3n \/ Entrada y Salida de 120 Vca \/ Clavija de Entrada NEMA 5-15P \/ Pantalla LCD Configurable \/Formato Rack\/Torre &nbsp; El UPS de topolog\u00eda On-Line (doble conversi\u00f3n) es la versi\u00f3n de alta densidad de epcom Power Line, dise\u00f1ado para aplicaciones de voltajes de 100\/110\/115\/120\/127 [&hellip;]<\/p>\n","protected":false},"featured_media":10857,"template":"","meta":{"_acf_changed":false},"product_brand":[],"product_cat":[219],"product_tag":[],"berocket_brand":[],"class_list":{"0":"post-10856","1":"product","2":"type-product","3":"status-publish","4":"has-post-thumbnail","6":"product_cat-respaldo-energia","8":"first","9":"instock","10":"taxable","11":"shipping-taxable","12":"purchasable","13":"product-type-simple","14":"berocket_lgv_grid","15":"berocket_lgv_list_grid"},"acf":[],"aioseo_notices":[],"_links":{"self":[{"href":"https:\/\/todoenseguridad.com\/site\/wp-json\/wp\/v2\/product\/10856","targetHints":{"allow":["GET"]}}],"collection":[{"href":"https:\/\/todoenseguridad.com\/site\/wp-json\/wp\/v2\/product"}],"about":[{"href":"https:\/\/todoenseguridad.com\/site\/wp-json\/wp\/v2\/types\/product"}],"wp:featuredmedia":[{"embeddable":true,"href":"https:\/\/todoenseguridad.com\/site\/wp-json\/wp\/v2\/media\/10857"}],"wp:attachment":[{"href":"https:\/\/todoenseguridad.com\/site\/wp-json\/wp\/v2\/media?parent=10856"}],"wp:term":[{"taxonomy":"product_brand","embeddable":true,"href":"https:\/\/todoenseguridad.com\/site\/wp-json\/wp\/v2\/product_brand?post=10856"},{"taxonomy":"product_cat","embeddable":true,"href":"https:\/\/todoenseguridad.com\/site\/wp-json\/wp\/v2\/product_cat?post=10856"},{"taxonomy":"product_tag","embeddable":true,"href":"https:\/\/todoenseguridad.com\/site\/wp-json\/wp\/v2\/product_tag?post=10856"},{"taxonomy":"berocket_brand","embeddable":true,"href":"https:\/\/todoenseguridad.com\/site\/wp-json\/wp\/v2\/berocket_brand?post=10856"}],"curies":[{"name":"wp","href":"https:\/\/api.w.org\/{rel}","templated":true}]}}