{"id":10853,"date":"2021-05-25T11:58:57","date_gmt":"2021-05-25T16:58:57","guid":{"rendered":"https:\/\/todoenseguridad.com\/site\/?post_type=product&#038;p=10853"},"modified":"2026-03-24T16:53:50","modified_gmt":"2026-03-24T21:53:50","slug":"epu2000rtol2u-epcom-powerline-ups-de-2000va-1800w-topologia-on-line-doble-conversion","status":"publish","type":"product","link":"https:\/\/todoenseguridad.com\/site\/producto\/epu2000rtol2u-epcom-powerline-ups-de-2000va-1800w-topologia-on-line-doble-conversion\/","title":{"rendered":"EPU2000RTOL2U EPCOM POWERLINE UPS de 2000VA\/1800W \/ Topolog\u00eda On-Line Doble Conversi\u00f3n"},"content":{"rendered":"<h2 id=\\\"product_title_88686\\\" class=\\\"no_margin_top titulo_vista_producto\\\"><span style=\\\"color: #0000ff\\\"><span class=\\\"modelo-marca\\\">EPU2000RTOL2U<\/span> EPCOM POWERLINE UPS de 2000VA\/1800W \/ Topolog\u00eda On-Line Doble Conversi\u00f3n \/ Entrada y Salida de 120 Vca \/ Clavija de Entrada NEMA 5-20P \/ Pantalla LCD Configurable \/ Formato Rack\/Torre<\/span><\/h2>\n<p><span style=\\\"color: #000000\\\">El UPS de topolog\u00eda On-Line (doble conversi\u00f3n) es la versi\u00f3n de alta densidad de epcom Power Line, dise\u00f1ado para aplicaciones de voltajes de 100\/110\/115\/120\/127 VAC. Est\u00e1 equipado con correcci\u00f3n de factor de potencia (PFC) en la entrada, factor de potencia de 0.9 en la salida, ofreciendo altos niveles de confiabilidad y protecci\u00f3n para sistemas IT, equipo de telecomunicaciones, equipo m\u00e9dico y sistemas de misi\u00f3n critica, es convertible a Rack o Torre y solo toma 2U unidades de Rack.<\/span><\/p>\n<p>&nbsp;<\/p>\n<p><span style=\\\"color: #000000\\\"><strong>Caracter\u00edsticas Generales:<\/strong><\/span><\/p>\n<ul>\n<li><span style=\\\"color: #000000\\\">Capacidad: 2000 VA \/ 1800 W.<\/span><\/li>\n<li><span style=\\\"color: #000000\\\">Topolog\u00eda: On-Line<\/span><\/li>\n<li><span style=\\\"color: #000000\\\">Con pantalla LCD.<\/span><\/li>\n<li><span style=\\\"color: #000000\\\">Tipo de onda: Onda senoidal pura.<\/span><\/li>\n<li><span style=\\\"color: #000000\\\">Bateria: 4 x 12V\/9Ah.<\/span><\/li>\n<li><span style=\\\"color: #000000\\\">Dimensiones: 440 x 690 x 88 (Ancho x Profundidad x Alto)<\/span><\/li>\n<li><span style=\\\"color: #000000\\\">Factor de potencia de salida: 0.9<\/span><\/li>\n<li><span style=\\\"color: #000000\\\">Montaje de equipos hasta 690 mm.<\/span><\/li>\n<li><span style=\\\"color: #000000\\\">Regulador de Voltaje: 95 &#8211; 135 VAC.<\/span><\/li>\n<li><span style=\\\"color: #000000\\\">Salida de Voltaje: 100 V \/ 110 V \/ 115 V \/ 120 V \/ 127V AC (Configurable v\u00eda LCD).<\/span><\/li>\n<li><span style=\\\"color: #000000\\\">Opci\u00f3n para banco de bater\u00eda.<\/span><\/li>\n<\/ul>\n<p><span style=\\\"color: #000000\\\"><strong>*1 a\u00f1o de garant\u00eda.<\/strong><\/span><\/p>\n","protected":false},"excerpt":{"rendered":"<p>EPU2000RTOL2U EPCOM POWERLINE UPS de 2000VA\/1800W \/ Topolog\u00eda On-Line Doble Conversi\u00f3n \/ Entrada y Salida de 120 Vca \/ Clavija de Entrada NEMA 5-20P \/ Pantalla LCD Configurable \/ Formato Rack\/Torre El UPS de topolog\u00eda On-Line (doble conversi\u00f3n) es la versi\u00f3n de alta densidad de epcom Power Line, dise\u00f1ado para aplicaciones de voltajes de 100\/110\/115\/120\/127 [&hellip;]<\/p>\n","protected":false},"featured_media":10854,"template":"","meta":{"_acf_changed":false},"product_brand":[],"product_cat":[219],"product_tag":[],"berocket_brand":[],"class_list":{"0":"post-10853","1":"product","2":"type-product","3":"status-publish","4":"has-post-thumbnail","6":"product_cat-respaldo-energia","8":"first","9":"instock","10":"taxable","11":"shipping-taxable","12":"purchasable","13":"product-type-simple","14":"berocket_lgv_grid","15":"berocket_lgv_list_grid"},"acf":[],"aioseo_notices":[],"_links":{"self":[{"href":"https:\/\/todoenseguridad.com\/site\/wp-json\/wp\/v2\/product\/10853","targetHints":{"allow":["GET"]}}],"collection":[{"href":"https:\/\/todoenseguridad.com\/site\/wp-json\/wp\/v2\/product"}],"about":[{"href":"https:\/\/todoenseguridad.com\/site\/wp-json\/wp\/v2\/types\/product"}],"wp:featuredmedia":[{"embeddable":true,"href":"https:\/\/todoenseguridad.com\/site\/wp-json\/wp\/v2\/media\/10854"}],"wp:attachment":[{"href":"https:\/\/todoenseguridad.com\/site\/wp-json\/wp\/v2\/media?parent=10853"}],"wp:term":[{"taxonomy":"product_brand","embeddable":true,"href":"https:\/\/todoenseguridad.com\/site\/wp-json\/wp\/v2\/product_brand?post=10853"},{"taxonomy":"product_cat","embeddable":true,"href":"https:\/\/todoenseguridad.com\/site\/wp-json\/wp\/v2\/product_cat?post=10853"},{"taxonomy":"product_tag","embeddable":true,"href":"https:\/\/todoenseguridad.com\/site\/wp-json\/wp\/v2\/product_tag?post=10853"},{"taxonomy":"berocket_brand","embeddable":true,"href":"https:\/\/todoenseguridad.com\/site\/wp-json\/wp\/v2\/berocket_brand?post=10853"}],"curies":[{"name":"wp","href":"https:\/\/api.w.org\/{rel}","templated":true}]}}