{"id":10845,"date":"2021-05-25T11:17:04","date_gmt":"2021-05-25T16:17:04","guid":{"rendered":"https:\/\/todoenseguridad.com\/site\/?post_type=product&#038;p=10845"},"modified":"2026-03-30T17:37:21","modified_gmt":"2026-03-30T22:37:21","slug":"epu600lcd-epcom-ups-de-600va-360w-topologia-linea-interactiva-entrada-y-salida-120-vca","status":"publish","type":"product","link":"https:\/\/todoenseguridad.com\/site\/producto\/epu600lcd-epcom-ups-de-600va-360w-topologia-linea-interactiva-entrada-y-salida-120-vca\/","title":{"rendered":"EPU600LCD EPCOM UPS de 600VA\/360W \/ Topolog\u00eda L\u00ednea Interactiva \/ Entrada y Salida 120 Vca"},"content":{"rendered":"<h2 id=\\\"product_title_168903\\\" class=\\\"no_margin_top titulo_vista_producto\\\"><span style=\\\"color: #0000ff\\\"><span class=\\\"modelo-marca\\\">EPU600LCD<\/span> EPCOM UPS de 600VA\/360W \/ Topolog\u00eda L\u00ednea Interactiva \/ Entrada y Salida 120 Vca \/ Regulador de Voltaje AVR 80-150 Vca \/ Clavija NEMA 5-15P \/ 4 Tomas NEMA 5-15R<\/span><\/h2>\n<h3><span style=\\\"color: #000000\\\"><strong>El equipo ideal para peque\u00f1as y medianas empresas\u00a0<\/strong><\/span><\/h3>\n<p><span style=\\\"color: #000000\\\">La l\u00ednea de UPS de epcom Power Line fue dise\u00f1ada para brindar alto desempe\u00f1o y una excelente calidad, son usados para proteger y energizar equipos tales como computadoras personales, conmutadores de peque\u00f1a escala, puntos de venta, etc. Prove\u00e9 protecci\u00f3n de potencia\u00a0 contra sobrevoltjes y picos. Tambi\u00e9n suministra voltaje puro con Regulador Autom\u00e1tico de Voltaje (AVR) en boost y buck. Es simple, a bajo costo y su instalaci\u00f3n es sencilla y r\u00e1pida.<\/span><\/p>\n<p>&nbsp;<\/p>\n<h3><span style=\\\"color: #000000\\\"><strong>Caracteris\u00edtcias Prinicpiales:<\/strong><\/span><\/h3>\n<ul>\n<li><span style=\\\"color: #000000\\\">Capacidad: 600 VA \/ 360 W.<\/span><\/li>\n<li><span style=\\\"color: #000000\\\">Topolog\u00eda: L\u00ednea Interactiva.<\/span><\/li>\n<li><span style=\\\"color: #000000\\\">Con pantalla LCD.<\/span><\/li>\n<li><span style=\\\"color: #000000\\\">Tipo de onda: Onda senoidal simulada.<\/span><\/li>\n<li><span style=\\\"color: #000000\\\">Salida: 120 VCA \u00b1 5%<\/span><\/li>\n<li><span style=\\\"color: #000000\\\">Tipo de conector y cable: NEMA 5-15P (1.8 metros de longitud)<\/span><\/li>\n<li><span style=\\\"color: #000000\\\">Total de salidas: 4 x NEMA 5-15R (1 Salida sin respaldo, solo protecci\u00f3n).<\/span><\/li>\n<li><span style=\\\"color: #000000\\\">Bateria 1 x 12V\/7 A.<\/span><\/li>\n<li><span style=\\\"color: #000000\\\">Regulador de Voltaje: 80 &#8211; 150 VAC.<\/span><\/li>\n<\/ul>\n<p>&nbsp;<\/p>\n<h3><span style=\\\"color: #000000\\\"><strong>El tiempo de respaldo puede variar dependiendo de la carga conectada, temperatura ambiente y estado de las bater\u00edas<\/strong><\/span><\/h3>\n<p>&nbsp;<\/p>\n<h3><span style=\\\"color: #000000\\\"><strong>1 a\u00f1o de garant\u00eda.<\/strong><\/span><\/h3>\n","protected":false},"excerpt":{"rendered":"<p>EPU600LCD EPCOM UPS de 600VA\/360W \/ Topolog\u00eda L\u00ednea Interactiva \/ Entrada y Salida 120 Vca \/ Regulador de Voltaje AVR 80-150 Vca \/ Clavija NEMA 5-15P \/ 4 Tomas NEMA 5-15R El equipo ideal para peque\u00f1as y medianas empresas\u00a0 La l\u00ednea de UPS de epcom Power Line fue dise\u00f1ada para brindar alto desempe\u00f1o y una [&hellip;]<\/p>\n","protected":false},"featured_media":10846,"template":"","meta":{"_acf_changed":false},"product_brand":[],"product_cat":[219],"product_tag":[],"berocket_brand":[],"class_list":{"0":"post-10845","1":"product","2":"type-product","3":"status-publish","4":"has-post-thumbnail","6":"product_cat-respaldo-energia","8":"first","9":"instock","10":"taxable","11":"shipping-taxable","12":"purchasable","13":"product-type-simple","14":"berocket_lgv_grid","15":"berocket_lgv_list_grid"},"acf":[],"aioseo_notices":[],"_links":{"self":[{"href":"https:\/\/todoenseguridad.com\/site\/wp-json\/wp\/v2\/product\/10845","targetHints":{"allow":["GET"]}}],"collection":[{"href":"https:\/\/todoenseguridad.com\/site\/wp-json\/wp\/v2\/product"}],"about":[{"href":"https:\/\/todoenseguridad.com\/site\/wp-json\/wp\/v2\/types\/product"}],"wp:featuredmedia":[{"embeddable":true,"href":"https:\/\/todoenseguridad.com\/site\/wp-json\/wp\/v2\/media\/10846"}],"wp:attachment":[{"href":"https:\/\/todoenseguridad.com\/site\/wp-json\/wp\/v2\/media?parent=10845"}],"wp:term":[{"taxonomy":"product_brand","embeddable":true,"href":"https:\/\/todoenseguridad.com\/site\/wp-json\/wp\/v2\/product_brand?post=10845"},{"taxonomy":"product_cat","embeddable":true,"href":"https:\/\/todoenseguridad.com\/site\/wp-json\/wp\/v2\/product_cat?post=10845"},{"taxonomy":"product_tag","embeddable":true,"href":"https:\/\/todoenseguridad.com\/site\/wp-json\/wp\/v2\/product_tag?post=10845"},{"taxonomy":"berocket_brand","embeddable":true,"href":"https:\/\/todoenseguridad.com\/site\/wp-json\/wp\/v2\/berocket_brand?post=10845"}],"curies":[{"name":"wp","href":"https:\/\/api.w.org\/{rel}","templated":true}]}}