{"id":10842,"date":"2021-05-25T11:04:50","date_gmt":"2021-05-25T16:04:50","guid":{"rendered":"https:\/\/todoenseguridad.com\/site\/?post_type=product&#038;p=10842"},"modified":"2026-03-24T17:19:32","modified_gmt":"2026-03-24T22:19:32","slug":"ut-550gu-cyberpower-ups-de-550-va-275-w-topologia-linea-interactiva-entrada-120-vca-nema-5-15p","status":"publish","type":"product","link":"https:\/\/todoenseguridad.com\/site\/producto\/ut-550gu-cyberpower-ups-de-550-va-275-w-topologia-linea-interactiva-entrada-120-vca-nema-5-15p\/","title":{"rendered":"UT-550GU CYBERPOWER UPS de 550 VA\/275 W\/ Topolog\u00eda L\u00ednea Interactiva\/ Entrada 120 Vca NEMA 5-15P"},"content":{"rendered":"<h3 id=\\\"product_title_164196\\\" class=\\\"no_margin_top titulo_vista_producto\\\"><span style=\\\"color: #0000ff\\\"><span class=\\\"modelo-marca\\\">UT-550GU<\/span> CYBERPOWER UPS de 550 VA\/275 W, Topolog\u00eda L\u00ednea Interactiva, Entrada 120 Vca NEMA 5-15P, y 8 Salidas NEMA 5-15R, Puerto USB, Con Regulador de Voltaje (AVR)<\/span><\/h3>\n<p>&nbsp;<\/p>\n<p><span style=\\\"color: #000000\\\"><strong>Aplicaciones:<\/strong><\/span><\/p>\n<p><span style=\\\"color: #000000\\\">CyberPower UT550GU garantiza la protecci\u00f3n de energ\u00eda para equipos de TI como computadoras, NAS y dispositivos de almacenamiento. El producto adopta una topolog\u00eda de l\u00ednea interactiva con funci\u00f3n de Regulaci\u00f3n autom\u00e1tica de voltaje (AVR) para ofrecer una salida de potencia de CA estabilizada. El consumo de energ\u00eda reduce los costos de energ\u00eda y permite una temperatura de operaci\u00f3n m\u00e1s baja que prolonga la vida \u00fatil de la bater\u00eda.<\/span><\/p>\n<p><span style=\\\"color: #000000\\\">El indicador LED muestra la utilidad, la bater\u00eda y el estado de funcionamiento del UPS. Tambi\u00e9n es compatible con generadores para extender la continuidad de energ\u00eda. Otras caracter\u00edsticas incluyen protecci\u00f3n contra sobrecargas, filtro EMI y alarma configurable para proteger sus dispositivos. Su dise\u00f1o de torre permite a los usuarios colocarlo f\u00e1cilmente en escritorios u otros espacios reducidos.<\/span><\/p>\n<p><span style=\\\"color: #000000\\\"><strong>Caracter\u00edsticas:\u00a0<\/strong><\/span><\/p>\n<ul>\n<li><span style=\\\"color: #000000\\\">Topolog\u00eda de L\u00ednea Interactiva<\/span><\/li>\n<li><span style=\\\"color: #000000\\\">Tecnolog\u00eda de Ahorro de Energ\u00eda<\/span><\/li>\n<li><span style=\\\"color: #000000\\\">Regulaci\u00f3n Autom\u00e1tica de Voltaje (AVR)<\/span><\/li>\n<li><span style=\\\"color: #000000\\\">Compatible con Generadores<\/span><\/li>\n<li><span style=\\\"color: #000000\\\">Indicador LED de estado<\/span><\/li>\n<li><span style=\\\"color: #000000\\\">Protecci\u00f3n por sobrecarga<\/span><\/li>\n<li><span style=\\\"color: #000000\\\">Protecci\u00f3n contra picos y sobretensiones<\/span><\/li>\n<li><span style=\\\"color: #000000\\\">Filtro EMI y RFI<\/span><\/li>\n<\/ul>\n<p><span style=\\\"color: #000000\\\"><strong>Especificaciones T\u00e9cnicas:<\/strong><\/span><\/p>\n<ul>\n<li><span style=\\\"color: #000000\\\">Capacidad: 550 VA \/ 275 W<\/span><\/li>\n<li><span style=\\\"color: #000000\\\">Forma de onda: simulada<\/span><\/li>\n<li><span style=\\\"color: #000000\\\">Voltaje: 120 \u00b1 10%<\/span><\/li>\n<li><span style=\\\"color: #000000\\\">Frecuencia: 60 \u00b1 1%<\/span><\/li>\n<li><span style=\\\"color: #000000\\\">Regulaci\u00f3n autom\u00e1tica de voltaje (AVR): 86 &#8211; 148 Vca<\/span><\/li>\n<li><span style=\\\"color: #000000\\\">Tipo de Conector de Entrada: NEMA 5-15P<\/span><\/li>\n<li><span style=\\\"color: #000000\\\">Total de Tomas:: NEMA 5-15R (8)<\/span><\/li>\n<li><span style=\\\"color: #000000\\\">Puerto USB<\/span><\/li>\n<li><span style=\\\"color: #000000\\\">Protecci\u00f3n de sobrecarga: Disyuntor<\/span><\/li>\n<li><span style=\\\"color: #000000\\\">Dimensiones: 84 x 174 x 280 mm (Ancho x Alto x Profundidad)<\/span><\/li>\n<li><span style=\\\"color: #000000\\\">Certificaciones: RoHS y NOM<\/span><\/li>\n<li><span style=\\\"color: #000000\\\"><strong>2 a\u00f1os de garant\u00eda (incluye bater\u00eda)<\/strong><\/span><\/li>\n<\/ul>\n<p>&nbsp;<\/p>\n","protected":false},"excerpt":{"rendered":"<p>UT-550GU CYBERPOWER UPS de 550 VA\/275 W, Topolog\u00eda L\u00ednea Interactiva, Entrada 120 Vca NEMA 5-15P, y 8 Salidas NEMA 5-15R, Puerto USB, Con Regulador de Voltaje (AVR) &nbsp; Aplicaciones: CyberPower UT550GU garantiza la protecci\u00f3n de energ\u00eda para equipos de TI como computadoras, NAS y dispositivos de almacenamiento. El producto adopta una topolog\u00eda de l\u00ednea interactiva [&hellip;]<\/p>\n","protected":false},"featured_media":10843,"template":"","meta":{"_acf_changed":false},"product_brand":[],"product_cat":[219],"product_tag":[],"berocket_brand":[],"class_list":{"0":"post-10842","1":"product","2":"type-product","3":"status-publish","4":"has-post-thumbnail","6":"product_cat-respaldo-energia","8":"first","9":"instock","10":"taxable","11":"shipping-taxable","12":"purchasable","13":"product-type-simple","14":"berocket_lgv_grid","15":"berocket_lgv_list_grid"},"acf":[],"aioseo_notices":[],"_links":{"self":[{"href":"https:\/\/todoenseguridad.com\/site\/wp-json\/wp\/v2\/product\/10842","targetHints":{"allow":["GET"]}}],"collection":[{"href":"https:\/\/todoenseguridad.com\/site\/wp-json\/wp\/v2\/product"}],"about":[{"href":"https:\/\/todoenseguridad.com\/site\/wp-json\/wp\/v2\/types\/product"}],"wp:featuredmedia":[{"embeddable":true,"href":"https:\/\/todoenseguridad.com\/site\/wp-json\/wp\/v2\/media\/10843"}],"wp:attachment":[{"href":"https:\/\/todoenseguridad.com\/site\/wp-json\/wp\/v2\/media?parent=10842"}],"wp:term":[{"taxonomy":"product_brand","embeddable":true,"href":"https:\/\/todoenseguridad.com\/site\/wp-json\/wp\/v2\/product_brand?post=10842"},{"taxonomy":"product_cat","embeddable":true,"href":"https:\/\/todoenseguridad.com\/site\/wp-json\/wp\/v2\/product_cat?post=10842"},{"taxonomy":"product_tag","embeddable":true,"href":"https:\/\/todoenseguridad.com\/site\/wp-json\/wp\/v2\/product_tag?post=10842"},{"taxonomy":"berocket_brand","embeddable":true,"href":"https:\/\/todoenseguridad.com\/site\/wp-json\/wp\/v2\/berocket_brand?post=10842"}],"curies":[{"name":"wp","href":"https:\/\/api.w.org\/{rel}","templated":true}]}}