{"id":10808,"date":"2021-05-18T13:49:00","date_gmt":"2021-05-18T18:49:00","guid":{"rendered":"https:\/\/todoenseguridad.com\/site\/?post_type=product&#038;p=10808"},"modified":"2026-03-24T17:30:06","modified_gmt":"2026-03-24T22:30:06","slug":"cp1350avrlcd-cyberpower-ups-de-1350-va-815-w-topologia-linea-interactiva-entrada-120-vca","status":"publish","type":"product","link":"https:\/\/todoenseguridad.com\/site\/producto\/cp1350avrlcd-cyberpower-ups-de-1350-va-815-w-topologia-linea-interactiva-entrada-120-vca\/","title":{"rendered":"CP1350AVRLCD CYBERPOWER UPS de 1350 VA\/815 W\/ Topolog\u00eda L\u00ednea Interactiva\/ Entrada 120 Vca"},"content":{"rendered":"<h2 id=\\\"product_title_82800\\\" class=\\\"no_margin_top titulo_vista_producto\\\"><span style=\\\"color: #0000ff\\\"><span class=\\\"modelo-marca\\\">CP1350AVRLCD<\/span> CYBERPOWER UPS de 1350 VA\/815 W, Topolog\u00eda L\u00ednea Interactiva, Entrada 120 Vca NEMA 5-15P, Tipo Mini Torre, Con 10 Tomas NEMA 5-15R<\/span><\/h2>\n<p><span style=\\\"color: #000000\\\">CyberPower CP1350AVRLCD garantiza protecci\u00f3n de respaldo de energ\u00eda para sistemas de cine en casa, dispositivos multimedia, equipos de TI, computadoras, estaciones de trabajo, dispositivos NAS \/ Storage, dispositivos de telecomunicaciones, dispositivos de red, sistemas de seguridad \/ emergencia y sistemas de vigilancia. El producto cuenta con tecnolog\u00eda de ahorro de energ\u00eda para ahorrar costos de electricidad, al tiempo que proporciona respaldo de bater\u00eda, tomacorrientes protegidos contra sobretensiones y filtro EMI para proteger sus dispositivos.<\/span><\/p>\n<p><span style=\\\"color: #000000\\\">El UPS presenta una pantalla LCD multifunci\u00f3n para mostrar informaci\u00f3n sobre la potencia y las condiciones de la bater\u00eda. La protecci\u00f3n de l\u00ednea telef\u00f3nica incluida puede proteger los tel\u00e9fonos contra sobretensiones y picos. Tambi\u00e9n es compatible con PowerPanel\u00ae Power Management Software para realizar un apagado ordenado de la PC.<\/span><\/p>\n<p><span style=\\\"color: #000000\\\"><strong>Especificaciones t\u00e9cnicas:\u00a0 \u00a0<\/strong><\/span><\/p>\n<ul>\n<li><span style=\\\"color: #000000\\\">Voltaje de entrada: 90 &#8211; 142 Vcd<\/span><\/li>\n<li><span style=\\\"color: #000000\\\">Frecuencia de entrada:\u00a060 \u00b1 3<\/span><\/li>\n<li><span style=\\\"color: #000000\\\">Forma de Onda: modificada<\/span><\/li>\n<li><span style=\\\"color: #000000\\\">Tipo de enchufe de entrada: NEMA 5-15P<\/span><\/li>\n<li><span style=\\\"color: #000000\\\">Longitud del cable: 1.8 m<\/span><\/li>\n<li><span style=\\\"color: #000000\\\">Salida VA: 1350<\/span><\/li>\n<li><span style=\\\"color: #000000\\\">Salida Watts: 815<\/span><\/li>\n<li><span style=\\\"color: #000000\\\">Factor de potencia: 0.6<\/span><\/li>\n<li><span style=\\\"color: #000000\\\">Total de tomas: 10 (5 respaldo y protecci\u00f3n, y 5 protecci\u00f3n)<\/span><\/li>\n<li><span style=\\\"color: #000000\\\">Tipo de tomas: 12 NEMA 5-15R<\/span><\/li>\n<li><span style=\\\"color: #000000\\\">Especificaciones de bater\u00eda: 2 x 12V\/9Ah<\/span><\/li>\n<li><span style=\\\"color: #000000\\\">Tiempo de respaldo con media carga (407 W): 14 Minutos<\/span><\/li>\n<li><span style=\\\"color: #000000\\\">Tiempo de respaldo con carga completa (815 W): 4 Minutos<\/span><\/li>\n<li><span style=\\\"color: #000000\\\">Tiempo de transferencia: 4 milisegundos<\/span><\/li>\n<li><span style=\\\"color: #000000\\\">Protecci\u00f3n de picos: 1500 Joules<\/span><\/li>\n<li><span style=\\\"color: #000000\\\">Protecci\u00f3n: RJ11 y RJ45<\/span><\/li>\n<li><span style=\\\"color: #000000\\\">Indicadores: Pantalla LCD de lectura<\/span><\/li>\n<li><span style=\\\"color: #000000\\\">Dimensiones: 99 x 249 x 348 mm (Ancho x Alto x Profundidad)<\/span><\/li>\n<li><span style=\\\"color: #000000\\\">Peso: 10.1 kg<\/span><\/li>\n<li><span style=\\\"color: #000000\\\">Certificaciones: NOM, UL1778, CE, ISO9000, RoHS, FCC DOC Class B<\/span><\/li>\n<li><span style=\\\"color: #000000\\\"><strong>3 a\u00f1os de garant\u00eda (incluye bater\u00edas)<\/strong><\/span><\/li>\n<\/ul>\n","protected":false},"excerpt":{"rendered":"<p>CP1350AVRLCD CYBERPOWER UPS de 1350 VA\/815 W, Topolog\u00eda L\u00ednea Interactiva, Entrada 120 Vca NEMA 5-15P, Tipo Mini Torre, Con 10 Tomas NEMA 5-15R CyberPower CP1350AVRLCD garantiza protecci\u00f3n de respaldo de energ\u00eda para sistemas de cine en casa, dispositivos multimedia, equipos de TI, computadoras, estaciones de trabajo, dispositivos NAS \/ Storage, dispositivos de telecomunicaciones, dispositivos de [&hellip;]<\/p>\n","protected":false},"featured_media":10809,"template":"","meta":{"_acf_changed":false},"product_brand":[],"product_cat":[219],"product_tag":[],"berocket_brand":[],"class_list":{"0":"post-10808","1":"product","2":"type-product","3":"status-publish","4":"has-post-thumbnail","6":"product_cat-respaldo-energia","8":"first","9":"instock","10":"taxable","11":"shipping-taxable","12":"purchasable","13":"product-type-simple","14":"berocket_lgv_grid","15":"berocket_lgv_list_grid"},"acf":[],"aioseo_notices":[],"_links":{"self":[{"href":"https:\/\/todoenseguridad.com\/site\/wp-json\/wp\/v2\/product\/10808","targetHints":{"allow":["GET"]}}],"collection":[{"href":"https:\/\/todoenseguridad.com\/site\/wp-json\/wp\/v2\/product"}],"about":[{"href":"https:\/\/todoenseguridad.com\/site\/wp-json\/wp\/v2\/types\/product"}],"wp:featuredmedia":[{"embeddable":true,"href":"https:\/\/todoenseguridad.com\/site\/wp-json\/wp\/v2\/media\/10809"}],"wp:attachment":[{"href":"https:\/\/todoenseguridad.com\/site\/wp-json\/wp\/v2\/media?parent=10808"}],"wp:term":[{"taxonomy":"product_brand","embeddable":true,"href":"https:\/\/todoenseguridad.com\/site\/wp-json\/wp\/v2\/product_brand?post=10808"},{"taxonomy":"product_cat","embeddable":true,"href":"https:\/\/todoenseguridad.com\/site\/wp-json\/wp\/v2\/product_cat?post=10808"},{"taxonomy":"product_tag","embeddable":true,"href":"https:\/\/todoenseguridad.com\/site\/wp-json\/wp\/v2\/product_tag?post=10808"},{"taxonomy":"berocket_brand","embeddable":true,"href":"https:\/\/todoenseguridad.com\/site\/wp-json\/wp\/v2\/berocket_brand?post=10808"}],"curies":[{"name":"wp","href":"https:\/\/api.w.org\/{rel}","templated":true}]}}