{"id":10669,"date":"2021-04-26T10:18:54","date_gmt":"2021-04-26T15:18:54","guid":{"rendered":"https:\/\/todoenseguridad.com\/site\/?post_type=product&#038;p=10669"},"modified":"2026-03-30T17:39:59","modified_gmt":"2026-03-30T22:39:59","slug":"eth-sp-g2-protector-contra-descargas-electrostaticas","status":"publish","type":"product","link":"https:\/\/todoenseguridad.com\/site\/producto\/eth-sp-g2-protector-contra-descargas-electrostaticas\/","title":{"rendered":"ETH-SP-G2 Protector contra descargas electrost\u00e1ticas"},"content":{"rendered":"<h2 id=\"product_title_144069\" class=\"no_margin_top titulo_vista_producto\"><span style=\"color: #0000ff;\"><span class=\"modelo-marca\">ETH-SP-G2<\/span> Protector contra descargas electrost\u00e1ticas Gen2 para equipos Ubiquiti para exterior<\/span><\/h2>\n<p><span style=\"color: #000000;\">Protecci\u00f3n contra descargas electrost\u00e1ticas para exterior para redes de alta velocidad.<\/span><br \/>\n<span style=\"color: #000000;\">Ideal para redes WISP.<\/span><br \/>\n<span style=\"color: #000000;\">Instalaci\u00f3n r\u00e1pida y f\u00e1cil.<\/span><\/p>\n<p><span style=\"color: #000000;\"><strong>Caracter\u00edsticas generales:<\/strong><\/span><br \/>\n<span style=\"color: #000000;\">2 puertos de datos 10\/100\/1000 Mbps.<\/span><br \/>\n<span style=\"color: #000000;\">Corriente de descarga: 10 kA+.<\/span><br \/>\n<span style=\"color: #000000;\">Soporta 802.3af PoE.<\/span><br \/>\n<span style=\"color: #000000;\">Dimensiones:\u00a091 x 61 x 32.5 mm.<\/span><br \/>\n<span style=\"color: #000000;\">Peso: 80 g.<\/span><br \/>\n<span style=\"color: #000000;\">Temperatura de operaci\u00f3n: -30 a 65\u00a0\u00b0C.<\/span><\/p>\n","protected":false},"excerpt":{"rendered":"<p>ETH-SP-G2 Protector contra descargas electrost\u00e1ticas Gen2 para equipos Ubiquiti para exterior Protecci\u00f3n contra descargas electrost\u00e1ticas para exterior para redes de alta velocidad. Ideal para redes WISP. Instalaci\u00f3n r\u00e1pida y f\u00e1cil. Caracter\u00edsticas generales: 2 puertos de datos 10\/100\/1000 Mbps. Corriente de descarga: 10 kA+. Soporta 802.3af PoE. Dimensiones:\u00a091 x 61 x 32.5 mm. Peso: 80 g. [&hellip;]<\/p>\n","protected":false},"featured_media":10670,"template":"","meta":{"_acf_changed":false},"product_brand":[],"product_cat":[79],"product_tag":[],"berocket_brand":[],"class_list":{"0":"post-10669","1":"product","2":"type-product","3":"status-publish","4":"has-post-thumbnail","6":"product_cat-accesorios-exterior","8":"first","9":"instock","10":"taxable","11":"shipping-taxable","12":"purchasable","13":"product-type-simple","14":"berocket_lgv_grid","15":"berocket_lgv_list_grid"},"acf":[],"aioseo_notices":[],"_links":{"self":[{"href":"https:\/\/todoenseguridad.com\/site\/wp-json\/wp\/v2\/product\/10669","targetHints":{"allow":["GET"]}}],"collection":[{"href":"https:\/\/todoenseguridad.com\/site\/wp-json\/wp\/v2\/product"}],"about":[{"href":"https:\/\/todoenseguridad.com\/site\/wp-json\/wp\/v2\/types\/product"}],"wp:featuredmedia":[{"embeddable":true,"href":"https:\/\/todoenseguridad.com\/site\/wp-json\/wp\/v2\/media\/10670"}],"wp:attachment":[{"href":"https:\/\/todoenseguridad.com\/site\/wp-json\/wp\/v2\/media?parent=10669"}],"wp:term":[{"taxonomy":"product_brand","embeddable":true,"href":"https:\/\/todoenseguridad.com\/site\/wp-json\/wp\/v2\/product_brand?post=10669"},{"taxonomy":"product_cat","embeddable":true,"href":"https:\/\/todoenseguridad.com\/site\/wp-json\/wp\/v2\/product_cat?post=10669"},{"taxonomy":"product_tag","embeddable":true,"href":"https:\/\/todoenseguridad.com\/site\/wp-json\/wp\/v2\/product_tag?post=10669"},{"taxonomy":"berocket_brand","embeddable":true,"href":"https:\/\/todoenseguridad.com\/site\/wp-json\/wp\/v2\/berocket_brand?post=10669"}],"curies":[{"name":"wp","href":"https:\/\/api.w.org\/{rel}","templated":true}]}}