{"id":10650,"date":"2021-04-20T12:46:46","date_gmt":"2021-04-20T17:46:46","guid":{"rendered":"https:\/\/todoenseguridad.com\/site\/?post_type=product&#038;p=10650"},"modified":"2026-03-30T17:40:49","modified_gmt":"2026-03-30T22:40:49","slug":"600ssh-cambium-networks-protector-contra-descargas-para-equipo-cambium","status":"publish","type":"product","link":"https:\/\/todoenseguridad.com\/site\/producto\/600ssh-cambium-networks-protector-contra-descargas-para-equipo-cambium\/","title":{"rendered":"600SSH CAMBIUM NETWORKS Protector contra descargas para equipo Cambium"},"content":{"rendered":"<h2 id=\\\"product_title_69706\\\" class=\\\"no_margin_top titulo_vista_producto\\\"><span style=\\\"color: #0000ff\\\"><span class=\\\"modelo-marca\\\">600SSH<\/span> <span class=\\\"modelo-marca\\\">CAMBIUM NETWORKS<\/span> Protector contra descargas para equipo Cambium<\/span><\/h2>\n<p>&nbsp;<\/p>\n<div id=\\\"especificaciones\\\" class=\\\"tab-pane fade in active\\\"><span style=\\\"color: #000000\\\"><strong>\u2022 El 600SSH es compatible con todos los modelos PMP y PTP de Cambium Networks<br \/>\n\u2022 Disipaci\u00f3n de energ\u00eda (l\u00edneas de datos y de alimenta\u00a0ci\u00f3n): 2.1 J<br \/>\n\u2022 Temperatura de operaci\u00f3n: -40\u00b0C to +60\u00b0C (-40\u00b0F to +140\u00b0F)<br \/>\n\u2022 Dimensiones: 5.1\\\u00bb x 3.5\\\u00bb x 1.6\\\u00bb (AltoxAnchoxProfundidad)<br \/>\n\u2022 Marca: Cambium Networks\u00a0<\/strong><\/span><span style=\\\"color: #000000\\\"><strong>\u2022 Interfaz Ethernet: 10\/100<\/strong><\/span><\/div>\n<div id=\\\"productosrelacionados\\\"><\/div>\n","protected":false},"excerpt":{"rendered":"<p>600SSH CAMBIUM NETWORKS Protector contra descargas para equipo Cambium &nbsp; \u2022 El 600SSH es compatible con todos los modelos PMP y PTP de Cambium Networks \u2022 Disipaci\u00f3n de energ\u00eda (l\u00edneas de datos y de alimenta\u00a0ci\u00f3n): 2.1 J \u2022 Temperatura de operaci\u00f3n: -40\u00b0C to +60\u00b0C (-40\u00b0F to +140\u00b0F) \u2022 Dimensiones: 5.1\\\u00bb x 3.5\\\u00bb x 1.6\\\u00bb (AltoxAnchoxProfundidad) [&hellip;]<\/p>\n","protected":false},"featured_media":10651,"template":"","meta":{"_acf_changed":false},"product_brand":[],"product_cat":[79,76],"product_tag":[],"berocket_brand":[],"class_list":{"0":"post-10650","1":"product","2":"type-product","3":"status-publish","4":"has-post-thumbnail","6":"product_cat-accesorios-exterior","7":"product_cat-exterior","9":"first","10":"instock","11":"taxable","12":"shipping-taxable","13":"purchasable","14":"product-type-simple","15":"berocket_lgv_grid","16":"berocket_lgv_list_grid"},"acf":[],"aioseo_notices":[],"_links":{"self":[{"href":"https:\/\/todoenseguridad.com\/site\/wp-json\/wp\/v2\/product\/10650","targetHints":{"allow":["GET"]}}],"collection":[{"href":"https:\/\/todoenseguridad.com\/site\/wp-json\/wp\/v2\/product"}],"about":[{"href":"https:\/\/todoenseguridad.com\/site\/wp-json\/wp\/v2\/types\/product"}],"wp:featuredmedia":[{"embeddable":true,"href":"https:\/\/todoenseguridad.com\/site\/wp-json\/wp\/v2\/media\/10651"}],"wp:attachment":[{"href":"https:\/\/todoenseguridad.com\/site\/wp-json\/wp\/v2\/media?parent=10650"}],"wp:term":[{"taxonomy":"product_brand","embeddable":true,"href":"https:\/\/todoenseguridad.com\/site\/wp-json\/wp\/v2\/product_brand?post=10650"},{"taxonomy":"product_cat","embeddable":true,"href":"https:\/\/todoenseguridad.com\/site\/wp-json\/wp\/v2\/product_cat?post=10650"},{"taxonomy":"product_tag","embeddable":true,"href":"https:\/\/todoenseguridad.com\/site\/wp-json\/wp\/v2\/product_tag?post=10650"},{"taxonomy":"berocket_brand","embeddable":true,"href":"https:\/\/todoenseguridad.com\/site\/wp-json\/wp\/v2\/berocket_brand?post=10650"}],"curies":[{"name":"wp","href":"https:\/\/api.w.org\/{rel}","templated":true}]}}