{"id":10642,"date":"2021-04-20T10:44:23","date_gmt":"2021-04-20T15:44:23","guid":{"rendered":"https:\/\/todoenseguridad.com\/site\/?post_type=product&#038;p=10642"},"modified":"2025-02-14T15:57:39","modified_gmt":"2025-02-14T20:57:39","slug":"pbe-5ac-iso-gen2-ubiquiti-powerbeam-airmax-ac-iso-gen2-hasta-450-mbps-5-ghz","status":"publish","type":"product","link":"https:\/\/todoenseguridad.com\/site\/producto\/pbe-5ac-iso-gen2-ubiquiti-powerbeam-airmax-ac-iso-gen2-hasta-450-mbps-5-ghz\/","title":{"rendered":"PBE-5AC-ISO-GEN2 UBIQUITI PowerBeam airMAX AC ISO Gen2 hasta 450 Mbps, 5 GHz"},"content":{"rendered":"<h2 id=\"product_title_152580\" class=\"no_margin_top titulo_vista_producto\"><span style=\"color: #0000ff;\"><span class=\"modelo-marca\">PBE-5AC-ISO-GEN2<\/span> UBIQUITI PowerBeam airMAX AC ISO Gen2 hasta 450 Mbps, 5 GHz (5150 &#8211; 5875 MHz) con antena integrada de 25 dBi con aislamiento RF y radomo incluido<\/span><\/h2>\n<p>&nbsp;<\/p>\n<p><span style=\"color: #000000;\"><strong>Puertos:<\/strong><\/span><br \/>\n<span style=\"color: #000000;\">1 puerto de datos\u00a010\/100\/1000 Mbps.<\/span><\/p>\n<p><span style=\"color: #000000;\"><strong>Sistema Operativo:<\/strong><\/span><br \/>\n<span style=\"color: #000000;\">airOS\u00ae 8<\/span><\/p>\n<p><span style=\"color: #000000;\"><strong>Modos de Operaci\u00f3n:<\/strong><\/span><br \/>\n<span style=\"color: #000000;\">Access Point.<\/span><br \/>\n<span style=\"color: #000000;\">Estaci\u00f3n.<\/span><\/p>\n<p><span style=\"color: #000000;\"><strong>Caracter\u00edsticas:<\/strong><\/span><br \/>\n<span style=\"color: #000000;\">Anchos de canal ajustable:<\/span><br \/>\n<span style=\"color: #000000;\">&#8211; PtP: 10\/20\/30\/40\/50\/60\/80 MHz<\/span><\/p>\n<div><span style=\"color: #000000;\">&#8211; PtMP: 10\/20\/30\/40 MHz<\/span><br \/>\n<span style=\"color: #000000;\">Rango de operaci\u00f3n (5150 &#8211; 5875 MHz) depende del pa\u00eds.<\/span><\/div>\n<p><span style=\"color: #000000;\">Procesador\u00a0Atheros MIPS.<\/span><br \/>\n<span style=\"color: #000000;\">Fuerte seguridad WPA2 AES.<\/span><br \/>\n<span style=\"color: #000000;\">Dise\u00f1o mec\u00e1nico innovador.<\/span><br \/>\n<span style=\"color: #000000;\">F\u00e1cil de instalar.<\/span><br \/>\n<span style=\"color: #000000;\">Resistencia tipo industrial.<\/span><br \/>\n<span style=\"color: #000000;\">Procesamiento superior.<\/span><br \/>\n<span style=\"color: #000000;\">Radio de administraci\u00f3n local en 2.4 GHz.<\/span><br \/>\n<span style=\"color: #000000;\">Inmunidad al ruido mejorada.<\/span><br \/>\n<span style=\"color: #000000;\">Ideal para enlaces donde se requiere el m\u00e1ximo desempe\u00f1o y aislamiento RF.<\/span><\/p>\n<p><span style=\"color: #000000;\"><big><strong>Caracter\u00edsticas F\u00edsicas y El\u00e9ctricas:<\/strong><\/big><\/span><br \/>\n<span style=\"color: #000000;\">Alimentaci\u00f3n: 24 VDC, 0.5 A.<\/span><br \/>\n<span style=\"color: #000000;\">Dimensiones:\u00a0459 x 459 x 261 mm.<\/span><br \/>\n<span style=\"color: #000000;\">Peso: 3.22 Kg.<\/span><br \/>\n<span style=\"color: #000000;\">Temperatura de Operaci\u00f3n: -40\u00b0C a 70\u00b0C.<\/span><\/p>\n<p><span style=\"color: #000000;\"><strong>Incluye:<\/strong><\/span><br \/>\n<span style=\"color: #000000;\">Adaptador PoE Gigabit 24 VDC 0.5 A.<\/span><br \/>\n<span style=\"color: #000000;\">Montaje en poste o m\u00e1stil.<\/span><br \/>\n<span style=\"color: #000000;\">Radomo.<\/span><\/p>\n<p><span style=\"color: #000000;\"><strong>Garant\u00eda:<\/strong><\/span><br \/>\n<span style=\"color: #000000;\">1 A\u00f1o.<\/span><\/p>\n","protected":false},"excerpt":{"rendered":"<p>PBE-5AC-ISO-GEN2 UBIQUITI PowerBeam airMAX AC ISO Gen2 hasta 450 Mbps, 5 GHz (5150 &#8211; 5875 MHz) con antena integrada de 25 dBi con aislamiento RF y radomo incluido &nbsp; Puertos: 1 puerto de datos\u00a010\/100\/1000 Mbps. Sistema Operativo: airOS\u00ae 8 Modos de Operaci\u00f3n: Access Point. Estaci\u00f3n. Caracter\u00edsticas: Anchos de canal ajustable: &#8211; PtP: 10\/20\/30\/40\/50\/60\/80 MHz &#8211; [&hellip;]<\/p>\n","protected":false},"featured_media":10643,"template":"","meta":{"_acf_changed":false},"product_brand":[],"product_cat":[77,76,72],"product_tag":[],"berocket_brand":[],"class_list":{"0":"post-10642","1":"product","2":"type-product","3":"status-publish","4":"has-post-thumbnail","6":"product_cat-enlaces-punto-a-punto-ptop-wifi-2-4-5-8-60ghz","7":"product_cat-exterior","8":"product_cat-redes-inalambricas","10":"first","11":"instock","12":"taxable","13":"shipping-taxable","14":"purchasable","15":"product-type-simple","16":"berocket_lgv_grid","17":"berocket_lgv_list_grid"},"acf":[],"aioseo_notices":[],"_links":{"self":[{"href":"https:\/\/todoenseguridad.com\/site\/wp-json\/wp\/v2\/product\/10642","targetHints":{"allow":["GET"]}}],"collection":[{"href":"https:\/\/todoenseguridad.com\/site\/wp-json\/wp\/v2\/product"}],"about":[{"href":"https:\/\/todoenseguridad.com\/site\/wp-json\/wp\/v2\/types\/product"}],"wp:featuredmedia":[{"embeddable":true,"href":"https:\/\/todoenseguridad.com\/site\/wp-json\/wp\/v2\/media\/10643"}],"wp:attachment":[{"href":"https:\/\/todoenseguridad.com\/site\/wp-json\/wp\/v2\/media?parent=10642"}],"wp:term":[{"taxonomy":"product_brand","embeddable":true,"href":"https:\/\/todoenseguridad.com\/site\/wp-json\/wp\/v2\/product_brand?post=10642"},{"taxonomy":"product_cat","embeddable":true,"href":"https:\/\/todoenseguridad.com\/site\/wp-json\/wp\/v2\/product_cat?post=10642"},{"taxonomy":"product_tag","embeddable":true,"href":"https:\/\/todoenseguridad.com\/site\/wp-json\/wp\/v2\/product_tag?post=10642"},{"taxonomy":"berocket_brand","embeddable":true,"href":"https:\/\/todoenseguridad.com\/site\/wp-json\/wp\/v2\/berocket_brand?post=10642"}],"curies":[{"name":"wp","href":"https:\/\/api.w.org\/{rel}","templated":true}]}}