{"id":10634,"date":"2021-04-20T09:10:24","date_gmt":"2021-04-20T14:10:24","guid":{"rendered":"https:\/\/todoenseguridad.com\/site\/?post_type=product&#038;p=10634"},"modified":"2026-03-24T17:39:44","modified_gmt":"2026-03-24T22:39:44","slug":"lap-120-ubiquiti-estacion-base-2x2-mimo-airmax-liteap-ac-hasta-450-mbps-5-ghz","status":"publish","type":"product","link":"https:\/\/todoenseguridad.com\/site\/producto\/lap-120-ubiquiti-estacion-base-2x2-mimo-airmax-liteap-ac-hasta-450-mbps-5-ghz\/","title":{"rendered":"LAP-120 UBIQUITI Estaci\u00f3n Base 2&#215;2 MIMO airMAX LiteAP AC hasta 450 Mbps, 5 GHz"},"content":{"rendered":"<h2 id=\\\"product_title_159238\\\" class=\\\"no_margin_top titulo_vista_producto\\\"><span style=\\\"color: #0000ff\\\"><span class=\\\"modelo-marca\\\">LAP-120<\/span> UBIQUITI Estaci\u00f3n Base 2&#215;2 MIMO airMAX LiteAP AC hasta 450 Mbps, 5 GHz (5150 &#8211; 5875 MHz) con antena integrada de 16 dBi y cobertura de 120 grados<\/span><\/h2>\n<h3><span style=\\\"color: #000000\\\"><strong>Puertos:<\/strong><\/span><\/h3>\n<p><span style=\\\"color: #000000\\\">1 puerto de datos\u00a010\/100\/1000 Mbps.<\/span><\/p>\n<h3><span style=\\\"color: #000000\\\"><strong>Sistema Operativo:<\/strong><\/span><\/h3>\n<p><span style=\\\"color: #000000\\\">airOS\u00ae 8.<\/span><\/p>\n<h3><span style=\\\"color: #000000\\\"><strong>Modos de Operaci\u00f3n:<\/strong><\/span><\/h3>\n<p><span style=\\\"color: #000000\\\">Access Point <strong>(Recomendable hasta 25 Clientes).<\/strong><\/span><\/p>\n<p><span style=\\\"color: #000000\\\">Estaci\u00f3n.<\/span><\/p>\n<h3><span style=\\\"color: #000000\\\"><strong>Caracter\u00edsticas:<\/strong><\/span><\/h3>\n<p><span style=\\\"color: #000000\\\">Anchos de canal ajustable 20,40,50,60,80 MHz<\/span><\/p>\n<p><span style=\\\"color: #000000\\\">Rango de operaci\u00f3n (5150 &#8211; 5875 MHz) depende del pa\u00eds.<\/span><\/p>\n<p><span style=\\\"color: #000000\\\">Procesador Atheros MIPS<\/span><\/p>\n<p><span style=\\\"color: #000000\\\">Seguridad WPA2 AES.<\/span><\/p>\n<p><span style=\\\"color: #000000\\\">Ultra ligero.<\/span><\/p>\n<h3><span style=\\\"color: #000000\\\"><strong>Caracter\u00edsticas F\u00edsicas y El\u00e9ctricas:<\/strong><\/span><\/h3>\n<p><span style=\\\"color: #000000\\\">Alimentaci\u00f3n: 24 V, 0.5 A. Adaptador PoE Gigabit.<\/span><\/p>\n<p><span style=\\\"color: #000000\\\">Dimensiones: 452.3 x 78.7 x 54.4 mm.<\/span><\/p>\n<p><span style=\\\"color: #000000\\\">Peso: 420 g.<\/span><\/p>\n<p><span style=\\\"color: #000000\\\">Temperatura de Operaci\u00f3n: -40 a 70\u00b0 C.<\/span><\/p>\n<h3><span style=\\\"color: #000000\\\"><strong>Incluye:<\/strong><\/span><\/h3>\n<p><span style=\\\"color: #000000\\\">LiteBeam LAP-120.<\/span><\/p>\n<p><span style=\\\"color: #000000\\\">Adaptador PoE Gigabit (24 V, 0.5 A).<\/span><\/p>\n<p><span style=\\\"color: #000000\\\">Kit de montaje en poste.<\/span><\/p>\n<p><span style=\\\"color: #000000\\\">Abrazadera.<\/span><\/p>\n<h3><span style=\\\"color: #000000\\\"><strong>Garant\u00eda:<\/strong><\/span><\/h3>\n<p><span style=\\\"color: #000000\\\">1A\u00f1o.<\/span><\/p>\n<hr \/>\n","protected":false},"excerpt":{"rendered":"<p>LAP-120 UBIQUITI Estaci\u00f3n Base 2&#215;2 MIMO airMAX LiteAP AC hasta 450 Mbps, 5 GHz (5150 &#8211; 5875 MHz) con antena integrada de 16 dBi y cobertura de 120 grados Puertos: 1 puerto de datos\u00a010\/100\/1000 Mbps. Sistema Operativo: airOS\u00ae 8. Modos de Operaci\u00f3n: Access Point (Recomendable hasta 25 Clientes). Estaci\u00f3n. Caracter\u00edsticas: Anchos de canal ajustable 20,40,50,60,80 [&hellip;]<\/p>\n","protected":false},"featured_media":10635,"template":"","meta":{"_acf_changed":false},"product_brand":[],"product_cat":[77,76,72],"product_tag":[],"berocket_brand":[],"class_list":{"0":"post-10634","1":"product","2":"type-product","3":"status-publish","4":"has-post-thumbnail","6":"product_cat-enlaces-punto-a-punto-ptop-wifi-2-4-5-8-60ghz","7":"product_cat-exterior","8":"product_cat-redes-inalambricas","10":"first","11":"instock","12":"taxable","13":"shipping-taxable","14":"purchasable","15":"product-type-simple","16":"berocket_lgv_grid","17":"berocket_lgv_list_grid"},"acf":[],"aioseo_notices":[],"_links":{"self":[{"href":"https:\/\/todoenseguridad.com\/site\/wp-json\/wp\/v2\/product\/10634","targetHints":{"allow":["GET"]}}],"collection":[{"href":"https:\/\/todoenseguridad.com\/site\/wp-json\/wp\/v2\/product"}],"about":[{"href":"https:\/\/todoenseguridad.com\/site\/wp-json\/wp\/v2\/types\/product"}],"wp:featuredmedia":[{"embeddable":true,"href":"https:\/\/todoenseguridad.com\/site\/wp-json\/wp\/v2\/media\/10635"}],"wp:attachment":[{"href":"https:\/\/todoenseguridad.com\/site\/wp-json\/wp\/v2\/media?parent=10634"}],"wp:term":[{"taxonomy":"product_brand","embeddable":true,"href":"https:\/\/todoenseguridad.com\/site\/wp-json\/wp\/v2\/product_brand?post=10634"},{"taxonomy":"product_cat","embeddable":true,"href":"https:\/\/todoenseguridad.com\/site\/wp-json\/wp\/v2\/product_cat?post=10634"},{"taxonomy":"product_tag","embeddable":true,"href":"https:\/\/todoenseguridad.com\/site\/wp-json\/wp\/v2\/product_tag?post=10634"},{"taxonomy":"berocket_brand","embeddable":true,"href":"https:\/\/todoenseguridad.com\/site\/wp-json\/wp\/v2\/berocket_brand?post=10634"}],"curies":[{"name":"wp","href":"https:\/\/api.w.org\/{rel}","templated":true}]}}