{"id":10633,"date":"2021-04-20T08:54:35","date_gmt":"2021-04-20T13:54:35","guid":{"rendered":"https:\/\/todoenseguridad.com\/site\/?post_type=product&#038;p=10633"},"modified":"2026-03-30T17:41:27","modified_gmt":"2026-03-30T22:41:27","slug":"loco5ac-ubiquiti-nanostation-airmax-cpe-hasta-450-mbps-5-ghz-5150-5875-mhz-con-antena-integrada-de-13-dbi","status":"publish","type":"product","link":"https:\/\/todoenseguridad.com\/site\/producto\/loco5ac-ubiquiti-nanostation-airmax-cpe-hasta-450-mbps-5-ghz-5150-5875-mhz-con-antena-integrada-de-13-dbi\/","title":{"rendered":"LOCO5AC UBIQUITI NanoStation airMAX CPE hasta 450 Mbps, 5 GHz (5150 &#8211; 5875 MHz), con antena integrada de 13 dBi"},"content":{"rendered":"<h2 id=\"product_title_164282\" class=\"no_margin_top titulo_vista_producto\"><span style=\"color: #0000ff;\"><span class=\"modelo-marca\">LOCO5AC<\/span> UBIQUITI NanoStation airMAX CPE hasta 450 Mbps, 5 GHz (5150 &#8211; 5875 MHz), con antena integrada de 13 dBi, no incluye adaptador PoE<\/span><\/h2>\n<h3><span style=\"color: #000000;\"><strong>Puertos:<\/strong><\/span><\/h3>\n<ul>\n<li><span style=\"color: #000000;\">1 puerto de datos 10\/100\/1000 Mbps.<\/span><\/li>\n<\/ul>\n<h3><span style=\"color: #000000;\"><strong>Sistema Operativo:<\/strong><\/span><\/h3>\n<ul>\n<li><span style=\"color: #000000;\">airOS\u00ae 8.<\/span><\/li>\n<\/ul>\n<h3><span style=\"color: #000000;\"><strong>Modos de Operaci\u00f3n:<\/strong><\/span><\/h3>\n<ul>\n<li><span style=\"color: #000000;\">Access Point.<\/span><\/li>\n<li><span style=\"color: #000000;\">Estaci\u00f3n.<\/span><\/li>\n<\/ul>\n<h3><span style=\"color: #000000;\"><strong>Caracter\u00edsticas:<\/strong><\/span><\/h3>\n<ul>\n<li><span style=\"color: #000000;\">Anchos de canal ajustable:<\/span><\/li>\n<\/ul>\n<ol>\n<li><span style=\"color: #000000;\">PtP: 10\/20\/30\/40\/50\/60\/80 MHz.<\/span><\/li>\n<li><span style=\"color: #000000;\">PtMP: 10\/20\/30\/40 MHz.<\/span><\/li>\n<\/ol>\n<ul>\n<li><span style=\"color: #000000;\">Rango de operaci\u00f3n (5150 &#8211; 5875 MHz) depende del pa\u00eds.<\/span><\/li>\n<li><span style=\"color: #000000;\">Procesador\u00a0Atheros MIPS.<\/span><\/li>\n<li><span style=\"color: #000000;\">Fuerte seguridad WPA2 AES.<\/span><\/li>\n<li><span style=\"color: #000000;\">Elegante dise\u00f1o industrial.<\/span><\/li>\n<li><span style=\"color: #000000;\">Montaje vers\u00e1til.<\/span><\/li>\n<li><span style=\"color: #000000;\">F\u00e1cil de instalar.<\/span><\/li>\n<li><span style=\"color: #000000;\">Procesamiento superior.<\/span><\/li>\n<\/ul>\n<h3><span style=\"color: #000000;\"><strong>Caracter\u00edsticas F\u00edsicas y El\u00e9ctricas:<\/strong><\/span><\/h3>\n<ul>\n<li><span style=\"color: #000000;\">Alimentaci\u00f3n: 24 VDC, 0.3 A<strong>\u00a0(<\/strong>No Incluido<strong>).<\/strong><\/span><\/li>\n<li><span style=\"color: #000000;\">Dimensiones:\u00a0179 x 77.5 x 59.1 mm.<\/span><\/li>\n<li><span style=\"color: #000000;\">Peso: 180 g.<\/span><\/li>\n<li><span style=\"color: #000000;\">Temperatura de Operaci\u00f3n: -40 a 70 \u00b0C.<\/span><\/li>\n<\/ul>\n<h3><span style=\"color: #000000;\"><strong>Garant\u00eda:<\/strong><\/span><\/h3>\n<ul>\n<li><span style=\"color: #000000;\">1 A\u00f1o.<\/span><\/li>\n<\/ul>\n","protected":false},"excerpt":{"rendered":"<p>LOCO5AC UBIQUITI NanoStation airMAX CPE hasta 450 Mbps, 5 GHz (5150 &#8211; 5875 MHz), con antena integrada de 13 dBi, no incluye adaptador PoE Puertos: 1 puerto de datos 10\/100\/1000 Mbps. Sistema Operativo: airOS\u00ae 8. Modos de Operaci\u00f3n: Access Point. Estaci\u00f3n. Caracter\u00edsticas: Anchos de canal ajustable: PtP: 10\/20\/30\/40\/50\/60\/80 MHz. PtMP: 10\/20\/30\/40 MHz. Rango de operaci\u00f3n [&hellip;]<\/p>\n","protected":false},"featured_media":10636,"template":"","meta":{"_acf_changed":false},"product_brand":[],"product_cat":[77,76,72],"product_tag":[],"berocket_brand":[],"class_list":{"0":"post-10633","1":"product","2":"type-product","3":"status-publish","4":"has-post-thumbnail","6":"product_cat-enlaces-punto-a-punto-ptop-wifi-2-4-5-8-60ghz","7":"product_cat-exterior","8":"product_cat-redes-inalambricas","10":"first","11":"instock","12":"taxable","13":"shipping-taxable","14":"purchasable","15":"product-type-simple","16":"berocket_lgv_grid","17":"berocket_lgv_list_grid"},"acf":[],"aioseo_notices":[],"_links":{"self":[{"href":"https:\/\/todoenseguridad.com\/site\/wp-json\/wp\/v2\/product\/10633","targetHints":{"allow":["GET"]}}],"collection":[{"href":"https:\/\/todoenseguridad.com\/site\/wp-json\/wp\/v2\/product"}],"about":[{"href":"https:\/\/todoenseguridad.com\/site\/wp-json\/wp\/v2\/types\/product"}],"wp:featuredmedia":[{"embeddable":true,"href":"https:\/\/todoenseguridad.com\/site\/wp-json\/wp\/v2\/media\/10636"}],"wp:attachment":[{"href":"https:\/\/todoenseguridad.com\/site\/wp-json\/wp\/v2\/media?parent=10633"}],"wp:term":[{"taxonomy":"product_brand","embeddable":true,"href":"https:\/\/todoenseguridad.com\/site\/wp-json\/wp\/v2\/product_brand?post=10633"},{"taxonomy":"product_cat","embeddable":true,"href":"https:\/\/todoenseguridad.com\/site\/wp-json\/wp\/v2\/product_cat?post=10633"},{"taxonomy":"product_tag","embeddable":true,"href":"https:\/\/todoenseguridad.com\/site\/wp-json\/wp\/v2\/product_tag?post=10633"},{"taxonomy":"berocket_brand","embeddable":true,"href":"https:\/\/todoenseguridad.com\/site\/wp-json\/wp\/v2\/berocket_brand?post=10633"}],"curies":[{"name":"wp","href":"https:\/\/api.w.org\/{rel}","templated":true}]}}